{"id":375,"date":"2017-06-10T16:45:33","date_gmt":"2017-06-10T14:45:33","guid":{"rendered":"http:\/\/www.chiesadimilano.it\/vitaconsacratafemminile\/?page_id=375"},"modified":"2017-06-10T16:45:33","modified_gmt":"2017-06-10T14:45:33","slug":"san-giuliano-milanese-abbazia-dei-ss-pietro-e-paolo-delle-monache-benedettine","status":"publish","type":"page","link":"https:\/\/www.chiesadimilano.it\/vitaconsacratafemminile\/san-giuliano-milanese-abbazia-dei-ss-pietro-e-paolo-delle-monache-benedettine","title":{"rendered":"San Giuliano Milanese &#8211; Abbazia dei SS. Pietro e Paolo delle monache Benedettine"},"content":{"rendered":"<div id=\"pl-375\"  class=\"panel-layout\" ><div id=\"pg-375-0\"  class=\"panel-grid panel-no-style\" ><div id=\"pgc-375-0-0\"  class=\"panel-grid-cell\" ><div id=\"panel-375-0-0-0\" class=\"so-panel widget widget_sow-image panel-first-child\" data-index=\"0\" ><div\n\t\t\t\n\t\t\tclass=\"so-widget-sow-image so-widget-sow-image-default-4b231843ec72-375\"\n\t\t\t\n\t\t>\n\n<div class=\"sow-image-container\">\n\t\t<img src=\"https:\/\/www.chiesadimilano.it\/vitaconsacratafemminile\/wp-content\/uploads\/sites\/55\/2017\/06\/San-Giuliano-Milanese-Abbazia-dei-SS.-Pietro-e-Paolo-delle-monache-Benedettine.jpg\" width=\"650\" height=\"450\" sizes=\"(max-width: 650px) 100vw, 650px\" title=\"San Giuliano Milanese &#8211; Abbazia dei SS. Pietro e Paolo delle monache Benedettine\" alt=\"\" loading=\"lazy\" \t\tclass=\"so-widget-image\"\/>\n\t<\/div>\n\n<\/div><\/div><div id=\"panel-375-0-0-1\" class=\"so-panel widget widget_text panel-last-child\" data-index=\"1\" >\t\t\t<div class=\"textwidget\"><div class=\"fies\">\n\n                  <div id=\"cont_tabella\">\n<div id=\"col_tit\">San Giuliano Milanese - Abbazia dei SS. Pietro e Paolo delle monache Benedettine<\/div>\n<div class=\"testo_1_tab\" id=\"col_sx\">\n\n     <p class=\"riga_tab\">Indirizzo<br>\n    <\/p><p class=\"riga_tab\">Comune<br>\n    <\/p><p class=\"riga_tab\">Provincia<br>\n    <\/p><p class=\"riga_tab\">Cap<br>\n    <\/p><p class=\"riga_tab\">Regione<br>\n    <\/p><p class=\"riga_tab\">Stato<br>\n\n    <\/p><p class=\"riga_tab\">Telefono<br>\n    <\/p><p class=\"riga_tab\">Fax<br>\n    <\/p><p class=\"riga_tab\">E-mail<br>\n    <\/p><p class=\"riga_tab\">Sito internet<br>\n       \n  \n  \n       <\/p><\/div>\n<div class=\"testo_1_tab\" id=\"col_ds\">\n<p class=\"riga_tab\">Via dell'Abbazia, 6  Viboldone<br>\n <\/p><p class=\"riga_tab\">San Giuliano Milanese<br>\n <\/p><p class=\"riga_tab\">Mi<br>\n\n  <\/p><p class=\"riga_tab\">20098<br>\n <\/p><p class=\"riga_tab\">Lombardia<br>\n <\/p><p class=\"riga_tab\">Italia<br>\n <\/p><p class=\"riga_tab\">02\/9841203<br>\n  <\/p><p class=\"riga_tab\">02\/98240943<br>\n  <\/p><p class=\"riga_tab\"><a href=\"mailto:info@viboldone.it\">info@viboldone.it<\/a><br>\n  <\/p><p class=\"riga_tab\"><a href=\"http:\/\/www.viboldone.it\">http:\/\/www.viboldone.it<\/a><br>  \n   \n\n  \n\n  <\/p><\/div>\n<\/div>\n                  \n\t\t\n\t\t\n\t\t\t\n\t\t\t\n\t\t\n\t\n\t\n\n        \t\t\t\t\t\t\t\t<div class=\"element teaser editable\">\n      \t\t    \n\t\t\t      \n\t\t\t\t\t\t\t\t\t\t\t\t\n\t\t\t\t\t\t\t\t\t\t\n\n\t\t\t  \n\t\t\t<div>\n\t\t\t\t\t\t\t\t\t<div class=\"teaserbody2\">\n\t\t\t\t\t\t<p>\n\t\t\t\t\t\t\t\t\t\t\t\t\t\t\tSiamo una comunit\u00e0 di monache Benedettine che dal 1941 risiede a Viboldone, presso l\u2019abbazia medioevale che fu degli Umiliati, alle porte di Milano. <br>\nIl cardinal Ildefonso Schuster, gi\u00e0 abate benedettino a San Paolo fuori le Mura prima di essere eletto pastore della diocesi milanese, aiut\u00f2 molto la comunit\u00e0 nei suoi faticosi inizi.<br> \nDopo di lui il cardinal Montini, futuro Paolo VI, don\u00f2 alla comunit\u00e0 ormai accresciuta il nuovo monastero eretto accanto all\u2019abbazia nel 1962. La vita della comunit\u00e0 si ispira alla antica Regola di S. Benedetto, nel suo ritmo quotidiano scandito dai \u201ctempi\u201d caratteristici di preghiera liturgica, lavoro, lectio divina, nella ricerca di una continua conversione al Vangelo di Ges\u00f9. &gt;&gt; (da \"La Fiaccola\" - maggio 2002)<br><br>\n<\/p><h3>Decanato:<\/h3>San Donato\n<h3>Zona pastorale:<\/h3>Zona pastorale VI - Melegnano\n\t\t\t\t\t\t\t\t\t\t\t\t\t<p><\/p>\n\t\t\t\t\t<\/div>\n\t\t\t\t\t\t\t\t\t\t\t<\/div>\n      \n\t\t\t    \t<\/div>\n\t\n\t\t\n\t        \n      \n  <\/div><\/div>\n\t\t<\/div><\/div><\/div><\/div>","protected":false},"excerpt":{"rendered":"San Giuliano Milanese &#8211; Abbazia dei SS. Pietro e Paolo delle monache Benedettine Indirizzo Comune Provincia Cap Regione Stato Telefono Fax E-mail Sito internet Via dell&#8217;Abbazia, 6 Viboldone San Giuliano Milanese Mi 20098 Lombardia Italia 02\/9841203 02\/98240943 info@viboldone.it http:\/\/www.viboldone.it Siamo una comunit\u00e0 di monache Benedettine che dal 1941 risiede a Viboldone, presso l\u2019abbazia medioevale che [&hellip;]","protected":false},"author":0,"featured_media":0,"parent":0,"menu_order":0,"comment_status":"closed","ping_status":"closed","template":"","meta":{"ip_address":"","user_agent":"","level":"","revision":"","cookie_id":"","page_referer":"","html_form":""},"categories":[279],"acf":[],"_links":{"self":[{"href":"https:\/\/www.chiesadimilano.it\/vitaconsacratafemminile\/wp-json\/wp\/v2\/pages\/375"}],"collection":[{"href":"https:\/\/www.chiesadimilano.it\/vitaconsacratafemminile\/wp-json\/wp\/v2\/pages"}],"about":[{"href":"https:\/\/www.chiesadimilano.it\/vitaconsacratafemminile\/wp-json\/wp\/v2\/types\/page"}],"author":[{"embeddable":true,"href":"https:\/\/www.chiesadimilano.it\/vitaconsacratafemminile\/wp-json\/wp\/v2\/users\/1"}],"replies":[{"embeddable":true,"href":"https:\/\/www.chiesadimilano.it\/vitaconsacratafemminile\/wp-json\/wp\/v2\/comments?post=375"}],"version-history":[{"count":2,"href":"https:\/\/www.chiesadimilano.it\/vitaconsacratafemminile\/wp-json\/wp\/v2\/pages\/375\/revisions"}],"predecessor-version":[{"id":420,"href":"https:\/\/www.chiesadimilano.it\/vitaconsacratafemminile\/wp-json\/wp\/v2\/pages\/375\/revisions\/420"}],"wp:attachment":[{"href":"https:\/\/www.chiesadimilano.it\/vitaconsacratafemminile\/wp-json\/wp\/v2\/media?parent=375"}],"wp:term":[{"taxonomy":"category","embeddable":true,"href":"https:\/\/www.chiesadimilano.it\/vitaconsacratafemminile\/wp-json\/wp\/v2\/categories?post=375"}],"curies":[{"name":"wp","href":"https:\/\/api.w.org\/{rel}","templated":true}]}}