{"id":372,"date":"2017-06-10T16:37:04","date_gmt":"2017-06-10T14:37:04","guid":{"rendered":"http:\/\/www.chiesadimilano.it\/vitaconsacratafemminile\/?page_id=372"},"modified":"2017-06-10T16:37:04","modified_gmt":"2017-06-10T14:37:04","slug":"perego-monastero-delle-monache-romite-ambrosiane","status":"publish","type":"page","link":"https:\/\/www.chiesadimilano.it\/vitaconsacratafemminile\/perego-monastero-delle-monache-romite-ambrosiane","title":{"rendered":"Perego &#8211; Monastero delle monache Romite Ambrosiane"},"content":{"rendered":"<div id=\"pl-372\"  class=\"panel-layout\" ><div id=\"pg-372-0\"  class=\"panel-grid panel-no-style\" ><div id=\"pgc-372-0-0\"  class=\"panel-grid-cell\" ><div id=\"panel-372-0-0-0\" class=\"so-panel widget widget_sow-image panel-first-child\" data-index=\"0\" ><div\n\t\t\t\n\t\t\tclass=\"so-widget-sow-image so-widget-sow-image-default-4b231843ec72-372\"\n\t\t\t\n\t\t>\n\n<div class=\"sow-image-container\">\n\t\t<img title=\"Perego &#8211; Monastero delle monache Romite Ambrosiane\" alt=\"\" loading=\"lazy\" \t\tclass=\"so-widget-image\"\/>\n\t<\/div>\n\n<\/div><\/div><div id=\"panel-372-0-0-1\" class=\"so-panel widget widget_text panel-last-child\" data-index=\"1\" >\t\t\t<div class=\"textwidget\"><div class=\"fies\">\n  \n  \n                          <div id=\"cont_tabella\">\n<div id=\"col_tit\">Perego - Monastero delle monache Romite Ambrosiane<\/div>\n<div class=\"testo_1_tab\" id=\"col_sx\">\n\n     <p class=\"riga_tab\">Indirizzo<br>\n    <\/p><p class=\"riga_tab\">Comune<br>\n    <\/p><p class=\"riga_tab\">Provincia<br>\n    <\/p><p class=\"riga_tab\">Cap<br>\n    <\/p><p class=\"riga_tab\">Regione<br>\n    <\/p><p class=\"riga_tab\">Stato<br>\n\n    <\/p><p class=\"riga_tab\">Telefono<br>\n    <\/p><p class=\"riga_tab\">Fax<br>\n    <\/p><p class=\"riga_tab\">E-mail<br>\n    <\/p><p class=\"riga_tab\">Sito internet<br>\n       \n  \n  \n       <\/p><\/div>\n<div class=\"testo_1_tab\" id=\"col_ds\">\n<p class=\"riga_tab\">Via Lissolo, 7  <br>\n <\/p><p class=\"riga_tab\">Perego<br>\n <\/p><p class=\"riga_tab\">Lc<br>\n\n  <\/p><p class=\"riga_tab\">23888<br>\n <\/p><p class=\"riga_tab\">Lombardia<br>\n <\/p><p class=\"riga_tab\">Italia<br>\n <\/p><p class=\"riga_tab\">039\/5310224<br>\n  <\/p><p class=\"riga_tab\"><br>\n  <\/p><p class=\"riga_tab\">Non Presente<br>\n  <\/p><p class=\"riga_tab\">Non Presente<br>  \n   \n\n  \n\n  <\/p><\/div>\n<\/div>\n                  \n\t\t\n\t\t\n\t\t\t\n\t\t\t\n\t\t\n\t\n\t\n\n        \t\t\t\t\t\t\t\t<div class=\"element teaser editable\">\n      \t\t    \n\t\t\t      \n\t\t\t\t\t\t\t\t\t\t\t\t\n\t\t\t\t\t\t\t\t\t\t\n\n\t\t\t\t\t\t\t<span class=\"titolo2\">\n\t\t\t\t\t\t\t\t\t<h1>Il monastero della Bernaga <\/h1>\n\t\t\t\t\t\t\t\t<\/span>\n\t\t\t  \n\t\t\t<div>\n\t\t\t\t\t\t\t\t\t<div class=\"teaserbody2\">\n\t\t\t\t\t\t<p>\n\t\t\t\t\t\t\t\t\t\t\t\t\t\t\tProprio nelle prime righe del capitolo dedicato alla Brianza, nella \u201cGrande illustrazione del Lombardo Veneto\u201d Cesare Cant\u00f9, descrivendo lo sviluppo collinare della valle di Rovagnate, nota che su uno dei rilievi a oriente \u201ccampeggia quel che gi\u00e0 era convento delle Benedettine di Bernaga\u201d. In origine per\u00f2 la sede di quella famiglia monastica femminile in Perego, era un poco in basso, sul versante opposto a quello del vecchio centro con la torre medievale di Perego, alla Bernaghetta. La data di fondazione non \u00e8 conosciuta, ma Rinaldo Beretta, che in \u201cAppunti storici su alcuni monasteri della Brianza\u201d si occupa pure del monastero di S. Gregorio di Perego, ritiene si debba far risalire al secolo XI, anche se la prima notizia, riguardante una permuta, \u00e8 solo del Marzo 1157; cos\u00ec si deve credere che l\u2019ignoto fondatore ponesse il monastero stesso sotto la diretta protezione degli Arcivescovi di Milano, con diritto di conferma della badessa eletta in capitolo dalle monache (comprova di questa speciale giurisdizione si ha in una bolla di Innocenzo III, del 1162, in favore dell\u2019Arcivescovo Oberto Pirovano). \u201cLa vita claustrale di quelle monache sembra scorresse regolarmente, in quei lontani secoli, come in tanti altri monasteri. Di gravi avvenimenti che turbassero la loro pace non si ha memoria\u201d, afferma Beretta, accennando invece a contratti dai quali risulta che nel 1347 le monache erano proprietarie tra l\u2019altro della fornace di Prestabio (2). Carlo Borromeo, ritenendo non al sicuro le monache dei quattro monasteri benedettini esistenti in Brianza (Perego, Cremella, Lambrugo e Brugora), nel 1578 ne ordin\u00f2 il trasferimento in Milano. Alla Bernaghetta \u00e8 rimasta una modesta casa colonica che ha per\u00f2 ancora segni d\u2019un antico portico con capitelli gustosamente ornati e parti murarie costituite di belle pietre squadrate. Nei pressi furono rinvenute anche alcune sepolture mentre funziona tuttora il pozzo.<br><br>\n<\/p><h3>Decanato:<\/h3>Brivio\n<h3>Zona pastorale:<\/h3>Zona pastorale III - Lecco\n\n\t\t\t\t\t\t\t\t\t\t\t\t\t<p><\/p>\n\t\t\t\t\t<\/div>\n\t\t\t\t\t\t\t\t\t\t\t<\/div>\n      \n\t\t\t    \t<\/div>\n\t\n\t\t\n\t        \n      \n  <\/div><\/div>\n\t\t<\/div><\/div><\/div><\/div>","protected":false},"excerpt":{"rendered":"Perego &#8211; Monastero delle monache Romite Ambrosiane Indirizzo Comune Provincia Cap Regione Stato Telefono Fax E-mail Sito internet Via Lissolo, 7 Perego Lc 23888 Lombardia Italia 039\/5310224 Non Presente Non Presente Il monastero della Bernaga Proprio nelle prime righe del capitolo dedicato alla Brianza, nella \u201cGrande illustrazione del Lombardo Veneto\u201d Cesare Cant\u00f9, descrivendo lo sviluppo [&hellip;]","protected":false},"author":0,"featured_media":0,"parent":0,"menu_order":0,"comment_status":"closed","ping_status":"closed","template":"","meta":{"ip_address":"","user_agent":"","level":"","revision":"","cookie_id":"","page_referer":"","html_form":""},"categories":[279],"acf":[],"_links":{"self":[{"href":"https:\/\/www.chiesadimilano.it\/vitaconsacratafemminile\/wp-json\/wp\/v2\/pages\/372"}],"collection":[{"href":"https:\/\/www.chiesadimilano.it\/vitaconsacratafemminile\/wp-json\/wp\/v2\/pages"}],"about":[{"href":"https:\/\/www.chiesadimilano.it\/vitaconsacratafemminile\/wp-json\/wp\/v2\/types\/page"}],"author":[{"embeddable":true,"href":"https:\/\/www.chiesadimilano.it\/vitaconsacratafemminile\/wp-json\/wp\/v2\/users\/1"}],"replies":[{"embeddable":true,"href":"https:\/\/www.chiesadimilano.it\/vitaconsacratafemminile\/wp-json\/wp\/v2\/comments?post=372"}],"version-history":[{"count":2,"href":"https:\/\/www.chiesadimilano.it\/vitaconsacratafemminile\/wp-json\/wp\/v2\/pages\/372\/revisions"}],"predecessor-version":[{"id":414,"href":"https:\/\/www.chiesadimilano.it\/vitaconsacratafemminile\/wp-json\/wp\/v2\/pages\/372\/revisions\/414"}],"wp:attachment":[{"href":"https:\/\/www.chiesadimilano.it\/vitaconsacratafemminile\/wp-json\/wp\/v2\/media?parent=372"}],"wp:term":[{"taxonomy":"category","embeddable":true,"href":"https:\/\/www.chiesadimilano.it\/vitaconsacratafemminile\/wp-json\/wp\/v2\/categories?post=372"}],"curies":[{"name":"wp","href":"https:\/\/api.w.org\/{rel}","templated":true}]}}