{"id":367,"date":"2017-06-10T16:16:51","date_gmt":"2017-06-10T14:16:51","guid":{"rendered":"http:\/\/www.chiesadimilano.it\/vitaconsacratafemminile\/?page_id=367"},"modified":"2017-06-10T16:16:51","modified_gmt":"2017-06-10T14:16:51","slug":"milano-monastero-agostiniane","status":"publish","type":"page","link":"https:\/\/www.chiesadimilano.it\/vitaconsacratafemminile\/milano-monastero-agostiniane","title":{"rendered":"Milano &#8211; Monastero Agostiniane"},"content":{"rendered":"<div id=\"pl-367\"  class=\"panel-layout\" ><div id=\"pg-367-0\"  class=\"panel-grid panel-no-style\" ><div id=\"pgc-367-0-0\"  class=\"panel-grid-cell\" ><div id=\"panel-367-0-0-0\" class=\"so-panel widget widget_sow-image panel-first-child\" data-index=\"0\" ><div\n\t\t\t\n\t\t\tclass=\"so-widget-sow-image so-widget-sow-image-default-4b231843ec72-367\"\n\t\t\t\n\t\t>\n\n<div class=\"sow-image-container\">\n\t\t<img src=\"https:\/\/www.chiesadimilano.it\/vitaconsacratafemminile\/wp-content\/uploads\/sites\/55\/2017\/06\/Milano-Monastero-Agostiniane.jpg\" width=\"650\" height=\"450\" sizes=\"(max-width: 650px) 100vw, 650px\" title=\"Milano &#8211; Monastero Agostiniane\" alt=\"\" loading=\"lazy\" \t\tclass=\"so-widget-image\"\/>\n\t<\/div>\n\n<\/div><\/div><div id=\"panel-367-0-0-1\" class=\"so-panel widget widget_text panel-last-child\" data-index=\"1\" >\t\t\t<div class=\"textwidget\"><div class=\"fies\">\n                  <div id=\"cont_tabella\">\n<div id=\"col_tit\">Milano - Monastero Agostiniane<\/div>\n<div class=\"testo_1_tab\" id=\"col_sx\">\n\n     <p class=\"riga_tab\">Indirizzo<br>\n    <\/p><p class=\"riga_tab\">Comune<br>\n    <\/p><p class=\"riga_tab\">Provincia<br>\n    <\/p><p class=\"riga_tab\">Cap<br>\n    <\/p><p class=\"riga_tab\">Regione<br>\n    <\/p><p class=\"riga_tab\">Stato<br>\n\n    <\/p><p class=\"riga_tab\">Telefono<br>\n    <\/p><p class=\"riga_tab\">Fax<br>\n    <\/p><p class=\"riga_tab\">E-mail<br>\n    <\/p><p class=\"riga_tab\">Sito internet<br>\n       \n  \n  \n       <\/p><\/div>\n<div class=\"testo_1_tab\" id=\"col_ds\">\n<p class=\"riga_tab\">Via G.Ponzio, 46  <br>\n <\/p><p class=\"riga_tab\">Milano<br>\n <\/p><p class=\"riga_tab\">Mi<br>\n\n  <\/p><p class=\"riga_tab\">20133<br>\n <\/p><p class=\"riga_tab\">Lombardia<br>\n <\/p><p class=\"riga_tab\">Italia<br>\n <\/p><p class=\"riga_tab\">02\/70600220<br>\n  <\/p><p class=\"riga_tab\"><br>\n  <\/p><p class=\"riga_tab\"><a href=\"mailto:\">Non Presente<\/a><br>\n  <\/p><p class=\"riga_tab\"><a href=\"http:\/\/www.\">Non Presente<\/a><br>  \n   \n\n  \n\n  <\/p><\/div>\n<\/div>\n                  \n\t\t\n\t\t\n\t\t\t\n\t\t\t\n\t\t\n\t\n\t\n\n        \t\t\t\t\t\t\t\t<div class=\"element teaser editable\">\n      \t\t    \n\t\t\t      \n\t\t\t\t\t\t\t\t\t\t\t\t\n\t\t\t\t\t\t\t\t\t\t\n\n\t\t\t  \n\t\t\t<div>\n\t\t\t\t\t\t\t\t\t<div class=\"teaserbody2\">\n\t\t\t\t\t\t<p>\n\t\t\t\t\t\t\t\t\t\t\t\t\t\t\tL'ordine Agostiniano, nel suo ramo femminile, \u00e8 presente in Milano ancor prima del XV secolo. All'epoca della soppressione napoleonica esistevano in citt\u00e0 7 monasteri dei quali uno, quello di S. Marta, divenne famoso per le virt\u00f9 e la santit\u00e0 della B. Veronica da Binasco che, nel nostro Ordine, \u00e8 ritenuta una seconda Caterina da Siena per il suo messaggio divino ad Alessandro VI e per quelli a Ludovico il Moro.<br><br>\n<\/p><h3>Zona pastorale:<\/h3>Zona pastorale I - Milano\n\t\t\t\t\t\t\t\t\t\t\t\t\t<p><\/p>\n\t\t\t\t\t<\/div>\n\t\t\t\t\t\t\t\t\t\t\t<\/div>\n      \n\t\t\t    \t<\/div>\n\t\n\t\t\n\t        \n      \n  <\/div><\/div>\n\t\t<\/div><\/div><\/div><\/div>","protected":false},"excerpt":{"rendered":"Milano &#8211; Monastero Agostiniane Indirizzo Comune Provincia Cap Regione Stato Telefono Fax E-mail Sito internet Via G.Ponzio, 46 Milano Mi 20133 Lombardia Italia 02\/70600220 Non Presente Non Presente L&#8217;ordine Agostiniano, nel suo ramo femminile, \u00e8 presente in Milano ancor prima del XV secolo. All&#8217;epoca della soppressione napoleonica esistevano in citt\u00e0 7 monasteri dei quali uno, [&hellip;]","protected":false},"author":0,"featured_media":0,"parent":0,"menu_order":0,"comment_status":"closed","ping_status":"closed","template":"","meta":{"ip_address":"","user_agent":"","level":"","revision":"","cookie_id":"","page_referer":"","html_form":""},"categories":[279],"acf":[],"_links":{"self":[{"href":"https:\/\/www.chiesadimilano.it\/vitaconsacratafemminile\/wp-json\/wp\/v2\/pages\/367"}],"collection":[{"href":"https:\/\/www.chiesadimilano.it\/vitaconsacratafemminile\/wp-json\/wp\/v2\/pages"}],"about":[{"href":"https:\/\/www.chiesadimilano.it\/vitaconsacratafemminile\/wp-json\/wp\/v2\/types\/page"}],"author":[{"embeddable":true,"href":"https:\/\/www.chiesadimilano.it\/vitaconsacratafemminile\/wp-json\/wp\/v2\/users\/1"}],"replies":[{"embeddable":true,"href":"https:\/\/www.chiesadimilano.it\/vitaconsacratafemminile\/wp-json\/wp\/v2\/comments?post=367"}],"version-history":[{"count":2,"href":"https:\/\/www.chiesadimilano.it\/vitaconsacratafemminile\/wp-json\/wp\/v2\/pages\/367\/revisions"}],"predecessor-version":[{"id":402,"href":"https:\/\/www.chiesadimilano.it\/vitaconsacratafemminile\/wp-json\/wp\/v2\/pages\/367\/revisions\/402"}],"wp:attachment":[{"href":"https:\/\/www.chiesadimilano.it\/vitaconsacratafemminile\/wp-json\/wp\/v2\/media?parent=367"}],"wp:term":[{"taxonomy":"category","embeddable":true,"href":"https:\/\/www.chiesadimilano.it\/vitaconsacratafemminile\/wp-json\/wp\/v2\/categories?post=367"}],"curies":[{"name":"wp","href":"https:\/\/api.w.org\/{rel}","templated":true}]}}