{"id":8286,"date":"2023-09-20T14:56:00","date_gmt":"2023-09-20T12:56:00","guid":{"rendered":"https:\/\/www.chiesadimilano.it\/ufficioperlapastoralemissionaria\/?page_id=8286"},"modified":"2026-03-19T12:16:50","modified_gmt":"2026-03-19T11:16:50","slug":"cammini-formativi","status":"publish","type":"page","link":"https:\/\/www.chiesadimilano.it\/ufficioperlapastoralemissionaria\/cammini-formativi","title":{"rendered":"Cammini formativi ed eventi"},"content":{"rendered":"<div id=\"pl-8286\"  class=\"panel-layout\" ><div id=\"pg-8286-0\"  class=\"panel-grid panel-has-style\" ><div class=\"orizzontale panel-row-style panel-row-style-for-8286-0\" ><div id=\"pgc-8286-0-0\"  class=\"panel-grid-cell\" ><div id=\"panel-8286-0-0-0\" class=\"so-panel widget widget_siteorigin-panels-post-content panel-first-child\" data-index=\"0\" ><h1 class=\"entry-title\">Cammini formativi ed eventi<\/h1><\/div><div id=\"panel-8286-0-0-1\" class=\"so-panel widget widget_teaser\" data-index=\"1\" ><div\n\t\t\t\n\t\t\tclass=\"so-widget-teaser so-widget-teaser-base\"\n\t\t\t\n\t\t><article class=\"widget-teaser teaser with-eyelet\" role=\"article\" data-hint=\"teaser\"><a class=\"teaser-image\" href=\"https:\/\/www.chiesadimilano.it\/ufficioperlapastoralemissionaria\/news\/unumanita-in-cammino-con-i-comboniani-a-taranto-tra-spiritualita-e-servizio-17139.html\" title=\"Un\u2019umanit\u00e0 in cammino: con i Comboniani a Taranto tra spiritualit\u00e0 e servizio\"><span class=\"occhiello has-image\" style=\"display:none;position:absolute;bottom:0;left:0;\">DAL 4 AL 12 AGOSTO<\/span> <img data-formato=\"\" alt=\"Handprints\" src=\"https:\/\/www.chiesadimilano.it\/ufficioperlapastoralemissionaria\/wp-content\/uploads\/sites\/46\/2026\/03\/Impronte-768x512.jpg\"  width=\"768\" height=\"512\"  \/><\/a><div class=\"teaser-content   with-eyelet-infoey\"><span class=\"teaser-eyelet\">DAL 4 AL 12 AGOSTO<\/span><h2 class=\"teaser-title\"><a href=\"https:\/\/www.chiesadimilano.it\/ufficioperlapastoralemissionaria\/news\/unumanita-in-cammino-con-i-comboniani-a-taranto-tra-spiritualita-e-servizio-17139.html\" title=\"Un\u2019umanit\u00e0 in cammino: con i Comboniani a Taranto tra spiritualit\u00e0 e servizio\">Un\u2019umanit\u00e0 in cammino: con i Comboniani a Taranto tra spiritualit\u00e0 e servizio<\/a><\/h2>\n                    <p class=\"teaser-summary\">Un Campo di spiritualit\u00e0, servizio e condivisione, promosso dai Missionari Comboniani, a Taranto per giovani dai 18 ai 30 anni<\/p><\/div><\/article><\/div><\/div><div id=\"panel-8286-0-0-2\" class=\"so-panel widget widget_teaser\" data-index=\"2\" ><div\n\t\t\t\n\t\t\tclass=\"so-widget-teaser so-widget-teaser-base\"\n\t\t\t\n\t\t><article class=\"widget-teaser teaser with-eyelet\" role=\"article\" data-hint=\"teaser\"><a class=\"teaser-image\" href=\"https:\/\/www.chiesadimilano.it\/ufficioperlapastoralemissionaria\/news\/diventa-un-missionario-di-pace-con-i-salesiani-e-le-figlie-di-maria-ausiliatrice-15150.html\" title=\"Diventa un \"Missionario di pace\" con i Salesiani e le Figlie di Maria Ausiliatrice\"><span class=\"occhiello has-image\" style=\"display:none;position:absolute;bottom:0;left:0;\">A partire da novembre<\/span> <img data-formato=\"\" alt=\"SDB-FMA-immagine\" src=\"https:\/\/www.chiesadimilano.it\/ufficioperlapastoralemissionaria\/wp-content\/uploads\/sites\/46\/2025\/10\/SDB-FMA-immagine-768x512.jpg\"  width=\"768\" height=\"512\"  \/><\/a><div class=\"teaser-content   with-eyelet-infoey\"><span class=\"teaser-eyelet\">A partire da novembre<\/span><h2 class=\"teaser-title\"><a href=\"https:\/\/www.chiesadimilano.it\/ufficioperlapastoralemissionaria\/news\/diventa-un-missionario-di-pace-con-i-salesiani-e-le-figlie-di-maria-ausiliatrice-15150.html\" title=\"Diventa un \"Missionario di pace\" con i Salesiani e le Figlie di Maria Ausiliatrice\">Diventa un \"Missionario di pace\" con i Salesiani e le Figlie di Maria Ausiliatrice<\/a><\/h2>\n                    <p class=\"teaser-summary\">Incontri di formazione in presenza per prepararsi alla missione e conoscere i luoghi che ospiteranno i giovani all\u2019esperienza estiva<\/p><\/div><\/article><\/div><\/div><div id=\"panel-8286-0-0-3\" class=\"so-panel widget widget_teaser\" data-index=\"3\" ><div\n\t\t\t\n\t\t\tclass=\"so-widget-teaser so-widget-teaser-base\"\n\t\t\t\n\t\t><article class=\"widget-teaser teaser with-eyelet\" role=\"article\" data-hint=\"teaser\"><a class=\"teaser-image\" href=\"https:\/\/www.chiesadimilano.it\/ufficioperlapastoralemissionaria\/news\/a-cuore-aperto-la-missione-delle-suore-di-maria-bambina-per-i-giovani-15155.html\" title=\"\"A cuore aperto\": la missione delle Suore di Maria Bambina per i giovani\"><span class=\"occhiello has-image\" style=\"display:none;position:absolute;bottom:0;left:0;\">A partire dal 28 novembre<\/span> <img data-formato=\"\" alt=\"africans-4691992\" src=\"https:\/\/www.chiesadimilano.it\/ufficioperlapastoralemissionaria\/wp-content\/uploads\/sites\/46\/2025\/10\/africans-4691992-768x518.jpg\"  width=\"768\" height=\"518\"  \/><\/a><div class=\"teaser-content   with-eyelet-infoey\"><span class=\"teaser-eyelet\">A partire dal 28 novembre<\/span><h2 class=\"teaser-title\"><a href=\"https:\/\/www.chiesadimilano.it\/ufficioperlapastoralemissionaria\/news\/a-cuore-aperto-la-missione-delle-suore-di-maria-bambina-per-i-giovani-15155.html\" title=\"\"A cuore aperto\": la missione delle Suore di Maria Bambina per i giovani\">\"A cuore aperto\": la missione delle Suore di Maria Bambina per i giovani<\/a><\/h2>\n                    <p class=\"teaser-summary\">Il primo incontro sar\u00e0 in presenza e poi seguiranno altri momenti formativi serali online per prepararsi a vivere l\u2019esperienza missionaria estiva<\/p><\/div><\/article><\/div><\/div><div id=\"panel-8286-0-0-4\" class=\"so-panel widget widget_teaser panel-last-child\" data-index=\"4\" ><div\n\t\t\t\n\t\t\tclass=\"so-widget-teaser so-widget-teaser-base\"\n\t\t\t\n\t\t><article class=\"widget-teaser teaser with-eyelet\" role=\"article\" data-hint=\"teaser\"><a class=\"teaser-image\" href=\"https:\/\/www.chiesadimilano.it\/ufficioperlapastoralemissionaria\/news\/giovani-in-uscita-lestate-2026-inizia-a-gennaio-16476.html\" title=\"Giovani in uscita: l'estate 2026 inizia a gennaio\"><span class=\"occhiello has-image\" style=\"display:none;position:absolute;bottom:0;left:0;\">Missionari saveriani<\/span> <img data-formato=\"\" alt=\"imamgine estate saveriani\" src=\"https:\/\/www.chiesadimilano.it\/ufficioperlapastoralemissionaria\/wp-content\/uploads\/sites\/46\/2026\/01\/imamgine-estate-saveriani.jpeg\"  width=\"611\" height=\"434\"  \/><\/a><div class=\"teaser-content   with-eyelet-infoey\"><span class=\"teaser-eyelet\">Missionari saveriani<\/span><h2 class=\"teaser-title\"><a href=\"https:\/\/www.chiesadimilano.it\/ufficioperlapastoralemissionaria\/news\/giovani-in-uscita-lestate-2026-inizia-a-gennaio-16476.html\" title=\"Giovani in uscita: l'estate 2026 inizia a gennaio\">Giovani in uscita: l'estate 2026 inizia a gennaio<\/a><\/h2>\n                    <p class=\"teaser-summary\">Il volto-prossimo, un cammino di 5 incontri per giovani dai 18 ai 35 anni<\/p><\/div><\/article><\/div><\/div><\/div><\/div><\/div><\/div>","protected":false},"excerpt":{"rendered":"Cammini formativi ed eventiDAL 4 AL 12 AGOSTO DAL 4 AL 12 AGOSTOUn\u2019umanit\u00e0 in cammino: con i Comboniani a Taranto tra spiritualit\u00e0 e servizio Un Campo di spiritualit\u00e0, servizio e condivisione, promosso dai Missionari Comboniani, a Taranto per giovani dai 18 ai 30 anniA partire da novembre A partire da novembreDiventa un &#8220;Missionario di pace&#8221; [&hellip;]","protected":false},"author":0,"featured_media":0,"parent":0,"menu_order":0,"comment_status":"closed","ping_status":"closed","template":"","meta":{"ip_address":"","user_agent":"","level":"","revision":"","cookie_id":"","page_referer":"","html_form":""},"acf":[],"_links":{"self":[{"href":"https:\/\/www.chiesadimilano.it\/ufficioperlapastoralemissionaria\/wp-json\/wp\/v2\/pages\/8286"}],"collection":[{"href":"https:\/\/www.chiesadimilano.it\/ufficioperlapastoralemissionaria\/wp-json\/wp\/v2\/pages"}],"about":[{"href":"https:\/\/www.chiesadimilano.it\/ufficioperlapastoralemissionaria\/wp-json\/wp\/v2\/types\/page"}],"author":[{"embeddable":true,"href":"https:\/\/www.chiesadimilano.it\/ufficioperlapastoralemissionaria\/wp-json\/wp\/v2\/users\/17"}],"replies":[{"embeddable":true,"href":"https:\/\/www.chiesadimilano.it\/ufficioperlapastoralemissionaria\/wp-json\/wp\/v2\/comments?post=8286"}],"version-history":[{"count":13,"href":"https:\/\/www.chiesadimilano.it\/ufficioperlapastoralemissionaria\/wp-json\/wp\/v2\/pages\/8286\/revisions"}],"predecessor-version":[{"id":17144,"href":"https:\/\/www.chiesadimilano.it\/ufficioperlapastoralemissionaria\/wp-json\/wp\/v2\/pages\/8286\/revisions\/17144"}],"wp:attachment":[{"href":"https:\/\/www.chiesadimilano.it\/ufficioperlapastoralemissionaria\/wp-json\/wp\/v2\/media?parent=8286"}],"curies":[{"name":"wp","href":"https:\/\/api.w.org\/{rel}","templated":true}]}}