{"id":7,"date":"2025-07-14T13:10:41","date_gmt":"2025-07-14T11:10:41","guid":{"rendered":"https:\/\/www.chiesadimilano.it\/strumentiinformaticidiocesani\/?page_id=7"},"modified":"2025-09-02T11:55:57","modified_gmt":"2025-09-02T09:55:57","slug":"home","status":"publish","type":"page","link":"https:\/\/www.chiesadimilano.it\/strumentiinformaticidiocesani\/","title":{"rendered":"Home"},"content":{"rendered":"<div id=\"pl-7\"  class=\"panel-layout\" ><div id=\"pg-7-0\"  class=\"panel-grid panel-no-style\" ><div id=\"pgc-7-0-0\"  class=\"panel-grid-cell\" ><div id=\"panel-7-0-0-0\" class=\"widget_text so-panel widget widget_custom_html panel-first-child panel-last-child\" data-index=\"0\" ><div class=\"textwidget custom-html-widget\"><center><h1>\n\tStrumenti informatici diocesani\n<\/h1><\/center><\/div><\/div><\/div><\/div><div id=\"pg-7-1\"  class=\"panel-grid panel-no-style\" ><div id=\"pgc-7-1-0\"  class=\"panel-grid-cell\" ><div id=\"panel-7-1-0-0\" class=\"so-panel widget widget_teaser panel-first-child panel-last-child\" data-index=\"1\" ><div\n\t\t\t\n\t\t\tclass=\"so-widget-teaser so-widget-teaser-base\"\n\t\t\t\n\t\t><article class=\"widget-teaser teaser with-eyelet\" role=\"article\" data-hint=\"teaser\"><a class=\"teaser-image\" href=\"https:\/\/www.chiesadimilano.it\/strumentiinformaticidiocesani\/senza-categoria\/mail-istituzionale-parrocchie-chiesadimilano-it-25.html\" title=\"Mail istituzionale parrocchie \u2013 @chiesadimilano.it\"><span class=\"occhiello has-image\" style=\"display:none;position:absolute;bottom:0;left:0;\">Email parrocchie<\/span> <img data-formato=\"\" alt=\"091038ff-a094-49f7-b7ed-d3235cb40197\" src=\"https:\/\/www.chiesadimilano.it\/strumentiinformaticidiocesani\/wp-content\/uploads\/sites\/86\/2025\/07\/091038ff-a094-49f7-b7ed-d3235cb40197-768x768.png\"  width=\"768\" height=\"768\"  \/><\/a><div class=\"teaser-content   with-eyelet-infoey\"><span class=\"teaser-eyelet\">Email parrocchie<\/span><h2 class=\"teaser-title\"><a href=\"https:\/\/www.chiesadimilano.it\/strumentiinformaticidiocesani\/senza-categoria\/mail-istituzionale-parrocchie-chiesadimilano-it-25.html\" title=\"Mail istituzionale parrocchie \u2013 @chiesadimilano.it\">Mail istituzionale parrocchie \u2013 @chiesadimilano.it<\/a><\/h2>\n                    <p class=\"teaser-summary\">Perch\u00e8 \u00e8 importante attivarla e i contatti da tenere presenti per eventuali problemi e recupero credenziali di accesso.<\/p><\/div><\/article><\/div><\/div><\/div><div id=\"pgc-7-1-1\"  class=\"panel-grid-cell\" ><div id=\"panel-7-1-1-0\" class=\"so-panel widget widget_teaser panel-first-child panel-last-child\" data-index=\"2\" ><div\n\t\t\t\n\t\t\tclass=\"so-widget-teaser so-widget-teaser-base\"\n\t\t\t\n\t\t><article class=\"widget-teaser teaser with-eyelet\" role=\"article\" data-hint=\"teaser\"><a class=\"teaser-image\" href=\"https:\/\/www.chiesadimilano.it\/strumentiinformaticidiocesani\/senza-categoria\/identita-digitale-del-sacerdote-diocesano-29.html\" title=\"Mail personale sacerdoti e diaconi\"><span class=\"occhiello has-image\" style=\"display:none;position:absolute;bottom:0;left:0;\">Identit\u00e0 digitale<\/span> <img data-formato=\"\" alt=\"business-5475661_960_720\" src=\"https:\/\/www.chiesadimilano.it\/strumentiinformaticidiocesani\/wp-content\/uploads\/sites\/86\/2025\/07\/business-5475661_960_720-768x430.jpg\"  width=\"768\" height=\"430\"  \/><\/a><div class=\"teaser-content   with-eyelet-infoey\"><span class=\"teaser-eyelet\">Identit\u00e0 digitale<\/span><h2 class=\"teaser-title\"><a href=\"https:\/\/www.chiesadimilano.it\/strumentiinformaticidiocesani\/senza-categoria\/identita-digitale-del-sacerdote-diocesano-29.html\" title=\"Mail personale sacerdoti e diaconi\">Mail personale sacerdoti e diaconi<\/a><\/h2>\n                    <p class=\"teaser-summary\">Progetto dell\u2019identit\u00e0 digitale del Sacerdote che diventer\u00e0 progressivamente strumento di accesso ai portali dell\u2019Istituto Centrale e di comunicazione istituzionale da parte dell\u2019Istituto ed anche dell\u2019Arcidiocesi di Milano con decorrenza dall\u2019attivazione effettiva....<\/p><\/div><\/article><\/div><\/div><\/div><div id=\"pgc-7-1-2\"  class=\"panel-grid-cell\" ><div id=\"panel-7-1-2-0\" class=\"so-panel widget widget_teaser panel-first-child panel-last-child\" data-index=\"3\" ><div\n\t\t\t\n\t\t\tclass=\"so-widget-teaser so-widget-teaser-base\"\n\t\t\t\n\t\t><article class=\"widget-teaser teaser with-eyelet\" role=\"article\" data-hint=\"teaser\"><a class=\"teaser-image\" href=\"https:\/\/www.chiesadimilano.it\/news\/chiesa-diocesi\/lagenda-diocesana-interamente-rinnovata-2805702.html\" title=\"L\u2019Agenda diocesana 2025-2026 \u00e8 online\"><span class=\"occhiello has-image\" style=\"display:none;position:absolute;bottom:0;left:0;\">PRESENTAZIONE<\/span> <img data-formato=\"\" alt=\"Home\" src=\"https:\/\/www.chiesadimilano.it\/strumentiinformaticidiocesani\/wp-content\/uploads\/sites\/86\/2025\/09\/Agenda-980x551-1.jpg\"  width=\"980\" height=\"551\"  \/><\/a><div class=\"teaser-content   with-eyelet-infoey\"><span class=\"teaser-eyelet\">PRESENTAZIONE<\/span><h2 class=\"teaser-title\"><a href=\"https:\/\/www.chiesadimilano.it\/news\/chiesa-diocesi\/lagenda-diocesana-interamente-rinnovata-2805702.html\" title=\"L\u2019Agenda diocesana 2025-2026 \u00e8 online\">L\u2019Agenda diocesana 2025-2026 \u00e8 online<\/a><\/h2>\n                    <p class=\"teaser-summary\"><p>Dopo il radicale restyling dello scorso anno, che ne ha rinnovato la veste grafica e attivato funzioni personalizzabili, si presenta facile da consultare e funzionale, permettendo di fare ricerche in base agli eventi di proprio interesse<\/p>\n<\/p><\/div><\/article><\/div><\/div><\/div><\/div><div id=\"pg-7-2\"  class=\"panel-grid panel-no-style\" ><div id=\"pgc-7-2-0\"  class=\"panel-grid-cell\" ><div id=\"panel-7-2-0-0\" class=\"so-panel widget widget_sow-button panel-first-child panel-last-child\" data-index=\"4\" ><div\n\t\t\t\n\t\t\tclass=\"so-widget-sow-button so-widget-sow-button-flat-2f44bf0166c4-7\"\n\t\t\t\n\t\t><div class=\"ow-button-base ow-button-align-center\">\n\t<a href=\"https:\/\/webmail.chiesadimilano.it\/\" class=\"ow-icon-placement-left ow-button-hover\" target=\"_blank\" rel=\"noopener noreferrer\" \t\t>\n\t\t<span>\n\t\t\t<span class=\"sow-icon-icomoon\" data-sow-icon=\"&#xe902;\"\n\t\t \n\t\taria-hidden=\"true\"><\/span>\n\t\t\tWebmail CHIESADIMILANO\t\t<\/span>\n\t<\/a>\n<\/div>\n<\/div><\/div><\/div><div id=\"pgc-7-2-1\"  class=\"panel-grid-cell\" ><div id=\"panel-7-2-1-0\" class=\"so-panel widget widget_sow-button panel-first-child panel-last-child\" data-index=\"5\" ><div\n\t\t\t\n\t\t\tclass=\"so-widget-sow-button so-widget-sow-button-flat-2f44bf0166c4-7\"\n\t\t\t\n\t\t><div class=\"ow-button-base ow-button-align-center\">\n\t<a href=\"https:\/\/outlook.office.com\" class=\"ow-icon-placement-left ow-button-hover\" target=\"_blank\" rel=\"noopener noreferrer\" \t\t>\n\t\t<span>\n\t\t\t<span class=\"sow-icon-fontawesome sow-far\" data-sow-icon=\"&#xf0e0;\"\n\t\t \n\t\taria-hidden=\"true\"><\/span>\n\t\t\tWebmail CLEROITALIANO\t\t<\/span>\n\t<\/a>\n<\/div>\n<\/div><\/div><\/div><div id=\"pgc-7-2-2\"  class=\"panel-grid-cell\" ><div id=\"panel-7-2-2-0\" class=\"so-panel widget widget_sow-button panel-first-child panel-last-child\" data-index=\"6\" ><div\n\t\t\t\n\t\t\tclass=\"so-widget-sow-button so-widget-sow-button-flat-2f44bf0166c4-7\"\n\t\t\t\n\t\t><div class=\"ow-button-base ow-button-align-center\">\n\t<a href=\"https:\/\/www.chiesadimilano.it\/agenda-diocesana\" class=\"ow-icon-placement-left ow-button-hover\" \t\t>\n\t\t<span>\n\t\t\t<span class=\"sow-icon-fontawesome sow-far\" data-sow-icon=\"&#xf073;\"\n\t\t \n\t\taria-hidden=\"true\"><\/span>\n\t\t\tAgenda diocesana\t\t<\/span>\n\t<\/a>\n<\/div>\n<\/div><\/div><\/div><\/div><div id=\"pg-7-3\"  class=\"panel-grid panel-no-style\" ><div id=\"pgc-7-3-0\"  class=\"panel-grid-cell\" ><div id=\"panel-7-3-0-0\" class=\"so-panel widget widget_banner panel-first-child panel-last-child\" data-index=\"7\" ><div\n\t\t\t\n\t\t\tclass=\"so-widget-banner so-widget-banner-base\"\n\t\t\t\n\t\t><h3 class=\"widget-title\">\n<article class=\"teaser teaser-shoulder teaser-list   \" role=\"article\">\n    <a class=\"teaser-image\" href=\"https:\/\/www.chiesadimilano.it\/news\/chiesa-diocesi\/ecco-la-app-chiesadimilano-1782752.html\" title=\"La APP Chiesadimilano\">\n      <img src=\"https:\/\/www.chiesadimilano.it\/strumentiinformaticidiocesani\/wp-content\/uploads\/sites\/86\/2025\/09\/app-cdm-680x382-1.jpg\"    \/>\n    <\/a><div class=\"teaser-content\">\n    <h3 class=\"banner-title\"><a href=\"https:\/\/www.chiesadimilano.it\/news\/chiesa-diocesi\/ecco-la-app-chiesadimilano-1782752.html\" title=\"La APP Chiesadimilano\">La APP Chiesadimilano<\/a><\/h3>\n    <div class=\"banner-summary\"><p>Una nuova applicazione che mette notizie, documenti e informazioni di servizio sulla Diocesi a portata di smartphone. Al via altri due progetti per una presenza digitale sempre pi\u00f9 incisiva e fruibile<\/p>\n<\/div><a href=\"https:\/\/www.chiesadimilano.it\/news\/chiesa-diocesi\/ecco-la-app-chiesadimilano-1782752.html\" class=\"btn btn-sm banner-button\">Vai all&#039;articolo<\/a><\/div>\n<\/article><\/h3><\/div><\/div><\/div><\/div><div id=\"pg-7-4\"  class=\"panel-grid panel-no-style\" ><div id=\"pgc-7-4-0\"  class=\"panel-grid-cell\" ><div id=\"panel-7-4-0-0\" class=\"so-panel widget widget_teaser panel-first-child panel-last-child\" data-index=\"8\" ><div\n\t\t\t\n\t\t\tclass=\"so-widget-teaser so-widget-teaser-base\"\n\t\t\t\n\t\t><article class=\"widget-teaser teaser with-eyelet\" role=\"article\" data-hint=\"teaser\"><a class=\"teaser-image\" href=\"https:\/\/www.chiesadimilano.it\/strumentiinformaticidiocesani\/senza-categoria\/unio-rendiconto-economico-parrocchiale-anno-2024-proroga-del-termine-di-presentazione-al-30-maggio-2025-21.html\" title=\"UniO Rendiconto Economico Parrocchiale anno 2024\"><span class=\"occhiello has-image\" style=\"display:none;position:absolute;bottom:0;left:0;\">Rendiconto Economico<\/span> <img data-formato=\"\" alt=\"rendiconto2024-980x551\" src=\"https:\/\/www.chiesadimilano.it\/strumentiinformaticidiocesani\/wp-content\/uploads\/sites\/86\/2025\/07\/rendiconto2024-980x551-1-768x432.jpg\"  width=\"768\" height=\"432\"  \/><\/a><div class=\"teaser-content   with-eyelet-infoey\"><span class=\"teaser-eyelet\">Rendiconto Economico<\/span><h2 class=\"teaser-title\"><a href=\"https:\/\/www.chiesadimilano.it\/strumentiinformaticidiocesani\/senza-categoria\/unio-rendiconto-economico-parrocchiale-anno-2024-proroga-del-termine-di-presentazione-al-30-maggio-2025-21.html\" title=\"UniO Rendiconto Economico Parrocchiale anno 2024\">UniO Rendiconto Economico Parrocchiale anno 2024<\/a><\/h2>\n                    <p class=\"teaser-summary\">Il termine di presentazione del rendiconto parrocchiale \u00e8 prorogato alla fine di maggio <\/p><\/div><\/article><\/div><\/div><\/div><div id=\"pgc-7-4-1\"  class=\"panel-grid-cell\" ><div id=\"panel-7-4-1-0\" class=\"so-panel widget widget_teaser panel-first-child panel-last-child\" data-index=\"9\" ><div\n\t\t\t\n\t\t\tclass=\"so-widget-teaser so-widget-teaser-base\"\n\t\t\t\n\t\t><article class=\"widget-teaser teaser with-eyelet\" role=\"article\" data-hint=\"teaser\"><a class=\"teaser-image\" href=\"https:\/\/www.chiesadimilano.it\/strumentiinformaticidiocesani\/senza-categoria\/unio-gestione-anagrafica-e-sacramentale-17.html\" title=\"UniO \u2013 gestione anagrafica e sacramentale\"><span class=\"occhiello has-image\" style=\"display:none;position:absolute;bottom:0;left:0;\">Anagrafica Sacramenti<\/span> <img data-formato=\"\" alt=\"uniosacramenti\" src=\"https:\/\/www.chiesadimilano.it\/strumentiinformaticidiocesani\/wp-content\/uploads\/sites\/86\/2025\/07\/computer1-768x528.jpg\"  width=\"768\" height=\"528\"  \/><\/a><div class=\"teaser-content   with-eyelet-infoey\"><span class=\"teaser-eyelet\">Anagrafica Sacramenti<\/span><h2 class=\"teaser-title\"><a href=\"https:\/\/www.chiesadimilano.it\/strumentiinformaticidiocesani\/senza-categoria\/unio-gestione-anagrafica-e-sacramentale-17.html\" title=\"UniO \u2013 gestione anagrafica e sacramentale\">UniO \u2013 gestione anagrafica e sacramentale<\/a><\/h2>\n                    <p class=\"teaser-summary\">\u00c8 giunto il momento di introdurre nella piattaforma UniO, gi\u00e0 presente nelle Parrocchie per la compilazione e la trasmissione del Rendiconto Parrocchiale, anche il modulo Anagrafiche per la gestione anagrafica e sacramentale in sostituzione dei vecchi siste...<\/p><\/div><\/article><\/div><\/div><\/div><div id=\"pgc-7-4-2\"  class=\"panel-grid-cell\" ><div id=\"panel-7-4-2-0\" class=\"so-panel widget widget_teaser panel-first-child panel-last-child\" data-index=\"10\" ><div\n\t\t\t\n\t\t\tclass=\"so-widget-teaser so-widget-teaser-base\"\n\t\t\t\n\t\t><article class=\"widget-teaser teaser with-eyelet\" role=\"article\" data-hint=\"teaser\"><a class=\"teaser-image\" href=\"https:\/\/www.chiesadimilano.it\/news\/chiesa-diocesi\/gli-orari-delle-messe-in-diocesi-importante-novita-per-le-parrocchie-2841338.html\" title=\"Aggiornamento orari messe via UniO\"><span class=\"occhiello has-image\" style=\"display:none;position:absolute;bottom:0;left:0;\">NOVIT\u00e0<\/span> <img data-formato=\"\" alt=\"Home\" src=\"https:\/\/www.chiesadimilano.it\/strumentiinformaticidiocesani\/wp-content\/uploads\/sites\/86\/2025\/09\/Screenshot-2025-09-02-at-11-02-16-Orari-Messe-Diocesi-Milano.png\"  width=\"993\" height=\"580\"  \/><\/a><div class=\"teaser-content   with-eyelet-infoey\"><span class=\"teaser-eyelet\">NOVIT\u00e0<\/span><h2 class=\"teaser-title\"><a href=\"https:\/\/www.chiesadimilano.it\/news\/chiesa-diocesi\/gli-orari-delle-messe-in-diocesi-importante-novita-per-le-parrocchie-2841338.html\" title=\"Aggiornamento orari messe via UniO\">Aggiornamento orari messe via UniO<\/a><\/h2>\n                    <p class=\"teaser-summary\"><p>Il sito Orarimesse.it \u00e8 stato rinnovato per quanto riguarda le modalit\u00e0 di caricamento dei dati: ora ogni parrocchia pu\u00f2 effettuare in autonomia gli aggiornamenti attraverso il Portale parrocchiale UniO. Dove \u00e8 disponibile anche il nuovo \"Fascicolo parrocchiale\"<...<\/p><\/div><\/article><\/div><\/div><\/div><\/div><div id=\"pg-7-5\"  class=\"panel-grid panel-no-style\" ><div id=\"pgc-7-5-0\"  class=\"panel-grid-cell\" ><div id=\"panel-7-5-0-0\" class=\"so-panel widget widget_sow-button panel-first-child panel-last-child\" data-index=\"11\" ><div\n\t\t\t\n\t\t\tclass=\"so-widget-sow-button so-widget-sow-button-flat-2f44bf0166c4-7\"\n\t\t\t\n\t\t><div class=\"ow-button-base ow-button-align-center\">\n\t<a href=\"https:\/\/unio.glauco.it\" class=\"ow-icon-placement-left ow-button-hover\" target=\"_blank\" rel=\"noopener noreferrer\" \t\t>\n\t\t<span>\n\t\t\t<span class=\"sow-icon-icomoon\" data-sow-icon=\"&#xe91f;\"\n\t\t \n\t\taria-hidden=\"true\"><\/span>\n\t\t\tAccesso UNIO\t\t<\/span>\n\t<\/a>\n<\/div>\n<\/div><\/div><\/div><\/div><div id=\"pg-7-6\"  class=\"panel-grid panel-no-style\" ><div id=\"pgc-7-6-0\"  class=\"panel-grid-cell\" ><div id=\"panel-7-6-0-0\" class=\"so-panel widget widget_banner panel-first-child panel-last-child\" data-index=\"12\" ><div\n\t\t\t\n\t\t\tclass=\"so-widget-banner so-widget-banner-base\"\n\t\t\t\n\t\t><h3 class=\"widget-title\">\n<article class=\"teaser teaser-shoulder teaser-list   \" role=\"article\">\n    <a class=\"teaser-image\" href=\"https:\/\/www.chiesadimilano.it\/news\/chiesa-diocesi\/in-una-app-la-liturgia-delle-ore-in-rito-ambrosiano-e-romano-214433.html\" title=\"APP Liturgica in rito ambrosiano e romano\">\n      <img src=\"https:\/\/www.chiesadimilano.it\/strumentiinformaticidiocesani\/wp-content\/uploads\/sites\/86\/2025\/09\/app-980x506-1.jpg\"    \/>\n    <\/a><div class=\"teaser-content\">\n    <h3 class=\"banner-title\"><a href=\"https:\/\/www.chiesadimilano.it\/news\/chiesa-diocesi\/in-una-app-la-liturgia-delle-ore-in-rito-ambrosiano-e-romano-214433.html\" title=\"APP Liturgica in rito ambrosiano e romano\">APP Liturgica in rito ambrosiano e romano<\/a><\/h3>\n    <div class=\"banner-summary\"><p>Usare un\u2019app per pregare potrebbe sembrare insolito, ma per tanti fedeli \u00e8 ormai una pratica quotidiana irrinunciabile possibile grazie al lavoro congiunto dell'Arcidiocesi di Milano e della Conferenza Episcopale Italiana<\/p>\n<\/div><a href=\"https:\/\/www.chiesadimilano.it\/news\/chiesa-diocesi\/in-una-app-la-liturgia-delle-ore-in-rito-ambrosiano-e-romano-214433.html\" class=\"btn btn-sm banner-button\">Vai all&#039;articolo<\/a><\/div>\n<\/article><\/h3><\/div><\/div><\/div><\/div><div id=\"pg-7-7\"  class=\"panel-grid panel-no-style\" ><div id=\"pgc-7-7-0\"  class=\"panel-grid-cell\" ><div id=\"panel-7-7-0-0\" class=\"so-panel widget widget_teaser panel-first-child panel-last-child\" data-index=\"13\" ><div\n\t\t\t\n\t\t\tclass=\"so-widget-teaser so-widget-teaser-base\"\n\t\t\t\n\t\t><article class=\"widget-teaser teaser with-eyelet\" role=\"article\" data-hint=\"teaser\"><a class=\"teaser-image\" href=\"https:\/\/www.chiesadimilano.it\/news\/chiesa-diocesi\/un-canale-youtube-della-diocesi-tutto-dedicato-alla-formazione-2822227.html\" title=\"Canale YouTube dedicato alla formazione\"><span class=\"occhiello has-image\" style=\"display:none;position:absolute;bottom:0;left:0;\">FORMAZIONE<\/span> <img data-formato=\"\" alt=\"Home\" src=\"https:\/\/www.chiesadimilano.it\/strumentiinformaticidiocesani\/wp-content\/uploads\/sites\/86\/2025\/09\/Screenshot-2025-09-02-at-11-22-24-ChiesadiMilano-Formazione-YouTube.png\"  width=\"674\" height=\"469\"  \/><\/a><div class=\"teaser-content   with-eyelet-infoey\"><span class=\"teaser-eyelet\">FORMAZIONE<\/span><h2 class=\"teaser-title\"><a href=\"https:\/\/www.chiesadimilano.it\/news\/chiesa-diocesi\/un-canale-youtube-della-diocesi-tutto-dedicato-alla-formazione-2822227.html\" title=\"Canale YouTube dedicato alla formazione\">Canale YouTube dedicato alla formazione<\/a><\/h2>\n                    <p class=\"teaser-summary\"><p>Si affianca a quello principale e raccoglie i video dei principali incontri formativi promossi dagli uffici della Curia e da altri soggetti diocesani<\/p>\n<\/p><\/div><\/article><\/div><\/div><\/div><div id=\"pgc-7-7-1\"  class=\"panel-grid-cell\" ><div id=\"panel-7-7-1-0\" class=\"so-panel widget widget_teaser panel-first-child panel-last-child\" data-index=\"14\" ><div\n\t\t\t\n\t\t\tclass=\"so-widget-teaser so-widget-teaser-base\"\n\t\t\t\n\t\t><article class=\"widget-teaser teaser with-eyelet\" role=\"article\" data-hint=\"teaser\"><a class=\"teaser-image\" href=\"https:\/\/www.chiesadimilano.it\/nozze-crea-il-tuo-libretto-2\" title=\"Crea Online il libretto delle nozze\"><span class=\"occhiello has-image\" style=\"display:none;position:absolute;bottom:0;left:0;\">MATRIMONIO<\/span> <img data-formato=\"\" alt=\"Home\" src=\"https:\/\/www.chiesadimilano.it\/strumentiinformaticidiocesani\/wp-content\/uploads\/sites\/86\/2025\/09\/libretto_nozze.jpg\"  width=\"1200\" height=\"713\"  \/><\/a><div class=\"teaser-content   with-eyelet-infoey\"><span class=\"teaser-eyelet\">MATRIMONIO<\/span><h2 class=\"teaser-title\"><a href=\"https:\/\/www.chiesadimilano.it\/nozze-crea-il-tuo-libretto-2\" title=\"Crea Online il libretto delle nozze\">Crea Online il libretto delle nozze<\/a><\/h2>\n                    <p class=\"teaser-summary\"><p>Un nuovo strumento pensato appositamente per i futuri sposi al fine di agevolare la creazione del libretto del matrimonio in rito ambrosiano e romano<\/p>\n<\/p><\/div><\/article><\/div><\/div><\/div><div id=\"pgc-7-7-2\"  class=\"panel-grid-cell\" ><div id=\"panel-7-7-2-0\" class=\"so-panel widget widget_teaser panel-first-child panel-last-child\" data-index=\"15\" ><div\n\t\t\t\n\t\t\tclass=\"so-widget-teaser so-widget-teaser-base\"\n\t\t\t\n\t\t><article class=\"widget-teaser teaser with-eyelet\" role=\"article\" data-hint=\"teaser\"><a class=\"teaser-image\" href=\"https:\/\/www.chiesadimilano.it\/eventi\" title=\"Calendario e segnalazione eventi\"><span class=\"occhiello has-image\" style=\"display:none;position:absolute;bottom:0;left:0;\">EVENTI<\/span> <img data-formato=\"\" alt=\"Home\" src=\"https:\/\/www.chiesadimilano.it\/strumentiinformaticidiocesani\/wp-content\/uploads\/sites\/86\/2025\/09\/international-conference-1597531_960_720.jpg\"  width=\"960\" height=\"639\"  \/><\/a><div class=\"teaser-content   with-eyelet-infoey\"><span class=\"teaser-eyelet\">EVENTI<\/span><h2 class=\"teaser-title\"><a href=\"https:\/\/www.chiesadimilano.it\/eventi\" title=\"Calendario e segnalazione eventi\">Calendario e segnalazione eventi<\/a><\/h2>\n                    <p class=\"teaser-summary\"><p>Strumento per cercare e segnalare eventi sul territorio organizzati da comunit\u00e0 pastorali, parrocchie, associazioni etc ...<\/p>\n<\/p><\/div><\/article><\/div><\/div><\/div><\/div><div id=\"pg-7-8\"  class=\"panel-grid panel-no-style\" ><div id=\"pgc-7-8-0\"  class=\"panel-grid-cell\" ><div id=\"panel-7-8-0-0\" class=\"so-panel widget widget_sow-button panel-first-child panel-last-child\" data-index=\"16\" ><div\n\t\t\t\n\t\t\tclass=\"so-widget-sow-button so-widget-sow-button-flat-2f44bf0166c4-7\"\n\t\t\t\n\t\t><div class=\"ow-button-base ow-button-align-center\">\n\t<a href=\"https:\/\/www.youtube.com\/@ChiesadiMilano_Formazione\" class=\"ow-icon-placement-left ow-button-hover\" target=\"_blank\" rel=\"noopener noreferrer\" \t\t>\n\t\t<span>\n\t\t\t<span class=\"sow-icon-icomoon\" data-sow-icon=\"&#xea9d;\"\n\t\t \n\t\taria-hidden=\"true\"><\/span>\n\t\t\tVai al canale\t\t<\/span>\n\t<\/a>\n<\/div>\n<\/div><\/div><\/div><div id=\"pgc-7-8-1\"  class=\"panel-grid-cell\" ><div id=\"panel-7-8-1-0\" class=\"so-panel widget widget_sow-button panel-first-child panel-last-child\" data-index=\"17\" ><div\n\t\t\t\n\t\t\tclass=\"so-widget-sow-button so-widget-sow-button-flat-2f44bf0166c4-7\"\n\t\t\t\n\t\t><div class=\"ow-button-base ow-button-align-center\">\n\t<a href=\"https:\/\/www.chiesadimilano.it\/nozze-crea-il-tuo-libretto-2\" class=\"ow-icon-placement-left ow-button-hover\" \t\t>\n\t\t<span>\n\t\t\t<span class=\"sow-icon-icomoon\" data-sow-icon=\"&#xe91f;\"\n\t\t \n\t\taria-hidden=\"true\"><\/span>\n\t\t\tAccedi al tool\t\t<\/span>\n\t<\/a>\n<\/div>\n<\/div><\/div><\/div><div id=\"pgc-7-8-2\"  class=\"panel-grid-cell\" ><div id=\"panel-7-8-2-0\" class=\"so-panel widget widget_sow-button panel-first-child panel-last-child\" data-index=\"18\" ><div\n\t\t\t\n\t\t\tclass=\"so-widget-sow-button so-widget-sow-button-flat-2f44bf0166c4-7\"\n\t\t\t\n\t\t><div class=\"ow-button-base ow-button-align-center\">\n\t<a href=\"https:\/\/www.chiesadimilano.it\/eventi\" class=\"ow-icon-placement-left ow-button-hover\" \t\t>\n\t\t<span>\n\t\t\t<span class=\"sow-icon-icomoon\" data-sow-icon=\"&#xe953;\"\n\t\t \n\t\taria-hidden=\"true\"><\/span>\n\t\t\tVai alla sezione\t\t<\/span>\n\t<\/a>\n<\/div>\n<\/div><\/div><\/div><\/div><\/div>","protected":false},"excerpt":{"rendered":"Strumenti informatici diocesani Email parrocchie Email parrocchieMail istituzionale parrocchie \u2013 @chiesadimilano.it Perch\u00e8 \u00e8 importante attivarla e i contatti da tenere presenti per eventuali problemi e recupero credenziali di accesso.Identit\u00e0 digitale Identit\u00e0 digitaleMail personale sacerdoti e diaconi Progetto dell\u2019identit\u00e0 digitale del Sacerdote che diventer\u00e0 progressivamente strumento di accesso ai portali dell\u2019Istituto Centrale e di comunicazione istituzionale [&hellip;]","protected":false},"author":0,"featured_media":0,"parent":0,"menu_order":0,"comment_status":"closed","ping_status":"closed","template":"","meta":{"ip_address":"","user_agent":"","level":"","revision":"","cookie_id":"","page_referer":"","html_form":""},"acf":[],"_links":{"self":[{"href":"https:\/\/www.chiesadimilano.it\/strumentiinformaticidiocesani\/wp-json\/wp\/v2\/pages\/7"}],"collection":[{"href":"https:\/\/www.chiesadimilano.it\/strumentiinformaticidiocesani\/wp-json\/wp\/v2\/pages"}],"about":[{"href":"https:\/\/www.chiesadimilano.it\/strumentiinformaticidiocesani\/wp-json\/wp\/v2\/types\/page"}],"author":[{"embeddable":true,"href":"https:\/\/www.chiesadimilano.it\/strumentiinformaticidiocesani\/wp-json\/wp\/v2\/users\/49"}],"replies":[{"embeddable":true,"href":"https:\/\/www.chiesadimilano.it\/strumentiinformaticidiocesani\/wp-json\/wp\/v2\/comments?post=7"}],"version-history":[{"count":2,"href":"https:\/\/www.chiesadimilano.it\/strumentiinformaticidiocesani\/wp-json\/wp\/v2\/pages\/7\/revisions"}],"predecessor-version":[{"id":58,"href":"https:\/\/www.chiesadimilano.it\/strumentiinformaticidiocesani\/wp-json\/wp\/v2\/pages\/7\/revisions\/58"}],"wp:attachment":[{"href":"https:\/\/www.chiesadimilano.it\/strumentiinformaticidiocesani\/wp-json\/wp\/v2\/media?parent=7"}],"curies":[{"name":"wp","href":"https:\/\/api.w.org\/{rel}","templated":true}]}}