{"id":869,"date":"2017-05-02T16:38:18","date_gmt":"2017-05-02T14:38:18","guid":{"rendered":"http:\/\/production-cdm.glauco.it\/servizioperlapastoraledellasalute\/?page_id=869"},"modified":"2024-07-23T10:12:37","modified_gmt":"2024-07-23T08:12:37","slug":"archivio","status":"publish","type":"page","link":"https:\/\/www.chiesadimilano.it\/servizioperlapastoraledellasalute\/archivio","title":{"rendered":"Archivio"},"content":{"rendered":"<div id=\"pl-869\"  class=\"panel-layout\" ><div id=\"pg-869-0\"  class=\"panel-grid panel-no-style\" ><div id=\"pgc-869-0-0\"  class=\"panel-grid-cell\" ><div id=\"panel-869-0-0-0\" class=\"so-panel widget widget_teasercategory panel-first-child panel-last-child\" data-index=\"0\" ><ul class='category-list teasercategory-list-container'>\n                <li class=\"teasercategory-li\">\n                <div class=\"article row g-0 my-4 pb-4 teasercategoryloop teaser teaser-shoulder teaser-list\" >\n                \n                        <div class=\"miniaturacol col-12 col-sm-4 p-0 mx-auto ps-sm-0 pe-sm-3 container-thumb ratio4-3\">\n                        <div class=\"miniatura p-0 position-relative m-0\">\n\n                        \n                                <a class=\"teaser-image\" href=\"https:\/\/www.chiesadimilano.it\/servizioperlapastoraledellasalute\/archivio\/calendario-delle-iniziative-in-programma-2-3472.html\" title=\"Calendario delle iniziative in programma\">\n                                  <img alt=\"calendar-660670_960_720\" src=\"https:\/\/www.chiesadimilano.it\/servizioperlapastoraledellasalute\/wp-content\/uploads\/sites\/43\/2024\/07\/calendar-660670_960_720.jpg\"    \/>\n                                <\/a>                                                         <div class=\"container-eyelet in-thumb d-none\"><div class=\"simple-eyelet\">ANNO PASTORALE 2025-2026<\/div><\/div>\n                                                <\/div>\n                    <\/div>\n\n                    <div class=\"contenuto col-12 col-sm-8 pt-3 pt-sm-0 px-3 px-xl-0 d-flex flex-column teaser-content with-eyelet-infoey\">\n                        \n                        <div class=\"container-eyelet in-contenuto\"><div class=\"simple-eyelet\">ANNO PASTORALE 2025-2026<\/div><\/div>\n                        \n                        <h2 class=\"entry-title teaser-title inteasercategory\"><a href=\"https:\/\/www.chiesadimilano.it\/servizioperlapastoraledellasalute\/archivio\/calendario-delle-iniziative-in-programma-2-3472.html\" title=\"Calendario delle iniziative in programma\">Calendario delle iniziative in programma<\/a><\/h1>                                                        <div class='teaser-summary'>\n                                    <p>Pubblichiamo l'elenco delle iniziative che la Pastorale della Salute intende promuovere nel corso dell\u2019anno pastorale 2025-2026<\/p>\n                                <\/div>\n                        \n                    <\/div>\n\n                                <\/div>\n            <\/li>\n                 <li class=\"teasercategory-li\">\n                <div class=\"article row g-0 my-4 pb-4 teasercategoryloop teaser teaser-shoulder teaser-list\" >\n                \n                        <div class=\"miniaturacol col-12 col-sm-4 p-0 mx-auto ps-sm-0 pe-sm-3 container-thumb ratio4-3\">\n                        <div class=\"miniatura p-0 position-relative m-0\">\n\n                        \n                                <a class=\"teaser-image\" href=\"https:\/\/www.chiesadimilano.it\/servizioperlapastoraledellasalute\/archivio\/causa-della-nostra-gioia-1806.html\" title=\"Causa della nostra gioia\">\n                                  <img alt=\"festa\" src=\"https:\/\/www.chiesadimilano.it\/servizioperlapastoraledellasalute\/wp-content\/uploads\/sites\/43\/2021\/10\/festa.jpg\"    \/>\n                                <\/a>                                                         <div class=\"container-eyelet in-thumb d-none\"><div class=\"simple-eyelet\">13 novembre 2021<\/div><\/div>\n                                                <\/div>\n                    <\/div>\n\n                    <div class=\"contenuto col-12 col-sm-8 pt-3 pt-sm-0 px-3 px-xl-0 d-flex flex-column teaser-content with-eyelet-infoey\">\n                        \n                        <div class=\"container-eyelet in-contenuto\"><div class=\"simple-eyelet\">13 novembre 2021<\/div><\/div>\n                        \n                        <h2 class=\"entry-title teaser-title inteasercategory\"><a href=\"https:\/\/www.chiesadimilano.it\/servizioperlapastoraledellasalute\/archivio\/causa-della-nostra-gioia-1806.html\" title=\"Causa della nostra gioia\">Causa della nostra gioia<\/a><\/h1>                                                        <div class='teaser-summary'>\n                                    <p>Incontro dei Ministri Straordinari della Pastorale della Salute<\/p>\n                                <\/div>\n                        \n                    <\/div>\n\n                                <\/div>\n            <\/li>\n                 <li class=\"teasercategory-li\">\n                <div class=\"article row g-0 my-4 pb-4 teasercategoryloop teaser teaser-shoulder teaser-list\" >\n                \n                        <div class=\"miniaturacol col-12 col-sm-4 p-0 mx-auto ps-sm-0 pe-sm-3 container-thumb ratio4-3\">\n                        <div class=\"miniatura p-0 position-relative m-0\">\n\n                        \n                                <a class=\"teaser-image\" href=\"https:\/\/www.chiesadimilano.it\/servizioperlapastoraledellasalute\/archivio\/don-peruggia-la-speranza-cura-2050.html\" title=\"Don Peruggia: \u00abLa speranza cura\u00bb\">\n                                  <img alt=\"don-luigi-peruggia-1\" src=\"https:\/\/www.chiesadimilano.it\/servizioperlapastoraledellasalute\/wp-content\/uploads\/sites\/43\/2023\/01\/don-luigi-peruggia-1.jpg\"    \/>\n                                <\/a>                                                         <div class=\"container-eyelet in-thumb d-none\"><div class=\"simple-eyelet\">INTERVISTA<\/div><\/div>\n                                                <\/div>\n                    <\/div>\n\n                    <div class=\"contenuto col-12 col-sm-8 pt-3 pt-sm-0 px-3 px-xl-0 d-flex flex-column teaser-content with-eyelet-infoey\">\n                        \n                        <div class=\"container-eyelet in-contenuto\"><div class=\"simple-eyelet\">INTERVISTA<\/div><\/div>\n                        \n                        <h2 class=\"entry-title teaser-title inteasercategory\"><a href=\"https:\/\/www.chiesadimilano.it\/servizioperlapastoraledellasalute\/archivio\/don-peruggia-la-speranza-cura-2050.html\" title=\"Don Peruggia: \u00abLa speranza cura\u00bb\">Don Peruggia: \u00abLa speranza cura\u00bb<\/a><\/h1>                                                        <div class='teaser-summary'>\n                                    <p>Gi\u00e0 cappellano nell\u2019ospedale di Gallarate, duramente colpito da Covid, da qualche mese \u00e8 tornato a casa, dove sta seguendo il percorso di riabilitazione. La sua...<\/p>\n                                <\/div>\n                        \n                    <\/div>\n\n                                <\/div>\n            <\/li>\n                 <li class=\"teasercategory-li\">\n                <div class=\"article row g-0 my-4 pb-4 teasercategoryloop teaser teaser-shoulder teaser-list\" >\n                \n                        <div class=\"miniaturacol col-12 col-sm-4 p-0 mx-auto ps-sm-0 pe-sm-3 container-thumb ratio4-3\">\n                        <div class=\"miniatura p-0 position-relative m-0\">\n\n                        \n                                <a class=\"teaser-image\" href=\"https:\/\/www.chiesadimilano.it\/servizioperlapastoraledellasalute\/archivio\/la-vita-e-bella-non-perche-tu-hai-ma-perche-tu-dai-1734.html\" title=\"La vita \u00e8 bella, non perch\u00e8 tu hai ma perch\u00e8 tu dai\">\n                                  <img alt=\"mani\" src=\"https:\/\/www.chiesadimilano.it\/servizioperlapastoraledellasalute\/wp-content\/uploads\/sites\/43\/2021\/03\/mani.jpg\"    \/>\n                                <\/a>                                                         <div class=\"container-eyelet in-thumb d-none\"><div class=\"simple-eyelet\">15 aprile 2021<\/div><\/div>\n                                                <\/div>\n                    <\/div>\n\n                    <div class=\"contenuto col-12 col-sm-8 pt-3 pt-sm-0 px-3 px-xl-0 d-flex flex-column teaser-content with-eyelet-infoey\">\n                        \n                        <div class=\"container-eyelet in-contenuto\"><div class=\"simple-eyelet\">15 aprile 2021<\/div><\/div>\n                        \n                        <h2 class=\"entry-title teaser-title inteasercategory\"><a href=\"https:\/\/www.chiesadimilano.it\/servizioperlapastoraledellasalute\/archivio\/la-vita-e-bella-non-perche-tu-hai-ma-perche-tu-dai-1734.html\" title=\"La vita \u00e8 bella, non perch\u00e8 tu hai ma perch\u00e8 tu dai\">La vita \u00e8 bella, non perch\u00e8 tu hai ma perch\u00e8 tu dai<\/a><\/h1>                                                        <div class='teaser-summary'>\n                                    <p>Convegno del volontariato, in streaming sulla piattaforma Microsoft Teams. Per partecipare inviare la richiesta a:  sanita@diocesi.milano.it<\/p>\n                                <\/div>\n                        \n                    <\/div>\n\n                                <\/div>\n            <\/li>\n                 <li class=\"teasercategory-li\">\n                <div class=\"article row g-0 my-4 pb-4 teasercategoryloop teaser teaser-shoulder teaser-list\" >\n                \n                        <div class=\"miniaturacol col-12 col-sm-4 p-0 mx-auto ps-sm-0 pe-sm-3 container-thumb ratio4-3\">\n                        <div class=\"miniatura p-0 position-relative m-0\">\n\n                        \n                                <a class=\"teaser-image\" href=\"https:\/\/www.chiesadimilano.it\/servizioperlapastoraledellasalute\/archivio\/uno-solo-e-il-vostro-maestro-e-voi-siete-tutti-fratelli-mt-238-2-1721.html\" title=\"\u201cUno solo \u00e8 il vostro Maestro e voi siete tutti fratelli\u201d (Mt 23,8)\">\n                                  <img alt=\"salute\" src=\"https:\/\/www.chiesadimilano.it\/servizioperlapastoraledellasalute\/wp-content\/uploads\/sites\/43\/2020\/10\/salute.jpg\"    \/>\n                                <\/a>                                                         <div class=\"container-eyelet in-thumb d-none\"><div class=\"simple-eyelet\">XXIX Giornata Mondiale del Malato<\/div><\/div>\n                                                <\/div>\n                    <\/div>\n\n                    <div class=\"contenuto col-12 col-sm-8 pt-3 pt-sm-0 px-3 px-xl-0 d-flex flex-column teaser-content with-eyelet-infoey\">\n                        \n                        <div class=\"container-eyelet in-contenuto\"><div class=\"simple-eyelet\">XXIX Giornata Mondiale del Malato<\/div><\/div>\n                        \n                        <h2 class=\"entry-title teaser-title inteasercategory\"><a href=\"https:\/\/www.chiesadimilano.it\/servizioperlapastoraledellasalute\/archivio\/uno-solo-e-il-vostro-maestro-e-voi-siete-tutti-fratelli-mt-238-2-1721.html\" title=\"\u201cUno solo \u00e8 il vostro Maestro e voi siete tutti fratelli\u201d (Mt 23,8)\">\u201cUno solo \u00e8 il vostro Maestro e voi siete tutti fratelli\u201d (Mt 23,8)<\/a><\/h1>                                                        <div class='teaser-summary'>\n                                    <p>Gioved\u00ec 11 febbraio alle ore 11,00 al Santuario Diocesano \u201cBeato don Carlo Gnocchi\u201d S. E. Mons. Mario Delpini presieder\u00e0 la liturgia della Parola in occasione d...<\/p>\n                                <\/div>\n                        \n                    <\/div>\n\n                                <\/div>\n            <\/li>\n                 <li class=\"teasercategory-li\">\n                <div class=\"article row g-0 my-4 pb-4 teasercategoryloop teaser teaser-shoulder teaser-list\" >\n                \n                        <div class=\"miniaturacol col-12 col-sm-4 p-0 mx-auto ps-sm-0 pe-sm-3 container-thumb ratio4-3\">\n                        <div class=\"miniatura p-0 position-relative m-0\">\n\n                        \n                                <a class=\"teaser-image\" href=\"https:\/\/www.chiesadimilano.it\/servizioperlapastoraledellasalute\/archivio\/uno-solo-e-il-vostro-maestro-e-voi-siete-tutti-fratelli-mt-238-1711.html\" title=\"\u00abUno solo \u00e8 il vostro Maestro e voi siete tutti fratelli\u00bb (Mt 23,8)\">\n                                  <img alt=\"GMM\" src=\"https:\/\/www.chiesadimilano.it\/servizioperlapastoraledellasalute\/wp-content\/uploads\/sites\/43\/2021\/01\/GMM.jpg\"    \/>\n                                <\/a>                                                         <div class=\"container-eyelet in-thumb d-none\"><div class=\"simple-eyelet\">11 febbraio 2021: XXIX Giornata Mondiale del Malato<\/div><\/div>\n                                                <\/div>\n                    <\/div>\n\n                    <div class=\"contenuto col-12 col-sm-8 pt-3 pt-sm-0 px-3 px-xl-0 d-flex flex-column teaser-content with-eyelet-infoey\">\n                        \n                        <div class=\"container-eyelet in-contenuto\"><div class=\"simple-eyelet\">11 febbraio 2021: XXIX Giornata Mondiale del Malato<\/div><\/div>\n                        \n                        <h2 class=\"entry-title teaser-title inteasercategory\"><a href=\"https:\/\/www.chiesadimilano.it\/servizioperlapastoraledellasalute\/archivio\/uno-solo-e-il-vostro-maestro-e-voi-siete-tutti-fratelli-mt-238-1711.html\" title=\"\u00abUno solo \u00e8 il vostro Maestro e voi siete tutti fratelli\u00bb (Mt 23,8)\">\u00abUno solo \u00e8 il vostro Maestro e voi siete tutti fratelli\u00bb (Mt 23,8)<\/a><\/h1>                                                        <div class='teaser-summary'>\n                                    <p>La relazione interpersonale di fiducia quale fondamento della cura olistica del malato<\/p>\n                                <\/div>\n                        \n                    <\/div>\n\n                                <\/div>\n            <\/li>\n                 <li class=\"teasercategory-li\">\n                <div class=\"article row g-0 my-4 pb-4 teasercategoryloop teaser teaser-shoulder teaser-list\" >\n                \n                        <div class=\"miniaturacol col-12 col-sm-4 p-0 mx-auto ps-sm-0 pe-sm-3 container-thumb ratio4-3\">\n                        <div class=\"miniatura p-0 position-relative m-0\">\n\n                        \n                                <a class=\"teaser-image\" href=\"https:\/\/www.chiesadimilano.it\/servizioperlapastoraledellasalute\/archivio\/il-volto-del-dio-vicino-2-1652.html\" title=\"Il volto del Dio vicino\">\n                                  <img alt=\"Cristo_Pantocratore\" src=\"https:\/\/www.chiesadimilano.it\/servizioperlapastoraledellasalute\/wp-content\/uploads\/sites\/43\/2019\/12\/Cristo_Pantocratore.jpg\"    \/>\n                                <\/a>                                                         <div class=\"container-eyelet in-thumb d-none\"><div class=\"simple-eyelet\">8 febbraio 2020<\/div><\/div>\n                                                <\/div>\n                    <\/div>\n\n                    <div class=\"contenuto col-12 col-sm-8 pt-3 pt-sm-0 px-3 px-xl-0 d-flex flex-column teaser-content with-eyelet-infoey\">\n                        \n                        <div class=\"container-eyelet in-contenuto\"><div class=\"simple-eyelet\">8 febbraio 2020<\/div><\/div>\n                        \n                        <h2 class=\"entry-title teaser-title inteasercategory\"><a href=\"https:\/\/www.chiesadimilano.it\/servizioperlapastoraledellasalute\/archivio\/il-volto-del-dio-vicino-2-1652.html\" title=\"Il volto del Dio vicino\">Il volto del Dio vicino<\/a><\/h1>                                                        <div class='teaser-summary'>\n                                    <p>Convegno per la Giornata Mondiale del Malato<\/p>\n                                <\/div>\n                        \n                    <\/div>\n\n                                <\/div>\n            <\/li>\n                 <li class=\"teasercategory-li\">\n                <div class=\"article row g-0 my-4 pb-4 teasercategoryloop teaser teaser-shoulder teaser-list\" >\n                \n                        <div class=\"miniaturacol col-12 col-sm-4 p-0 mx-auto ps-sm-0 pe-sm-3 container-thumb ratio4-3\">\n                        <div class=\"miniatura p-0 position-relative m-0\">\n\n                        \n                                <a class=\"teaser-image\" href=\"https:\/\/www.chiesadimilano.it\/servizioperlapastoraledellasalute\/archivio\/la-spiritualita-nella-cura-1610.html\" title=\"La spiritualit\u00e0 nella cura\">\n                                  <img alt=\"cura\" src=\"https:\/\/www.chiesadimilano.it\/servizioperlapastoraledellasalute\/wp-content\/uploads\/sites\/43\/2019\/09\/cura.jpg\"    \/>\n                                <\/a>                                                         <div class=\"container-eyelet in-thumb d-none\"><div class=\"simple-eyelet\">Da gennaio 2020<\/div><\/div>\n                                                <\/div>\n                    <\/div>\n\n                    <div class=\"contenuto col-12 col-sm-8 pt-3 pt-sm-0 px-3 px-xl-0 d-flex flex-column teaser-content with-eyelet-infoey\">\n                        \n                        <div class=\"container-eyelet in-contenuto\"><div class=\"simple-eyelet\">Da gennaio 2020<\/div><\/div>\n                        \n                        <h2 class=\"entry-title teaser-title inteasercategory\"><a href=\"https:\/\/www.chiesadimilano.it\/servizioperlapastoraledellasalute\/archivio\/la-spiritualita-nella-cura-1610.html\" title=\"La spiritualit\u00e0 nella cura\">La spiritualit\u00e0 nella cura<\/a><\/h1>                                                        <div class='teaser-summary'>\n                                    <p>Il Master universitario ha lo scopo di offrire una qualificata formazione teorico-pratica sull\u2019accompagnamento spirituale nel mondo della salute nell\u2019orizzonte ...<\/p>\n                                <\/div>\n                        \n                    <\/div>\n\n                                <\/div>\n            <\/li>\n                 <li class=\"teasercategory-li\">\n                <div class=\"article row g-0 my-4 pb-4 teasercategoryloop teaser teaser-shoulder teaser-list\" >\n                \n                        <div class=\"miniaturacol col-12 col-sm-4 p-0 mx-auto ps-sm-0 pe-sm-3 container-thumb ratio4-3\">\n                        <div class=\"miniatura p-0 position-relative m-0\">\n\n                        \n                                <a class=\"teaser-image\" href=\"https:\/\/www.chiesadimilano.it\/servizioperlapastoraledellasalute\/archivio\/non-mi-sembra-vero-che-tu-esista-cosi-1577.html\" title=\"Non mi sembra vero che tu esista cos\u00ec\">\n                                  <img alt=\"alba\" src=\"https:\/\/www.chiesadimilano.it\/servizioperlapastoraledellasalute\/wp-content\/uploads\/sites\/43\/2019\/05\/alba.jpg\"    \/>\n                                <\/a>                                                         <div class=\"container-eyelet in-thumb d-none\"><div class=\"simple-eyelet\">7 giugno 2019<\/div><\/div>\n                                                <\/div>\n                    <\/div>\n\n                    <div class=\"contenuto col-12 col-sm-8 pt-3 pt-sm-0 px-3 px-xl-0 d-flex flex-column teaser-content with-eyelet-infoey\">\n                        \n                        <div class=\"container-eyelet in-contenuto\"><div class=\"simple-eyelet\">7 giugno 2019<\/div><\/div>\n                        \n                        <h2 class=\"entry-title teaser-title inteasercategory\"><a href=\"https:\/\/www.chiesadimilano.it\/servizioperlapastoraledellasalute\/archivio\/non-mi-sembra-vero-che-tu-esista-cosi-1577.html\" title=\"Non mi sembra vero che tu esista cos\u00ec\">Non mi sembra vero che tu esista cos\u00ec<\/a><\/h1>                                                        <div class='teaser-summary'>\n                                    <p>Incontro di formazione promosso in collaborazione con ASST-Rhodense<\/p>\n                                <\/div>\n                        \n                    <\/div>\n\n                                <\/div>\n            <\/li>\n                 <li class=\"teasercategory-li\">\n                <div class=\"article row g-0 my-4 pb-4 teasercategoryloop teaser teaser-shoulder teaser-list\" >\n                \n                        <div class=\"miniaturacol col-12 col-sm-4 p-0 mx-auto ps-sm-0 pe-sm-3 container-thumb ratio4-3\">\n                        <div class=\"miniatura p-0 position-relative m-0\">\n\n                        \n                                <a class=\"teaser-image\" href=\"https:\/\/www.chiesadimilano.it\/servizioperlapastoraledellasalute\/archivio\/chi-e-leroe-nella-cura-del-malato-1554.html\" title=\"Chi \u00e8 l&#8217;eroe nella cura del malato?\">\n                                  <img alt=\"gemma\" src=\"https:\/\/www.chiesadimilano.it\/servizioperlapastoraledellasalute\/wp-content\/uploads\/sites\/43\/2019\/03\/gemma.jpg\"    \/>\n                                <\/a>                                                         <div class=\"container-eyelet in-thumb d-none\"><div class=\"simple-eyelet\">9 maggio 2019<\/div><\/div>\n                                                <\/div>\n                    <\/div>\n\n                    <div class=\"contenuto col-12 col-sm-8 pt-3 pt-sm-0 px-3 px-xl-0 d-flex flex-column teaser-content with-eyelet-infoey\">\n                        \n                        <div class=\"container-eyelet in-contenuto\"><div class=\"simple-eyelet\">9 maggio 2019<\/div><\/div>\n                        \n                        <h2 class=\"entry-title teaser-title inteasercategory\"><a href=\"https:\/\/www.chiesadimilano.it\/servizioperlapastoraledellasalute\/archivio\/chi-e-leroe-nella-cura-del-malato-1554.html\" title=\"Chi \u00e8 l&#8217;eroe nella cura del malato?\">Chi \u00e8 l&#8217;eroe nella cura del malato?<\/a><\/h1>                                                        <div class='teaser-summary'>\n                                    <p>Al convegno sono invitati Volontari e Responsabili di Associazioni di Volontariato, Assistenti Spirituali: Cappellani, Diaconi, Suore delle Cappellanie e Collab...<\/p>\n                                <\/div>\n                        \n                    <\/div>\n\n                                <\/div>\n            <\/li>\n <nav class='pagination plinks'><span aria-current=\"page\" class=\"page-numbers current\">1<\/span>\n<a class=\"page-numbers\" href=\"https:\/\/www.chiesadimilano.it\/servizioperlapastoraledellasalute\/wp-json\/wp\/v2\/pages\/869\/page\/2\">2<\/a>\n<a class=\"page-numbers\" href=\"https:\/\/www.chiesadimilano.it\/servizioperlapastoraledellasalute\/wp-json\/wp\/v2\/pages\/869\/page\/3\">3<\/a>\n<span class=\"page-numbers dots\">&hellip;<\/span>\n<a class=\"page-numbers\" href=\"https:\/\/www.chiesadimilano.it\/servizioperlapastoraledellasalute\/wp-json\/wp\/v2\/pages\/869\/page\/19\">19<\/a>\n<a class=\"next page-numbers\" href=\"https:\/\/www.chiesadimilano.it\/servizioperlapastoraledellasalute\/wp-json\/wp\/v2\/pages\/869\/page\/2\">&raquo;<\/a><\/nav><\/ul>\n<\/div><\/div><\/div><\/div>","protected":false},"excerpt":{"rendered":"8 febbraio 2020 Il volto del Dio vicino Convegno per la Giornata Mondiale del Malato Da gennaio 2020 La spiritualit\u00e0 nella cura Il Master universitario ha lo scopo di offrire una qualificata formazione teorico-pratica sull\u2019accompagnamento spirituale nel mondo della salute nell\u2019orizzonte di una visione antropologica, psicologica e teologica della sofferenza e della cura. Iscrizioni dal [&hellip;]","protected":false},"author":0,"featured_media":0,"parent":0,"menu_order":0,"comment_status":"closed","ping_status":"closed","template":"","meta":{"ip_address":"","user_agent":"","level":"","revision":"","cookie_id":"","page_referer":"","html_form":""},"acf":[],"_links":{"self":[{"href":"https:\/\/www.chiesadimilano.it\/servizioperlapastoraledellasalute\/wp-json\/wp\/v2\/pages\/869"}],"collection":[{"href":"https:\/\/www.chiesadimilano.it\/servizioperlapastoraledellasalute\/wp-json\/wp\/v2\/pages"}],"about":[{"href":"https:\/\/www.chiesadimilano.it\/servizioperlapastoraledellasalute\/wp-json\/wp\/v2\/types\/page"}],"author":[{"embeddable":true,"href":"https:\/\/www.chiesadimilano.it\/servizioperlapastoraledellasalute\/wp-json\/wp\/v2\/users\/1"}],"replies":[{"embeddable":true,"href":"https:\/\/www.chiesadimilano.it\/servizioperlapastoraledellasalute\/wp-json\/wp\/v2\/comments?post=869"}],"version-history":[{"count":4,"href":"https:\/\/www.chiesadimilano.it\/servizioperlapastoraledellasalute\/wp-json\/wp\/v2\/pages\/869\/revisions"}],"predecessor-version":[{"id":2048,"href":"https:\/\/www.chiesadimilano.it\/servizioperlapastoraledellasalute\/wp-json\/wp\/v2\/pages\/869\/revisions\/2048"}],"wp:attachment":[{"href":"https:\/\/www.chiesadimilano.it\/servizioperlapastoraledellasalute\/wp-json\/wp\/v2\/media?parent=869"}],"curies":[{"name":"wp","href":"https:\/\/api.w.org\/{rel}","templated":true}]}}