{"id":1111,"date":"2026-03-27T10:43:19","date_gmt":"2026-03-27T09:43:19","guid":{"rendered":"https:\/\/www.chiesadimilano.it\/referente-diocesano-per-la-tutela-dei-minori\/?page_id=1111"},"modified":"2026-03-27T11:55:47","modified_gmt":"2026-03-27T10:55:47","slug":"tutela-minori-vocabolario-della-prevenzione","status":"publish","type":"page","link":"https:\/\/www.chiesadimilano.it\/referente-diocesano-per-la-tutela-dei-minori\/tutela-minori-vocabolario-della-prevenzione\/","title":{"rendered":"Tutela minori &#8211; Vocabolario della prevenzione"},"content":{"rendered":"<div id=\"pl-1111\"  class=\"panel-layout\" ><div id=\"pg-1111-0\"  class=\"panel-grid panel-no-style\" ><div id=\"pgc-1111-0-0\"  class=\"panel-grid-cell\" ><div id=\"panel-1111-0-0-0\" class=\"so-panel widget widget_siteorigin-panels-post-content panel-first-child panel-last-child\" data-index=\"0\" ><h1 class=\"entry-title\">Tutela minori - Vocabolario della prevenzione<\/h1><\/div><\/div><\/div><div id=\"pg-1111-1\"  class=\"panel-grid panel-has-style\" ><div class=\"orizzontale panel-row-style panel-row-style-for-1111-1\" ><div id=\"pgc-1111-1-0\"  class=\"panel-grid-cell\" ><div id=\"panel-1111-1-0-0\" class=\"so-panel widget widget_teaserlink panel-first-child\" data-index=\"1\" ><div\n\t\t\t\n\t\t\tclass=\"so-widget-teaserlink so-widget-teaserlink-base\"\n\t\t\t\n\t\t>\n<article class=\"teaser\" role=\"article\" data-hint=\"teaserlink\">\n    <a class=\"teaser-image\" href=\"http:\/\/www.chiesadimilano.it\/chiesa-diocesi\/abusi-le-parole-della-prevenzione-gaslighting-2857776.html\" title=\"Abusi, le parole della prevenzione: gaslighting\">\n       <span class=\"teaser-eyelet overimage-teaser-eyelet\" style=\"display:none;position:absolute;bottom:0;left:0;\">Vocabolario\/13<\/span>\n        <!-- span class=\"occhiello has-image\" style=\"display:none;position:absolute;bottom:0;left:0;\">Vocabolario\/13<\/span -->\n      <img src=\"https:\/\/www.chiesadimilano.it\/wp-content\/uploads\/sites\/83\/2025\/12\/vista-panoramica-del-paesaggio-coperto-di-neve-contro-il-cielo_1048944-3397907.jpg\"   \/>\n    <\/a><div class=\"teaser-content\"   has_image \">\n        <span class=\"teaser-eyelet\">Vocabolario\/13<\/span>\n        <h2 class=\"teaser-title in-teaserlink\"><a href=\"http:\/\/www.chiesadimilano.it\/chiesa-diocesi\/abusi-le-parole-della-prevenzione-gaslighting-2857776.html\" title=\"Abusi, le parole della prevenzione: gaslighting\">Abusi, le parole della prevenzione: gaslighting<\/a><\/h2>\n        <p class=\"teaser-summary\">Forma di manipolazione psicologica oppressiva, gioca sulla sensibilit\u00e0 e sulla vulnerabilit\u00e0 delle vittime, condizionandole e rendendole totalmente dipendenti e obbedienti, spesso aiutata da un cont...<\/p>\n        <\/div>\n    <\/article>\n    <\/div><\/div><div id=\"panel-1111-1-0-1\" class=\"so-panel widget widget_teaserlink\" data-index=\"2\" ><div\n\t\t\t\n\t\t\tclass=\"so-widget-teaserlink so-widget-teaserlink-base\"\n\t\t\t\n\t\t>\n<article class=\"teaser\" role=\"article\" data-hint=\"teaserlink\">\n    <a class=\"teaser-image\" href=\"http:\/\/www.chiesadimilano.it\/chiesa-diocesi\/le-parole-della-prevenzione-la-cultura-dellerrore-2854973.html\" title=\"Abusi, le parole della prevenzione: la cultura dell&#039;errore\">\n       <span class=\"teaser-eyelet overimage-teaser-eyelet\" style=\"display:none;position:absolute;bottom:0;left:0;\">Vocabolario\/12<\/span>\n        <!-- span class=\"occhiello has-image\" style=\"display:none;position:absolute;bottom:0;left:0;\">Vocabolario\/12<\/span -->\n      <img src=\"https:\/\/www.chiesadimilano.it\/wp-content\/uploads\/sites\/83\/2025\/11\/foto-per-rubrica-12-1.jpg\"   \/>\n    <\/a><div class=\"teaser-content\"   has_image \">\n        <span class=\"teaser-eyelet\">Vocabolario\/12<\/span>\n        <h2 class=\"teaser-title in-teaserlink\"><a href=\"http:\/\/www.chiesadimilano.it\/chiesa-diocesi\/le-parole-della-prevenzione-la-cultura-dellerrore-2854973.html\" title=\"Abusi, le parole della prevenzione: la cultura dell&#039;errore\">Abusi, le parole della prevenzione: la cultura dell&#039;errore<\/a><\/h2>\n        <p class=\"teaser-summary\">\u00c8 un passaggio necessario che sta all\u2019origine del processo preventivo: significa imparare a non nascondere, non occultare, non sminuire e banalizzare gli errori, ma riconoscerli, nominarli, ammette...<\/p>\n        <\/div>\n    <\/article>\n    <\/div><\/div><div id=\"panel-1111-1-0-2\" class=\"so-panel widget widget_teaserlink\" data-index=\"3\" ><div\n\t\t\t\n\t\t\tclass=\"so-widget-teaserlink so-widget-teaserlink-base\"\n\t\t\t\n\t\t>\n<article class=\"teaser\" role=\"article\" data-hint=\"teaserlink\">\n    <a class=\"teaser-image\" href=\"http:\/\/www.chiesadimilano.it\/chiesa-diocesi\/abusi-le-parole-della-prevenzione-vulneranza-2851256.html\" title=\"Abusi, le parole della prevenzione: vulneranza\">\n       <span class=\"teaser-eyelet overimage-teaser-eyelet\" style=\"display:none;position:absolute;bottom:0;left:0;\">Vocabolario\/11<\/span>\n        <!-- span class=\"occhiello has-image\" style=\"display:none;position:absolute;bottom:0;left:0;\">Vocabolario\/11<\/span -->\n      <img src=\"https:\/\/www.chiesadimilano.it\/wp-content\/uploads\/sites\/83\/2025\/10\/immagine.jpg\"   \/>\n    <\/a><div class=\"teaser-content\"   has_image \">\n        <span class=\"teaser-eyelet\">Vocabolario\/11<\/span>\n        <h2 class=\"teaser-title in-teaserlink\"><a href=\"http:\/\/www.chiesadimilano.it\/chiesa-diocesi\/abusi-le-parole-della-prevenzione-vulneranza-2851256.html\" title=\"Abusi, le parole della prevenzione: vulneranza\">Abusi, le parole della prevenzione: vulneranza<\/a><\/h2>\n        <p class=\"teaser-summary\">Il termine esprime gli elementi oggettivi di un contesto, di un&#039;istituzione o di una prassi educativa e pastorale che tendono a favorire dinamiche abusanti<\/p>\n        <\/div>\n    <\/article>\n    <\/div><\/div><div id=\"panel-1111-1-0-3\" class=\"so-panel widget widget_teaserlink\" data-index=\"4\" ><div\n\t\t\t\n\t\t\tclass=\"so-widget-teaserlink so-widget-teaserlink-base\"\n\t\t\t\n\t\t>\n<article class=\"teaser\" role=\"article\" data-hint=\"teaserlink\">\n    <a class=\"teaser-image\" href=\"http:\/\/www.chiesadimilano.it\/chiesa-diocesi\/abusi-10-labuso-spirituale-2848456.html\" title=\"Abusi, le parole della prevenzione: l&#039;abuso spirituale\">\n       <span class=\"teaser-eyelet overimage-teaser-eyelet\" style=\"display:none;position:absolute;bottom:0;left:0;\">Vocabolario\/10<\/span>\n        <!-- span class=\"occhiello has-image\" style=\"display:none;position:absolute;bottom:0;left:0;\">Vocabolario\/10<\/span -->\n      <img src=\"https:\/\/www.chiesadimilano.it\/wp-content\/uploads\/sites\/83\/2025\/09\/abusi.jpg\"   \/>\n    <\/a><div class=\"teaser-content\"   has_image \">\n        <span class=\"teaser-eyelet\">Vocabolario\/10<\/span>\n        <h2 class=\"teaser-title in-teaserlink\"><a href=\"http:\/\/www.chiesadimilano.it\/chiesa-diocesi\/abusi-10-labuso-spirituale-2848456.html\" title=\"Abusi, le parole della prevenzione: l&#039;abuso spirituale\">Abusi, le parole della prevenzione: l&#039;abuso spirituale<\/a><\/h2>\n        <p class=\"teaser-summary\">Una delle forme pi\u00f9 invasive dell\u2019intimit\u00e0 personale, che si attua in una sequenza di atti intenzionali e manipolatori perpetrati in nome di Dio, e a cui sono potenzialmente esposti non solo i min...<\/p>\n        <\/div>\n    <\/article>\n    <\/div><\/div><div id=\"panel-1111-1-0-4\" class=\"so-panel widget widget_teaserlink\" data-index=\"5\" ><div\n\t\t\t\n\t\t\tclass=\"so-widget-teaserlink so-widget-teaserlink-base\"\n\t\t\t\n\t\t>\n<article class=\"teaser\" role=\"article\" data-hint=\"teaserlink\">\n    <a class=\"teaser-image\" href=\"http:\/\/www.chiesadimilano.it\/chiesa-diocesi\/abusi-le-parole-della-prevenzione-sexting-2845308.html\" title=\"Abusi, le parole della prevenzione: sexting\">\n       <span class=\"teaser-eyelet overimage-teaser-eyelet\" style=\"display:none;position:absolute;bottom:0;left:0;\">Vocabolario\/9<\/span>\n        <!-- span class=\"occhiello has-image\" style=\"display:none;position:absolute;bottom:0;left:0;\">Vocabolario\/9<\/span -->\n      <img src=\"https:\/\/www.chiesadimilano.it\/wp-content\/uploads\/sites\/83\/2025\/07\/woman-3236059_1280.jpg\"   \/>\n    <\/a><div class=\"teaser-content\"   has_image \">\n        <span class=\"teaser-eyelet\">Vocabolario\/9<\/span>\n        <h2 class=\"teaser-title in-teaserlink\"><a href=\"http:\/\/www.chiesadimilano.it\/chiesa-diocesi\/abusi-le-parole-della-prevenzione-sexting-2845308.html\" title=\"Abusi, le parole della prevenzione: sexting\">Abusi, le parole della prevenzione: sexting<\/a><\/h2>\n        <p class=\"teaser-summary\">Unione di due termini inglesi, indica lo scambio digitale di testi, immagini o video a contenuto sessuale esplicito. Molti giovani non ne percepiscono subito i rischi, l\u2019approccio educativo deve pro...<\/p>\n        <\/div>\n    <\/article>\n    <\/div><\/div><div id=\"panel-1111-1-0-5\" class=\"so-panel widget widget_teaserlink\" data-index=\"6\" ><div\n\t\t\t\n\t\t\tclass=\"so-widget-teaserlink so-widget-teaserlink-base\"\n\t\t\t\n\t\t>\n<article class=\"teaser\" role=\"article\" data-hint=\"teaserlink\">\n    <a class=\"teaser-image\" href=\"http:\/\/www.chiesadimilano.it\/chiesa-diocesi\/abusi-le-parole-della-prevenzione-abuso-emotivo-2842913.html\" title=\"Abusi, le parole della prevenzione: abuso emotivo\">\n       <span class=\"teaser-eyelet overimage-teaser-eyelet\" style=\"display:none;position:absolute;bottom:0;left:0;\">Vocabolario\/8<\/span>\n        <!-- span class=\"occhiello has-image\" style=\"display:none;position:absolute;bottom:0;left:0;\">Vocabolario\/8<\/span -->\n      <img src=\"https:\/\/www.chiesadimilano.it\/wp-content\/uploads\/sites\/83\/2025\/07\/rete.jpg\"   \/>\n    <\/a><div class=\"teaser-content\"   has_image \">\n        <span class=\"teaser-eyelet\">Vocabolario\/8<\/span>\n        <h2 class=\"teaser-title in-teaserlink\"><a href=\"http:\/\/www.chiesadimilano.it\/chiesa-diocesi\/abusi-le-parole-della-prevenzione-abuso-emotivo-2842913.html\" title=\"Abusi, le parole della prevenzione: abuso emotivo\">Abusi, le parole della prevenzione: abuso emotivo<\/a><\/h2>\n        <p class=\"teaser-summary\">Molto pericoloso perch\u00e9 anticipa e accompagna sempre l\u2019abuso fisico e\/o sessuale, ma ciononostante \u00e8 sottovalutato nella sua gravit\u00e0 e nella sofferenza che provoca alla vittima. Ne esistono cinqu...<\/p>\n        <\/div>\n    <\/article>\n    <\/div><\/div><div id=\"panel-1111-1-0-6\" class=\"so-panel widget widget_teaserlink\" data-index=\"7\" ><div\n\t\t\t\n\t\t\tclass=\"so-widget-teaserlink so-widget-teaserlink-base\"\n\t\t\t\n\t\t>\n<article class=\"teaser\" role=\"article\" data-hint=\"teaserlink\">\n    <a class=\"teaser-image\" href=\"http:\/\/www.chiesadimilano.it\/chiesa-diocesi\/abusi-le-parole-della-prevenzione-intimita-2839110.html\" title=\"Abusi, le parole della prevenzione: intimit\u00e0\">\n       <span class=\"teaser-eyelet overimage-teaser-eyelet\" style=\"display:none;position:absolute;bottom:0;left:0;\">Vocabolario\/7<\/span>\n        <!-- span class=\"occhiello has-image\" style=\"display:none;position:absolute;bottom:0;left:0;\">Vocabolario\/7<\/span -->\n      <img src=\"https:\/\/www.chiesadimilano.it\/wp-content\/uploads\/sites\/83\/2025\/05\/tutela-minori-7-immagine.jpg\"   \/>\n    <\/a><div class=\"teaser-content\"   has_image \">\n        <span class=\"teaser-eyelet\">Vocabolario\/7<\/span>\n        <h2 class=\"teaser-title in-teaserlink\"><a href=\"http:\/\/www.chiesadimilano.it\/chiesa-diocesi\/abusi-le-parole-della-prevenzione-intimita-2839110.html\" title=\"Abusi, le parole della prevenzione: intimit\u00e0\">Abusi, le parole della prevenzione: intimit\u00e0<\/a><\/h2>\n        <p class=\"teaser-summary\">Un ambito necessario di crescita e di formazione, per il quale, soprattutto a chi vive un impegno educativo, si richiede maturit\u00e0 e seriet\u00e0<\/p>\n        <\/div>\n    <\/article>\n    <\/div><\/div><div id=\"panel-1111-1-0-7\" class=\"so-panel widget widget_teaserlink\" data-index=\"8\" ><div\n\t\t\t\n\t\t\tclass=\"so-widget-teaserlink so-widget-teaserlink-base\"\n\t\t\t\n\t\t>\n<article class=\"teaser\" role=\"article\" data-hint=\"teaserlink\">\n    <a class=\"teaser-image\" href=\"http:\/\/www.chiesadimilano.it\/chiesa-diocesi\/abusi-le-parole-della-prevenzione-narcisismo-2834747.html\" title=\"Abusi, le parole della prevenzione: narcisismo\">\n       <span class=\"teaser-eyelet overimage-teaser-eyelet\" style=\"display:none;position:absolute;bottom:0;left:0;\">Vocabolario\/6<\/span>\n        <!-- span class=\"occhiello has-image\" style=\"display:none;position:absolute;bottom:0;left:0;\">Vocabolario\/6<\/span -->\n      <img src=\"https:\/\/www.chiesadimilano.it\/wp-content\/uploads\/sites\/83\/2025\/04\/foto-per-rubrica-6-1.jpg\"   \/>\n    <\/a><div class=\"teaser-content\"   has_image \">\n        <span class=\"teaser-eyelet\">Vocabolario\/6<\/span>\n        <h2 class=\"teaser-title in-teaserlink\"><a href=\"http:\/\/www.chiesadimilano.it\/chiesa-diocesi\/abusi-le-parole-della-prevenzione-narcisismo-2834747.html\" title=\"Abusi, le parole della prevenzione: narcisismo\">Abusi, le parole della prevenzione: narcisismo<\/a><\/h2>\n        <p class=\"teaser-summary\">Ne esistono due tipi: quello \u00abauto-ingannatorio\u00bb, che rende incapaci di vedersi realisticamente, e quello \u00abreattivo o maligno\u00bb, che sfocia in aggressivit\u00e0 e crudelt\u00e0. In ambito ecclesiale porta ...<\/p>\n        <\/div>\n    <\/article>\n    <\/div><\/div><div id=\"panel-1111-1-0-8\" class=\"so-panel widget widget_teaserlink\" data-index=\"9\" ><div\n\t\t\t\n\t\t\tclass=\"so-widget-teaserlink so-widget-teaserlink-base\"\n\t\t\t\n\t\t>\n<article class=\"teaser\" role=\"article\" data-hint=\"teaserlink\">\n    <a class=\"teaser-image\" href=\"http:\/\/www.chiesadimilano.it\/chiesa-diocesi\/abusi-le-parole-della-prevenzione-vulnerabilita-2832704.html\" title=\"Abusi, le parole della prevenzione: vulnerabilit\u00e0\">\n       <span class=\"teaser-eyelet overimage-teaser-eyelet\" style=\"display:none;position:absolute;bottom:0;left:0;\">Vocabolario\/5<\/span>\n        <!-- span class=\"occhiello has-image\" style=\"display:none;position:absolute;bottom:0;left:0;\">Vocabolario\/5<\/span -->\n      <img src=\"https:\/\/www.chiesadimilano.it\/wp-content\/uploads\/sites\/83\/2025\/03\/1729863770520-1.jpg\"   \/>\n    <\/a><div class=\"teaser-content\"   has_image \">\n        <span class=\"teaser-eyelet\">Vocabolario\/5<\/span>\n        <h2 class=\"teaser-title in-teaserlink\"><a href=\"http:\/\/www.chiesadimilano.it\/chiesa-diocesi\/abusi-le-parole-della-prevenzione-vulnerabilita-2832704.html\" title=\"Abusi, le parole della prevenzione: vulnerabilit\u00e0\">Abusi, le parole della prevenzione: vulnerabilit\u00e0<\/a><\/h2>\n        <p class=\"teaser-summary\">Una condizione che dipende non solo dall\u2019et\u00e0 o dall\u2019eventuale disabilit\u00e0, ma anche dalla situazione personale e dalla differenza di autorit\u00e0 nella relazione. \u00c8 correlata con l\u2019alleanza di fi...<\/p>\n        <\/div>\n    <\/article>\n    <\/div><\/div><div id=\"panel-1111-1-0-9\" class=\"so-panel widget widget_teaserlink\" data-index=\"10\" ><div\n\t\t\t\n\t\t\tclass=\"so-widget-teaserlink so-widget-teaserlink-base\"\n\t\t\t\n\t\t>\n<article class=\"teaser\" role=\"article\" data-hint=\"teaserlink\">\n    <a class=\"teaser-image\" href=\"http:\/\/www.chiesadimilano.it\/chiesa-diocesi\/abusi-le-parole-della-prevenzione-confini-2-2828892.html\" title=\"Abusi, le parole della prevenzione: grooming\">\n       <span class=\"teaser-eyelet overimage-teaser-eyelet\" style=\"display:none;position:absolute;bottom:0;left:0;\">Vocabolario\/4<\/span>\n        <!-- span class=\"occhiello has-image\" style=\"display:none;position:absolute;bottom:0;left:0;\">Vocabolario\/4<\/span -->\n      <img src=\"https:\/\/www.chiesadimilano.it\/wp-content\/uploads\/sites\/83\/2025\/02\/schizzi.jpg\"   \/>\n    <\/a><div class=\"teaser-content\"   has_image \">\n        <span class=\"teaser-eyelet\">Vocabolario\/4<\/span>\n        <h2 class=\"teaser-title in-teaserlink\"><a href=\"http:\/\/www.chiesadimilano.it\/chiesa-diocesi\/abusi-le-parole-della-prevenzione-confini-2-2828892.html\" title=\"Abusi, le parole della prevenzione: grooming\">Abusi, le parole della prevenzione: grooming<\/a><\/h2>\n        <p class=\"teaser-summary\">Termine mutuato dall&#039;etologia, che indica una tecnica di adescamento del minore o dell&#039;adulto vulnerabile da parte di un &quot;predatore&quot;, per carpirne la fiducia e poterlo poi manipola...<\/p>\n        <\/div>\n    <\/article>\n    <\/div><\/div><div id=\"panel-1111-1-0-10\" class=\"so-panel widget widget_teaserlink\" data-index=\"11\" ><div\n\t\t\t\n\t\t\tclass=\"so-widget-teaserlink so-widget-teaserlink-base\"\n\t\t\t\n\t\t>\n<article class=\"teaser\" role=\"article\" data-hint=\"teaserlink\">\n    <a class=\"teaser-image\" href=\"http:\/\/www.chiesadimilano.it\/chiesa-diocesi\/abusi-le-parole-della-prevenzione-confini-2826023.html\" title=\"Abusi, le parole della prevenzione: confini\">\n       <span class=\"teaser-eyelet overimage-teaser-eyelet\" style=\"display:none;position:absolute;bottom:0;left:0;\">Vocabolario\/3<\/span>\n        <!-- span class=\"occhiello has-image\" style=\"display:none;position:absolute;bottom:0;left:0;\">Vocabolario\/3<\/span -->\n      <img src=\"https:\/\/www.chiesadimilano.it\/wp-content\/uploads\/sites\/83\/2025\/01\/iStock-495068872.jpg\"   \/>\n    <\/a><div class=\"teaser-content\"   has_image \">\n        <span class=\"teaser-eyelet\">Vocabolario\/3<\/span>\n        <h2 class=\"teaser-title in-teaserlink\"><a href=\"http:\/\/www.chiesadimilano.it\/chiesa-diocesi\/abusi-le-parole-della-prevenzione-confini-2826023.html\" title=\"Abusi, le parole della prevenzione: confini\">Abusi, le parole della prevenzione: confini<\/a><\/h2>\n        <p class=\"teaser-summary\">Quando una relazione educativa e pastorale \u00e8 corretta e rispettosa dell&#039;identit\u00e0 dell&#039;interlocutore e attenta alle sue esigenze? E quando invece, con atteggiamenti e comportamenti lede la ...<\/p>\n        <\/div>\n    <\/article>\n    <\/div><\/div><div id=\"panel-1111-1-0-11\" class=\"so-panel widget widget_teaserlink\" data-index=\"12\" ><div\n\t\t\t\n\t\t\tclass=\"so-widget-teaserlink so-widget-teaserlink-base\"\n\t\t\t\n\t\t>\n<article class=\"teaser\" role=\"article\" data-hint=\"teaserlink\">\n    <a class=\"teaser-image\" href=\"http:\/\/www.chiesadimilano.it\/chiesa-diocesi\/abusi-le-parole-della-prevenzione-potere-2823267.html\" title=\"Abusi, le parole della prevenzione: potere\">\n       <span class=\"teaser-eyelet overimage-teaser-eyelet\" style=\"display:none;position:absolute;bottom:0;left:0;\">Vocabolario\/2<\/span>\n        <!-- span class=\"occhiello has-image\" style=\"display:none;position:absolute;bottom:0;left:0;\">Vocabolario\/2<\/span -->\n      <img src=\"https:\/\/www.chiesadimilano.it\/wp-content\/uploads\/sites\/83\/2024\/12\/wooden-mannequin-791720_1280.jpg\"   \/>\n    <\/a><div class=\"teaser-content\"   has_image \">\n        <span class=\"teaser-eyelet\">Vocabolario\/2<\/span>\n        <h2 class=\"teaser-title in-teaserlink\"><a href=\"http:\/\/www.chiesadimilano.it\/chiesa-diocesi\/abusi-le-parole-della-prevenzione-potere-2823267.html\" title=\"Abusi, le parole della prevenzione: potere\">Abusi, le parole della prevenzione: potere<\/a><\/h2>\n        <p class=\"teaser-summary\">Un suo esercizio distorto \u00e8 all&#039;origine di ogni dinamica abusante, che riguardi sia forme apertamente autoritarie, sia forme \u201ccarismatiche\u201d. Rispetto al servizio evangelico, le sue basi sono...<\/p>\n        <\/div>\n    <\/article>\n    <\/div><\/div><div id=\"panel-1111-1-0-12\" class=\"so-panel widget widget_teaserlink panel-last-child\" data-index=\"13\" ><div\n\t\t\t\n\t\t\tclass=\"so-widget-teaserlink so-widget-teaserlink-base\"\n\t\t\t\n\t\t>\n<article class=\"teaser\" role=\"article\" data-hint=\"teaserlink\">\n    <a class=\"teaser-image\" href=\"https:\/\/www.chiesadimilano.it\/?p=2820291\" title=\"Abusi, le parole della prevenzione: fiducia\">\n       <span class=\"teaser-eyelet overimage-teaser-eyelet\" style=\"display:none;position:absolute;bottom:0;left:0;\">Vocabolario\/1<\/span>\n        <!-- span class=\"occhiello has-image\" style=\"display:none;position:absolute;bottom:0;left:0;\">Vocabolario\/1<\/span -->\n      <img src=\"https:\/\/www.chiesadimilano.it\/wp-content\/uploads\/sites\/83\/2024\/11\/abusi-980x551-1.jpg\"   \/>\n    <\/a><div class=\"teaser-content\"   has_image \">\n        <span class=\"teaser-eyelet\">Vocabolario\/1<\/span>\n        <h2 class=\"teaser-title in-teaserlink\"><a href=\"https:\/\/www.chiesadimilano.it\/?p=2820291\" title=\"Abusi, le parole della prevenzione: fiducia\">Abusi, le parole della prevenzione: fiducia<\/a><\/h2>\n        <p class=\"teaser-summary\">In occasione della Giornata nazionale di preghiera per le vittime e i sopravvissuti promossa dalla Chiesa italiana, avviamo una rubrica mensile curata dal Servizio Regionale delle Diocesi lombarde per...<\/p>\n        <\/div>\n    <\/article>\n    <\/div><\/div><\/div><\/div><\/div><\/div>","protected":false},"excerpt":{"rendered":"Tutela minori &#8211; Vocabolario della prevenzione Vocabolario\/13","protected":false},"author":0,"featured_media":0,"parent":0,"menu_order":0,"comment_status":"closed","ping_status":"closed","template":"","meta":{"ip_address":"","user_agent":"","level":"","revision":"","cookie_id":"","page_referer":"","html_form":""},"acf":[],"_links":{"self":[{"href":"https:\/\/www.chiesadimilano.it\/referente-diocesano-per-la-tutela-dei-minori\/wp-json\/wp\/v2\/pages\/1111"}],"collection":[{"href":"https:\/\/www.chiesadimilano.it\/referente-diocesano-per-la-tutela-dei-minori\/wp-json\/wp\/v2\/pages"}],"about":[{"href":"https:\/\/www.chiesadimilano.it\/referente-diocesano-per-la-tutela-dei-minori\/wp-json\/wp\/v2\/types\/page"}],"author":[{"embeddable":true,"href":"https:\/\/www.chiesadimilano.it\/referente-diocesano-per-la-tutela-dei-minori\/wp-json\/wp\/v2\/users\/2"}],"replies":[{"embeddable":true,"href":"https:\/\/www.chiesadimilano.it\/referente-diocesano-per-la-tutela-dei-minori\/wp-json\/wp\/v2\/comments?post=1111"}],"version-history":[{"count":12,"href":"https:\/\/www.chiesadimilano.it\/referente-diocesano-per-la-tutela-dei-minori\/wp-json\/wp\/v2\/pages\/1111\/revisions"}],"predecessor-version":[{"id":1118,"href":"https:\/\/www.chiesadimilano.it\/referente-diocesano-per-la-tutela-dei-minori\/wp-json\/wp\/v2\/pages\/1111\/revisions\/1118"}],"wp:attachment":[{"href":"https:\/\/www.chiesadimilano.it\/referente-diocesano-per-la-tutela-dei-minori\/wp-json\/wp\/v2\/media?parent=1111"}],"curies":[{"name":"wp","href":"https:\/\/api.w.org\/{rel}","templated":true}]}}