{"id":8426,"date":"2017-04-19T19:12:36","date_gmt":"2017-04-19T17:12:36","guid":{"rendered":"http:\/\/production-cdm.glauco.it\/pgfom\/?page_id=8426"},"modified":"2026-03-27T11:11:53","modified_gmt":"2026-03-27T10:11:53","slug":"proposte-di-servizio","status":"publish","type":"page","link":"https:\/\/www.chiesadimilano.it\/pgfom\/proposte-di-servizio","title":{"rendered":"Proposte di Servizio"},"content":{"rendered":"<div><div class=\"grid site-section \" ><div class=\"grid-col-8 Apertura-2\" ><article class=\"widget-teaser teaser with-eyelet\" role=\"article\" data-hint=\"teaser\"><a class=\"teaser-image\" href=\"https:\/\/www.chiesadimilano.it\/pgfom\/giovani\/giovani-volontari-cercasi-per-il-refettorio-ambrosiano-2-767909.html\" title=\"Giovani volontari cercasi per il Refettorio Ambrosiano\"><span class=\"occhiello has-image\" style=\"display:none;position:absolute;bottom:0;left:0;\">6 aprile, 1 maggio, 2 giugno 2026<\/span> <img data-formato=\"\" alt=\"Refettorio_ambrosiano_gente\" src=\"https:\/\/www.chiesadimilano.it\/pgfom\/files\/2017\/04\/Refettorio_ambrosiano_gente-1-e1615805670234.jpg\"  width=\"800\" height=\"600\"  \/><\/a><div class=\"teaser-content\"><span class=\"teaser-eyelet\">6 aprile, 1 maggio, 2 giugno 2026<\/span><h1 class=\"teaser-title\"><a href=\"https:\/\/www.chiesadimilano.it\/pgfom\/giovani\/giovani-volontari-cercasi-per-il-refettorio-ambrosiano-2-767909.html\" title=\"Giovani volontari cercasi per il Refettorio Ambrosiano\">Giovani volontari cercasi per il Refettorio Ambrosiano<\/a><\/h1>\n    <p class=\"teaser-summary\">Anche in giorni festivi il Refettorio Ambrosiano aprir\u00e0 le sue porte per accogliere i propri ospiti: perch\u00e9 questo sia possibile, chiede la collaborazione di giovani volontari (18-35enni) desiderosi di offrire il proprio tempo e di mettersi al se...<\/p>\n    <\/div><\/article><\/div><div class=\"grid-col-4 Apertura_due-1\" ><article class=\"widget-teaser teaser with-eyelet\" role=\"article\" data-hint=\"teaser\"><a class=\"teaser-image\" href=\"https:\/\/www.chiesadimilano.it\/pgfom\/giovani\/servizio-civile-universale-2026-alcune-proposte-801831.html\" title=\"Servizio Civile Universale 2026: alcune proposte\"><span class=\"occhiello has-image\" style=\"display:none;position:absolute;bottom:0;left:0;\">Proposte di servizio<\/span> <img data-formato=\"\" alt=\"Logo Servizio Civile Universale\" src=\"https:\/\/www.chiesadimilano.it\/pgfom\/files\/2025\/01\/Logo-Servizio-Civile-Universale.jpg\"  width=\"250\" height=\"250\"  \/><\/a><div class=\"teaser-content\"><span class=\"teaser-eyelet\">Proposte di servizio<\/span><h1 class=\"teaser-title\"><a href=\"https:\/\/www.chiesadimilano.it\/pgfom\/giovani\/servizio-civile-universale-2026-alcune-proposte-801831.html\" title=\"Servizio Civile Universale 2026: alcune proposte\">Servizio Civile Universale 2026: alcune proposte<\/a><\/h1>\n    <p class=\"teaser-summary\">Il Servizio Civile Universale, promosso dal Dipartimento per le Politiche Giovanili e il Servizio Civile Universale, \u00e8 rivolto a tutti i giovani di et\u00e0 compresa tra 18 e 28 anni<\/p>\n    <\/div><\/article><\/div><\/div><div class=\"grid site-section \" ><div class=\"grid-col-6 PgFom-11\" ><article class=\"widget-teaser teaser with-eyelet\" role=\"article\" data-hint=\"teaser\"><a class=\"teaser-image\" href=\"https:\/\/www.chiesadimilano.it\/pgfom\/giovani\/ospitalita-servizio-unesperienza-di-search-in-per-scoprire-la-tua-strada-801847.html\" title=\"Ospitalit\u00e0 &#038; Servizio: un\u2019esperienza di \u201cSearch-in\u201d per scoprire la tua strada\"><span class=\"occhiello has-image\" style=\"display:none;position:absolute;bottom:0;left:0;\">Aprile-agosto 2026<\/span> <img data-formato=\"\" alt=\"Ospitalit\u00e0 e Servizio - Sito\" src=\"https:\/\/www.chiesadimilano.it\/pgfom\/files\/2026\/03\/Ospitalita-e-Servizio-Sito-1.jpg\"  width=\"800\" height=\"600\"  \/><\/a><div class=\"teaser-content\"><span class=\"teaser-eyelet\">Aprile-agosto 2026<\/span><h1 class=\"teaser-title\"><a href=\"https:\/\/www.chiesadimilano.it\/pgfom\/giovani\/ospitalita-servizio-unesperienza-di-search-in-per-scoprire-la-tua-strada-801847.html\" title=\"Ospitalit\u00e0 &#038; Servizio: un\u2019esperienza di \u201cSearch-in\u201d per scoprire la tua strada\">Ospitalit\u00e0 &#038; Servizio: un\u2019esperienza di \u201cSearch-in\u201d per scoprire la tua strada<\/a><\/h1>\n    <p class=\"teaser-summary\">Un\u2019occasione per i giovani dai 18 anni in su che desiderano mettersi in gioco, ascoltare s\u00e9 stessi e lasciarsi interrogare dalla realt\u00e0 del dono e del servizio. Le Suore Ospedaliere del Sacro Cuore di Ges\u00f9, ins...<\/p>\n    <\/div><\/article><article class=\"widget-teaser teaser with-eyelet\" role=\"article\" data-hint=\"teaser\"><a class=\"teaser-image\" href=\"https:\/\/www.chiesadimilano.it\/pgfom\/giovani\/mese-della-pace-2025-le-proposte-per-i-giovani-2-756317.html\" title=\"Mese della Pace 2026: le proposte per i giovani\"><span class=\"occhiello has-image\" style=\"display:none;position:absolute;bottom:0;left:0;\">Gennaio 2026<\/span> <img data-formato=\"\" alt=\"Pace - Colomba - Sito\" src=\"https:\/\/www.chiesadimilano.it\/pgfom\/files\/2025\/01\/Pace-Colomba-Sito.jpg\"  width=\"800\" height=\"600\"  \/><\/a><div class=\"teaser-content\"><span class=\"teaser-eyelet\">Gennaio 2026<\/span><h1 class=\"teaser-title\"><a href=\"https:\/\/www.chiesadimilano.it\/pgfom\/giovani\/mese-della-pace-2025-le-proposte-per-i-giovani-2-756317.html\" title=\"Mese della Pace 2026: le proposte per i giovani\">Mese della Pace 2026: le proposte per i giovani<\/a><\/h1>\n    <p class=\"teaser-summary\">In occasione del Mese della Pace 2026 presentiamo alcune proposte per i giovani a cura di Caritas Ambrosiana: vi invitiamo a prenderne visione <\/p>\n    <\/div><\/article><\/div><div class=\"grid-col-6 PgFom-11\" >\n        <article class=\"teaser\" role=\"article\">\n            <a class=\"teaser-image\" href=\"https:\/\/www.chiesadimilano.it\/pgfom\/giovani\/vita-comune-per-la-carita-per-giovani-al-servizio-dei-piu-bisognosi-a-partire-dalle-opere-di-misericordia-73435.html\" title=\"Vita comune per la Carit\u00e0: per giovani al servizio dei pi\u00f9 bisognosi a partire dalle opere di mise...\">\n              <img alt=\"Vita comune per la Carit\u00e0 - sito\" src=\"https:\/\/www.chiesadimilano.it\/pgfom\/files\/2025\/05\/Vita-comune-per-la-Carita-sito.jpg\"  width=\"800\" height=\"600\"  \/>\n            <\/a><div class=\"teaser-content\">\n        \t<span class=\"teaser-eyelet\">Giovani e vita comune<\/span>\n            <h1 class=\"teaser-title\"><a href=\"https:\/\/www.chiesadimilano.it\/pgfom\/giovani\/vita-comune-per-la-carita-per-giovani-al-servizio-dei-piu-bisognosi-a-partire-dalle-opere-di-misericordia-73435.html\" title=\"Vita comune per la Carit\u00e0: per giovani al servizio dei pi\u00f9 bisognosi a partire dalle opere di mise...\">Vita comune per la Carit\u00e0: per giovani al servizio dei pi\u00f9 bisognosi a partire dalle opere di mise...<\/a><\/h1>\n            <p class=\"teaser-summary\">Un'esperienza di vita comune della durata di almeno 3 mesi, promossa da Caritas Ambrosiana e Pastorale Giovanile diocesana e rivolta a tutti quei giovani (ragazzi e ragazze dai 18 ai 30 anni) che desi...<\/p>\n            <\/div>\n        <\/article>\n            <\/div><\/div><div class=\"grid site-section \" ><div class=\"grid-col-12 PgFom-10\" >    <\/div><\/div><div class=\"grid site-section \" ><div class=\"grid-col-6 teaser-special PgFom-8\" >    <\/div><div class=\"grid-col-6 PgFom-9\" >    <\/div><\/div><\/div>","protected":false},"excerpt":{"rendered":"<p>6 aprile, 1 maggio, 2 giugno 2026 6 aprile, 1 maggio, 2 giugno 2026Giovani volontari cercasi per il Refettorio Ambrosiano Anche in giorni festivi il Refettorio Ambrosiano aprir\u00e0 le sue porte per accogliere i propri ospiti: perch\u00e9 questo sia possibile, chiede la collaborazione di giovani volontari (18-35enni) desiderosi di offrire il proprio tempo e di [&hellip;]<\/p>\n","protected":false},"author":0,"featured_media":0,"parent":0,"menu_order":0,"comment_status":"closed","ping_status":"closed","template":"nosidebar.php","meta":{"ip_address":"","user_agent":"","level":"","revision":"","cookie_id":"","page_referer":"","html_form":""},"acf":[],"_links":{"self":[{"href":"https:\/\/www.chiesadimilano.it\/pgfom\/wp-json\/wp\/v2\/pages\/8426"}],"collection":[{"href":"https:\/\/www.chiesadimilano.it\/pgfom\/wp-json\/wp\/v2\/pages"}],"about":[{"href":"https:\/\/www.chiesadimilano.it\/pgfom\/wp-json\/wp\/v2\/types\/page"}],"author":[{"embeddable":true,"href":"https:\/\/www.chiesadimilano.it\/pgfom\/wp-json\/wp\/v2\/users\/1"}],"replies":[{"embeddable":true,"href":"https:\/\/www.chiesadimilano.it\/pgfom\/wp-json\/wp\/v2\/comments?post=8426"}],"version-history":[{"count":30,"href":"https:\/\/www.chiesadimilano.it\/pgfom\/wp-json\/wp\/v2\/pages\/8426\/revisions"}],"predecessor-version":[{"id":801865,"href":"https:\/\/www.chiesadimilano.it\/pgfom\/wp-json\/wp\/v2\/pages\/8426\/revisions\/801865"}],"wp:attachment":[{"href":"https:\/\/www.chiesadimilano.it\/pgfom\/wp-json\/wp\/v2\/media?parent=8426"}],"curies":[{"name":"wp","href":"https:\/\/api.w.org\/{rel}","templated":true}]}}