{"id":8424,"date":"2017-04-19T19:11:20","date_gmt":"2017-04-19T17:11:20","guid":{"rendered":"http:\/\/production-cdm.glauco.it\/pgfom\/?page_id=8424"},"modified":"2026-03-18T11:27:42","modified_gmt":"2026-03-18T10:27:42","slug":"proposte-culturali","status":"publish","type":"page","link":"https:\/\/www.chiesadimilano.it\/pgfom\/proposte-culturali","title":{"rendered":"Proposte Culturali"},"content":{"rendered":"<div><div class=\"grid site-section \" ><div class=\"grid-col-8 Apertura-2\" ><article class=\"widget-teaser teaser with-eyelet\" role=\"article\" data-hint=\"teaser\"><a class=\"teaser-image\" href=\"https:\/\/www.chiesadimilano.it\/pgfom\/giovani\/ce-una-citta-da-vivere-partecipazione-bene-comune-e-pace-503289.html\" title=\"&#8220;C&#8217;\u00e8 una citt\u00e0 da vivere!&#8221;: partecipazione\/bene comune e pace\"><span class=\"occhiello has-image\" style=\"display:none;position:absolute;bottom:0;left:0;\">Giovani<\/span> <img data-formato=\"\" alt=\"C'\u00e8 una citt\u00e0 da vivere - Sito\" src=\"https:\/\/www.chiesadimilano.it\/pgfom\/files\/2025\/01\/Ce-una-citta-da-vivere-Sito-scaled.jpg\"  width=\"2560\" height=\"1920\"  \/><\/a><div class=\"teaser-content\"><span class=\"teaser-eyelet\">Giovani<\/span><h1 class=\"teaser-title\"><a href=\"https:\/\/www.chiesadimilano.it\/pgfom\/giovani\/ce-una-citta-da-vivere-partecipazione-bene-comune-e-pace-503289.html\" title=\"&#8220;C&#8217;\u00e8 una citt\u00e0 da vivere!&#8221;: partecipazione\/bene comune e pace\">&#8220;C&#8217;\u00e8 una citt\u00e0 da vivere!&#8221;: partecipazione\/bene comune e pace<\/a><\/h1>\n    <p class=\"teaser-summary\">Alcuni giovani appassionati ai temi sociali e alla politica sono disponibili per un intervento e confronto, in tempi e luoghi da concordare, su partecipazione\/bene comune oppure sulla pace. Ti invitiamo ad organizzare u...<\/p>\n    <\/div><\/article><\/div><div class=\"grid-col-4 Apertura_due-1\" ><article class=\"widget-teaser teaser with-eyelet\" role=\"article\" data-hint=\"teaser\"><a class=\"teaser-image\" href=\"https:\/\/www.chiesadimilano.it\/pgfom\/giovani\/mossi-dalla-bellezza-mostra-sulla-sagrada-familia-in-diocesi-fino-a-marzo-2026-734539.html\" title=\"&#8220;Mossi dalla Bellezza. Mostra sulla Sagrada Familia&#8221; in Diocesi fino a giugno 2026\"><span class=\"occhiello has-image\" style=\"display:none;position:absolute;bottom:0;left:0;\">Dall'11 al 26 aprile a Brescia<\/span> <img data-formato=\"\" alt=\"Sagrada Familia Mostra Seveso 2025 - Sito\" src=\"https:\/\/www.chiesadimilano.it\/pgfom\/files\/2025\/11\/Sagrada-Familia-Mostra-Seveso-2025-Sito.jpg\"  width=\"800\" height=\"600\"  \/><\/a><div class=\"teaser-content\"><span class=\"teaser-eyelet\">Dall'11 al 26 aprile a Brescia<\/span><h1 class=\"teaser-title\"><a href=\"https:\/\/www.chiesadimilano.it\/pgfom\/giovani\/mossi-dalla-bellezza-mostra-sulla-sagrada-familia-in-diocesi-fino-a-marzo-2026-734539.html\" title=\"&#8220;Mossi dalla Bellezza. Mostra sulla Sagrada Familia&#8221; in Diocesi fino a giugno 2026\">&#8220;Mossi dalla Bellezza. Mostra sulla Sagrada Familia&#8221; in Diocesi fino a giugno 2026<\/a><\/h1>\n    <p class=\"teaser-summary\">Un\u2019occasione per avvicinarsi alla bellezza, all\u2019armonia e alla forza spirituale dell\u2019opera pi\u00f9 celebre di Antoni Gaud\u00ec: la Sagrada Familia di Barcellona. La mostra sar\u00e0 allestita in alcuni luoghi della Dioc...<\/p>\n    <\/div><\/article><\/div><\/div><div class=\"grid site-section \" ><div class=\"grid-col-6 PgFom-11\" ><article class=\"widget-teaser teaser with-eyelet\" role=\"article\" data-hint=\"teaser\"><a class=\"teaser-image\" href=\"https:\/\/www.chiesadimilano.it\/pgfom\/giovani\/corso-online-vangeli-sinottici-identita-teologia-confronto-773914.html\" title=\"Corso online &#8220;Vangeli sinottici: identit\u00e0, teologia, confronto&#8221;\"><span class=\"occhiello has-image\" style=\"display:none;position:absolute;bottom:0;left:0;\">14 aprile 2026: quinto incontro<\/span> <img data-formato=\"\" alt=\"Corso online sinottici - Sito\" src=\"https:\/\/www.chiesadimilano.it\/pgfom\/files\/2026\/03\/Corso-online-sinottici-Sito.png\"  width=\"800\" height=\"600\"  \/><\/a><div class=\"teaser-content\"><span class=\"teaser-eyelet\">14 aprile 2026: quinto incontro<\/span><h1 class=\"teaser-title\"><a href=\"https:\/\/www.chiesadimilano.it\/pgfom\/giovani\/corso-online-vangeli-sinottici-identita-teologia-confronto-773914.html\" title=\"Corso online &#8220;Vangeli sinottici: identit\u00e0, teologia, confronto&#8221;\">Corso online &#8220;Vangeli sinottici: identit\u00e0, teologia, confronto&#8221;<\/a><\/h1>\n    <p class=\"teaser-summary\">Forma Ecclesia ha il piacere di proporre un nuovo corso online pensato per educatori, catechisti e per chi abbia desiderio di approfondire le sacre scritture da un punto di vista accademico: dieci incontri tra marzo e aprile...<\/p>\n    <\/div><\/article><\/div><div class=\"grid-col-6 PgFom-11\" ><article class=\"widget-teaser teaser with-eyelet\" role=\"article\" data-hint=\"teaser\"><a class=\"teaser-image\" href=\"https:\/\/www.chiesadimilano.it\/pgfom\/giovani\/il-gabbiano-ipotetico-pensare-ancora-il-cristianesimo-726845.html\" title=\"&#8220;Il Gabbiano ipotetico&#8221;: pensare ancora il cristianesimo\"><span class=\"occhiello has-image\" style=\"display:none;position:absolute;bottom:0;left:0;\">20 aprile 2026: sesto incontro<\/span> <img data-formato=\"\" alt=\"Il Gabbiano ipotetico 2025-2026 - Sito\" src=\"https:\/\/www.chiesadimilano.it\/pgfom\/files\/2025\/10\/Il-Gabbiano-ipotetico-2025-2026-Sito.jpg\"  width=\"800\" height=\"600\"  \/><\/a><div class=\"teaser-content\"><span class=\"teaser-eyelet\">20 aprile 2026: sesto incontro<\/span><h1 class=\"teaser-title\"><a href=\"https:\/\/www.chiesadimilano.it\/pgfom\/giovani\/il-gabbiano-ipotetico-pensare-ancora-il-cristianesimo-726845.html\" title=\"&#8220;Il Gabbiano ipotetico&#8221;: pensare ancora il cristianesimo\">&#8220;Il Gabbiano ipotetico&#8221;: pensare ancora il cristianesimo<\/a><\/h1>\n    <p class=\"teaser-summary\">\"Il Gabbiano ipotetico\" \u00e8 un percorso di teologia per giovani e giovani adulti (universitari e lavoratori) che cercano un luogo per continuare a coltivare un pensiero sulla fede: quest\u2019anno il percorso \u00e8 dedicato alla Parola di Dio...<\/p>\n    <\/div><\/article><\/div><\/div><div class=\"grid site-section \" ><div class=\"grid-col-12 PgFom-10\" ><article class=\"widget-teaser teaser with-eyelet\" role=\"article\" data-hint=\"teaser\"><a class=\"teaser-image\" href=\"https:\/\/www.chiesadimilano.it\/pgfom\/giovani\/giovani-sulla-via-della-bellezza-annunciano-il-vangelo-attraverso-larte-67763.html\" title=\"Giovani sulla via della Bellezza annunciano il Vangelo attraverso l&#8217;arte\"><span class=\"occhiello has-image\" style=\"display:none;position:absolute;bottom:0;left:0;\">Gennaio-marzo 2026<\/span> <img data-formato=\"\" alt=\"Nuovo logo - La via della Bellezza - Sito\" src=\"https:\/\/www.chiesadimilano.it\/pgfom\/files\/2025\/01\/Nuovo-logo-La-via-della-Bellezza-Sito.jpg\"  width=\"800\" height=\"600\"  \/><\/a><div class=\"teaser-content\"><span class=\"teaser-eyelet\">Gennaio-marzo 2026<\/span><h1 class=\"teaser-title\"><a href=\"https:\/\/www.chiesadimilano.it\/pgfom\/giovani\/giovani-sulla-via-della-bellezza-annunciano-il-vangelo-attraverso-larte-67763.html\" title=\"Giovani sulla via della Bellezza annunciano il Vangelo attraverso l&#8217;arte\">Giovani sulla via della Bellezza annunciano il Vangelo attraverso l&#8217;arte<\/a><\/h1>\n    <p class=\"teaser-summary\">Giovani appositamente formati annunciano la Bellezza del Vangelo introducendo i visitatori ad ammirare e contemplare le meraviglie artistiche presenti in alcune chiese di Milano: se vuoi partecipare ad un \u201cAnnuncio di Bell...<\/p>\n    <\/div><\/article><article class=\"widget-teaser teaser with-eyelet\" role=\"article\" data-hint=\"teaser\"><a class=\"teaser-image\" href=\"https:\/\/www.chiesadimilano.it\/pgfom\/giovani\/s-maria-segreta-in-milano-la-chiesa-di-carlo-acutis-577370.html\" title=\"S. Maria Segreta in Milano: la chiesa di Carlo Acutis\"><span class=\"occhiello has-image\" style=\"display:none;position:absolute;bottom:0;left:0;\">Arte e fede<\/span> <img data-formato=\"\" alt=\"Chiesa di Santa Maria Segreta - Milano - Sito\" src=\"https:\/\/www.chiesadimilano.it\/pgfom\/files\/2025\/01\/Chiesa-di-Santa-Maria-Segreta-Milano-Sito.jpg\"  width=\"800\" height=\"600\"  \/><\/a><div class=\"teaser-content\"><span class=\"teaser-eyelet\">Arte e fede<\/span><h1 class=\"teaser-title\"><a href=\"https:\/\/www.chiesadimilano.it\/pgfom\/giovani\/s-maria-segreta-in-milano-la-chiesa-di-carlo-acutis-577370.html\" title=\"S. Maria Segreta in Milano: la chiesa di Carlo Acutis\">S. Maria Segreta in Milano: la chiesa di Carlo Acutis<\/a><\/h1>\n    <p class=\"teaser-summary\">I giovani volontari de \"La via della Bellezza\" sono disponibili ad accompagnare giovani e adulti ad ammirare la chiesa di Santa Maria Segreta in Milano e la Pala de \"L'incoronazione della Vergine\" del Befulco ivi presente. \u00c8 inoltre possibile perc...<\/p>\n    <\/div><\/article><\/div><\/div><div class=\"grid site-section \" ><div class=\"grid-col-6 teaser-special PgFom-8\" ><article class=\"widget-teaser teaser with-eyelet\" role=\"article\" data-hint=\"teaser\"><a class=\"teaser-image\" href=\"https:\/\/www.chiesadimilano.it\/pgfom\/giovani\/speciale-pier-giorgio-frassati-683809.html\" title=\"Speciale Pier Giorgio Frassati\"><span class=\"occhiello has-image\" style=\"display:none;position:absolute;bottom:0;left:0;\">Giovani<\/span> <img data-formato=\"\" alt=\"Pier Giorgio Frassati - Sito 2\" src=\"https:\/\/www.chiesadimilano.it\/pgfom\/files\/2025\/07\/Pier-Giorgio-Frassati-Sito-2.jpg\"  width=\"800\" height=\"600\"  \/><\/a><div class=\"teaser-content\"><span class=\"teaser-eyelet\">Giovani<\/span><h1 class=\"teaser-title\"><a href=\"https:\/\/www.chiesadimilano.it\/pgfom\/giovani\/speciale-pier-giorgio-frassati-683809.html\" title=\"Speciale Pier Giorgio Frassati\">Speciale Pier Giorgio Frassati<\/a><\/h1>\n    <p class=\"teaser-summary\">Alcune opportunit\u00e0 per (ri)scoprire la figura e la santit\u00e0 di Pier Giorgio Frassati, che domenica 7 settembre 2025 \u00e8 stato canonizzato da Papa Leone XIV insieme a Carlo Acutis<\/p>\n    <\/div><\/article><\/div><div class=\"grid-col-6 PgFom-9\" ><article class=\"widget-teaser teaser with-eyelet\" role=\"article\" data-hint=\"teaser\"><a class=\"teaser-image\" href=\"https:\/\/www.chiesadimilano.it\/pgfom\/giovani\/gruppo-shekinah-2921.html\" title=\"Gruppo Shekinah\"><span class=\"occhiello has-image\" style=\"display:none;position:absolute;bottom:0;left:0;\">Giovani<\/span> <img data-formato=\"\" alt=\"GMG 2023 - Shekinah Gemellaggio con la Diocesi di Porto\" src=\"https:\/\/www.chiesadimilano.it\/pgfom\/files\/2023\/08\/GMG-2023-Shekinah-Gemellaggio-con-la-Diocesi-di-Porto.jpg\"  width=\"800\" height=\"600\"  \/><\/a><div class=\"teaser-content\"><span class=\"teaser-eyelet\">Giovani<\/span><h1 class=\"teaser-title\"><a href=\"https:\/\/www.chiesadimilano.it\/pgfom\/giovani\/gruppo-shekinah-2921.html\" title=\"Gruppo Shekinah\">Gruppo Shekinah<\/a><\/h1>\n    <p class=\"teaser-summary\">Il \"Gruppo Shekinah\" si propone ai giovani che desiderano condividere la passione per il canto e la musica, la recitazione e la danza ed altre forme di comunicazione ma nello stesso tempo vogliono approfondire la propria esperienza di fede nell\u2019ascolto della Parola di Dio e nella rela...<\/p>\n    <\/div><\/article><article class=\"widget-teaser teaser with-eyelet\" role=\"article\" data-hint=\"teaser\"><a class=\"teaser-image\" href=\"https:\/\/www.chiesadimilano.it\/pgfom\/giovani\/san-pier-giorgio-frassati-semplicemente-un-giovane-cristiano-mostra-itinerante-682871.html\" title=\"\u00abSan Pier Giorgio Frassati. &#8220;Semplicemente&#8221; un giovane cristiano\u00bb: mostra itinerante\"><span class=\"occhiello has-image\" style=\"display:none;position:absolute;bottom:0;left:0;\">Giovani<\/span> <img data-formato=\"\" alt=\"Mostra itinerante su Frassati 2025-2026 - Sito\" src=\"https:\/\/www.chiesadimilano.it\/pgfom\/files\/2025\/07\/Mostra-itinerante-su-Frassati-2025-2026-Sito-scaled.jpg\"  width=\"2560\" height=\"1920\"  \/><\/a><div class=\"teaser-content\"><span class=\"teaser-eyelet\">Giovani<\/span><h1 class=\"teaser-title\"><a href=\"https:\/\/www.chiesadimilano.it\/pgfom\/giovani\/san-pier-giorgio-frassati-semplicemente-un-giovane-cristiano-mostra-itinerante-682871.html\" title=\"\u00abSan Pier Giorgio Frassati. &#8220;Semplicemente&#8221; un giovane cristiano\u00bb: mostra itinerante\">\u00abSan Pier Giorgio Frassati. &#8220;Semplicemente&#8221; un giovane cristiano\u00bb: mostra itinerante<\/a><\/h1>\n    <p class=\"teaser-summary\">\u00c8 possibile richiedere in prestito la mostra itinerante su Pier Giorgio Frassati ideata e realizzata dal Servizio per i Giovani e l'Universit\u00e0: il desiderio \u00e8 quello di favorire la (ri)scoperta della su...<\/p>\n    <\/div><\/article><article class=\"widget-teaser teaser with-eyelet\" role=\"article\" data-hint=\"teaser\"><a class=\"teaser-image\" href=\"https:\/\/www.chiesadimilano.it\/pgfom\/giovani\/vocazione-pensieri-riflessioni-e-letture-in-memoria-di-pier-giorgio-frassati-monologo-teatrale-di-e-con-christian-di-domenico-668530.html\" title=\"&#8220;VOCAZIONE. Pensieri, riflessioni e letture in memoria di Pier Giorgio Frassati&#8221;: monologo teatrale di e con Christian Di Domenico\"><span class=\"occhiello has-image\" style=\"display:none;position:absolute;bottom:0;left:0;\">Giovani<\/span> <img data-formato=\"\" alt=\"VOCAZIONE - Sito\" src=\"https:\/\/www.chiesadimilano.it\/pgfom\/files\/2025\/08\/VOCAZIONE-Sito.jpg\"  width=\"800\" height=\"600\"  \/><\/a><div class=\"teaser-content\"><span class=\"teaser-eyelet\">Giovani<\/span><h1 class=\"teaser-title\"><a href=\"https:\/\/www.chiesadimilano.it\/pgfom\/giovani\/vocazione-pensieri-riflessioni-e-letture-in-memoria-di-pier-giorgio-frassati-monologo-teatrale-di-e-con-christian-di-domenico-668530.html\" title=\"&#8220;VOCAZIONE. Pensieri, riflessioni e letture in memoria di Pier Giorgio Frassati&#8221;: monologo teatrale di e con Christian Di Domenico\">&#8220;VOCAZIONE. Pensieri, riflessioni e letture in memoria di Pier Giorgio Frassati&#8221;: monologo teatrale di e con Christian Di Domenico<\/a><\/h1>\n    <p class=\"teaser-summary\">Chi fosse interessato a mettere in scena nella propria realt\u00e0 territoriale questo monologo teatrale sulla vita e la santit\u00e0 di Pier Giorgio Frassati pu\u00f2 conta...<\/p>\n    <\/div><\/article><\/div><\/div><\/div>","protected":false},"excerpt":{"rendered":"<p>Giovani Giovani&#8220;C&#8217;\u00e8 una citt\u00e0 da vivere!&#8221;: partecipazione\/bene comune e pace Alcuni giovani appassionati ai temi sociali e alla politica sono disponibili per un intervento e confronto, in tempi e luoghi da concordare, su partecipazione\/bene comune oppure sulla pace. Ti invitiamo ad organizzare u&#8230; Dall&#8217;11 al 26 aprile a Brescia Dall&#8217;11 al 26 aprile a Brescia&#8220;Mossi [&hellip;]<\/p>\n","protected":false},"author":0,"featured_media":0,"parent":0,"menu_order":0,"comment_status":"closed","ping_status":"closed","template":"nosidebar.php","meta":{"ip_address":"","user_agent":"","level":"","revision":"","cookie_id":"","page_referer":"","html_form":""},"acf":[],"_links":{"self":[{"href":"https:\/\/www.chiesadimilano.it\/pgfom\/wp-json\/wp\/v2\/pages\/8424"}],"collection":[{"href":"https:\/\/www.chiesadimilano.it\/pgfom\/wp-json\/wp\/v2\/pages"}],"about":[{"href":"https:\/\/www.chiesadimilano.it\/pgfom\/wp-json\/wp\/v2\/types\/page"}],"author":[{"embeddable":true,"href":"https:\/\/www.chiesadimilano.it\/pgfom\/wp-json\/wp\/v2\/users\/1"}],"replies":[{"embeddable":true,"href":"https:\/\/www.chiesadimilano.it\/pgfom\/wp-json\/wp\/v2\/comments?post=8424"}],"version-history":[{"count":30,"href":"https:\/\/www.chiesadimilano.it\/pgfom\/wp-json\/wp\/v2\/pages\/8424\/revisions"}],"predecessor-version":[{"id":782139,"href":"https:\/\/www.chiesadimilano.it\/pgfom\/wp-json\/wp\/v2\/pages\/8424\/revisions\/782139"}],"wp:attachment":[{"href":"https:\/\/www.chiesadimilano.it\/pgfom\/wp-json\/wp\/v2\/media?parent=8424"}],"curies":[{"name":"wp","href":"https:\/\/api.w.org\/{rel}","templated":true}]}}