{"id":8412,"date":"2017-04-19T19:01:29","date_gmt":"2017-04-19T17:01:29","guid":{"rendered":"http:\/\/production-cdm.glauco.it\/pgfom\/?page_id=8412"},"modified":"2023-09-06T10:01:34","modified_gmt":"2023-09-06T08:01:34","slug":"collaborazioni-e-link","status":"publish","type":"page","link":"https:\/\/www.chiesadimilano.it\/pgfom\/collaborazioni-e-link","title":{"rendered":"Collaborazioni e link"},"content":{"rendered":"<div><div class=\"grid site-section \" ><div class=\"grid-col-8 Apertura-2\" ><article class=\"widget-teaser teaser with-eyelet\" role=\"article\" data-hint=\"teaser\"><a class=\"teaser-image\" href=\"http:\/\/azionecattolicamilano.it\/\" title=\"Azione Cattolica Ambrosiana\"><span class=\"occhiello has-image\" style=\"display:none;position:absolute;bottom:0;left:0;\">Sito dedicato<\/span> <img data-formato=\"\" alt=\"Giovani-gruppo-4\" src=\"https:\/\/www.chiesadimilano.it\/pgfom\/files\/2017\/04\/Giovani-gruppo-4.jpg\"  width=\"800\" height=\"600\"  \/><\/a><div class=\"teaser-content\"><span class=\"teaser-eyelet\">Sito dedicato<\/span><h1 class=\"teaser-title\"><a href=\"http:\/\/azionecattolicamilano.it\/\" title=\"Azione Cattolica Ambrosiana\">Azione Cattolica Ambrosiana<\/a><\/h1>\n    <p class=\"teaser-summary\">L'Azione Cattolica Ambrosiana \u00e8 un\u2019associazione di laici cristiani impegnati a vivere la vita di ogni giorno alla luce dell\u2019esperienza di fede e della chiamata alla santit\u00e0: propone iniziative e percorsi di formazione rivolti a tutti gli archi d\u2019et\u00e0, dai bambini e i ragazz...<\/p>\n    <\/div><\/article><\/div><div class=\"grid-col-4 Apertura_due-1\" >\n<article class=\"teaser\" role=\"article\">\n    <a class=\"teaser-image\" href=\"http:\/\/www.caritasambrosiana.it\/\" title=\"Caritas ambrosiana\">\n      <img src=\"https:\/\/www.chiesadimilano.it\/pgfom\/files\/2022\/06\/Carita-solidarieta.jpg\"    \/>\n    <\/a><div class=\"teaser-content\">\n    <h1 class=\"banner-title\"><a href=\"http:\/\/www.caritasambrosiana.it\/\" title=\"Caritas ambrosiana\">Caritas ambrosiana<\/a><\/h1>\n    <p class=\"banner-summary\">Caritas Ambrosiana \u00e8 l\u2019organismo pastorale istituito dall\u2019Arcivescovo al fine di promuovere la testimonianza della carit\u00e0 della comunit\u00e0 ecclesiale diocesana e delle comunit\u00e0 minori, specie parrocchiali.<em><br \/><br \/><br \/><\/em><\/p>\n    <\/div>\n<\/article>\n    <\/div><\/div><div class=\"grid site-section \" ><div class=\"grid-col-6 PgFom-11\" >\n        <article class=\"teaser\" role=\"article\">\n            <a class=\"teaser-image\" href=\"https:\/\/www.chiesadimilano.it\/pgfom\/giovani\/servizio-giovani\/proposte-vocazionali\/seminario-arcivescovile-di-milano-percorsi-vocazionali-12837.html\" title=\"Seminario Arcivescovile di Milano: percorsi vocazionali\">\n              <img alt=\"Seminario Arcivescovile - Percorsi vocazionali 2025-2026\" src=\"https:\/\/www.chiesadimilano.it\/pgfom\/files\/2025\/07\/Seminario-Arcivescovile-Percorsi-vocazionali-2025-2026-800x551.jpg\"  width=\"800\" height=\"551\"  \/>\n            <\/a><div class=\"teaser-content\">\n        \t<span class=\"teaser-eyelet\">Anno Pastorale 2025-2026<\/span>\n            <h1 class=\"teaser-title\"><a href=\"https:\/\/www.chiesadimilano.it\/pgfom\/giovani\/servizio-giovani\/proposte-vocazionali\/seminario-arcivescovile-di-milano-percorsi-vocazionali-12837.html\" title=\"Seminario Arcivescovile di Milano: percorsi vocazionali\">Seminario Arcivescovile di Milano: percorsi vocazionali<\/a><\/h1>\n            <p class=\"teaser-summary\">Presentiamo gli itinerari di proposta, di accompagnamento vocazionale e formativi che la comunit\u00e0 del Seminario Arcivescovile offre ai preadolescenti, agli adolescenti e ai giovani della Diocesi<\/p>\n            <\/div>\n        <\/article>\n            <\/div><div class=\"grid-col-6 PgFom-11\" >\n<article class=\"teaser\" role=\"article\">\n    <a class=\"teaser-image\" href=\"http:\/\/www.chiesadimilano.it\/servizioperlacatechesi\/\" title=\"Servizio per la Catechesi\">\n      <img src=\"https:\/\/www.chiesadimilano.it\/pgfom\/files\/2021\/07\/Preghiera-Calice-e-Messale.jpg\"    \/>\n    <\/a><div class=\"teaser-content\">\n    <h1 class=\"banner-title\"><a href=\"http:\/\/www.chiesadimilano.it\/servizioperlacatechesi\/\" title=\"Servizio per la Catechesi\">Servizio per la Catechesi<\/a><\/h1>\n    <p class=\"banner-summary\">Il <em>Servizio per la Catechesi<\/em> \u00e8 lo strumento di cui la Diocesi si avvale per la promozione e il sostegno delle iniziative che riguardano la catechesi del popolo cristiano, a partire dall\u2019inserimento nella vita cristiana<\/p>\n    <\/div>\n<\/article>\n    <\/div><\/div><div class=\"grid site-section \" ><div class=\"grid-col-12 PgFom-10\" >\n<article class=\"teaser\" role=\"article\">\n    <a class=\"teaser-image\" href=\"http:\/\/www.chiesadimilano.it\/servizioperilcatecumenato\/\" title=\"Servizio per la Catechesi - Sezione Catecumenato\">\n      <img src=\"https:\/\/www.chiesadimilano.it\/pgfom\/files\/2020\/05\/Traditio-Symboli-2020-Catecumeni-2.jpg\"    \/>\n    <\/a><div class=\"teaser-content\">\n    <h1 class=\"banner-title\"><a href=\"http:\/\/www.chiesadimilano.it\/servizioperilcatecumenato\/\" title=\"Servizio per la Catechesi - Sezione Catecumenato\">Servizio per la Catechesi - Sezione Catecumenato<\/a><\/h1>\n    <p class=\"banner-summary\"><\/p>\n    <\/div>\n<\/article>\n    \n<article class=\"teaser\" role=\"article\">\n    <a class=\"teaser-image\" href=\"http:\/\/www.chiesadimilano.it\/servizioperlafamiglia\/\" title=\"Servizio per la Famiglia\">\n      <img src=\"https:\/\/www.chiesadimilano.it\/pgfom\/files\/2022\/02\/Fidanzati-Videomessaggio-Arcivescovo-2022-1.jpg\"    \/>\n    <\/a><div class=\"teaser-content\">\n    <h1 class=\"banner-title\"><a href=\"http:\/\/www.chiesadimilano.it\/servizioperlafamiglia\/\" title=\"Servizio per la Famiglia\">Servizio per la Famiglia<\/a><\/h1>\n    <p class=\"banner-summary\"><\/p>\n    <\/div>\n<\/article>\n    \n<article class=\"teaser\" role=\"article\">\n    <a class=\"teaser-image\" href=\"http:\/\/www.chiesadimilano.it\/servizioperlinsegnamentodellareligionecattolica\/\" title=\"Servizio per l&#039;Insegnamento della religione cattolica\">\n      <img src=\"https:\/\/www.chiesadimilano.it\/pgfom\/files\/2017\/06\/Giovani-studenti-1.jpg\"    \/>\n    <\/a><div class=\"teaser-content\">\n    <h1 class=\"banner-title\"><a href=\"http:\/\/www.chiesadimilano.it\/servizioperlinsegnamentodellareligionecattolica\/\" title=\"Servizio per l&#039;Insegnamento della religione cattolica\">Servizio per l&#039;Insegnamento della religione cattolica<\/a><\/h1>\n    <p class=\"banner-summary\"><\/p>\n    <\/div>\n<\/article>\n    \n<article class=\"teaser\" role=\"article\">\n    <a class=\"teaser-image\" href=\"http:\/\/www.chiesadimilano.it\/servizioperlapastoralescolastica\/\" title=\"Servizio per la Pastorale scolastica\">\n      <img src=\"https:\/\/www.chiesadimilano.it\/pgfom\/files\/2017\/06\/Giovani-studenti.jpg\"    \/>\n    <\/a><div class=\"teaser-content\">\n    <h1 class=\"banner-title\"><a href=\"http:\/\/www.chiesadimilano.it\/servizioperlapastoralescolastica\/\" title=\"Servizio per la Pastorale scolastica\">Servizio per la Pastorale scolastica<\/a><\/h1>\n    <p class=\"banner-summary\"><\/p>\n    <\/div>\n<\/article>\n    \n<article class=\"teaser\" role=\"article\">\n    <a class=\"teaser-image\" href=\"http:\/\/www.chiesadimilano.it\/servizioperlapastoralesocialeedellavoro\/\" title=\"Servizio per la Pastorale sociale e il lavoro\">\n      <img src=\"https:\/\/www.chiesadimilano.it\/pgfom\/files\/2017\/06\/Giovani-gruppo-1.jpg\"    \/>\n    <\/a><div class=\"teaser-content\">\n    <h1 class=\"banner-title\"><a href=\"http:\/\/www.chiesadimilano.it\/servizioperlapastoralesocialeedellavoro\/\" title=\"Servizio per la Pastorale sociale e il lavoro\">Servizio per la Pastorale sociale e il lavoro<\/a><\/h1>\n    <p class=\"banner-summary\"><\/p>\n    <\/div>\n<\/article>\n    \n<article class=\"teaser\" role=\"article\">\n    <a class=\"teaser-image\" href=\"http:\/\/www.chiesadimilano.it\/ufficioperlapastoraledeimigranti\/\" title=\"Ufficio per la Pastorale dei migranti\">\n      <img src=\"https:\/\/www.chiesadimilano.it\/pgfom\/files\/2017\/06\/Migranti.jpg\"    \/>\n    <\/a><div class=\"teaser-content\">\n    <h1 class=\"banner-title\"><a href=\"http:\/\/www.chiesadimilano.it\/ufficioperlapastoraledeimigranti\/\" title=\"Ufficio per la Pastorale dei migranti\">Ufficio per la Pastorale dei migranti<\/a><\/h1>\n    <p class=\"banner-summary\"><\/p>\n    <\/div>\n<\/article>\n    <\/div><\/div><div class=\"grid site-section \" ><div class=\"grid-col-6 teaser-special PgFom-8\" >\n<article class=\"teaser\" role=\"article\">\n    <a class=\"teaser-image\" href=\"http:\/\/www.chiesadimilano.it\/ufficioperlapastoralemissionaria\/\" title=\"Ufficio per la Pastorale missionaria\">\n      <img src=\"https:\/\/www.chiesadimilano.it\/pgfom\/files\/2017\/06\/Giovani-gruppo-15.jpg\"    \/>\n    <\/a><div class=\"teaser-content\">\n    <h1 class=\"banner-title\"><a href=\"http:\/\/www.chiesadimilano.it\/ufficioperlapastoralemissionaria\/\" title=\"Ufficio per la Pastorale missionaria\">Ufficio per la Pastorale missionaria<\/a><\/h1>\n    <p class=\"banner-summary\"><\/p>\n    <\/div>\n<\/article>\n    <\/div><div class=\"grid-col-6 PgFom-9\" ><\/div><\/div><\/div>","protected":false},"excerpt":{"rendered":"<p>Sito dedicato Sito dedicatoAzione Cattolica Ambrosiana L&#8217;Azione Cattolica Ambrosiana \u00e8 un\u2019associazione di laici cristiani impegnati a vivere la vita di ogni giorno alla luce dell\u2019esperienza di fede e della chiamata alla santit\u00e0: propone iniziative e percorsi di formazione rivolti a tutti gli archi d\u2019et\u00e0, dai bambini e i ragazz&#8230; Caritas ambrosiana Caritas Ambrosiana \u00e8 l\u2019organismo [&hellip;]<\/p>\n","protected":false},"author":0,"featured_media":0,"parent":0,"menu_order":0,"comment_status":"closed","ping_status":"closed","template":"","meta":{"ip_address":"","user_agent":"","level":"","revision":"","cookie_id":"","page_referer":"","html_form":""},"acf":[],"_links":{"self":[{"href":"https:\/\/www.chiesadimilano.it\/pgfom\/wp-json\/wp\/v2\/pages\/8412"}],"collection":[{"href":"https:\/\/www.chiesadimilano.it\/pgfom\/wp-json\/wp\/v2\/pages"}],"about":[{"href":"https:\/\/www.chiesadimilano.it\/pgfom\/wp-json\/wp\/v2\/types\/page"}],"author":[{"embeddable":true,"href":"https:\/\/www.chiesadimilano.it\/pgfom\/wp-json\/wp\/v2\/users\/1"}],"replies":[{"embeddable":true,"href":"https:\/\/www.chiesadimilano.it\/pgfom\/wp-json\/wp\/v2\/comments?post=8412"}],"version-history":[{"count":16,"href":"https:\/\/www.chiesadimilano.it\/pgfom\/wp-json\/wp\/v2\/pages\/8412\/revisions"}],"predecessor-version":[{"id":41762,"href":"https:\/\/www.chiesadimilano.it\/pgfom\/wp-json\/wp\/v2\/pages\/8412\/revisions\/41762"}],"wp:attachment":[{"href":"https:\/\/www.chiesadimilano.it\/pgfom\/wp-json\/wp\/v2\/media?parent=8412"}],"curies":[{"name":"wp","href":"https:\/\/api.w.org\/{rel}","templated":true}]}}