{"id":8398,"date":"2017-04-19T18:51:45","date_gmt":"2017-04-19T16:51:45","guid":{"rendered":"http:\/\/production-cdm.glauco.it\/pgfom\/?page_id=8398"},"modified":"2025-08-06T10:41:37","modified_gmt":"2025-08-06T08:41:37","slug":"anno-pastorale","status":"publish","type":"page","link":"https:\/\/www.chiesadimilano.it\/pgfom\/anno-pastorale","title":{"rendered":"Anno pastorale"},"content":{"rendered":"<div><div class=\"grid site-section \" ><div class=\"grid-col-8 Apertura-2\" ><article class=\"widget-teaser teaser with-eyelet\" role=\"article\" data-hint=\"teaser\"><a class=\"teaser-image\" href=\"https:\/\/www.chiesadimilano.it\/pgfom\/oratorio-e-ragazzi\/fatti-avanti-oratorio-2025-2026-2-686787.html\" title=\"L&#8217;oratorio 2025-2026 \u00e8 FATTI AVANTI\"><span class=\"occhiello has-image\" style=\"display:none;position:absolute;bottom:0;left:0;\">ANNO ORATORIANO 2025-2026<\/span> <img data-formato=\"\" alt=\"logo-fatti-avanti-sito\" src=\"https:\/\/www.chiesadimilano.it\/pgfom\/files\/2025\/07\/logo-fatti-avanti-sito.png\"  width=\"980\" height=\"551\"  \/><\/a><div class=\"teaser-content\"><span class=\"teaser-eyelet\">ANNO ORATORIANO 2025-2026<\/span><h1 class=\"teaser-title\"><a href=\"https:\/\/www.chiesadimilano.it\/pgfom\/oratorio-e-ragazzi\/fatti-avanti-oratorio-2025-2026-2-686787.html\" title=\"L&#8217;oratorio 2025-2026 \u00e8 FATTI AVANTI\">L&#8217;oratorio 2025-2026 \u00e8 FATTI AVANTI<\/a><\/h1>\n    <p class=\"teaser-summary\">FATTI AVANTI \u00e8 la proposta dell\u2019anno oratoriano 2025-2026: frutto del cambiamento che stiamo vivendo in questo anno del Giubileo, \u00e8 un invito a lasciarsi spingere dallo Spirito per rispondere con libert\u00e0 e coraggio alla chiamata del Vangelo. Dopo aver incont...<\/p>\n    <\/div><\/article><\/div><div class=\"grid-col-4 Apertura_due-1\" ><article class=\"widget-teaser teaser with-eyelet\" role=\"article\" data-hint=\"teaser\"><a class=\"teaser-image\" href=\"https:\/\/www.chiesadimilano.it\/pgfom\/giovani\/tra-voi-pero-non-sia-cosi-giovani-a-scuola-di-fraternita-sullesempio-degli-apostoli-682806.html\" title=\"&#8220;Tra voi, per\u00f2, non sia cos\u00ec&#8221;: giovani a scuola di fraternit\u00e0 sull&#8217;esempio degli Apostoli\"><span class=\"occhiello has-image\" style=\"display:none;position:absolute;bottom:0;left:0;\">Anno pastorale 2025-2026 per i 18\/30enni<\/span> <img data-formato=\"\" alt=\"Servizio per i Giovani e l'Universit\u00e0 - Immagine anno pastorale 2025-2026\" src=\"https:\/\/www.chiesadimilano.it\/pgfom\/files\/2025\/09\/Servizio-per-i-Giovani-e-lUniversita-Immagine-anno-pastorale-2025-2026.jpg\"  width=\"874\" height=\"682\"  \/><\/a><div class=\"teaser-content\"><span class=\"teaser-eyelet\">Anno pastorale 2025-2026 per i 18\/30enni<\/span><h1 class=\"teaser-title\"><a href=\"https:\/\/www.chiesadimilano.it\/pgfom\/giovani\/tra-voi-pero-non-sia-cosi-giovani-a-scuola-di-fraternita-sullesempio-degli-apostoli-682806.html\" title=\"&#8220;Tra voi, per\u00f2, non sia cos\u00ec&#8221;: giovani a scuola di fraternit\u00e0 sull&#8217;esempio degli Apostoli\">&#8220;Tra voi, per\u00f2, non sia cos\u00ec&#8221;: giovani a scuola di fraternit\u00e0 sull&#8217;esempio degli Apostoli<\/a><\/h1>\n    <p class=\"teaser-summary\">Le proposte nell'anno pastorale 2025-2026 e la Parola degli Atti degli Apostoli aiuteranno i 18\/30enni, accompagnati dai loro educatori\/educatrici, ad approfondire cosa significa essere Chie...<\/p>\n    <\/div><\/article><\/div><\/div><div class=\"grid site-section \" ><div class=\"grid-col-4 PgFom-11\" >    <\/div><div class=\"grid-col-4 PgFom-11\" >    <\/div><div class=\"grid-col-4 PgFom-11\" >    <\/div><\/div><div class=\"grid site-section \" ><div class=\"grid-col-4 PgFom-11\" >    <\/div><div class=\"grid-col-4 PgFom-11\" >    <\/div><div class=\"grid-col-4 PgFom-11\" >    <\/div><\/div><div class=\"grid site-section \" ><div class=\"grid-col-4 PgFom-11\" >    <\/div><div class=\"grid-col-4 PgFom-11\" >    <\/div><div class=\"grid-col-4 PgFom-11\" >    <\/div><\/div><\/div>","protected":false},"excerpt":{"rendered":"<p>ANNO ORATORIANO 2025-2026 ANNO ORATORIANO 2025-2026L&#8217;oratorio 2025-2026 \u00e8 FATTI AVANTI FATTI AVANTI \u00e8 la proposta dell\u2019anno oratoriano 2025-2026: frutto del cambiamento che stiamo vivendo in questo anno del Giubileo, \u00e8 un invito a lasciarsi spingere dallo Spirito per rispondere con libert\u00e0 e coraggio alla chiamata del Vangelo. Dopo aver incont&#8230; Anno pastorale 2025-2026 per i [&hellip;]<\/p>\n","protected":false},"author":0,"featured_media":0,"parent":0,"menu_order":0,"comment_status":"closed","ping_status":"closed","template":"nosidebar.php","meta":{"ip_address":"","user_agent":"","level":"","revision":"","cookie_id":"","page_referer":"","html_form":""},"acf":[],"_links":{"self":[{"href":"https:\/\/www.chiesadimilano.it\/pgfom\/wp-json\/wp\/v2\/pages\/8398"}],"collection":[{"href":"https:\/\/www.chiesadimilano.it\/pgfom\/wp-json\/wp\/v2\/pages"}],"about":[{"href":"https:\/\/www.chiesadimilano.it\/pgfom\/wp-json\/wp\/v2\/types\/page"}],"author":[{"embeddable":true,"href":"https:\/\/www.chiesadimilano.it\/pgfom\/wp-json\/wp\/v2\/users\/1"}],"replies":[{"embeddable":true,"href":"https:\/\/www.chiesadimilano.it\/pgfom\/wp-json\/wp\/v2\/comments?post=8398"}],"version-history":[{"count":31,"href":"https:\/\/www.chiesadimilano.it\/pgfom\/wp-json\/wp\/v2\/pages\/8398\/revisions"}],"predecessor-version":[{"id":480260,"href":"https:\/\/www.chiesadimilano.it\/pgfom\/wp-json\/wp\/v2\/pages\/8398\/revisions\/480260"}],"wp:attachment":[{"href":"https:\/\/www.chiesadimilano.it\/pgfom\/wp-json\/wp\/v2\/media?parent=8398"}],"curies":[{"name":"wp","href":"https:\/\/api.w.org\/{rel}","templated":true}]}}