{"id":8389,"date":"2017-04-19T18:22:57","date_gmt":"2017-04-19T16:22:57","guid":{"rendered":"http:\/\/production-cdm.glauco.it\/pgfom\/?page_id=8389"},"modified":"2026-02-20T14:42:07","modified_gmt":"2026-02-20T13:42:07","slug":"preadolescenti","status":"publish","type":"page","link":"https:\/\/www.chiesadimilano.it\/pgfom\/preadolescenti","title":{"rendered":"Preadolescenti"},"content":{"rendered":"<div><div class=\"grid site-section \" ><div class=\"grid-col-8 Apertura-2\" >\n        <article class=\"teaser\" role=\"article\">\n            <a class=\"teaser-image\" href=\"https:\/\/www.chiesadimilano.it\/pgfom\/oratorio-e-ragazzi\/preadolescenti-carlo-testimone-incredibile-645809.html\" title=\"CARLO un testimone (in)credibile <BR>Il nuovo sussidio per accompagnare alla santit\u00e0 possibile\">\n              <img alt=\"Preadolescenti\" src=\"https:\/\/www.chiesadimilano.it\/pgfom\/files\/2025\/04\/Progetto-senza-titolo-35.png\"  width=\"800\" height=\"600\"  \/>\n            <\/a><div class=\"teaser-content\">\n        \t<span class=\"teaser-eyelet\">PREADOLESCENTI<\/span>\n            <h1 class=\"teaser-title\"><a href=\"https:\/\/www.chiesadimilano.it\/pgfom\/oratorio-e-ragazzi\/preadolescenti-carlo-testimone-incredibile-645809.html\" title=\"CARLO un testimone (in)credibile <BR>Il nuovo sussidio per accompagnare alla santit\u00e0 possibile\">CARLO un testimone (in)credibile <BR>Il nuovo sussidio per accompagnare alla santit\u00e0 possibile<\/a><\/h1>\n            <p class=\"teaser-summary\">Diamo consistenza al rapporto che i gruppi dei preadolescenti delle nostre comunit\u00e0 possono avere con l'esempio di santit\u00e0 di Carlo Acutis con un percorso strutturato che rientra nell'ambito della p...<\/p>\n            <\/div>\n        <\/article>\n            \n        <article class=\"teaser\" role=\"article\">\n            <a class=\"teaser-image\" href=\"https:\/\/www.chiesadimilano.it\/pgfom\/oratorio-e-ragazzi\/servizio-ragazzi\/preadolescenti\/le-linee-guida-della-pastorale-preadolescenti-ora-andiamo-54087.html\" title=\"Le linee guida della pastorale preadolescenti: Ora andiamo!\">\n              <img alt=\"Preadolescenti\" src=\"https:\/\/www.chiesadimilano.it\/pgfom\/files\/2020\/05\/linee_preado_web.jpg\"  width=\"1200\" height=\"900\"  \/>\n            <\/a><div class=\"teaser-content\">\n        \t<span class=\"teaser-eyelet\">PASTORALE DEI PREADOLESCENTI<\/span>\n            <h1 class=\"teaser-title\"><a href=\"https:\/\/www.chiesadimilano.it\/pgfom\/oratorio-e-ragazzi\/servizio-ragazzi\/preadolescenti\/le-linee-guida-della-pastorale-preadolescenti-ora-andiamo-54087.html\" title=\"Le linee guida della pastorale preadolescenti: Ora andiamo!\">Le linee guida della pastorale preadolescenti: Ora andiamo!<\/a><\/h1>\n            <p class=\"teaser-summary\">Abbiamo ripensato complessivamente la pastorale dei preadolescenti, chiedendo alle comunit\u00e0 educanti di confermare uno stile educativo che tenga conto della crescita anche un po' disarmanica dei prea...<\/p>\n            <\/div>\n        <\/article>\n            <\/div><div class=\"grid-col-4 Apertura_due-1\" >\n        <article class=\"teaser\" role=\"article\">\n            <a class=\"teaser-image\" href=\"https:\/\/www.chiesadimilano.it\/pgfom\/oratorio-e-ragazzi\/servizio-ragazzi\/preadolescenti\/iscrizioni-pellegrinaggi-preado-2026-768827.html\" title=\"Pellegrinaggi Preado a Roma e Assisi &#8211; Iscrizioni aperte\">\n              <img alt=\"Preadolescenti\" src=\"https:\/\/www.chiesadimilano.it\/pgfom\/files\/2024\/01\/pellegronaggi-afcebook-copia.jpg\"  width=\"1280\" height=\"960\"  \/>\n            <\/a><div class=\"teaser-content\">\n        \t<span class=\"teaser-eyelet\">DAL 20 FEBBRAIO 2026<\/span>\n            <h1 class=\"teaser-title\"><a href=\"https:\/\/www.chiesadimilano.it\/pgfom\/oratorio-e-ragazzi\/servizio-ragazzi\/preadolescenti\/iscrizioni-pellegrinaggi-preado-2026-768827.html\" title=\"Pellegrinaggi Preado a Roma e Assisi &#8211; Iscrizioni aperte\">Pellegrinaggi Preado a Roma e Assisi &#8211; Iscrizioni aperte<\/a><\/h1>\n            <p class=\"teaser-summary\">Abbiamo aperto le iscrizioni per i gruppi preadolescenti per Roma e Assisi 2026. Dopo il Giubileo, torniamo a vivere i nostri pellegrinaggi diocesani come momenti chiave per vivere insieme un'esperien...<\/p>\n            <\/div>\n        <\/article>\n            \n        <article class=\"teaser\" role=\"article\">\n            <a class=\"teaser-image\" href=\"https:\/\/www.chiesadimilano.it\/pgfom\/oratorio-e-ragazzi\/arcivescovo-carlo-acutis-lampada-oratori-238884.html\" title=\"L&#8217;Arcivescovo affida i ragazzi di Milano a Carlo Acutis\">\n              <img alt=\"Preadolescenti\" src=\"https:\/\/www.chiesadimilano.it\/pgfom\/files\/2023\/09\/IMG_0208-980x551.jpeg\"  width=\"900\" height=\"506\"  \/>\n            <\/a><div class=\"teaser-content\">\n        \t<span class=\"teaser-eyelet\">CARLO ACUTIS<\/span>\n            <h1 class=\"teaser-title\"><a href=\"https:\/\/www.chiesadimilano.it\/pgfom\/oratorio-e-ragazzi\/arcivescovo-carlo-acutis-lampada-oratori-238884.html\" title=\"L&#8217;Arcivescovo affida i ragazzi di Milano a Carlo Acutis\">L&#8217;Arcivescovo affida i ragazzi di Milano a Carlo Acutis<\/a><\/h1>\n            <p class=\"teaser-summary\">\u00c8 stata questa la prima volta ufficiale in cui l'Arcivescovo di Milano si \u00e8 ritrovato in preghiera davanti alla tomba di Carlo Acutis, dopo la sua beatificazione e l'accensione della Lampada degli o...<\/p>\n            <\/div>\n        <\/article>\n            <\/div><\/div><div class=\"grid site-section \" ><div class=\"grid-col-6 PgFom-11\" >\n        <article class=\"teaser\" role=\"article\">\n            <a class=\"teaser-image\" href=\"https:\/\/www.chiesadimilano.it\/pgfom\/oratorio-e-ragazzi\/santi-con-carlo-2024-2025-2-481335.html\" title=\"Santi con Carlo <BR>Oratori in cammino verso la canonizzazione\">\n              <img alt=\"Preadolescenti\" src=\"https:\/\/www.chiesadimilano.it\/pgfom\/files\/2024\/07\/SANTI-CON-CARLO-FACE-BOOK-copia-980x551.jpg\"  width=\"900\" height=\"506\"  \/>\n            <\/a><div class=\"teaser-content\">\n        \t<span class=\"teaser-eyelet\">CARLO ACUTIS<\/span>\n            <h1 class=\"teaser-title\"><a href=\"https:\/\/www.chiesadimilano.it\/pgfom\/oratorio-e-ragazzi\/santi-con-carlo-2024-2025-2-481335.html\" title=\"Santi con Carlo <BR>Oratori in cammino verso la canonizzazione\">Santi con Carlo <BR>Oratori in cammino verso la canonizzazione<\/a><\/h1>\n            <p class=\"teaser-summary\">I ragazzi della Diocesi di Milano, soprattutto i preadolescenti e gli adolescenti, sono invitati a vivere il Giubileo 2025 nel segno di Carlo Acutis, come figura esemplare di una vita credente, vissut...<\/p>\n            <\/div>\n        <\/article>\n            \n        <article class=\"teaser\" role=\"article\">\n            <a class=\"teaser-image\" href=\"https:\/\/www.chiesadimilano.it\/pgfom\/giovani\/servizio-giovani\/pubblicazioni-documenti\/pub-preadolescenti\/destinazione-dio-3067.html\" title=\"\u00abDestinazione Dio\u00bb\">\n              <img alt=\"1.117181\" src=\"https:\/\/www.chiesadimilano.it\/pgfom\/files\/2017\/05\/1.117181-536x551.jpg\"  width=\"536\" height=\"551\"  \/>\n            <\/a><div class=\"teaser-content\">\n        \t<span class=\"teaser-eyelet\">ITINERARIO PREADO - PERCORSO AGIOGRAFICO\/1<\/span>\n            <h1 class=\"teaser-title\"><a href=\"https:\/\/www.chiesadimilano.it\/pgfom\/giovani\/servizio-giovani\/pubblicazioni-documenti\/pub-preadolescenti\/destinazione-dio-3067.html\" title=\"\u00abDestinazione Dio\u00bb\">\u00abDestinazione Dio\u00bb<\/a><\/h1>\n            <p class=\"teaser-summary\">Offriamo un nuovo sussidio a supporto dell'Itinerario diocesano per i preadolescenti \u00abPerch\u00e9 porti molto frutto\u00bb. Si tratta del percorso agiografico che presenta ai ragazzi la figura di san Domenic...<\/p>\n            <\/div>\n        <\/article>\n            <\/div><div class=\"grid-col-6 PgFom-11\" >\n        <article class=\"teaser\" role=\"article\">\n            <a class=\"teaser-image\" href=\"https:\/\/www.chiesadimilano.it\/pgfom\/oratorio-e-ragazzi\/servizio-ragazzi\/preadolescenti\/lampada-oratori-carlo-acutis-assisi-2023-134455.html\" title=\"La Lampada degli oratori, il dono al beato Carlo Acutis dei ragazzi di Milano\">\n              <img alt=\"Preadolescenti\" src=\"https:\/\/www.chiesadimilano.it\/pgfom\/files\/2023\/04\/B76I5633-Leti.jpg\"  width=\"900\" height=\"600\"  \/>\n            <\/a><div class=\"teaser-content\">\n        \t<span class=\"teaser-eyelet\">DOPO IL PELLEGRINAGGIO AD ASSISI 2023<\/span>\n            <h1 class=\"teaser-title\"><a href=\"https:\/\/www.chiesadimilano.it\/pgfom\/oratorio-e-ragazzi\/servizio-ragazzi\/preadolescenti\/lampada-oratori-carlo-acutis-assisi-2023-134455.html\" title=\"La Lampada degli oratori, il dono al beato Carlo Acutis dei ragazzi di Milano\">La Lampada degli oratori, il dono al beato Carlo Acutis dei ragazzi di Milano<\/a><\/h1>\n            <p class=\"teaser-summary\">Il Pellegrinaggio Preadolescenti ad Assisi ha celebrato un momento straordinario per tutti gli oratori ambrosiani. I ragazzi presenti hanno portato, in una processione festosa, la luce che ha acceso l...<\/p>\n            <\/div>\n        <\/article>\n            \n        <article class=\"teaser\" role=\"article\">\n            <a class=\"teaser-image\" href=\"https:\/\/www.chiesadimilano.it\/pgfom\/pubblicazioni-preadolescenti\/secondo-il-cuore-di-dio-3796.html\" title=\"\u00abSecondo il cuore di Dio\u00bb\">\n              <img alt=\"1.140574\" src=\"https:\/\/www.chiesadimilano.it\/pgfom\/files\/2017\/05\/1.140574-456x551.jpg\"  width=\"456\" height=\"551\"  \/>\n            <\/a><div class=\"teaser-content\">\n        \t<span class=\"teaser-eyelet\">Itinerario preado - percorso biblico\/1<\/span>\n            <h1 class=\"teaser-title\"><a href=\"https:\/\/www.chiesadimilano.it\/pgfom\/pubblicazioni-preadolescenti\/secondo-il-cuore-di-dio-3796.html\" title=\"\u00abSecondo il cuore di Dio\u00bb\">\u00abSecondo il cuore di Dio\u00bb<\/a><\/h1>\n            <p class=\"teaser-summary\">L'itinerario del sussidio \u00abSecondo il cuore di Dio - In cammino sui passi di re Davide\u00bb sviluppa il percorso \u00abbiblico\u00bb e accompagna i ragazzi alla scoperta della vicenda biblica di re Davide. Cias...<\/p>\n            <\/div>\n        <\/article>\n            <\/div><\/div><div class=\"grid site-section \" ><div class=\"grid-col-12 PgFom-10\" >\n        <article class=\"teaser\" role=\"article\">\n            <a class=\"teaser-image\" href=\"https:\/\/www.chiesadimilano.it\/pgfom\/pubblicazioni-preadolescenti\/un-luogo-per-essere-felici-19775.html\" title=\"\u00abUn luogo per essere felici\u00bb\">\n              <img alt=\"Preadolescenti\" src=\"https:\/\/www.chiesadimilano.it\/pgfom\/files\/2017\/09\/Sussidio_preado_Unluogoperesserefelici-980x551.jpg\"  width=\"900\" height=\"506\"  \/>\n            <\/a><div class=\"teaser-content\">\n        \t<span class=\"teaser-eyelet\">Itinerario preado - Percorso artistico\/1<\/span>\n            <h1 class=\"teaser-title\"><a href=\"https:\/\/www.chiesadimilano.it\/pgfom\/pubblicazioni-preadolescenti\/un-luogo-per-essere-felici-19775.html\" title=\"\u00abUn luogo per essere felici\u00bb\">\u00abUn luogo per essere felici\u00bb<\/a><\/h1>\n            <p class=\"teaser-summary\">\u00c8 grazie al battesimo che si sono schiuse per ciascuno di noi le porte della Chiesa. Ammirando l\u2019antico battistero della cattedrale di Parma, avremo la possibilit\u00e0 di accompagnare i preadolescenti...<\/p>\n            <\/div>\n        <\/article>\n            \n        <article class=\"teaser\" role=\"article\">\n            <a class=\"teaser-image\" href=\"https:\/\/www.chiesadimilano.it\/pgfom\/pubblicazioni-preadolescenti\/raccontare-lamore-19473.html\" title=\"\u00abRaccontare l\u2019amore\u00bb\">\n              <img alt=\"Preadolescenti\" src=\"https:\/\/www.chiesadimilano.it\/pgfom\/files\/2017\/09\/COVER_Ad-amare-1-web-800x551.jpg\"  width=\"800\" height=\"551\"  \/>\n            <\/a><div class=\"teaser-content\">\n        \t<span class=\"teaser-eyelet\">ITINERARIO PREADO - PERCORSO ANTROPOLOGICO\/2<\/span>\n            <h1 class=\"teaser-title\"><a href=\"https:\/\/www.chiesadimilano.it\/pgfom\/pubblicazioni-preadolescenti\/raccontare-lamore-19473.html\" title=\"\u00abRaccontare l\u2019amore\u00bb\">\u00abRaccontare l\u2019amore\u00bb<\/a><\/h1>\n            <p class=\"teaser-summary\">\u00c8 possibile definire l\u2019amore? Forse no, ma possiamo raccontarlo, incrociando diversi linguaggi e modi di comunicare. \u00c8 quanto cerchiamo di fare in questo nuovo sussidio che offre strumenti utili p...<\/p>\n            <\/div>\n        <\/article>\n            \n        <article class=\"teaser\" role=\"article\">\n            <a class=\"teaser-image\" href=\"https:\/\/www.chiesadimilano.it\/pgfom\/giovani\/servizio-giovani\/pubblicazioni-documenti\/pub-preadolescenti\/un-viaggio-da-ragazzi-3772.html\" title=\"\u00abUn viaggio da ragazzi\u00bb\">\n              <img alt=\"1.127378\" src=\"https:\/\/www.chiesadimilano.it\/pgfom\/files\/2017\/05\/1.127378-432x551.jpg\"  width=\"432\" height=\"551\"  \/>\n            <\/a><div class=\"teaser-content\">\n        \t<span class=\"teaser-eyelet\">Itinerario preado - percorso antropologico\/1<\/span>\n            <h1 class=\"teaser-title\"><a href=\"https:\/\/www.chiesadimilano.it\/pgfom\/giovani\/servizio-giovani\/pubblicazioni-documenti\/pub-preadolescenti\/un-viaggio-da-ragazzi-3772.html\" title=\"\u00abUn viaggio da ragazzi\u00bb\">\u00abUn viaggio da ragazzi\u00bb<\/a><\/h1>\n            <p class=\"teaser-summary\">Questo sussidio che offriamo per accompagnare i ragazzi preadolescenti nel percorso di fede riprende il tema del viaggio.<\/p>\n            <\/div>\n        <\/article>\n            \n        <article class=\"teaser\" role=\"article\">\n            <a class=\"teaser-image\" href=\"https:\/\/www.chiesadimilano.it\/pgfom\/giovani\/servizio-giovani\/pubblicazioni-documenti\/pub-preadolescenti\/nulla-e-impossibile-3068.html\" title=\"\u00abNulla \u00e8 impossibile\u00bb\">\n              <img alt=\"1.114735\" src=\"https:\/\/www.chiesadimilano.it\/pgfom\/files\/2017\/05\/1.114735-592x551.jpg\"  width=\"592\" height=\"551\"  \/>\n            <\/a><div class=\"teaser-content\">\n        \t<span class=\"teaser-eyelet\">ITINERARIO PREADO - PERCORSO NARRATIVO\/1<\/span>\n            <h1 class=\"teaser-title\"><a href=\"https:\/\/www.chiesadimilano.it\/pgfom\/giovani\/servizio-giovani\/pubblicazioni-documenti\/pub-preadolescenti\/nulla-e-impossibile-3068.html\" title=\"\u00abNulla \u00e8 impossibile\u00bb\">\u00abNulla \u00e8 impossibile\u00bb<\/a><\/h1>\n            <p class=\"teaser-summary\">Offriamo il primo dei sussidi a supporto del nuovo itinerario di fede per i preadolescenti \u00abPerch\u00e9 porti molto frutto\u00bb. Si tratta del percorso narrativo che segue la scansione del libro \u00abLa storia...<\/p>\n            <\/div>\n        <\/article>\n            \n        <article class=\"teaser\" role=\"article\">\n            <a class=\"teaser-image\" href=\"https:\/\/www.chiesadimilano.it\/pgfom\/pubblicazioni-preadolescenti\/la-bellezza-invisibile-agli-occhi-3775.html\" title=\"\u00abLa bellezza invisibile agli occhi\u00bb\">\n              <img alt=\"1.132219\" src=\"https:\/\/www.chiesadimilano.it\/pgfom\/files\/2017\/05\/1.132219-425x551.jpg\"  width=\"425\" height=\"551\"  \/>\n            <\/a><div class=\"teaser-content\">\n        \t<span class=\"teaser-eyelet\">ITINERARIO PREADO - PERCORSO NARRATIVO\/2<\/span>\n            <h1 class=\"teaser-title\"><a href=\"https:\/\/www.chiesadimilano.it\/pgfom\/pubblicazioni-preadolescenti\/la-bellezza-invisibile-agli-occhi-3775.html\" title=\"\u00abLa bellezza invisibile agli occhi\u00bb\">\u00abLa bellezza invisibile agli occhi\u00bb<\/a><\/h1>\n            <p class=\"teaser-summary\">Il filo rosso di questo nuovo percorso narrativo che presentiamo \u00e8 dato dal celebre romanzo di Antoine de Saint-Exup\u00e9ry, Il piccolo principe. I brevi capitoli che lo costituiscono sono facilmente ut...<\/p>\n            <\/div>\n        <\/article>\n            <\/div><\/div><div class=\"grid site-section \" ><div class=\"grid-col-6 teaser-special PgFom-8\" >\n        <article class=\"teaser\" role=\"article\">\n            <a class=\"teaser-image\" href=\"\" title=\"\">\n              <img alt=\"Preadolescenti\" src=\"https:\/\/www.chiesadimilano.it\/pgfom\/files\/2017\/05\/image__1.139991.jpg\"  width=\"804\" height=\"510\"  \/>\n            <\/a><div class=\"teaser-content\">\n        \t<span class=\"teaser-eyelet\"><\/span>\n            <h1 class=\"teaser-title\"><a href=\"\" title=\"\"><\/a><\/h1>\n            <p class=\"teaser-summary\"><\/p>\n            <\/div>\n        <\/article>\n            <\/div><div class=\"grid-col-6 PgFom-9\" >\n        <article class=\"teaser\" role=\"article\">\n            <a class=\"teaser-image\" href=\"https:\/\/www.chiesadimilano.it\/pgfom\/oratorio-e-ragazzi\/servizio-ragazzi\/educatori_2\/educatori-dei-preado-unimperdibile-avventura-62886.html\" title=\"Educatori dei preado: un\u2019IMPERDIBILE avventura!\">\n              <img alt=\"Preadolescenti\" src=\"https:\/\/www.chiesadimilano.it\/pgfom\/files\/2021\/01\/Schermata-2021-01-27-alle-22.33.03.jpg\"  width=\"900\" height=\"479\"  \/>\n            <\/a><div class=\"teaser-content\">\n        \t<span class=\"teaser-eyelet\">PASTORALE DEI PREADOLESCENTI<\/span>\n            <h1 class=\"teaser-title\"><a href=\"https:\/\/www.chiesadimilano.it\/pgfom\/oratorio-e-ragazzi\/servizio-ragazzi\/educatori_2\/educatori-dei-preado-unimperdibile-avventura-62886.html\" title=\"Educatori dei preado: un\u2019IMPERDIBILE avventura!\">Educatori dei preado: un\u2019IMPERDIBILE avventura!<\/a><\/h1>\n            <p class=\"teaser-summary\">Cosa possiamo vedere\/fare\/pensare per e con i preadolescenti, anche in questo tempo cos\u00ec particolare? Abbiamo vissuto con gli educatori dei preadolescenti, online su Zoom, mercoled\u00ec 27 gennaio, nell...<\/p>\n            <\/div>\n        <\/article>\n            \n        <article class=\"teaser\" role=\"article\">\n            <a class=\"teaser-image\" href=\"https:\/\/www.chiesadimilano.it\/pgfom\/oratorio-e-ragazzi\/servizio-ragazzi\/preadolescenti\/il-saluto-di-papa-francesco-ai-preado-ambrosiani-50365.html\" title=\"Il saluto di Papa Francesco ai preado ambrosiani\">\n              <img alt=\"Preadolescenti\" src=\"https:\/\/www.chiesadimilano.it\/pgfom\/files\/2020\/04\/udienza-rid.png\"  width=\"800\" height=\"600\"  \/>\n            <\/a><div class=\"teaser-content\">\n        \t<span class=\"teaser-eyelet\">PELLEGRINAGGIO VIRTUALE A ROMA<\/span>\n            <h1 class=\"teaser-title\"><a href=\"https:\/\/www.chiesadimilano.it\/pgfom\/oratorio-e-ragazzi\/servizio-ragazzi\/preadolescenti\/il-saluto-di-papa-francesco-ai-preado-ambrosiani-50365.html\" title=\"Il saluto di Papa Francesco ai preado ambrosiani\">Il saluto di Papa Francesco ai preado ambrosiani<\/a><\/h1>\n            <p class=\"teaser-summary\">\u00abCari ragazzi, anche se il vostro pellegrinaggio a Roma \u00e8 solo virtuale, mi sembra quasi di percepire la vostra gioiosa e rumorosa presenza, resa concreta anche dai tanti messaggi scritti che mi ave...<\/p>\n            <\/div>\n        <\/article>\n            \n        <article class=\"teaser\" role=\"article\">\n            <a class=\"teaser-image\" href=\"https:\/\/www.chiesadimilano.it\/pgfom\/oratorio-e-ragazzi\/servizio-ragazzi\/preadolescenti\/i-preado-da-casa-sui-passi-di-francesco-52593.html\" title=\"I preado, da casa, sui passi di Francesco\">\n              <img alt=\"Preadolescenti\" src=\"https:\/\/www.chiesadimilano.it\/pgfom\/files\/2019\/12\/preado_assisi_2018tagliato1-1.jpg\"  width=\"800\" height=\"528\"  \/>\n            <\/a><div class=\"teaser-content\">\n        \t<span class=\"teaser-eyelet\">PELLEGRINAGGIO VIRTUALE AD ASSISI<\/span>\n            <h1 class=\"teaser-title\"><a href=\"https:\/\/www.chiesadimilano.it\/pgfom\/oratorio-e-ragazzi\/servizio-ragazzi\/preadolescenti\/i-preado-da-casa-sui-passi-di-francesco-52593.html\" title=\"I preado, da casa, sui passi di Francesco\">I preado, da casa, sui passi di Francesco<\/a><\/h1>\n            <p class=\"teaser-summary\">Siamo entrati con i nostri preadolescenti nella Basilica di Santa Maria degli angeli ad Assisi e ci siamo ritrovati davanti alla Porziuncola. L\u00ec abbiamo incontrato i Frati Minori che abitano nelle te...<\/p>\n            <\/div>\n        <\/article>\n            \n        <article class=\"teaser\" role=\"article\">\n            <a class=\"teaser-image\" href=\"https:\/\/www.chiesadimilano.it\/pgfom\/oratorio-e-ragazzi\/servizio-ragazzi\/preadolescenti\/la-bella-storia-dei-ragazzi-di-oralimpics-40815.html\" title=\"La bella storia dei ragazzi di Oralimpics\">\n              <img alt=\"Preadolescenti\" src=\"https:\/\/www.chiesadimilano.it\/pgfom\/files\/2019\/07\/oralimpics_5.jpg\"  width=\"3301\" height=\"2201\"  \/>\n            <\/a><div class=\"teaser-content\">\n        \t<span class=\"teaser-eyelet\">ORALIMPICS 2019<\/span>\n            <h1 class=\"teaser-title\"><a href=\"https:\/\/www.chiesadimilano.it\/pgfom\/oratorio-e-ragazzi\/servizio-ragazzi\/preadolescenti\/la-bella-storia-dei-ragazzi-di-oralimpics-40815.html\" title=\"La bella storia dei ragazzi di Oralimpics\">La bella storia dei ragazzi di Oralimpics<\/a><\/h1>\n            <p class=\"teaser-summary\">Queste Olimpiadi degli oratori sono state la \"bella notizia\", anzi la \"bella storia\" di questa calda estate. Nel cuore dell'Oratorio estivo abbiamo donato a pi\u00f9 di tremila preadolescenti l'esperienza...<\/p>\n            <\/div>\n        <\/article>\n            \n        <article class=\"teaser\" role=\"article\">\n            <a class=\"teaser-image\" href=\"https:\/\/www.chiesadimilano.it\/pgfom\/oratorio-e-ragazzi\/servizio-ragazzi\/preadolescenti\/i-preado-ambrosiani-a-roma-per-imparare-a-credere-sperare-amare-38389.html\" title=\"I preado ambrosiani a Roma per imparare a credere, sperare, amare\">\n              <img alt=\"Preadolescenti\" src=\"https:\/\/www.chiesadimilano.it\/pgfom\/files\/2019\/04\/IMG_20190424_104440_1-800x551.jpg\"  width=\"800\" height=\"551\"  \/>\n            <\/a><div class=\"teaser-content\">\n        \t<span class=\"teaser-eyelet\">DOPO IL PELLEGRINAGGIO PREADOLESCENTI A ROMA<\/span>\n            <h1 class=\"teaser-title\"><a href=\"https:\/\/www.chiesadimilano.it\/pgfom\/oratorio-e-ragazzi\/servizio-ragazzi\/preadolescenti\/i-preado-ambrosiani-a-roma-per-imparare-a-credere-sperare-amare-38389.html\" title=\"I preado ambrosiani a Roma per imparare a credere, sperare, amare\">I preado ambrosiani a Roma per imparare a credere, sperare, amare<\/a><\/h1>\n            <p class=\"teaser-summary\">Tornati dal loro pellegrinaggio a Roma i seimila preadolescenti portano a casa le parole confidenziali del nostro Arcivescovo Mario e l'affetto che Papa Francesco ha dimostrato per i ragazzi ambrosian...<\/p>\n            <\/div>\n        <\/article>\n            \n        <article class=\"teaser\" role=\"article\">\n            <a class=\"teaser-image\" href=\"https:\/\/www.chiesadimilano.it\/pgfom\/oratorio-e-ragazzi\/servizio-ragazzi\/educatori_2\/la-messa-degli-oratori-2021-e-con-carlo-acutis-61392.html\" title=\"La Messa degli oratori 2021 \u00e8 con Carlo Acutis\">\n              <img alt=\"Preadolescenti\" src=\"https:\/\/www.chiesadimilano.it\/pgfom\/files\/2020\/09\/carlo-acutis-2.jpg\"  width=\"960\" height=\"640\"  \/>\n            <\/a><div class=\"teaser-content\">\n        \t<span class=\"teaser-eyelet\">29 GENNAIO 2021<\/span>\n            <h1 class=\"teaser-title\"><a href=\"https:\/\/www.chiesadimilano.it\/pgfom\/oratorio-e-ragazzi\/servizio-ragazzi\/educatori_2\/la-messa-degli-oratori-2021-e-con-carlo-acutis-61392.html\" title=\"La Messa degli oratori 2021 \u00e8 con Carlo Acutis\">La Messa degli oratori 2021 \u00e8 con Carlo Acutis<\/a><\/h1>\n            <p class=\"teaser-summary\">Mille chiese. Stesso giorno. Un solo cuore. Ci diamo appuntamento oggi venerd\u00ec 29 gennaio 2021: celebriamo la santit\u00e0 adolescente che abbiamo ammirato nel beato Carlo Acutis, in tutte le chiese in c...<\/p>\n            <\/div>\n        <\/article>\n                    <\/div><\/div><\/div>","protected":false},"excerpt":{"rendered":"<p>PREADOLESCENTI CARLO un testimone (in)credibile Il nuovo sussidio per accompagnare alla santit\u00e0 possibile Diamo consistenza al rapporto che i gruppi dei preadolescenti delle nostre comunit\u00e0 possono avere con l&#8217;esempio di santit\u00e0 di Carlo Acutis con un percorso strutturato che rientra nell&#8217;ambito della p&#8230; PASTORALE DEI PREADOLESCENTI Le linee guida della pastorale preadolescenti: Ora andiamo! Abbiamo [&hellip;]<\/p>\n","protected":false},"author":0,"featured_media":0,"parent":0,"menu_order":0,"comment_status":"closed","ping_status":"closed","template":"","meta":{"ip_address":"","user_agent":"","level":"","revision":"","cookie_id":"","page_referer":"","html_form":""},"acf":[],"_links":{"self":[{"href":"https:\/\/www.chiesadimilano.it\/pgfom\/wp-json\/wp\/v2\/pages\/8389"}],"collection":[{"href":"https:\/\/www.chiesadimilano.it\/pgfom\/wp-json\/wp\/v2\/pages"}],"about":[{"href":"https:\/\/www.chiesadimilano.it\/pgfom\/wp-json\/wp\/v2\/types\/page"}],"author":[{"embeddable":true,"href":"https:\/\/www.chiesadimilano.it\/pgfom\/wp-json\/wp\/v2\/users\/1"}],"replies":[{"embeddable":true,"href":"https:\/\/www.chiesadimilano.it\/pgfom\/wp-json\/wp\/v2\/comments?post=8389"}],"version-history":[{"count":30,"href":"https:\/\/www.chiesadimilano.it\/pgfom\/wp-json\/wp\/v2\/pages\/8389\/revisions"}],"predecessor-version":[{"id":768900,"href":"https:\/\/www.chiesadimilano.it\/pgfom\/wp-json\/wp\/v2\/pages\/8389\/revisions\/768900"}],"wp:attachment":[{"href":"https:\/\/www.chiesadimilano.it\/pgfom\/wp-json\/wp\/v2\/media?parent=8389"}],"curies":[{"name":"wp","href":"https:\/\/api.w.org\/{rel}","templated":true}]}}