{"id":70014,"date":"2021-07-22T11:37:08","date_gmt":"2021-07-22T09:37:08","guid":{"rendered":"https:\/\/www.chiesadimilano.it\/pgfom\/?page_id=70014"},"modified":"2026-04-01T10:30:48","modified_gmt":"2026-04-01T08:30:48","slug":"vita-comune","status":"publish","type":"page","link":"https:\/\/www.chiesadimilano.it\/pgfom\/vita-comune","title":{"rendered":"Vita comune"},"content":{"rendered":"<div><div class=\"grid site-section \" ><div class=\"grid-col-12\" ><\/div><\/div><div class=\"grid site-section \" ><div class=\"grid-col-8 Apertura-2\" ><article class=\"widget-teaser teaser with-eyelet\" role=\"article\" data-hint=\"teaser\"><a class=\"teaser-image\" href=\"https:\/\/www.chiesadimilano.it\/pgfom\/giovani\/quaresima-2026-settimane-di-vita-comune-giovani-753147.html\" title=\"Settimane di vita comune per i giovani del Gruppo Samuele\"><span class=\"occhiello has-image\" style=\"display:none;position:absolute;bottom:0;left:0;\">Marzo-Maggio 2026<\/span> <img data-formato=\"\" alt=\"Vita comune - Casa Magis\" src=\"https:\/\/www.chiesadimilano.it\/pgfom\/files\/2023\/01\/Vita-comune-Casa-Magis.jpg\"  width=\"800\" height=\"600\"  \/><\/a><div class=\"teaser-content\"><span class=\"teaser-eyelet\">Marzo-Maggio 2026<\/span><h1 class=\"teaser-title\"><a href=\"https:\/\/www.chiesadimilano.it\/pgfom\/giovani\/quaresima-2026-settimane-di-vita-comune-giovani-753147.html\" title=\"Settimane di vita comune per i giovani del Gruppo Samuele\">Settimane di vita comune per i giovani del Gruppo Samuele<\/a><\/h1>\n    <p class=\"teaser-summary\">Invitiamo i giovani che sono parte del cammino del Gruppo Samuele a partecipare ad una delle settimane di vita comune e fraterna che si terranno a Milano presso \"Casa Magis\" e a Seveso presso \"Casa Hermon\"<\/p>\n    <\/div><\/article><\/div><div class=\"grid-col-4 Apertura_due-1\" >\n<article class=\"teaser\" role=\"article\" data-hint=\"teaserlink\">\n    <a class=\"teaser-image\" href=\"http:\/\/www.chiesadimilano.it\/chiesa-diocesi\/vita-comune-tra-giovani-ecco-le-indicazioni-della-diocesi-2833624.html\" title=\"Vita comune tra giovani: ecco le indicazioni della Diocesi\">\n       <span class=\"teaser-eyelet overimage-teaser-eyelet\" style=\"display:none;position:absolute;bottom:0;left:0;\">Documenti<\/span>\n        <!-- span class=\"occhiello has-image\" style=\"display:none;position:absolute;bottom:0;left:0;\">Documenti<\/span -->\n      <img src=\"https:\/\/www.chiesadimilano.it\/wp-content\/uploads\/sites\/83\/2025\/04\/IMG_8015.jpg\"   \/>\n    <\/a><div class=\"teaser-content\"   has_image \">\n    \t<span class=\"teaser-eyelet\">Documenti<\/span>\n        <h1 class=\"teaser-title\"><a href=\"http:\/\/www.chiesadimilano.it\/chiesa-diocesi\/vita-comune-tra-giovani-ecco-le-indicazioni-della-diocesi-2833624.html\" title=\"Vita comune tra giovani: ecco le indicazioni della Diocesi\">Vita comune tra giovani: ecco le indicazioni della Diocesi<\/a><\/h1>\n        <p class=\"teaser-summary\">Un\u2019esperienza di condivisione e fraternit\u00e0 pi\u00f9 o meno prolungata, in atto ormai da anni in alcune parrocchie, che contiene in s\u00e9 interessanti opportunit\u00e0 pastorali: pubblichiamo la Lettera del V...<\/p>\n        <\/div>\n    <\/article>\n    <\/div><\/div><div class=\"grid site-section \" ><div class=\"grid-col-6 PgFom-11\" >\n        <article class=\"teaser\" role=\"article\">\n            <a class=\"teaser-image\" href=\"https:\/\/www.chiesadimilano.it\/pgfom\/giovani\/vita-comune-per-la-carita-per-giovani-al-servizio-dei-piu-bisognosi-a-partire-dalle-opere-di-misericordia-73435.html\" title=\"Vita comune per la Carit\u00e0: per giovani al servizio dei pi\u00f9 bisognosi a partire dalle opere di mise...\">\n              <img alt=\"Vita comune per la Carit\u00e0 - sito\" src=\"https:\/\/www.chiesadimilano.it\/pgfom\/files\/2025\/05\/Vita-comune-per-la-Carita-sito.jpg\"  width=\"800\" height=\"600\"  \/>\n            <\/a><div class=\"teaser-content\">\n        \t<span class=\"teaser-eyelet\">Giovani e vita comune<\/span>\n            <h1 class=\"teaser-title\"><a href=\"https:\/\/www.chiesadimilano.it\/pgfom\/giovani\/vita-comune-per-la-carita-per-giovani-al-servizio-dei-piu-bisognosi-a-partire-dalle-opere-di-misericordia-73435.html\" title=\"Vita comune per la Carit\u00e0: per giovani al servizio dei pi\u00f9 bisognosi a partire dalle opere di mise...\">Vita comune per la Carit\u00e0: per giovani al servizio dei pi\u00f9 bisognosi a partire dalle opere di mise...<\/a><\/h1>\n            <p class=\"teaser-summary\">Un'esperienza di vita comune promossa da Caritas Ambrosiana e Pastorale Giovanile diocesana e rivolta a tutti quei giovani (ragazzi e ragazze dai 18 ai 30 anni) che desiderano imparare a vivere nella ...<\/p>\n            <\/div>\n        <\/article>\n            <\/div><div class=\"grid-col-6 PgFom-11\" ><article class=\"widget-teaser teaser with-eyelet\" role=\"article\" data-hint=\"teaser\"><a class=\"teaser-image\" href=\"https:\/\/www.chiesadimilano.it\/pgfom\/giovani\/vita-comune-alcune-esperienze-attive-sul-territorio-della-diocesi-di-milano-77845.html\" title=\"Vita comune: alcune esperienze attive sul territorio della Diocesi di Milano\"><span class=\"occhiello has-image\" style=\"display:none;position:absolute;bottom:0;left:0;\">Giovani e vita comune <\/span> <img data-formato=\"\" alt=\"Senza indugio. Laboratorio sulla vita comune - Sito\" src=\"https:\/\/www.chiesadimilano.it\/pgfom\/files\/2021\/10\/Senza-indugio.-Laboratorio-sulla-vita-comune-Sito.jpg\"  width=\"800\" height=\"600\"  \/><\/a><div class=\"teaser-content\"><span class=\"teaser-eyelet\">Giovani e vita comune <\/span><h1 class=\"teaser-title\"><a href=\"https:\/\/www.chiesadimilano.it\/pgfom\/giovani\/vita-comune-alcune-esperienze-attive-sul-territorio-della-diocesi-di-milano-77845.html\" title=\"Vita comune: alcune esperienze attive sul territorio della Diocesi di Milano\">Vita comune: alcune esperienze attive sul territorio della Diocesi di Milano<\/a><\/h1>\n    <p class=\"teaser-summary\">Esperienze di vita comune sono diffuse su tutto il territorio della Diocesi ambrosiana: presentiamo alcune di esse, attive a livello diocesano, mettendone in evidenza le principali caratteristiche, a vantaggio di quei giovan...<\/p>\n    <\/div><\/article><\/div><\/div><div class=\"grid site-section \" ><div class=\"grid-col-12 PgFom-10\" ><article class=\"widget-teaser teaser with-eyelet\" role=\"article\" data-hint=\"teaser\"><a class=\"teaser-image\" href=\"https:\/\/www.chiesadimilano.it\/pgfom\/giovani\/la-rosa-dei-20-unesperienza-di-vita-comunitaria-per-capire-la-direzione-dello-spirito-39490.html\" title=\"&#8220;La Rosa dei 20&#8221;: un&#8217;esperienza di vita comunitaria per capire la direzione dello Spirito\"><span class=\"occhiello has-image\" style=\"display:none;position:absolute;bottom:0;left:0;\">Giovani e vita comune<\/span> <img data-formato=\"\" alt=\"La rosa dei 20\" src=\"https:\/\/www.chiesadimilano.it\/pgfom\/files\/2019\/06\/La-rosa-dei-20.jpg\"  width=\"800\" height=\"600\"  \/><\/a><div class=\"teaser-content\"><span class=\"teaser-eyelet\">Giovani e vita comune<\/span><h1 class=\"teaser-title\"><a href=\"https:\/\/www.chiesadimilano.it\/pgfom\/giovani\/la-rosa-dei-20-unesperienza-di-vita-comunitaria-per-capire-la-direzione-dello-spirito-39490.html\" title=\"&#8220;La Rosa dei 20&#8221;: un&#8217;esperienza di vita comunitaria per capire la direzione dello Spirito\">&#8220;La Rosa dei 20&#8221;: un&#8217;esperienza di vita comunitaria per capire la direzione dello Spirito<\/a><\/h1>\n    <p class=\"teaser-summary\">Preghiera, condivisone fraterna, servizio, quotidianit\u00e0, discernimento: sono le caratteristiche principali de \"La Rosa dei 20\", un'esperienza di vita comunitaria per giovani tra i 20 e i 30 ann...<\/p>\n    <\/div><\/article><article class=\"widget-teaser teaser with-eyelet\" role=\"article\" data-hint=\"teaser\"><a class=\"teaser-image\" href=\"https:\/\/www.chiesadimilano.it\/pgfom\/giovani\/casa-magis-per-gustare-fraternita-e-accoglienza-insieme-ad-altri-giovani-495611.html\" title=\"&#8220;Casa Magis&#8221;: per gustare fraternit\u00e0 e accoglienza insieme ad altri giovani\"><span class=\"occhiello has-image\" style=\"display:none;position:absolute;bottom:0;left:0;\">Giovani<\/span> <img data-formato=\"\" alt=\"Casa Magis 2025-2026 - Sito\" src=\"https:\/\/www.chiesadimilano.it\/pgfom\/files\/2025\/09\/Casa-Magis-2025-2026-Sito.jpg\"  width=\"800\" height=\"600\"  \/><\/a><div class=\"teaser-content\"><span class=\"teaser-eyelet\">Giovani<\/span><h1 class=\"teaser-title\"><a href=\"https:\/\/www.chiesadimilano.it\/pgfom\/giovani\/casa-magis-per-gustare-fraternita-e-accoglienza-insieme-ad-altri-giovani-495611.html\" title=\"&#8220;Casa Magis&#8221;: per gustare fraternit\u00e0 e accoglienza insieme ad altri giovani\">&#8220;Casa Magis&#8221;: per gustare fraternit\u00e0 e accoglienza insieme ad altri giovani<\/a><\/h1>\n    <p class=\"teaser-summary\">Un\u2019esperienza di Chiesa \"Sulle orme dei Magi\", un appartamento nel quale con semplicit\u00e0 i giovani (19-30enni) possono gustare fraternit\u00e0, accoglienza, ricerca del \"meglio\" che il cuore desidera!<\/p>\n    <\/div><\/article><article class=\"widget-teaser teaser with-eyelet\" role=\"article\" data-hint=\"teaser\"><a class=\"teaser-image\" href=\"https:\/\/www.chiesadimilano.it\/pgfom\/giovani\/casa-hermon-per-gustare-la-bellezza-del-vivere-insieme-495956.html\" title=\"&#8220;Casa Hermon&#8221;: per gustare la bellezza del vivere insieme\"><span class=\"occhiello has-image\" style=\"display:none;position:absolute;bottom:0;left:0;\">Giovani<\/span> <img data-formato=\"\" alt=\"Giovani - carit\u00e0 - solidariet\u00e0\" src=\"https:\/\/www.chiesadimilano.it\/pgfom\/files\/2019\/06\/Giovani-carit\u00e0-solidariet\u00e0.jpg\"  width=\"800\" height=\"600\"  \/><\/a><div class=\"teaser-content\"><span class=\"teaser-eyelet\">Giovani<\/span><h1 class=\"teaser-title\"><a href=\"https:\/\/www.chiesadimilano.it\/pgfom\/giovani\/casa-hermon-per-gustare-la-bellezza-del-vivere-insieme-495956.html\" title=\"&#8220;Casa Hermon&#8221;: per gustare la bellezza del vivere insieme\">&#8220;Casa Hermon&#8221;: per gustare la bellezza del vivere insieme<\/a><\/h1>\n    <p class=\"teaser-summary\">A Seveso, presso il Centro Pastorale Ambrosiano, la Pastorale Giovanile diocesana offre la possibilit\u00e0 di vivere settimane di fraternit\u00e0 gustando insieme la quotidianit\u00e0 (studio, lavoro, amicizia) ed esercitandosi in uno stile di v...<\/p>\n    <\/div><\/article>\n        <article class=\"teaser\" role=\"article\">\n            <a class=\"teaser-image\" href=\"https:\/\/www.chiesadimilano.it\/pgfom\/giovani\/cernusco-sul-naviglio-lesperienza-di-casa-nazaret-77996.html\" title=\"Cernusco sul Naviglio: l&#8217;esperienza di &#8220;Casa Nazaret&#8221;\">\n              <img alt=\"Vita comune Cernusco 1 - Sito\" src=\"https:\/\/www.chiesadimilano.it\/pgfom\/files\/2022\/02\/Vita-comune-Cernusco-1-Sito.jpg\"  width=\"800\" height=\"600\"  \/>\n            <\/a><div class=\"teaser-content\">\n        \t<span class=\"teaser-eyelet\">Giovani e vita comune<\/span>\n            <h1 class=\"teaser-title\"><a href=\"https:\/\/www.chiesadimilano.it\/pgfom\/giovani\/cernusco-sul-naviglio-lesperienza-di-casa-nazaret-77996.html\" title=\"Cernusco sul Naviglio: l&#8217;esperienza di &#8220;Casa Nazaret&#8221;\">Cernusco sul Naviglio: l&#8217;esperienza di &#8220;Casa Nazaret&#8221;<\/a><\/h1>\n            <p class=\"teaser-summary\">Nell'ambito della proposta diocesana \"Vita comune per la Carit\u00e0\", a gennaio 2022 ha avuto inizio un'esperienza di vita comune (\"Casa Nazaret\") presso la canonica del Divin Pianto di Cernusco sul Navi...<\/p>\n            <\/div>\n        <\/article>\n            <article class=\"widget-teaser teaser with-eyelet\" role=\"article\" data-hint=\"teaser\"><a class=\"teaser-image\" href=\"https:\/\/www.mondoemissione.it\/cultura\/laboratori-di-fraternita-germogli-di-speranza\/\" title=\"Laboratori di fraternit\u00e0, germogli di speranza\"><span class=\"occhiello has-image\" style=\"display:none;position:absolute;bottom:0;left:0;\">Giovani e vita comune<\/span> <img data-formato=\"\" alt=\"Laboratori di fraternit\u00e0, germogli di speranza - Sito\" src=\"https:\/\/www.chiesadimilano.it\/pgfom\/files\/2025\/03\/Laboratori-di-fraternita-germogli-di-speranza-Sito.jpg\"  width=\"800\" height=\"600\"  \/><\/a><div class=\"teaser-content\"><span class=\"teaser-eyelet\">Giovani e vita comune<\/span><h1 class=\"teaser-title\"><a href=\"https:\/\/www.mondoemissione.it\/cultura\/laboratori-di-fraternita-germogli-di-speranza\/\" title=\"Laboratori di fraternit\u00e0, germogli di speranza\">Laboratori di fraternit\u00e0, germogli di speranza<\/a><\/h1>\n    <p class=\"teaser-summary\">A Milano, a pochi passi dai locali degli aperitivi, c\u2019\u00e8 un appartamento dove alcuni giovani stanno facendo un\u2019esperienza di vita comune. Lo chiamano \u201claboratorio di fraternit\u00e0\u201d. E non \u00e8 il solo\u2026<\/p>\n    <\/div><\/article><\/div><\/div><div class=\"grid site-section \" ><div class=\"grid-col-6 teaser-special PgFom-8\" >\n        <article class=\"teaser\" role=\"article\">\n            <a class=\"teaser-image\" href=\"https:\/\/www.chiesadimilano.it\/pgfom\/giovani\/servizio-giovani\/pubblicazioni-documenti\/gli-sguardi-di-odl-pubblicazione-del-volume-giovani-e-vita-comune-64220.html\" title=\"&#8220;Gli Sguardi di ODL&#8221;: pubblicazione del volume &#8220;Giovani e vita comune&#8221;\">\n              <img alt=\"Vita-Comune-1\" src=\"https:\/\/www.chiesadimilano.it\/pgfom\/files\/2021\/03\/Vita-Comune-1.png\"  width=\"800\" height=\"600\"  \/>\n            <\/a><div class=\"teaser-content\">\n        \t<span class=\"teaser-eyelet\">Odielle (Oratori Diocesi Lombarde)<\/span>\n            <h1 class=\"teaser-title\"><a href=\"https:\/\/www.chiesadimilano.it\/pgfom\/giovani\/servizio-giovani\/pubblicazioni-documenti\/gli-sguardi-di-odl-pubblicazione-del-volume-giovani-e-vita-comune-64220.html\" title=\"&#8220;Gli Sguardi di ODL&#8221;: pubblicazione del volume &#8220;Giovani e vita comune&#8221;\">&#8220;Gli Sguardi di ODL&#8221;: pubblicazione del volume &#8220;Giovani e vita comune&#8221;<\/a><\/h1>\n            <p class=\"teaser-summary\">\u00c8 disponibile un nuovo volume de \"Gli Sguardi di Odielle\": l\u2019undicesimo numero della collana si intitola \"Giovani e vita comune \u2013 Ricerca quantitativa e qualitativa sulle esperienze di Vita comun...<\/p>\n            <\/div>\n        <\/article>\n            <\/div><div class=\"grid-col-6 PgFom-9\" ><article class=\"widget-teaser teaser with-eyelet\" role=\"article\" data-hint=\"teaser\"><a class=\"teaser-image\" href=\"https:\/\/www.chiesadimilano.it\/pgfom\/giovani\/una-straordinaria-avventura-nel-cuore-di-roma-86883.html\" title=\"Una (stra)ordinaria avventura nel cuore di Roma\"><span class=\"occhiello has-image\" style=\"display:none;position:absolute;bottom:0;left:0;\">Giovani e vita comune<\/span> <img data-formato=\"\" alt=\"Vita comune sdc - Sito\" src=\"https:\/\/www.chiesadimilano.it\/pgfom\/files\/2022\/11\/Vita-comune-sdc-Sito.jpg\"  width=\"800\" height=\"600\"  \/><\/a><div class=\"teaser-content\"><span class=\"teaser-eyelet\">Giovani e vita comune<\/span><h1 class=\"teaser-title\"><a href=\"https:\/\/www.chiesadimilano.it\/pgfom\/giovani\/una-straordinaria-avventura-nel-cuore-di-roma-86883.html\" title=\"Una (stra)ordinaria avventura nel cuore di Roma\">Una (stra)ordinaria avventura nel cuore di Roma<\/a><\/h1>\n    <p class=\"teaser-summary\">Una iniziativa nel cuore di Roma rivolta ai giovani 18\/30enni a cura delle Suore della Carit\u00e0 di Santa Giovanna Antida Thouret<\/p>\n    <\/div><\/article>\n        <article class=\"teaser\" role=\"article\">\n            <a class=\"teaser-image\" href=\"https:\/\/www.chiesadimilano.it\/pgfom\/educatori\/fare-casa-giovani-e-vita-comune-il-video-e-il-testo-dellintervento-di-frere-john-di-taize-59886.html\" title=\"&#8220;Fare casa. Giovani e vita comune&#8221;: il video e il testo dell&#8217;intervento di Fr\u00e8re ...\">\n              <img alt=\"Giovani - gruppo\" src=\"https:\/\/www.chiesadimilano.it\/pgfom\/files\/2019\/10\/Giovani-gruppo.jpg\"  width=\"800\" height=\"600\"  \/>\n            <\/a><div class=\"teaser-content\">\n        \t<span class=\"teaser-eyelet\">Giovani e vita comune<\/span>\n            <h1 class=\"teaser-title\"><a href=\"https:\/\/www.chiesadimilano.it\/pgfom\/educatori\/fare-casa-giovani-e-vita-comune-il-video-e-il-testo-dellintervento-di-frere-john-di-taize-59886.html\" title=\"&#8220;Fare casa. Giovani e vita comune&#8221;: il video e il testo dell&#8217;intervento di Fr\u00e8re ...\">&#8220;Fare casa. Giovani e vita comune&#8221;: il video e il testo dell&#8217;intervento di Fr\u00e8re ...<\/a><\/h1>\n            <p class=\"teaser-summary\">\u00c8 disponibile la registrazione video del convegno che la mattina di sabato 21 novembre 2020 si \u00e8 svolto in modalit\u00e0 online; \u00e8 scaricabile anche la sintesi e il testo completo dell'intervento di Fr...<\/p>\n            <\/div>\n        <\/article>\n            \n        <article class=\"teaser\" role=\"article\">\n            <a class=\"teaser-image\" href=\"https:\/\/www.chiesadimilano.it\/pgfom\/educatori\/il-teologo-radcliffe-fratello-e-sorella-sono-gli-unici-titoli-importanti-nella-cristianita-63407.html\" title=\"Il teologo Radcliffe: &#8220;Fratello e Sorella sono gli unici titoli importanti nella Cristianit\u00e0&#8221;\">\n              <img alt=\"Vita comune\" src=\"https:\/\/www.chiesadimilano.it\/pgfom\/files\/2017\/06\/Giovani-gruppo-9.jpg\"  width=\"800\" height=\"600\"  \/>\n            <\/a><div class=\"teaser-content\">\n        \t<span class=\"teaser-eyelet\">Convegno di Pastorale Giovanile sulla vita comune<\/span>\n            <h1 class=\"teaser-title\"><a href=\"https:\/\/www.chiesadimilano.it\/pgfom\/educatori\/il-teologo-radcliffe-fratello-e-sorella-sono-gli-unici-titoli-importanti-nella-cristianita-63407.html\" title=\"Il teologo Radcliffe: &#8220;Fratello e Sorella sono gli unici titoli importanti nella Cristianit\u00e0&#8221;\">Il teologo Radcliffe: &#8220;Fratello e Sorella sono gli unici titoli importanti nella Cristianit\u00e0&#8221;<\/a><\/h1>\n            <p class=\"teaser-summary\">Sabato 6 febbraio 2021 si \u00e8 tenuto in modalit\u00e0 online il convegno di Pastorale Giovanile sul tema della vita comune e della fraternit\u00e0, al quale ha preso parte come principale relatore il teologo T...<\/p>\n            <\/div>\n        <\/article>\n            \n        <article class=\"teaser\" role=\"article\">\n            <a class=\"teaser-image\" href=\"https:\/\/www.chiesadimilano.it\/pgfom\/spazio-aperto\/insieme-e-meglio-giovani-e-vita-comune-il-video-del-webinar-e-altro-ancora-74623.html\" title=\"&#8220;Insieme \u00e8 meglio. Giovani e vita comune&#8221;: il video del webinar e altro ancora\">\n              <img alt=\"Insieme \u00e8 meglio. Giovani e vita comune - Sito\" src=\"https:\/\/www.chiesadimilano.it\/pgfom\/files\/2021\/11\/Insieme-e-meglio.-Giovani-e-vita-comune-Sito.jpg\"  width=\"800\" height=\"600\"  \/>\n            <\/a><div class=\"teaser-content\">\n        \t<span class=\"teaser-eyelet\">Giovani e vita comune<\/span>\n            <h1 class=\"teaser-title\"><a href=\"https:\/\/www.chiesadimilano.it\/pgfom\/spazio-aperto\/insieme-e-meglio-giovani-e-vita-comune-il-video-del-webinar-e-altro-ancora-74623.html\" title=\"&#8220;Insieme \u00e8 meglio. Giovani e vita comune&#8221;: il video del webinar e altro ancora\">&#8220;Insieme \u00e8 meglio. Giovani e vita comune&#8221;: il video del webinar e altro ancora<\/a><\/h1>\n            <p class=\"teaser-summary\">Il 29 novembre sui canali social dell'Universit\u00e0 Cattolica e dell'Osservatorio Giovani dell'Istituto Toniolo si \u00e8 tenuto un webinar per riflettere insieme sull'importanza della vita comune: rendiamo...<\/p>\n            <\/div>\n        <\/article>\n            <\/div><\/div><\/div>","protected":false},"excerpt":{"rendered":"<p>Marzo-Maggio 2026 Marzo-Maggio 2026Settimane di vita comune per i giovani del Gruppo Samuele Invitiamo i giovani che sono parte del cammino del Gruppo Samuele a partecipare ad una delle settimane di vita comune e fraterna che si terranno a Milano presso &#8220;Casa Magis&#8221; e a Seveso presso &#8220;Casa Hermon&#8221; Documenti<\/p>\n","protected":false},"author":0,"featured_media":0,"parent":0,"menu_order":0,"comment_status":"closed","ping_status":"closed","template":"nosidebar.php","meta":{"ip_address":"","user_agent":"","level":"","revision":"","cookie_id":"","page_referer":"","html_form":""},"acf":[],"_links":{"self":[{"href":"https:\/\/www.chiesadimilano.it\/pgfom\/wp-json\/wp\/v2\/pages\/70014"}],"collection":[{"href":"https:\/\/www.chiesadimilano.it\/pgfom\/wp-json\/wp\/v2\/pages"}],"about":[{"href":"https:\/\/www.chiesadimilano.it\/pgfom\/wp-json\/wp\/v2\/types\/page"}],"author":[{"embeddable":true,"href":"https:\/\/www.chiesadimilano.it\/pgfom\/wp-json\/wp\/v2\/users\/4"}],"replies":[{"embeddable":true,"href":"https:\/\/www.chiesadimilano.it\/pgfom\/wp-json\/wp\/v2\/comments?post=70014"}],"version-history":[{"count":31,"href":"https:\/\/www.chiesadimilano.it\/pgfom\/wp-json\/wp\/v2\/pages\/70014\/revisions"}],"predecessor-version":[{"id":804529,"href":"https:\/\/www.chiesadimilano.it\/pgfom\/wp-json\/wp\/v2\/pages\/70014\/revisions\/804529"}],"wp:attachment":[{"href":"https:\/\/www.chiesadimilano.it\/pgfom\/wp-json\/wp\/v2\/media?parent=70014"}],"curies":[{"name":"wp","href":"https:\/\/api.w.org\/{rel}","templated":true}]}}