{"id":686072,"date":"2025-07-17T12:33:08","date_gmt":"2025-07-17T10:33:08","guid":{"rendered":"https:\/\/www.chiesadimilano.it\/pgfom\/?page_id=686072"},"modified":"2026-03-18T13:01:47","modified_gmt":"2026-03-18T12:01:47","slug":"catechesi-giovani-2025-2026","status":"publish","type":"page","link":"https:\/\/www.chiesadimilano.it\/pgfom\/catechesi-giovani-2025-2026","title":{"rendered":"Catechesi giovani 2025-2026"},"content":{"rendered":"<div><div class=\"grid site-section \" ><div class=\"grid-col-8 Apertura-2\" ><article class=\"widget-teaser teaser with-eyelet\" role=\"article\" data-hint=\"teaser\"><a class=\"teaser-image\" href=\"https:\/\/www.chiesadimilano.it\/pgfom\/giovani\/servizio-giovani\/pubblicazioni-documenti\/proposta-di-catechesi\/parola-pane-e-poveri-2025-2026-un-metodo-per-unesperienza-giovanile-cristiana-665342.html\" title=\"Parola, pane e poveri (2025-2026): un metodo per un&#8217;esperienza giovanile cristiana\"><span class=\"occhiello has-image\" style=\"display:none;position:absolute;bottom:0;left:0;\">Catechesi giovani 2025-2026<\/span> <img data-formato=\"\" alt=\"Preghiera - Lumini (1)\" src=\"https:\/\/www.chiesadimilano.it\/pgfom\/files\/2021\/07\/Preghiera-Lumini-1.jpg\"  width=\"800\" height=\"600\"  \/><\/a><div class=\"teaser-content\"><span class=\"teaser-eyelet\">Catechesi giovani 2025-2026<\/span><h1 class=\"teaser-title\"><a href=\"https:\/\/www.chiesadimilano.it\/pgfom\/giovani\/servizio-giovani\/pubblicazioni-documenti\/proposta-di-catechesi\/parola-pane-e-poveri-2025-2026-un-metodo-per-unesperienza-giovanile-cristiana-665342.html\" title=\"Parola, pane e poveri (2025-2026): un metodo per un&#8217;esperienza giovanile cristiana\">Parola, pane e poveri (2025-2026): un metodo per un&#8217;esperienza giovanile cristiana<\/a><\/h1>\n    <p class=\"teaser-summary\">Anche nel corso dell'anno pastorale 2025-2026 rendiamo disponibili per ciascuno dei tempi liturgici alcuni materiali utili per vivere un'esperienza giovanile autenticamente cristiana sintetizzabile attraverso tre...<\/p>\n    <\/div><\/article><\/div><div class=\"grid-col-4 Apertura_due-1\" ><article class=\"widget-teaser teaser with-eyelet\" role=\"article\" data-hint=\"teaser\"><a class=\"teaser-image\" href=\"https:\/\/www.chiesadimilano.it\/pgfom\/giovani\/servizio-giovani\/pubblicazioni-documenti\/proposta-di-catechesi\/parola-2025-2026-lectio-divina-con-gli-atti-degli-apostoli-665353.html\" title=\"Parola (2025-2026): Lectio divina con gli Atti degli Apostoli\"><span class=\"occhiello has-image\" style=\"display:none;position:absolute;bottom:0;left:0;\">Catechesi giovani 2025-2026<\/span> <img data-formato=\"\" alt=\"Croce e Bibbia - Sito\" src=\"https:\/\/www.chiesadimilano.it\/pgfom\/files\/2024\/07\/Croce-e-Bibbia-Sito.jpg\"  width=\"800\" height=\"600\"  \/><\/a><div class=\"teaser-content\"><span class=\"teaser-eyelet\">Catechesi giovani 2025-2026<\/span><h1 class=\"teaser-title\"><a href=\"https:\/\/www.chiesadimilano.it\/pgfom\/giovani\/servizio-giovani\/pubblicazioni-documenti\/proposta-di-catechesi\/parola-2025-2026-lectio-divina-con-gli-atti-degli-apostoli-665353.html\" title=\"Parola (2025-2026): Lectio divina con gli Atti degli Apostoli\">Parola (2025-2026): Lectio divina con gli Atti degli Apostoli<\/a><\/h1>\n    <p class=\"teaser-summary\">Per ciascuno dei tempi liturgici dell'anno pastorale 2025-2026 proponiamo ai gruppi giovanili diocesani testi utili per leggere e meditare singolarmente e comunitariamente alcuni brani degli Atti degli Apostoli<\/p>\n    <\/div><\/article><\/div><\/div><div class=\"grid site-section \" ><div class=\"grid-col-6 PgFom-11\" ><article class=\"widget-teaser teaser with-eyelet\" role=\"article\" data-hint=\"teaser\"><a class=\"teaser-image\" href=\"https:\/\/www.chiesadimilano.it\/pgfom\/giovani\/servizio-giovani\/pubblicazioni-documenti\/proposta-di-catechesi\/pane-2025-2026-in-adorazione-con-san-francesco-dassisi-e-san-pier-giorgio-frassati-668331.html\" title=\"Pane (2025-2026): &#8220;In adorazione con San Francesco d&#8217;Assisi e San Pier Giorgio Frassati&#8221;\"><span class=\"occhiello has-image\" style=\"display:none;position:absolute;bottom:0;left:0;\">Catechesi giovani 2025-2026<\/span> <img data-formato=\"\" alt=\"Giovani - adorazione eucaristica (1)\" src=\"https:\/\/www.chiesadimilano.it\/pgfom\/files\/2022\/06\/Giovani-adorazione-eucaristica-1.jpg\"  width=\"800\" height=\"600\"  \/><\/a><div class=\"teaser-content\"><span class=\"teaser-eyelet\">Catechesi giovani 2025-2026<\/span><h1 class=\"teaser-title\"><a href=\"https:\/\/www.chiesadimilano.it\/pgfom\/giovani\/servizio-giovani\/pubblicazioni-documenti\/proposta-di-catechesi\/pane-2025-2026-in-adorazione-con-san-francesco-dassisi-e-san-pier-giorgio-frassati-668331.html\" title=\"Pane (2025-2026): &#8220;In adorazione con San Francesco d&#8217;Assisi e San Pier Giorgio Frassati&#8221;\">Pane (2025-2026): &#8220;In adorazione con San Francesco d&#8217;Assisi e San Pier Giorgio Frassati&#8221;<\/a><\/h1>\n    <p class=\"teaser-summary\">Anche durante questo anno pastorale i gruppi giovanili sono invitati a sostare in preghiera silenziosa davanti all'Eucaristia. Per questo motivo per ciascuno dei tempi liturgici rendiamo scarica...<\/p>\n    <\/div><\/article><article class=\"widget-teaser teaser with-eyelet\" role=\"article\" data-hint=\"teaser\"><a class=\"teaser-image\" href=\"https:\/\/www.chiesadimilano.it\/pgfom\/giovani\/a-cesano-boscone-la-fede-cresce-cosi-parola-sacramenti-carita-782117.html\" title=\"A Cesano Boscone la fede cresce cos\u00ec: Parola, sacramenti, carit\u00e0\"><span class=\"occhiello has-image\" style=\"display:none;position:absolute;bottom:0;left:0;\">Catechesi giovani 2025-2026<\/span> <img data-formato=\"\" alt=\"Catechesi Cesano Boscone - Sito\" src=\"https:\/\/www.chiesadimilano.it\/pgfom\/files\/2026\/03\/Catechesi-Cesano-Boscone-Sito.jpg\"  width=\"800\" height=\"600\"  \/><\/a><div class=\"teaser-content\"><span class=\"teaser-eyelet\">Catechesi giovani 2025-2026<\/span><h1 class=\"teaser-title\"><a href=\"https:\/\/www.chiesadimilano.it\/pgfom\/giovani\/a-cesano-boscone-la-fede-cresce-cosi-parola-sacramenti-carita-782117.html\" title=\"A Cesano Boscone la fede cresce cos\u00ec: Parola, sacramenti, carit\u00e0\">A Cesano Boscone la fede cresce cos\u00ec: Parola, sacramenti, carit\u00e0<\/a><\/h1>\n    <p class=\"teaser-summary\">C\u2019\u00e8 un tratto che colpisce subito chi entra negli oratori di Cesano Boscone: una fede semplice, concreta, che non ha bisogno di grandi discorsi per mostrarsi vera. \u00c8 da qui che prende forma il cammino di catechesi per i 18-19enni e pe...<\/p>\n    <\/div><\/article><\/div><div class=\"grid-col-6 PgFom-11\" ><article class=\"widget-teaser teaser with-eyelet\" role=\"article\" data-hint=\"teaser\"><a class=\"teaser-image\" href=\"https:\/\/www.chiesadimilano.it\/pgfom\/giovani\/servizio-giovani\/pubblicazioni-documenti\/proposta-di-catechesi\/poveri-2025-2026-per-una-spiritualita-della-carita-668382.html\" title=\"Poveri (2025-2026): per una spiritualit\u00e0 della Carit\u00e0\"><span class=\"occhiello has-image\" style=\"display:none;position:absolute;bottom:0;left:0;\">Catechesi giovani 2025-2026<\/span> <img data-formato=\"\" alt=\"Caritas mensa poveri\" src=\"https:\/\/www.chiesadimilano.it\/pgfom\/files\/2021\/05\/Caritas-mensa-poveri.jpg\"  width=\"800\" height=\"600\"  \/><\/a><div class=\"teaser-content\"><span class=\"teaser-eyelet\">Catechesi giovani 2025-2026<\/span><h1 class=\"teaser-title\"><a href=\"https:\/\/www.chiesadimilano.it\/pgfom\/giovani\/servizio-giovani\/pubblicazioni-documenti\/proposta-di-catechesi\/poveri-2025-2026-per-una-spiritualita-della-carita-668382.html\" title=\"Poveri (2025-2026): per una spiritualit\u00e0 della Carit\u00e0\">Poveri (2025-2026): per una spiritualit\u00e0 della Carit\u00e0<\/a><\/h1>\n    <p class=\"teaser-summary\">Per ciascuno dei tempi liturgici dell'anno pastorale rendiamo disponibili testi di spiritualit\u00e0 della Carit\u00e0 utili per tenere viva nei giovani una sensibilit\u00e0 verso i pi\u00f9 poveri, i pi\u00f9 bisognosi ed i pi\u00f9 piccoli: la fede cristiana, infatti, si m...<\/p>\n    <\/div><\/article><article class=\"widget-teaser teaser with-eyelet\" role=\"article\" data-hint=\"teaser\"><a class=\"teaser-image\" href=\"https:\/\/www.chiesadimilano.it\/pgfom\/giovani\/sprecare-la-vita-per-amore-il-cammino-dei-giovani-di-concorezzo-782178.html\" title=\"\u201cSprecare la vita per amore\u201d: il cammino dei giovani di Concorezzo\"><span class=\"occhiello has-image\" style=\"display:none;position:absolute;bottom:0;left:0;\">Catechesi giovani 2025-2026<\/span> <img data-formato=\"\" alt=\"Catechesi Concorezzo - Sito\" src=\"https:\/\/www.chiesadimilano.it\/pgfom\/files\/2026\/03\/Catechesi-Concorezzo-Sito.jpg\"  width=\"800\" height=\"600\"  \/><\/a><div class=\"teaser-content\"><span class=\"teaser-eyelet\">Catechesi giovani 2025-2026<\/span><h1 class=\"teaser-title\"><a href=\"https:\/\/www.chiesadimilano.it\/pgfom\/giovani\/sprecare-la-vita-per-amore-il-cammino-dei-giovani-di-concorezzo-782178.html\" title=\"\u201cSprecare la vita per amore\u201d: il cammino dei giovani di Concorezzo\">\u201cSprecare la vita per amore\u201d: il cammino dei giovani di Concorezzo<\/a><\/h1>\n    <p class=\"teaser-summary\">Il percorso di fede dei 18\/19enni e dei giovani di Concorezzo nasce da una trama concreta di esperienze, relazioni e scelte. A raccontarlo sono tre voci: don Luca Valenti, giovane sacerdote, in parrocchia dal 2023, e due giovani d...<\/p>\n    <\/div><\/article><\/div><\/div><div class=\"grid site-section \" ><div class=\"grid-col-12 PgFom-10\" >    <\/div><\/div><div class=\"grid site-section \" ><div class=\"grid-col-6 teaser-special PgFom-8\" >    <\/div><div class=\"grid-col-6 PgFom-9\" >    <\/div><\/div><\/div>","protected":false},"excerpt":{"rendered":"<p>Catechesi giovani 2025-2026 Catechesi giovani 2025-2026Parola, pane e poveri (2025-2026): un metodo per un&#8217;esperienza giovanile cristiana Anche nel corso dell&#8217;anno pastorale 2025-2026 rendiamo disponibili per ciascuno dei tempi liturgici alcuni materiali utili per vivere un&#8217;esperienza giovanile autenticamente cristiana sintetizzabile attraverso tre&#8230; Catechesi giovani 2025-2026 Catechesi giovani 2025-2026Parola (2025-2026): Lectio divina con gli Atti degli Apostoli [&hellip;]<\/p>\n","protected":false},"author":0,"featured_media":0,"parent":0,"menu_order":0,"comment_status":"closed","ping_status":"closed","template":"nosidebar.php","meta":{"ip_address":"","user_agent":"","level":"","revision":"","cookie_id":"","page_referer":"","html_form":""},"acf":[],"_links":{"self":[{"href":"https:\/\/www.chiesadimilano.it\/pgfom\/wp-json\/wp\/v2\/pages\/686072"}],"collection":[{"href":"https:\/\/www.chiesadimilano.it\/pgfom\/wp-json\/wp\/v2\/pages"}],"about":[{"href":"https:\/\/www.chiesadimilano.it\/pgfom\/wp-json\/wp\/v2\/types\/page"}],"author":[{"embeddable":true,"href":"https:\/\/www.chiesadimilano.it\/pgfom\/wp-json\/wp\/v2\/users\/4"}],"replies":[{"embeddable":true,"href":"https:\/\/www.chiesadimilano.it\/pgfom\/wp-json\/wp\/v2\/comments?post=686072"}],"version-history":[{"count":6,"href":"https:\/\/www.chiesadimilano.it\/pgfom\/wp-json\/wp\/v2\/pages\/686072\/revisions"}],"predecessor-version":[{"id":782189,"href":"https:\/\/www.chiesadimilano.it\/pgfom\/wp-json\/wp\/v2\/pages\/686072\/revisions\/782189"}],"wp:attachment":[{"href":"https:\/\/www.chiesadimilano.it\/pgfom\/wp-json\/wp\/v2\/media?parent=686072"}],"curies":[{"name":"wp","href":"https:\/\/api.w.org\/{rel}","templated":true}]}}