{"id":61631,"date":"2021-01-07T10:42:21","date_gmt":"2021-01-07T09:42:21","guid":{"rendered":"https:\/\/www.chiesadimilano.it\/pgfom\/?page_id=61631"},"modified":"2021-01-08T12:06:31","modified_gmt":"2021-01-08T11:06:31","slug":"oratori","status":"publish","type":"page","link":"https:\/\/www.chiesadimilano.it\/pgfom\/oratori","title":{"rendered":"Oratori"},"content":{"rendered":"<div><div class=\"grid site-section \" ><div class=\"grid-col-8 Apertura-2\" >\n        <article class=\"teaser\" role=\"article\">\n            <a class=\"teaser-image\" href=\"https:\/\/www.chiesadimilano.it\/pgfom\/sport\/progetti-per-oratori-e-societa-sportive-44054.html\" title=\"Progetti per oratori e societ\u00e0 sportive\">\n              <img alt=\"Oratori\" src=\"https:\/\/www.chiesadimilano.it\/pgfom\/files\/2021\/01\/verovolley.jpg\"  width=\"1920\" height=\"1080\"  \/>\n            <\/a><div class=\"teaser-content\">\n        \t<span class=\"teaser-eyelet\">SPORT PER GLI ORATORI<\/span>\n            <h1 class=\"teaser-title\"><a href=\"https:\/\/www.chiesadimilano.it\/pgfom\/sport\/progetti-per-oratori-e-societa-sportive-44054.html\" title=\"Progetti per oratori e societ\u00e0 sportive\">Progetti per oratori e societ\u00e0 sportive<\/a><\/h1>\n            <p class=\"teaser-summary\">Anche quest'anno la Sezione Sport propone progetti che prevedono incontri e testimonianze di atleti extra-ordinari per stimolare ragazzi, preadolescenti ed adolescenti. Invitiamo ad un contatto scrive...<\/p>\n            <\/div>\n        <\/article>\n            <\/div><div class=\"grid-col-4 Apertura_due-1\" >\n        <article class=\"teaser\" role=\"article\">\n            <a class=\"teaser-image\" href=\"https:\/\/www.chiesadimilano.it\/pgfom\/sport\/nonsilimitailtalento-in-tour-49961.html\" title=\"#nonsilimitailtalento in tour\">\n              <img alt=\"Oratori\" src=\"https:\/\/www.chiesadimilano.it\/pgfom\/files\/2020\/03\/nonsilimitailtalento.jpg\"  width=\"800\" height=\"571\"  \/>\n            <\/a><div class=\"teaser-content\">\n        \t<span class=\"teaser-eyelet\">SPORT PER GLI ORATORI<\/span>\n            <h1 class=\"teaser-title\"><a href=\"https:\/\/www.chiesadimilano.it\/pgfom\/sport\/nonsilimitailtalento-in-tour-49961.html\" title=\"#nonsilimitailtalento in tour\">#nonsilimitailtalento in tour<\/a><\/h1>\n            <p class=\"teaser-summary\">Possiamo mettere in contatto i ragazzi con i campioni dello sport paralimpico che giocano nella Briantea84 che si sono resi disponibili a continuare l'esperienza di testimonianza e confronto di #nonsi...<\/p>\n            <\/div>\n        <\/article>\n            <\/div><\/div><div class=\"grid site-section \" ><div class=\"grid-col-6 PgFom-11\" >\n        <article class=\"teaser\" role=\"article\">\n            <a class=\"teaser-image\" href=\"https:\/\/www.chiesadimilano.it\/pgfom\/sport\/talento-in-rete-52232.html\" title=\"Talento in rete\">\n              <img alt=\"Oratori\" src=\"https:\/\/www.chiesadimilano.it\/pgfom\/files\/2020\/04\/10r.jpg\"  width=\"800\" height=\"450\"  \/>\n            <\/a><div class=\"teaser-content\">\n        \t<span class=\"teaser-eyelet\">#nonsilimitailtalento in tour<\/span>\n            <h1 class=\"teaser-title\"><a href=\"https:\/\/www.chiesadimilano.it\/pgfom\/sport\/talento-in-rete-52232.html\" title=\"Talento in rete\">Talento in rete<\/a><\/h1>\n            <p class=\"teaser-summary\">Continuano gli incontri di #nonsilimitailtalento continuano, grazie al tour online che vede come protagonisti i campioni paralimpici della societ\u00e0 Briantea 84. Le testimonianze dei giocatori raggiung...<\/p>\n            <\/div>\n        <\/article>\n            <\/div><div class=\"grid-col-6 PgFom-11\" >\n        <article class=\"teaser\" role=\"article\">\n            <a class=\"teaser-image\" href=\"https:\/\/www.chiesadimilano.it\/pgfom\/sport\/ora_sport_camp-44058.html\" title=\"Ora_Sport_Camp\">\n              <img alt=\"Oratori\" src=\"https:\/\/www.chiesadimilano.it\/pgfom\/files\/2019\/10\/camp.jpg\"  width=\"800\" height=\"600\"  \/>\n            <\/a><div class=\"teaser-content\">\n        \t<span class=\"teaser-eyelet\">IN ARRIVO...<\/span>\n            <h1 class=\"teaser-title\"><a href=\"https:\/\/www.chiesadimilano.it\/pgfom\/sport\/ora_sport_camp-44058.html\" title=\"Ora_Sport_Camp\">Ora_Sport_Camp<\/a><\/h1>\n            <p class=\"teaser-summary\">La sezione sport delle Diocesi di Milano proporr\u00e0 non appena possibile settimane sportive in oratorio attivabili durante tutto l'anno, in collaborazione con il Comitato di Milano del CSI.<\/p>\n            <\/div>\n        <\/article>\n            <\/div><\/div><div class=\"grid site-section \" ><div class=\"grid-col-12 PgFom-10\" ><\/div><\/div><div class=\"grid site-section \" ><div class=\"grid-col-6 teaser-special PgFom-8\" >\n        <article class=\"teaser\" role=\"article\">\n            <a class=\"teaser-image\" href=\"https:\/\/www.chiesadimilano.it\/pgfom\/sport\/una-nuova-collana-per-lo-sport-in-oratorio-26604.html\" title=\"Una nuova collana per lo Sport in Oratorio\">\n              <img alt=\"Copertina_SEO_1_2_sitto\" src=\"https:\/\/www.chiesadimilano.it\/pgfom\/files\/2018\/03\/Copertina_SEO_1_2_sitto.jpg\"  width=\"800\" height=\"600\"  \/>\n            <\/a><div class=\"teaser-content\">\n        \t<span class=\"teaser-eyelet\">FOM-CSI<\/span>\n            <h1 class=\"teaser-title\"><a href=\"https:\/\/www.chiesadimilano.it\/pgfom\/sport\/una-nuova-collana-per-lo-sport-in-oratorio-26604.html\" title=\"Una nuova collana per lo Sport in Oratorio\">Una nuova collana per lo Sport in Oratorio<\/a><\/h1>\n            <p class=\"teaser-summary\">Abbiamo realizzato i primi strumenti al servizio delle Societ\u00e0 Sportive e degli Oratori per attivare il lavoro di sinergia che renda lo Sport ancora di pi\u00f9 una peculiarit\u00e0 dell'Oratorio. I primi du...<\/p>\n            <\/div>\n        <\/article>\n            <\/div><div class=\"grid-col-6 PgFom-9\" >\n        <article class=\"teaser\" role=\"article\">\n            <a class=\"teaser-image\" href=\"https:\/\/www.chiesadimilano.it\/pgfom\/sport\/organizzare-la-societa-sportiva-vol-3-34202.html\" title=\"Organizzare la Societ\u00e0 Sportiva &#8211; Vol. 3\">\n              <img alt=\"centro_studi_vol_3\" src=\"https:\/\/www.chiesadimilano.it\/pgfom\/files\/2018\/12\/centro_studi_vol_3.jpg\"  width=\"800\" height=\"600\"  \/>\n            <\/a><div class=\"teaser-content\">\n        \t<span class=\"teaser-eyelet\">FOM-CSI<\/span>\n            <h1 class=\"teaser-title\"><a href=\"https:\/\/www.chiesadimilano.it\/pgfom\/sport\/organizzare-la-societa-sportiva-vol-3-34202.html\" title=\"Organizzare la Societ\u00e0 Sportiva &#8211; Vol. 3\">Organizzare la Societ\u00e0 Sportiva &#8211; Vol. 3<\/a><\/h1>\n            <p class=\"teaser-summary\">Abbiamo dato in omaggio in allegato a Il Gazzettino della Fom n. 12 del 2018 una copia del volume 3 del centro studi FOM-CSI. Altre copie possono essere acquistate presso la libreria Il Cortile di via...<\/p>\n            <\/div>\n        <\/article>\n            \n        <article class=\"teaser\" role=\"article\">\n            <a class=\"teaser-image\" href=\"https:\/\/www.chiesadimilano.it\/pgfom\/sport\/genitori-e-societa-sportiva-vol-4-42081.html\" title=\"Genitori e Societ\u00e0 Sportiva &#8211; Vol. 4\">\n              <img alt=\"Oratori\" src=\"https:\/\/www.chiesadimilano.it\/pgfom\/files\/2019\/08\/genitori_societa_sportiva_sitto.jpg\"  width=\"800\" height=\"600\"  \/>\n            <\/a><div class=\"teaser-content\">\n        \t<span class=\"teaser-eyelet\">FOM-CSI<\/span>\n            <h1 class=\"teaser-title\"><a href=\"https:\/\/www.chiesadimilano.it\/pgfom\/sport\/genitori-e-societa-sportiva-vol-4-42081.html\" title=\"Genitori e Societ\u00e0 Sportiva &#8211; Vol. 4\">Genitori e Societ\u00e0 Sportiva &#8211; Vol. 4<\/a><\/h1>\n            <p class=\"teaser-summary\">Quale rapporto \u00e8 opportuno che si instauri tra genitori e societ\u00e0 sportiva? Questo tema viene affrontato nel quarto volume del centro studi FOM-CSI consegnato in allegato a Il Gazzettino della Fom n...<\/p>\n            <\/div>\n        <\/article>\n                <\/div><\/div><\/div>","protected":false},"excerpt":{"rendered":"<p>SPORT PER GLI ORATORI Progetti per oratori e societ\u00e0 sportive Anche quest&#8217;anno la Sezione Sport propone progetti che prevedono incontri e testimonianze di atleti extra-ordinari per stimolare ragazzi, preadolescenti ed adolescenti. Invitiamo ad un contatto scrive&#8230; SPORT PER GLI ORATORI #nonsilimitailtalento in tour Possiamo mettere in contatto i ragazzi con i campioni dello sport paralimpico [&hellip;]<\/p>\n","protected":false},"author":0,"featured_media":0,"parent":0,"menu_order":0,"comment_status":"closed","ping_status":"closed","template":"","meta":{"ip_address":"","user_agent":"","level":"","revision":"","cookie_id":"","page_referer":"","html_form":""},"acf":[],"_links":{"self":[{"href":"https:\/\/www.chiesadimilano.it\/pgfom\/wp-json\/wp\/v2\/pages\/61631"}],"collection":[{"href":"https:\/\/www.chiesadimilano.it\/pgfom\/wp-json\/wp\/v2\/pages"}],"about":[{"href":"https:\/\/www.chiesadimilano.it\/pgfom\/wp-json\/wp\/v2\/types\/page"}],"author":[{"embeddable":true,"href":"https:\/\/www.chiesadimilano.it\/pgfom\/wp-json\/wp\/v2\/users\/2"}],"replies":[{"embeddable":true,"href":"https:\/\/www.chiesadimilano.it\/pgfom\/wp-json\/wp\/v2\/comments?post=61631"}],"version-history":[{"count":7,"href":"https:\/\/www.chiesadimilano.it\/pgfom\/wp-json\/wp\/v2\/pages\/61631\/revisions"}],"predecessor-version":[{"id":61737,"href":"https:\/\/www.chiesadimilano.it\/pgfom\/wp-json\/wp\/v2\/pages\/61631\/revisions\/61737"}],"wp:attachment":[{"href":"https:\/\/www.chiesadimilano.it\/pgfom\/wp-json\/wp\/v2\/media?parent=61631"}],"curies":[{"name":"wp","href":"https:\/\/api.w.org\/{rel}","templated":true}]}}