{"id":247666,"date":"2023-09-14T15:21:03","date_gmt":"2023-09-14T13:21:03","guid":{"rendered":"https:\/\/www.chiesadimilano.it\/pgfom\/?page_id=247666"},"modified":"2025-03-21T09:22:49","modified_gmt":"2025-03-21T08:22:49","slug":"dopo-la-gmg","status":"publish","type":"page","link":"https:\/\/www.chiesadimilano.it\/pgfom\/dopo-la-gmg","title":{"rendered":"Dopo la Gmg"},"content":{"rendered":"<div><div class=\"grid site-section \" ><div class=\"grid-col-8 Apertura-2\" ><article class=\"widget-teaser teaser with-eyelet\" role=\"article\" data-hint=\"teaser\"><a class=\"teaser-image\" href=\"https:\/\/www.chiesadimilano.it\/pgfom\/giovani\/lisbona-milano-frutti-ed-esperienze-post-gmg-292680.html\" title=\"Lisbona-Milano: frutti ed esperienze post GMG\"><span class=\"occhiello has-image\" style=\"display:none;position:absolute;bottom:0;left:0;\">dopo la gmg<\/span> <img data-formato=\"\" alt=\"Lisbona-Milano\" src=\"https:\/\/www.chiesadimilano.it\/pgfom\/files\/2023\/11\/IMG_6822-2-scaled.jpg\"  width=\"1920\" height=\"2560\"  \/><\/a><div class=\"teaser-content\"><span class=\"teaser-eyelet\">dopo la gmg<\/span><h1 class=\"teaser-title\"><a href=\"https:\/\/www.chiesadimilano.it\/pgfom\/giovani\/lisbona-milano-frutti-ed-esperienze-post-gmg-292680.html\" title=\"Lisbona-Milano: frutti ed esperienze post GMG\">Lisbona-Milano: frutti ed esperienze post GMG<\/a><\/h1>\n    <p class=\"teaser-summary\">Cosa sta nascendo di bello dopo l'esperienza della Giornata Mondiale della Giovent\u00f9... nel territorio? <\/p>\n    <\/div><\/article><\/div><div class=\"grid-col-4 Apertura_due-1\" ><article class=\"widget-teaser teaser with-eyelet\" role=\"article\" data-hint=\"teaser\"><a class=\"teaser-image\" href=\"https:\/\/www.chiesadimilano.it\/pgfom\/giovani\/videomessaggio-del-papa-ai-giovani-della-gmg-siate-missionari-propagatori-testimoni-di-quello-che-avete-vissuto-244789.html\" title=\"Videomessaggio del Papa ai giovani della GMG: &#8220;Siate missionari, propagatori, testimoni di quello che avete vissuto&#8221;\"><span class=\"occhiello has-image\" style=\"display:none;position:absolute;bottom:0;left:0;\">Papa<\/span> <img data-formato=\"\" alt=\"GMG 2023 - Papa Francesco e giovane\" src=\"https:\/\/www.chiesadimilano.it\/pgfom\/files\/2023\/08\/GMG-2023-Papa-Francesco-e-giovane.jpg\"  width=\"680\" height=\"382\"  \/><\/a><div class=\"teaser-content\"><span class=\"teaser-eyelet\">Papa<\/span><h1 class=\"teaser-title\"><a href=\"https:\/\/www.chiesadimilano.it\/pgfom\/giovani\/videomessaggio-del-papa-ai-giovani-della-gmg-siate-missionari-propagatori-testimoni-di-quello-che-avete-vissuto-244789.html\" title=\"Videomessaggio del Papa ai giovani della GMG: &#8220;Siate missionari, propagatori, testimoni di quello che avete vissuto&#8221;\">Videomessaggio del Papa ai giovani della GMG: &#8220;Siate missionari, propagatori, testimoni di quello che avete vissuto&#8221;<\/a><\/h1>\n    <p class=\"teaser-summary\">In un videomessaggio registrato dal vescovo ausiliare di Lisbona Am\u00e9rico Manuel Alves Aguiaralle, Papa Francesco si rivolge alle centinaia di migliaia di giovani che hanno ...<\/p>\n    <\/div><\/article><\/div><\/div><div class=\"grid site-section \" ><div class=\"grid-col-6 PgFom-11\" ><article class=\"widget-teaser teaser with-eyelet\" role=\"article\" data-hint=\"teaser\"><a class=\"teaser-image\" href=\"https:\/\/www.chiesadimilano.it\/pgfom\/giovani\/tutto-il-bene-ricevuto-ora-da-restituire-270138.html\" title=\"Tutto il bene ricevuto&#8230; ora da restituire!\"><span class=\"occhiello has-image\" style=\"display:none;position:absolute;bottom:0;left:0;\">La Gmg per noi giovani<\/span> <img data-formato=\"\" alt=\"I giovani dell'Oratorio di Cardano al Campo a Fatima\" src=\"https:\/\/www.chiesadimilano.it\/pgfom\/files\/2023\/10\/Gruppo-di-Cardano-al-Campo-con-gli-altri-giovani-del-Decanato-di-Gallarate-a-Fatima-e1696339098331.jpg\"  width=\"1024\" height=\"509\"  \/><\/a><div class=\"teaser-content\"><span class=\"teaser-eyelet\">La Gmg per noi giovani<\/span><h1 class=\"teaser-title\"><a href=\"https:\/\/www.chiesadimilano.it\/pgfom\/giovani\/tutto-il-bene-ricevuto-ora-da-restituire-270138.html\" title=\"Tutto il bene ricevuto&#8230; ora da restituire!\">Tutto il bene ricevuto&#8230; ora da restituire!<\/a><\/h1>\n    <p class=\"teaser-summary\">Le testimonianze dei giovani partecipanti alla GMG della Comunit\u00e0 pastorale Maria Ausiliatrice di Cardano al Campo... tutte da leggere!<\/p>\n    <\/div><\/article><\/div><div class=\"grid-col-6 PgFom-11\" ><article class=\"widget-teaser teaser with-eyelet\" role=\"article\" data-hint=\"teaser\"><a class=\"teaser-image\" href=\"https:\/\/www.chiesadimilano.it\/pgfom\/giovani\/da-tutto-il-mondo-verso-questa-citta-lisbona-gmg-2023-269204.html\" title=\"Da tutto il mondo verso questa citt\u00e0: Lisbona, GMG 2023\"><span class=\"occhiello has-image\" style=\"display:none;position:absolute;bottom:0;left:0;\">La Gmg per noi giovani<\/span> <img data-formato=\"\" alt=\"I giovani dell'Oratorio di Muggi\u00f2 in GMG\" src=\"https:\/\/www.chiesadimilano.it\/pgfom\/files\/2023\/10\/6a8e6e1e-3969-4898-bb9d-7cd2563986e3-e1696258130934.jpg\"  width=\"768\" height=\"701\"  \/><\/a><div class=\"teaser-content\"><span class=\"teaser-eyelet\">La Gmg per noi giovani<\/span><h1 class=\"teaser-title\"><a href=\"https:\/\/www.chiesadimilano.it\/pgfom\/giovani\/da-tutto-il-mondo-verso-questa-citta-lisbona-gmg-2023-269204.html\" title=\"Da tutto il mondo verso questa citt\u00e0: Lisbona, GMG 2023\">Da tutto il mondo verso questa citt\u00e0: Lisbona, GMG 2023<\/a><\/h1>\n    <p class=\"teaser-summary\">A Lisbona, oltre un milione e mezzo di giovani, non ragazzi perfetti, i migliori - scrivono Sara e Marta dell'oratorio di Muggi\u00f2 - ma ragazzi che con le loro fragilit\u00e0 hanno accolto l'invito di papa Francesco di testimoniare al mondo la gioia d...<\/p>\n    <\/div><\/article><\/div><\/div><div class=\"grid site-section \" ><div class=\"grid-col-12 PgFom-10\" ><article class=\"widget-teaser teaser with-eyelet\" role=\"article\" data-hint=\"teaser\"><a class=\"teaser-image\" href=\"https:\/\/www.chiesadimilano.it\/pgfom\/giovani\/un-messaggio-di-speranza-249405.html\" title=\"Un messaggio di speranza\"><span class=\"occhiello has-image\" style=\"display:none;position:absolute;bottom:0;left:0;\">La Gmg per noi giovani<\/span> <img data-formato=\"\" alt=\"I giovani di Cologno Monzese, in GMG\" src=\"https:\/\/www.chiesadimilano.it\/pgfom\/files\/2023\/09\/IMG_20230801_094848_764-e1694706486200.jpg\"  width=\"642\" height=\"476\"  \/><\/a><div class=\"teaser-content\"><span class=\"teaser-eyelet\">La Gmg per noi giovani<\/span><h1 class=\"teaser-title\"><a href=\"https:\/\/www.chiesadimilano.it\/pgfom\/giovani\/un-messaggio-di-speranza-249405.html\" title=\"Un messaggio di speranza\">Un messaggio di speranza<\/a><\/h1>\n    <p class=\"teaser-summary\">Incontri che hanno fatto crescere in condivisione e fraternit\u00e0, nel modo di volersi bene. Giovani protagonisti dell'\"oggi\"? Per i giovani del gruppo di Cologno Monzese occorre lasciarsi guidare dall'azione dello Spirito.<\/p>\n    <\/div><\/article><article class=\"widget-teaser teaser with-eyelet\" role=\"article\" data-hint=\"teaser\"><a class=\"teaser-image\" href=\"https:\/\/www.chiesadimilano.it\/pgfom\/giovani\/obrigado-ora-portiamo-agli-altri-il-messaggio-di-cristo-249466.html\" title=\"Obrigado! Ora portiamo agli altri il messaggio di Cristo\"><span class=\"occhiello has-image\" style=\"display:none;position:absolute;bottom:0;left:0;\">La Gmg per noi giovani<\/span> <img data-formato=\"\" alt=\"I giovani della Comunit\u00e0 pastorale San Paolo VI di Lonate Pozzolo, Ferno e Sant'Antonino Ticino in GMG\" src=\"https:\/\/www.chiesadimilano.it\/pgfom\/files\/2023\/09\/20230805_201525-scaled.jpg\"  width=\"2560\" height=\"1920\"  \/><\/a><div class=\"teaser-content\"><span class=\"teaser-eyelet\">La Gmg per noi giovani<\/span><h1 class=\"teaser-title\"><a href=\"https:\/\/www.chiesadimilano.it\/pgfom\/giovani\/obrigado-ora-portiamo-agli-altri-il-messaggio-di-cristo-249466.html\" title=\"Obrigado! Ora portiamo agli altri il messaggio di Cristo\">Obrigado! Ora portiamo agli altri il messaggio di Cristo<\/a><\/h1>\n    <p class=\"teaser-summary\">Tanti momenti e testimonianze significative, per cui dire \"Obrigado\". I giovani della Comunit\u00e0 pastorale San Paolo VI di Lonate Pozzolo, Ferno e Sant'Antonino Ticino, che hanno partecipato alla Giornata Mondiale della Giovent\u00f9, si impegnano, co...<\/p>\n    <\/div><\/article><article class=\"widget-teaser teaser with-eyelet\" role=\"article\" data-hint=\"teaser\"><a class=\"teaser-image\" href=\"https:\/\/www.chiesadimilano.it\/pgfom\/senza-categoria\/il-bello-di-essere-cristiani-249350.html\" title=\"Il bello di essere cristiani\"><span class=\"occhiello has-image\" style=\"display:none;position:absolute;bottom:0;left:0;\">La Gmg per noi giovani<\/span> <img data-formato=\"\" alt=\"I giovani del decanato di Saronno in GMG\" src=\"https:\/\/www.chiesadimilano.it\/pgfom\/files\/2023\/09\/PHOTO-2023-09-13-16-33-28.jpg\"  width=\"899\" height=\"1599\"  \/><\/a><div class=\"teaser-content\"><span class=\"teaser-eyelet\">La Gmg per noi giovani<\/span><h1 class=\"teaser-title\"><a href=\"https:\/\/www.chiesadimilano.it\/pgfom\/senza-categoria\/il-bello-di-essere-cristiani-249350.html\" title=\"Il bello di essere cristiani\">Il bello di essere cristiani<\/a><\/h1>\n    <p class=\"teaser-summary\">Alla Giornata Mondiale della Giovent\u00f9 si \u00e8 respirata una gioia pi\u00f9 autentica, che ha permesso di riscoprire la bellezza dell'essere cristiani, perch\u00e8 chiamati dall'amore di Dio. Federico ha percepito anche la gioia di una fede condivisa, in un'esperienza che ha creato e r...<\/p>\n    <\/div><\/article><\/div><\/div><div class=\"grid site-section \" ><div class=\"grid-col-6 teaser-special PgFom-8\" ><article class=\"widget-teaser teaser with-eyelet\" role=\"article\" data-hint=\"teaser\"><a class=\"teaser-image\" href=\"https:\/\/www.chiesadimilano.it\/pgfom\/giovani\/una-voce-che-si-fa-globale-una-voce-che-canta-il-magnificat-271039.html\" title=\"Una voce che si fa globale, una voce che canta il Magnificat\"><span class=\"occhiello has-image\" style=\"display:none;position:absolute;bottom:0;left:0;\">La Gmg per noi giovani<\/span> <img data-formato=\"\" alt=\"I giovani dell'Unit\u00e0 di pastorale giovanile Arluno Casorezzo, decanato Villoresi, in GMG\" src=\"https:\/\/www.chiesadimilano.it\/pgfom\/files\/2023\/10\/gruppo-GMG-2-.jpg\"  width=\"1600\" height=\"1200\"  \/><\/a><div class=\"teaser-content\"><span class=\"teaser-eyelet\">La Gmg per noi giovani<\/span><h1 class=\"teaser-title\"><a href=\"https:\/\/www.chiesadimilano.it\/pgfom\/giovani\/una-voce-che-si-fa-globale-una-voce-che-canta-il-magnificat-271039.html\" title=\"Una voce che si fa globale, una voce che canta il Magnificat\">Una voce che si fa globale, una voce che canta il Magnificat<\/a><\/h1>\n    <p class=\"teaser-summary\">Alzarsi, come ha fatto Maria dopo l'Annunciazione, non \u00e8 facile... sollevarci, rialzare gli altri, con la fretta buona che ci spinge verso gli altri. I giovani dell'UPG di Arluno e Casorezzo riflettono e condividono la loro magnifica esperi...<\/p>\n    <\/div><\/article><\/div><div class=\"grid-col-6 PgFom-9\" >\n        <article class=\"teaser\" role=\"article\">\n            <a class=\"teaser-image\" href=\"https:\/\/www.chiesadimilano.it\/pgfom\/giovani\/ci-siamo-tuffati-nel-cuore-di-dio-270744.html\" title=\"Ci siamo tuffati nel cuore di Dio\">\n              <img alt=\"Dopo la Gmg\" src=\"https:\/\/www.chiesadimilano.it\/pgfom\/files\/2023\/10\/WhatsApp-Image-2023-10-04-at-16.13.27.jpeg\"  width=\"2040\" height=\"1148\"  \/>\n            <\/a><div class=\"teaser-content\">\n        \t<span class=\"teaser-eyelet\">La Gmg per noi giovani<\/span>\n            <h1 class=\"teaser-title\"><a href=\"https:\/\/www.chiesadimilano.it\/pgfom\/giovani\/ci-siamo-tuffati-nel-cuore-di-dio-270744.html\" title=\"Ci siamo tuffati nel cuore di Dio\">Ci siamo tuffati nel cuore di Dio<\/a><\/h1>\n            <p class=\"teaser-summary\">Un'esperienza potente ed intensa, inaspettata e sorprendente, per i giovani della Comunit\u00e0 pastorale Divina Misericordia di Bellinzago Lombardo, Cambiago e Gessate. Che lascia il segno e travolge, en...<\/p>\n            <\/div>\n        <\/article>\n            \n        <article class=\"teaser\" role=\"article\">\n            <a class=\"teaser-image\" href=\"https:\/\/www.chiesadimilano.it\/pgfom\/giovani\/no-tengan-miedo-251946.html\" title=\"No tengan miedo\">\n              <img alt=\"I giovani della Comunit\u00e0 pastorale Dio Padre del Perdono di Melegnano in GMG\" src=\"https:\/\/www.chiesadimilano.it\/pgfom\/files\/2023\/09\/IMG-20230806-WA0007-e1695034430368.jpg\"  width=\"1200\" height=\"980\"  \/>\n            <\/a><div class=\"teaser-content\">\n        \t<span class=\"teaser-eyelet\">La Gmg per noi giovani<\/span>\n            <h1 class=\"teaser-title\"><a href=\"https:\/\/www.chiesadimilano.it\/pgfom\/giovani\/no-tengan-miedo-251946.html\" title=\"No tengan miedo\">No tengan miedo<\/a><\/h1>\n            <p class=\"teaser-summary\">Capita di sentirsi inadatti, scoraggiati, sconfitti; ma le parole di speranza che Papa Francesco ha rivolto ai giovani in GMG colpiscono anche Adele, con la Comunit\u00e0 pastorale Dio Padre del Perdono d...<\/p>\n            <\/div>\n        <\/article>\n            \n        <article class=\"teaser\" role=\"article\">\n            <a class=\"teaser-image\" href=\"https:\/\/www.chiesadimilano.it\/pgfom\/giovani\/la-chiesa-e-viva-la-chiesa-e-giovane-249606.html\" title=\"La Chiesa \u00e8 viva, la Chiesa \u00e8 giovane!\">\n              <img alt=\"Dopo la Gmg\" src=\"https:\/\/www.chiesadimilano.it\/pgfom\/files\/2023\/09\/TUQP3531-e1694709697735.jpg\"  width=\"1295\" height=\"915\"  \/>\n            <\/a><div class=\"teaser-content\">\n        \t<span class=\"teaser-eyelet\">La Gmg per noi giovani<\/span>\n            <h1 class=\"teaser-title\"><a href=\"https:\/\/www.chiesadimilano.it\/pgfom\/giovani\/la-chiesa-e-viva-la-chiesa-e-giovane-249606.html\" title=\"La Chiesa \u00e8 viva, la Chiesa \u00e8 giovane!\">La Chiesa \u00e8 viva, la Chiesa \u00e8 giovane!<\/a><\/h1>\n            <p class=\"teaser-summary\">Cosa spinge un giovane a partecipare a un'esperienza come la Giornata Mondiale della Giovent\u00f9? Si parte come risposta a una Chiamata... Cosa rimane al rientro, dopo quanto vissuto? Le riflessioni di ...<\/p>\n            <\/div>\n        <\/article>\n            \n        <article class=\"teaser\" role=\"article\">\n            <a class=\"teaser-image\" href=\"https:\/\/www.chiesadimilano.it\/pgfom\/giovani\/unoccasione-252025.html\" title=\"Un&#8217;occasione\">\n              <img alt=\"Dopo la Gmg\" src=\"https:\/\/www.chiesadimilano.it\/pgfom\/files\/2023\/09\/IMG-20230804-WA0055.jpg\"  width=\"1600\" height=\"1197\"  \/>\n            <\/a><div class=\"teaser-content\">\n        \t<span class=\"teaser-eyelet\">La Gmg per noi giovani<\/span>\n            <h1 class=\"teaser-title\"><a href=\"https:\/\/www.chiesadimilano.it\/pgfom\/giovani\/unoccasione-252025.html\" title=\"Un&#8217;occasione\">Un&#8217;occasione<\/a><\/h1>\n            <p class=\"teaser-summary\">Una parola ritorna nei pensieri di Simone, dell'Oratorio Sant'Andrea di Milano: occasione. Di incontro dell'altro, per rimettersi in discussione, riflettere... da vivere e ricordare!<\/p>\n            <\/div>\n        <\/article>\n            \n        <article class=\"teaser\" role=\"article\">\n            <a class=\"teaser-image\" href=\"https:\/\/www.chiesadimilano.it\/pgfom\/giovani\/i-doni-della-giornata-mondiale-della-gioventu-249150.html\" title=\"I doni della Giornata Mondiale della Giovent\u00f9\">\n              <img alt=\"Dopo la Gmg\" src=\"https:\/\/www.chiesadimilano.it\/pgfom\/files\/2023\/09\/WhatsApp-Image-2023-09-16-at-06.37.512.jpeg\"  width=\"1600\" height=\"1200\"  \/>\n            <\/a><div class=\"teaser-content\">\n        \t<span class=\"teaser-eyelet\">La Gmg per noi giovani<\/span>\n            <h1 class=\"teaser-title\"><a href=\"https:\/\/www.chiesadimilano.it\/pgfom\/giovani\/i-doni-della-giornata-mondiale-della-gioventu-249150.html\" title=\"I doni della Giornata Mondiale della Giovent\u00f9\">I doni della Giornata Mondiale della Giovent\u00f9<\/a><\/h1>\n            <p class=\"teaser-summary\">Quali sono i doni preziosi che una Gmg lascia nel cuore? I giovani e i 18enni del gruppo della Comunit\u00e0 pastorale Madonna del Carmine, con Lesmo e la Parrocchia di Bellano, fissano le parole e i mome...<\/p>\n            <\/div>\n        <\/article>\n            \n        <article class=\"teaser\" role=\"article\">\n            <a class=\"teaser-image\" href=\"https:\/\/www.chiesadimilano.it\/pgfom\/giovani\/gmg-giornata-mondiale-della-gioventu-cioe-252043.html\" title=\"GMG: Giornata Mondiale della Giovent\u00f9, cio\u00e8&#8230;\">\n              <img alt=\"Dopo la Gmg\" src=\"https:\/\/www.chiesadimilano.it\/pgfom\/files\/2023\/09\/WhatsApp-Image-2023-09-16-at-06.41.30.jpeg\"  width=\"2048\" height=\"1536\"  \/>\n            <\/a><div class=\"teaser-content\">\n        \t<span class=\"teaser-eyelet\">La Gmg per noi giovani<\/span>\n            <h1 class=\"teaser-title\"><a href=\"https:\/\/www.chiesadimilano.it\/pgfom\/giovani\/gmg-giornata-mondiale-della-gioventu-cioe-252043.html\" title=\"GMG: Giornata Mondiale della Giovent\u00f9, cio\u00e8&#8230;\">GMG: Giornata Mondiale della Giovent\u00f9, cio\u00e8&#8230;<\/a><\/h1>\n            <p class=\"teaser-summary\">Per Alice, dell'Oratorio Sant'Andrea di Milano, la Giornata Mondiale della Giovent\u00f9 \u00e8 stata Gioia, Missione e Gratitudine: \"Noi giovani siamo stati invitati a riflettere su cosa vogliamo dare al mon...<\/p>\n            <\/div>\n        <\/article>\n            \n        <article class=\"teaser\" role=\"article\">\n            <a class=\"teaser-image\" href=\"https:\/\/www.chiesadimilano.it\/pgfom\/giovani\/unesperienza-che-portero-nel-cuore-per-sempre-248596.html\" title=\"Un&#8217;esperienza che porter\u00f2 nel cuore per sempre\">\n              <img alt=\"Dopo la Gmg\" src=\"https:\/\/www.chiesadimilano.it\/pgfom\/files\/2023\/09\/PHOTO-2023-09-12-15-02-32.jpg\"  width=\"1600\" height=\"900\"  \/>\n            <\/a><div class=\"teaser-content\">\n        \t<span class=\"teaser-eyelet\">La Gmg per noi giovani<\/span>\n            <h1 class=\"teaser-title\"><a href=\"https:\/\/www.chiesadimilano.it\/pgfom\/giovani\/unesperienza-che-portero-nel-cuore-per-sempre-248596.html\" title=\"Un&#8217;esperienza che porter\u00f2 nel cuore per sempre\">Un&#8217;esperienza che porter\u00f2 nel cuore per sempre<\/a><\/h1>\n            <p class=\"teaser-summary\">Riuniti per celebrare la fede: un'esperienza indimenticabile, quella della Giornata Mondiale della Giovent\u00f9, per Andrea di Cornaredo.<\/p>\n            <\/div>\n        <\/article>\n            \n        <article class=\"teaser\" role=\"article\">\n            <a class=\"teaser-image\" href=\"https:\/\/www.chiesadimilano.it\/pgfom\/giovani\/la-gmg-un-arcobaleno-di-colori-247697.html\" title=\"La GMG: un arcobaleno di colori\">\n              <img alt=\"Dopo la Gmg\" src=\"https:\/\/www.chiesadimilano.it\/pgfom\/files\/2023\/09\/DSC_1040-scaled.jpg\"  width=\"2560\" height=\"1707\"  \/>\n            <\/a><div class=\"teaser-content\">\n        \t<span class=\"teaser-eyelet\">La Gmg per noi giovani<\/span>\n            <h1 class=\"teaser-title\"><a href=\"https:\/\/www.chiesadimilano.it\/pgfom\/giovani\/la-gmg-un-arcobaleno-di-colori-247697.html\" title=\"La GMG: un arcobaleno di colori\">La GMG: un arcobaleno di colori<\/a><\/h1>\n            <p class=\"teaser-summary\">Le emozioni e i colori della Giornata Mondiale della Giovent\u00f9 nella parole di Giada che ha condiviso questa esperienza, vivendo la fatica, ma soprattutto la gioia con il gruppo dell'Oratorio San Carl...<\/p>\n            <\/div>\n        <\/article>\n            <\/div><\/div><\/div>","protected":false},"excerpt":{"rendered":"<p>dopo la gmg dopo la gmgLisbona-Milano: frutti ed esperienze post GMG Cosa sta nascendo di bello dopo l&#8217;esperienza della Giornata Mondiale della Giovent\u00f9&#8230; nel territorio? Papa PapaVideomessaggio del Papa ai giovani della GMG: &#8220;Siate missionari, propagatori, testimoni di quello che avete vissuto&#8221; In un videomessaggio registrato dal vescovo ausiliare di Lisbona Am\u00e9rico Manuel Alves Aguiaralle, [&hellip;]<\/p>\n","protected":false},"author":0,"featured_media":0,"parent":0,"menu_order":0,"comment_status":"closed","ping_status":"closed","template":"nosidebar.php","meta":{"ip_address":"","user_agent":"","level":"","revision":"","cookie_id":"","page_referer":"","html_form":""},"acf":[],"_links":{"self":[{"href":"https:\/\/www.chiesadimilano.it\/pgfom\/wp-json\/wp\/v2\/pages\/247666"}],"collection":[{"href":"https:\/\/www.chiesadimilano.it\/pgfom\/wp-json\/wp\/v2\/pages"}],"about":[{"href":"https:\/\/www.chiesadimilano.it\/pgfom\/wp-json\/wp\/v2\/types\/page"}],"author":[{"embeddable":true,"href":"https:\/\/www.chiesadimilano.it\/pgfom\/wp-json\/wp\/v2\/users\/4"}],"replies":[{"embeddable":true,"href":"https:\/\/www.chiesadimilano.it\/pgfom\/wp-json\/wp\/v2\/comments?post=247666"}],"version-history":[{"count":14,"href":"https:\/\/www.chiesadimilano.it\/pgfom\/wp-json\/wp\/v2\/pages\/247666\/revisions"}],"predecessor-version":[{"id":249990,"href":"https:\/\/www.chiesadimilano.it\/pgfom\/wp-json\/wp\/v2\/pages\/247666\/revisions\/249990"}],"wp:attachment":[{"href":"https:\/\/www.chiesadimilano.it\/pgfom\/wp-json\/wp\/v2\/media?parent=247666"}],"curies":[{"name":"wp","href":"https:\/\/api.w.org\/{rel}","templated":true}]}}