{"id":167018,"date":"2023-07-21T14:42:44","date_gmt":"2023-07-21T12:42:44","guid":{"rendered":"https:\/\/www.chiesadimilano.it\/pgfom\/?page_id=167018"},"modified":"2023-09-19T15:54:17","modified_gmt":"2023-09-19T13:54:17","slug":"catechesi-giovani-2023-2024","status":"publish","type":"page","link":"https:\/\/www.chiesadimilano.it\/pgfom\/catechesi-giovani-2023-2024","title":{"rendered":"Catechesi giovani 2023-2024"},"content":{"rendered":"<div><div class=\"grid site-section \" ><div class=\"grid-col-8 Apertura-2\" >\n        <article class=\"teaser\" role=\"article\">\n            <a class=\"teaser-image\" href=\"https:\/\/www.chiesadimilano.it\/pgfom\/giovani\/servizio-giovani\/pubblicazioni-documenti\/proposta-di-catechesi\/parola-pane-e-poveri-un-metodo-per-unesperienza-giovanile-autenticamente-cristiana-2023-2024-163018.html\" title=\"Parola, pane e poveri: un metodo per un&#8217;esperienza giovanile autenticamente cristiana (2023-20...\">\n              <img alt=\"Parola, pane e poveri 2023-2024 - Sito\" src=\"https:\/\/www.chiesadimilano.it\/pgfom\/files\/2023\/07\/Parola-pane-e-poveri-2023-2024-Sito.jpg\"  width=\"800\" height=\"600\"  \/>\n            <\/a><div class=\"teaser-content\">\n        \t<span class=\"teaser-eyelet\">Catechesi giovani 2023-2024<\/span>\n            <h1 class=\"teaser-title\"><a href=\"https:\/\/www.chiesadimilano.it\/pgfom\/giovani\/servizio-giovani\/pubblicazioni-documenti\/proposta-di-catechesi\/parola-pane-e-poveri-un-metodo-per-unesperienza-giovanile-autenticamente-cristiana-2023-2024-163018.html\" title=\"Parola, pane e poveri: un metodo per un&#8217;esperienza giovanile autenticamente cristiana (2023-20...\">Parola, pane e poveri: un metodo per un&#8217;esperienza giovanile autenticamente cristiana (2023-20...<\/a><\/h1>\n            <p class=\"teaser-summary\">Anche nel corso di questo anno pastorale renderemo di volta in volta disponibili alcuni materiali utili per vivere un'esperienza giovanile autenticamente cristiana sintetizzabile attraverso tre parole...<\/p>\n            <\/div>\n        <\/article>\n            <\/div><div class=\"grid-col-4 Apertura_due-1\" >\n        <article class=\"teaser\" role=\"article\">\n            <a class=\"teaser-image\" href=\"https:\/\/www.chiesadimilano.it\/pgfom\/giovani\/servizio-giovani\/pubblicazioni-documenti\/proposta-di-catechesi\/parola-lectio-divina-per-i-giovani-2023-2024-163035.html\" title=\"Parola: Lectio divina per i giovani (2023-2024)\">\n              <img alt=\"Parola - Lectio divina 2023-2024\" src=\"https:\/\/www.chiesadimilano.it\/pgfom\/files\/2023\/07\/Parola-Lectio-divina-2023-2024.jpg\"  width=\"800\" height=\"600\"  \/>\n            <\/a><div class=\"teaser-content\">\n        \t<span class=\"teaser-eyelet\">Catechesi giovani 2023-2024<\/span>\n            <h1 class=\"teaser-title\"><a href=\"https:\/\/www.chiesadimilano.it\/pgfom\/giovani\/servizio-giovani\/pubblicazioni-documenti\/proposta-di-catechesi\/parola-lectio-divina-per-i-giovani-2023-2024-163035.html\" title=\"Parola: Lectio divina per i giovani (2023-2024)\">Parola: Lectio divina per i giovani (2023-2024)<\/a><\/h1>\n            <p class=\"teaser-summary\">Nel corso dell'anno pastorale proporremo ai gruppi giovanili diocesani testi utili per meditare su una pagina biblica tratta da Genesi 1-3<\/p>\n            <\/div>\n        <\/article>\n            <\/div><\/div><div class=\"grid site-section \" ><div class=\"grid-col-6 PgFom-11\" >\n        <article class=\"teaser\" role=\"article\">\n            <a class=\"teaser-image\" href=\"https:\/\/www.chiesadimilano.it\/pgfom\/giovani\/servizio-giovani\/pubblicazioni-documenti\/proposta-di-catechesi\/pane-adorazione-eucaristica-per-i-giovani-2023-2024-163059.html\" title=\"Pane: adorazione eucaristica per i giovani (2023-2024)\">\n              <img alt=\"Pane - Adorazione eucaristica 2023-2024\" src=\"https:\/\/www.chiesadimilano.it\/pgfom\/files\/2023\/07\/Pane-Adorazione-eucaristica-2023-2024.jpg\"  width=\"800\" height=\"600\"  \/>\n            <\/a><div class=\"teaser-content\">\n        \t<span class=\"teaser-eyelet\">Catechesi giovani 2023-2024<\/span>\n            <h1 class=\"teaser-title\"><a href=\"https:\/\/www.chiesadimilano.it\/pgfom\/giovani\/servizio-giovani\/pubblicazioni-documenti\/proposta-di-catechesi\/pane-adorazione-eucaristica-per-i-giovani-2023-2024-163059.html\" title=\"Pane: adorazione eucaristica per i giovani (2023-2024)\">Pane: adorazione eucaristica per i giovani (2023-2024)<\/a><\/h1>\n            <p class=\"teaser-summary\">Invitiamo i gruppi giovanili a partecipare ad incontri di preghiera silenziosa davanti all'Eucaristia: per questo motivo nel corso dell'anno pastorale sar\u00e0 possibile scaricare testi per l'adorazione ...<\/p>\n            <\/div>\n        <\/article>\n            <article class=\"widget-teaser teaser with-eyelet\" role=\"article\" data-hint=\"teaser\"><a class=\"teaser-image\" href=\"https:\/\/www.chiesadimilano.it\/pgfom\/giovani\/per-approfondire-le-tematiche-della-proposta-pastorale-viviamo-di-una-vita-ricevuta-252612.html\" title=\"Per approfondire le tematiche della proposta pastorale &#8220;Viviamo di una vita ricevuta&#8221;\"><span class=\"occhiello has-image\" style=\"display:none;position:absolute;bottom:0;left:0;\">Catechesi giovani 2023-2024<\/span> <img data-formato=\"\" alt=\"Fidanzati - Videomessaggio Arcivescovo 2022 (1)\" src=\"https:\/\/www.chiesadimilano.it\/pgfom\/files\/2022\/02\/Fidanzati-Videomessaggio-Arcivescovo-2022-1.jpg\"  width=\"800\" height=\"600\"  \/><\/a><div class=\"teaser-content\"><span class=\"teaser-eyelet\">Catechesi giovani 2023-2024<\/span><h1 class=\"teaser-title\"><a href=\"https:\/\/www.chiesadimilano.it\/pgfom\/giovani\/per-approfondire-le-tematiche-della-proposta-pastorale-viviamo-di-una-vita-ricevuta-252612.html\" title=\"Per approfondire le tematiche della proposta pastorale &#8220;Viviamo di una vita ricevuta&#8221;\">Per approfondire le tematiche della proposta pastorale &#8220;Viviamo di una vita ricevuta&#8221;<\/a><\/h1>\n    <p class=\"teaser-summary\">Prendendo spunto dalla proposta pastorale per l'anno 2023-2024, mettiamo a disposizione materiale che gli educatori potranno utilizzare per \"accompagnare i ragazzi e le ragazze nell'imparare ad amare\" e ...<\/p>\n    <\/div><\/article><\/div><div class=\"grid-col-6 PgFom-11\" >\n        <article class=\"teaser\" role=\"article\">\n            <a class=\"teaser-image\" href=\"https:\/\/www.chiesadimilano.it\/pgfom\/giovani\/servizio-giovani\/pubblicazioni-documenti\/proposta-di-catechesi\/poveri-spiritualita-della-carita-per-i-giovani-2023-2024-163083.html\" title=\"Poveri: spiritualit\u00e0 della Carit\u00e0 per i giovani (2023-2024)\">\n              <img alt=\"Poveri - Spiritualit\u00e0 della Carit\u00e0 2023-2024\" src=\"https:\/\/www.chiesadimilano.it\/pgfom\/files\/2023\/07\/Poveri-Spiritualita-della-Carita-2023-2024.jpg\"  width=\"800\" height=\"600\"  \/>\n            <\/a><div class=\"teaser-content\">\n        \t<span class=\"teaser-eyelet\">Catechesi giovani 2023-2024<\/span>\n            <h1 class=\"teaser-title\"><a href=\"https:\/\/www.chiesadimilano.it\/pgfom\/giovani\/servizio-giovani\/pubblicazioni-documenti\/proposta-di-catechesi\/poveri-spiritualita-della-carita-per-i-giovani-2023-2024-163083.html\" title=\"Poveri: spiritualit\u00e0 della Carit\u00e0 per i giovani (2023-2024)\">Poveri: spiritualit\u00e0 della Carit\u00e0 per i giovani (2023-2024)<\/a><\/h1>\n            <p class=\"teaser-summary\">Durante l'anno pastorale presenteremo ai giovani alcuni luoghi e contesti significativi dove quotidianamente la spiritualit\u00e0 della Carit\u00e0 si manifesta fattivamente in esperienze di prossimit\u00e0 ai pi...<\/p>\n            <\/div>\n        <\/article>\n            \n<article class=\"teaser\" role=\"article\">\n    <a class=\"teaser-image\" href=\"https:\/\/www.chiesadimilano.it\/pgfom\/giovani-e-vescovi\" title=\"&quot;Giovani e Vescovi&quot; vai alla sezione dedicata\">\n      <img src=\"https:\/\/www.chiesadimilano.it\/pgfom\/files\/2021\/11\/GiovanieVescovi.jpg\"    \/>\n    <\/a><div class=\"teaser-content\">\n    <h1 class=\"banner-title\"><a href=\"https:\/\/www.chiesadimilano.it\/pgfom\/giovani-e-vescovi\" title=\"&quot;Giovani e Vescovi&quot; vai alla sezione dedicata\">&quot;Giovani e Vescovi&quot; vai alla sezione dedicata<\/a><\/h1>\n    <p class=\"banner-summary\">Prosegue il percorso \"Giovani e Vescovi\": da ottobre 2023 ad aprile 2024 si invitano i gruppi giovanili dei decanati e pi\u00f9 in generale del territorio a percorrere i 5 sentieri (vocazione e lavoro; riti; affetti, vita e dono di s\u00e9; ecologia; intercultura): saranno predisposte e rese scaricabili delle schede per il confronto nei gruppi giovanili su queste tematiche<\/p>\n    <\/div>\n<\/article>\n    <\/div><\/div><div class=\"grid site-section \" ><div class=\"grid-col-12 PgFom-10\" >        <\/div><\/div><div class=\"grid site-section \" ><div class=\"grid-col-6 teaser-special PgFom-8\" >    <\/div><div class=\"grid-col-6 PgFom-9\" >    <\/div><\/div><\/div>","protected":false},"excerpt":{"rendered":"<p>Catechesi giovani 2023-2024 Parola, pane e poveri: un metodo per un&#8217;esperienza giovanile autenticamente cristiana (2023-20&#8230; Anche nel corso di questo anno pastorale renderemo di volta in volta disponibili alcuni materiali utili per vivere un&#8217;esperienza giovanile autenticamente cristiana sintetizzabile attraverso tre parole&#8230; Catechesi giovani 2023-2024 Parola: Lectio divina per i giovani (2023-2024) Nel corso dell&#8217;anno pastorale [&hellip;]<\/p>\n","protected":false},"author":0,"featured_media":0,"parent":0,"menu_order":0,"comment_status":"closed","ping_status":"closed","template":"nosidebar.php","meta":{"ip_address":"","user_agent":"","level":"","revision":"","cookie_id":"","page_referer":"","html_form":""},"acf":[],"_links":{"self":[{"href":"https:\/\/www.chiesadimilano.it\/pgfom\/wp-json\/wp\/v2\/pages\/167018"}],"collection":[{"href":"https:\/\/www.chiesadimilano.it\/pgfom\/wp-json\/wp\/v2\/pages"}],"about":[{"href":"https:\/\/www.chiesadimilano.it\/pgfom\/wp-json\/wp\/v2\/types\/page"}],"author":[{"embeddable":true,"href":"https:\/\/www.chiesadimilano.it\/pgfom\/wp-json\/wp\/v2\/users\/4"}],"replies":[{"embeddable":true,"href":"https:\/\/www.chiesadimilano.it\/pgfom\/wp-json\/wp\/v2\/comments?post=167018"}],"version-history":[{"count":5,"href":"https:\/\/www.chiesadimilano.it\/pgfom\/wp-json\/wp\/v2\/pages\/167018\/revisions"}],"predecessor-version":[{"id":195876,"href":"https:\/\/www.chiesadimilano.it\/pgfom\/wp-json\/wp\/v2\/pages\/167018\/revisions\/195876"}],"wp:attachment":[{"href":"https:\/\/www.chiesadimilano.it\/pgfom\/wp-json\/wp\/v2\/media?parent=167018"}],"curies":[{"name":"wp","href":"https:\/\/api.w.org\/{rel}","templated":true}]}}