{"id":48,"date":"2017-04-06T13:14:44","date_gmt":"2017-04-06T11:14:44","guid":{"rendered":"http:\/\/production-cdm.glauco.it\/fondofamiglialavoro\/?page_id=48"},"modified":"2017-04-11T13:17:23","modified_gmt":"2017-04-11T11:17:23","slug":"prima-fase","status":"publish","type":"page","link":"https:\/\/www.chiesadimilano.it\/fondofamiglialavoro\/prima-fase","title":{"rendered":"Prima Fase"},"content":{"rendered":"<div><div class=\"grid site-section \" ><div class=\"grid-col-9 Apertura-1\" >\n<article class=\"teaser\" role=\"article\" data-hint=\"teaserlink\">\n    <a class=\"teaser-image\" href=\"http:\/\/www.chiesadimilano.it\/chiesa-diocesi\/fondo-la-seconda-fase-per-ritrovare-un-lavoro-72505.html\" title=\"Fondo, la seconda fase per ritrovare un lavoro\">\n       <span class=\"teaser-eyelet overimage-teaser-eyelet\" style=\"display:none;position:absolute;bottom:0;left:0;\">Intervista<\/span>\n        <!-- span class=\"occhiello has-image\" style=\"display:none;position:absolute;bottom:0;left:0;\">Intervista<\/span -->\n      <img src=\"https:\/\/www.chiesadimilano.it\/wp-content\/uploads\/2017\/02\/gentespalle__1.62043.jpg\"   \/>\n    <\/a><div class=\"teaser-content\"   has_image \">\n    \t<span class=\"teaser-eyelet\">Intervista<\/span>\n        <h1 class=\"teaser-title\"><a href=\"http:\/\/www.chiesadimilano.it\/chiesa-diocesi\/fondo-la-seconda-fase-per-ritrovare-un-lavoro-72505.html\" title=\"Fondo, la seconda fase per ritrovare un lavoro\">Fondo, la seconda fase per ritrovare un lavoro<\/a><\/h1>\n        <p class=\"teaser-summary\">Parla il segretario generale Luciano Gualzetti: inviate le istruzioni per partire con le nuove proposte<\/p>\n        <\/div>\n    <\/article>\n    <\/div><div class=\"grid-col-3 Colonnino-1\" >\n<article class=\"teaser\" role=\"article\" data-hint=\"teaserlink\">\n    <a class=\"teaser-image\" href=\"http:\/\/www.chiesadimilano.it\/per-il-fondo-necessari-altri-due-milioni-12969\/\" title=\"\u00abPer il Fondo necessari altri due milioni\u00bb\">\n       <span class=\"teaser-eyelet overimage-teaser-eyelet\" style=\"display:none;position:absolute;bottom:0;left:0;\">Famiglia-Lavoro<\/span>\n        <!-- span class=\"occhiello has-image\" style=\"display:none;position:absolute;bottom:0;left:0;\">Famiglia-Lavoro<\/span -->\n      <img src=\"https:\/\/www.chiesadimilano.it\/wp-content\/uploads\/2017\/02\/1.44072.gif\"   \/>\n    <\/a><div class=\"teaser-content\"   has_image \">\n    \t<span class=\"teaser-eyelet\">Famiglia-Lavoro<\/span>\n        <h1 class=\"teaser-title\"><a href=\"http:\/\/www.chiesadimilano.it\/per-il-fondo-necessari-altri-due-milioni-12969\/\" title=\"\u00abPer il Fondo necessari altri due milioni\u00bb\">\u00abPer il Fondo necessari altri due milioni\u00bb<\/a><\/h1>\n        <p class=\"teaser-summary\">L\u2019iniziativa terminer\u00e0 il 31 dicembre, ma le domande vanno presentate entro il 31 luglio. Attendono il contributo almeno 500 famiglie, ma si stima che a fine mese saranno il doppio. Perci\u00f2 servono...<\/p>\n        <\/div>\n    <\/article>\n    <\/div><\/div><div class=\"grid site-section \" ><div class=\"grid-col-6 teaser-special Evidenza-1\" >\n<article class=\"teaser\" role=\"article\" data-hint=\"teaserlink\">\n    <a class=\"teaser-image\" href=\"http:\/\/www.chiesadimilano.it\/fondo-famiglia-lavoro\/per-una-concittadinanza-nuova-13027.html\" title=\"Per una \u201cconcittadinanza nuova\u201d\">\n       <span class=\"teaser-eyelet overimage-teaser-eyelet\" style=\"display:none;position:absolute;bottom:0;left:0;\">Milano<\/span>\n        <!-- span class=\"occhiello has-image\" style=\"display:none;position:absolute;bottom:0;left:0;\">Milano<\/span -->\n      <img src=\"https:\/\/www.chiesadimilano.it\/wp-content\/uploads\/2017\/02\/1.23472.jpg\"   \/>\n    <\/a><div class=\"teaser-content\"   has_image \">\n    \t<span class=\"teaser-eyelet\">Milano<\/span>\n        <h1 class=\"teaser-title\"><a href=\"http:\/\/www.chiesadimilano.it\/fondo-famiglia-lavoro\/per-una-concittadinanza-nuova-13027.html\" title=\"Per una \u201cconcittadinanza nuova\u201d\">Per una \u201cconcittadinanza nuova\u201d<\/a><\/h1>\n        <p class=\"teaser-summary\">Al convegno alla vigilia della Giornata della Solidariet\u00e0 il bilancio di due anni di attivit\u00e0 de Fondo Famiglia-Lavoro.Il cardinale Tettamanzi ha proposto una nuova forma di compartecipazione al sup...<\/p>\n        <\/div>\n    <\/article>\n    <\/div><div class=\"grid-col-6  Orizzontale-2\" >\n<article class=\"teaser\" role=\"article\" data-hint=\"teaserlink\">\n    <a class=\"teaser-image\" href=\"http:\/\/www.chiesadimilano.it\/fondo-famiglia-lavoro\/federalismo-solidale-patto-oltre-i-propri-interessi-12980.html\" title=\"\u00abFederalismo solidale\u00bb: patto oltre i propri interessi\">\n       <span class=\"teaser-eyelet overimage-teaser-eyelet\" style=\"display:none;position:absolute;bottom:0;left:0;\">Fondo<\/span>\n        <!-- span class=\"occhiello has-image\" style=\"display:none;position:absolute;bottom:0;left:0;\">Fondo<\/span -->\n      <img src=\"https:\/\/www.chiesadimilano.it\/wp-content\/uploads\/2017\/02\/1.23500.jpg\"   \/>\n    <\/a><div class=\"teaser-content\"   has_image \">\n    \t<span class=\"teaser-eyelet\">Fondo<\/span>\n        <h1 class=\"teaser-title\"><a href=\"http:\/\/www.chiesadimilano.it\/fondo-famiglia-lavoro\/federalismo-solidale-patto-oltre-i-propri-interessi-12980.html\" title=\"\u00abFederalismo solidale\u00bb: patto oltre i propri interessi\">\u00abFederalismo solidale\u00bb: patto oltre i propri interessi<\/a><\/h1>\n        <p class=\"teaser-summary\">Il binomio scelto dalla Diocesi per lanciare una nuova fase della raccolta<\/p>\n        <\/div>\n    <\/article>\n    \n<article class=\"teaser\" role=\"article\" data-hint=\"teaserlink\">\n    <a class=\"teaser-image\" href=\"http:\/\/www.chiesadimilano.it\/senza-categoria\/debito-di-ossigeno-un-film-allarmante-13553.html\" title=\"Debito di ossigeno, un film \u00aballarmante\u00bb\">\n       <span class=\"teaser-eyelet overimage-teaser-eyelet\" style=\"display:none;position:absolute;bottom:0;left:0;\">Grande schermo<\/span>\n        <!-- span class=\"occhiello has-image\" style=\"display:none;position:absolute;bottom:0;left:0;\">Grande schermo<\/span -->\n      <img src=\"https:\/\/www.chiesadimilano.it\/wp-content\/uploads\/2017\/02\/1.23820.jpg\"   \/>\n    <\/a><div class=\"teaser-content\"   has_image \">\n    \t<span class=\"teaser-eyelet\">Grande schermo<\/span>\n        <h1 class=\"teaser-title\"><a href=\"http:\/\/www.chiesadimilano.it\/senza-categoria\/debito-di-ossigeno-un-film-allarmante-13553.html\" title=\"Debito di ossigeno, un film \u00aballarmante\u00bb\">Debito di ossigeno, un film \u00aballarmante\u00bb<\/a><\/h1>\n        <p class=\"teaser-summary\">Nel suo fine di denuncia lo definisce cos\u00ec Giovanni Calamari, regista del documentario che Caritas Ambrosiana e Fondo Famiglia Lavoro propongono alle parrocchie per riflettere sui cambiamenti imposti...<\/p>\n        <\/div>\n    <\/article>\n    \n<article class=\"teaser\" role=\"article\" data-hint=\"teaserlink\">\n    <a class=\"teaser-image\" href=\"http:\/\/www.chiesadimilano.it\/senza-categoria\/fondo-oltre-i-sei-milioni-nuovo-contributo-cariplo-12999.html\" title=\"Fondo oltre i sei milioni Nuovo contributo Cariplo\">\n       <span class=\"teaser-eyelet overimage-teaser-eyelet\" style=\"display:none;position:absolute;bottom:0;left:0;\">Famiglia-Lavoro<\/span>\n        <!-- span class=\"occhiello has-image\" style=\"display:none;position:absolute;bottom:0;left:0;\">Famiglia-Lavoro<\/span -->\n      <img src=\"https:\/\/www.chiesadimilano.it\/wp-content\/uploads\/2017\/02\/1.23764.jpg\"   \/>\n    <\/a><div class=\"teaser-content\"   has_image \">\n    \t<span class=\"teaser-eyelet\">Famiglia-Lavoro<\/span>\n        <h1 class=\"teaser-title\"><a href=\"http:\/\/www.chiesadimilano.it\/senza-categoria\/fondo-oltre-i-sei-milioni-nuovo-contributo-cariplo-12999.html\" title=\"Fondo oltre i sei milioni Nuovo contributo Cariplo\">Fondo oltre i sei milioni Nuovo contributo Cariplo<\/a><\/h1>\n        <p class=\"teaser-summary\">Durante l\u2019odierno incontro in Curia nel quale l\u2019Arcivescovo ha ringraziato operatori e volontari che lavorano alla raccolta diocesana, il presidente della Fondazione Giuseppe Guzzetti ha annunciat...<\/p>\n        <\/div>\n    <\/article>\n    \n<article class=\"teaser\" role=\"article\" data-hint=\"teaserlink\">\n    <a class=\"teaser-image\" href=\"http:\/\/www.chiesadimilano.it\/fondo-famiglia-lavoro\/decreto-dellarcivescovo-il-fondo-famiglia-lavoro-sara-attivo-fino-al-2010-13016.html\" title=\"Decreto dell\u2019Arcivescovo: il Fondo famiglia-lavoro sar\u00e0 attivo fino al 2010\">\n       <span class=\"teaser-eyelet overimage-teaser-eyelet\" style=\"display:none;position:absolute;bottom:0;left:0;\">Iniziativa<\/span>\n        <!-- span class=\"occhiello has-image\" style=\"display:none;position:absolute;bottom:0;left:0;\">Iniziativa<\/span -->\n      <img src=\"https:\/\/www.chiesadimilano.it\/wp-content\/uploads\/2017\/02\/1.23517.jpg\"   \/>\n    <\/a><div class=\"teaser-content\"   has_image \">\n    \t<span class=\"teaser-eyelet\">Iniziativa<\/span>\n        <h1 class=\"teaser-title\"><a href=\"http:\/\/www.chiesadimilano.it\/fondo-famiglia-lavoro\/decreto-dellarcivescovo-il-fondo-famiglia-lavoro-sara-attivo-fino-al-2010-13016.html\" title=\"Decreto dell\u2019Arcivescovo: il Fondo famiglia-lavoro sar\u00e0 attivo fino al 2010\">Decreto dell\u2019Arcivescovo: il Fondo famiglia-lavoro sar\u00e0 attivo fino al 2010<\/a><\/h1>\n        <p class=\"teaser-summary\">Il cardinale Tettamanzi ha ufficializzato scopi, finalit\u00e0 e organi di gestione del fondo annunciato la notte di Natale nel Duomo di Milano. Nei decanati saranno attivati gruppi di lavoro per raccogli...<\/p>\n        <\/div>\n    <\/article>\n    \n<article class=\"teaser\" role=\"article\" data-hint=\"teaserlink\"><div class=\"teaser-content\"   wo-image \">\n    \t<span class=\"teaser-eyelet\">Famiglia e lavoro<\/span>\n        <h1 class=\"teaser-title\"><a href=\"http:\/\/www.chiesadimilano.it\/fondo-famiglia-lavoro\/fondo-limportanza-della-formazione-13539.html\" title=\"Fondo: l\u2019importanza della formazione\">Fondo: l\u2019importanza della formazione<\/a><\/h1>\n        <p class=\"teaser-summary\">A margine dell\u2019azione di raccolta, c\u2019\u00e8 quella di sensibilizzazione della comunit\u00e0 cristiana sulle conseguenze della crisi e sui doveri di solidariet\u00e0 e sobriet\u00e0. Proponiamo tre specifici testi...<\/p>\n        <\/div>\n    <\/article>\n    \n<article class=\"teaser\" role=\"article\" data-hint=\"teaserlink\"><div class=\"teaser-content\"   wo-image \">\n    \t<span class=\"teaser-eyelet\">Famiglia-Lavoro<\/span>\n        <h1 class=\"teaser-title\"><a href=\"http:\/\/www.chiesadimilano.it\/fondo-famiglia-lavoro\/come-educare-alla-solidarieta-e-alla-sobrieta-13557.html\" title=\"Come educare alla solidariet\u00e0 e alla sobriet\u00e0?\">Come educare alla solidariet\u00e0 e alla sobriet\u00e0?<\/a><\/h1>\n        <p class=\"teaser-summary\">In una \u201cbrochure\u201d curata dal Settore per la Vita sociale della Diocesi alcune proposte per formare ai nuovi stili di vita indicati dal cardinale Tettamanzi<\/p>\n        <\/div>\n    <\/article>\n    \n<article class=\"teaser\" role=\"article\" data-hint=\"teaserlink\"><div class=\"teaser-content\"   wo-image \">\n    \t<span class=\"teaser-eyelet\">Famiglia - Lavoro<\/span>\n        <h1 class=\"teaser-title\"><a href=\"http:\/\/www.chiesadimilano.it\/fondo-famiglia-lavoro\/buone-prassi-in-risposta-ai-bisogni-13087.html\" title=\"Buone prassi in risposta ai bisogni\">Buone prassi in risposta ai bisogni<\/a><\/h1>\n        <p class=\"teaser-summary\">Azioni possibili sul territorio<\/p>\n        <\/div>\n    <\/article>\n    <\/div><\/div><\/div>","protected":false},"excerpt":{"rendered":"Intervista","protected":false},"author":0,"featured_media":0,"parent":0,"menu_order":0,"comment_status":"closed","ping_status":"closed","template":"nosidebar.php","meta":{"ip_address":"","user_agent":"","level":"","revision":"","cookie_id":"","page_referer":"","html_form":""},"acf":[],"_links":{"self":[{"href":"https:\/\/www.chiesadimilano.it\/fondofamiglialavoro\/wp-json\/wp\/v2\/pages\/48"}],"collection":[{"href":"https:\/\/www.chiesadimilano.it\/fondofamiglialavoro\/wp-json\/wp\/v2\/pages"}],"about":[{"href":"https:\/\/www.chiesadimilano.it\/fondofamiglialavoro\/wp-json\/wp\/v2\/types\/page"}],"author":[{"embeddable":true,"href":"https:\/\/www.chiesadimilano.it\/fondofamiglialavoro\/wp-json\/wp\/v2\/users\/1"}],"replies":[{"embeddable":true,"href":"https:\/\/www.chiesadimilano.it\/fondofamiglialavoro\/wp-json\/wp\/v2\/comments?post=48"}],"version-history":[{"count":31,"href":"https:\/\/www.chiesadimilano.it\/fondofamiglialavoro\/wp-json\/wp\/v2\/pages\/48\/revisions"}],"predecessor-version":[{"id":125,"href":"https:\/\/www.chiesadimilano.it\/fondofamiglialavoro\/wp-json\/wp\/v2\/pages\/48\/revisions\/125"}],"wp:attachment":[{"href":"https:\/\/www.chiesadimilano.it\/fondofamiglialavoro\/wp-json\/wp\/v2\/media?parent=48"}],"curies":[{"name":"wp","href":"https:\/\/api.w.org\/{rel}","templated":true}]}}