{"id":11,"date":"2017-04-04T16:45:23","date_gmt":"2017-04-04T14:45:23","guid":{"rendered":"http:\/\/production-cdm.glauco.it\/fondofamiglialavoro\/?page_id=11"},"modified":"2019-06-30T17:17:06","modified_gmt":"2019-06-30T15:17:06","slug":"home","status":"publish","type":"page","link":"https:\/\/www.chiesadimilano.it\/fondofamiglialavoro\/","title":{"rendered":"Home"},"content":{"rendered":"<div><div class=\"grid site-section \" ><div class=\"grid-col-9 Apertura-1\" >\n<article class=\"teaser\" role=\"article\" data-hint=\"teaserlink\">\n    <a class=\"teaser-image\" href=\"http:\/\/www.chiesadimilano.it\/chiesa-diocesi\/nelle-parrocchie-gli-esperti-del-lavoro-aiutano-i-disoccupati-a-rimettersi-in-gioco-266478.html\" title=\"Nelle parrocchie gli \u201cesperti del lavoro\u201d aiutano i disoccupati a rimettersi in gioco\">\n       <span class=\"teaser-eyelet overimage-teaser-eyelet\" style=\"display:none;position:absolute;bottom:0;left:0;\">\u00abDiamo Lavoro\u00bb<\/span>\n        <!-- span class=\"occhiello has-image\" style=\"display:none;position:absolute;bottom:0;left:0;\">\u00abDiamo Lavoro\u00bb<\/span -->\n      <img src=\"https:\/\/www.chiesadimilano.it\/wp-content\/uploads\/2019\/04\/paper-3213924_960_720.jpg\"   \/>\n    <\/a><div class=\"teaser-content\"   has_image \">\n    \t<span class=\"teaser-eyelet\">\u00abDiamo Lavoro\u00bb<\/span>\n        <h1 class=\"teaser-title\"><a href=\"http:\/\/www.chiesadimilano.it\/chiesa-diocesi\/nelle-parrocchie-gli-esperti-del-lavoro-aiutano-i-disoccupati-a-rimettersi-in-gioco-266478.html\" title=\"Nelle parrocchie gli \u201cesperti del lavoro\u201d aiutano i disoccupati a rimettersi in gioco\">Nelle parrocchie gli \u201cesperti del lavoro\u201d aiutano i disoccupati a rimettersi in gioco<\/a><\/h1>\n        <p class=\"teaser-summary\">Una riorganizzazione del Fondo che rende pi\u00f9 facile l\u2019incontro tra domanda e offerta di impiego: in 18 mesi 57 assunzioni al termine dei tirocini formativi<\/p>\n        <\/div>\n    <\/article>\n    <\/div><div class=\"grid-col-3 Sc-1\" ><article class=\"widget-teaser teaser with-eyelet\" role=\"article\" data-hint=\"teaser\"><div class=\"teaser-content\"><span class=\"teaser-eyelet\"> <\/span><h1 class=\"teaser-title\"><a href=\"https:\/\/www.chiesadimilano.it\/fondofamiglialavoro\/\" title=\"Donatori\">Donatori<\/a><\/h1>\n    <p class=\"teaser-summary\"><p>Con un\u2019offerta di qualsiasi entit\u00e0 contribuisci ad offrire una borsa lavoro ai disoccupati che il Fondo ricolloca in azienda attraverso i tirocini<\/p><\/p>\n    <\/div><\/article><article class=\"widget-teaser teaser with-eyelet\" role=\"article\" data-hint=\"teaser\"><div class=\"teaser-content\"><span class=\"teaser-eyelet\"> <\/span><h1 class=\"teaser-title\"><a href=\"http:\/\/donazioni.caritasambrosiana.it\/donazioni\/Fondo-Famiglia-Lavoro-3.asp\" title=\"DONA ORA &gt;&gt;\">DONA ORA &gt;&gt;<\/a><\/h1>\n    <p class=\"teaser-summary\"><h1><strong><a href=\"http:\/\/www.chiesadimilano.it\/news\/chiesa-diocesi\/fai-unofferta-tre-semplici-modalita-73560.html\">I conti correnti &gt;&gt;<\/a><\/strong><\/h1><\/p>\n    <\/div><\/article><article class=\"widget-teaser teaser with-eyelet\" role=\"article\" data-hint=\"teaser\"><div class=\"teaser-content\"><span class=\"teaser-eyelet\"> <\/span><h1 class=\"teaser-title\"><a href=\"https:\/\/www.chiesadimilano.it\/fondofamiglialavoro\/\" title=\"Imprese\">Imprese<\/a><\/h1>\n    <p class=\"teaser-summary\">Cerchi una persona da mettere alla prova attraverso un tirocinio formativo? Accreditandoti presso il Fondo Diamo Lavoro, potrai accedere alla banca dati dei profili selezionati dagli esperti del lavoro\n<h1><strong><a href=\"https:\/\/ffl3.caritasambrosiana.it\/Account\/Registrazione\" target=\"_blank\" rel=\"noopener noreferrer\">Compila il form &gt;&gt;<\/a><\/strong><\/h1><\/p>\n    <\/div><\/article><article class=\"widget-teaser teaser with-eyelet\" role=\"article\" data-hint=\"teaser\"><div class=\"teaser-content\"><span class=\"teaser-eyelet\"> <\/span><h1 class=\"teaser-title\"><a href=\"https:\/\/www.chiesadimilano.it\/fondofamiglialavoro\/senza-categoria\/il-posto-giusto-dove-fare-domanda-148.html\" title=\"Persone in cerca di lavoro &gt;&gt;\">Persone in cerca di lavoro &gt;&gt;<\/a><\/h1>\n    <p class=\"teaser-summary\"><p>Hai perso il posto e vuoi rimetterti in gioco? Chiedi aiuto nel distretto pi\u00f9 vicino alla tua parrocchia e contatta Fondazione S. Carlo tel.02.76017040 <a href=\"mailto:formazionelavoro@fondazionesc...<\/p>\n    <\/div><\/article><article class=\"widget-teaser teaser with-eyelet\" role=\"article\" data-hint=\"teaser\"><div class=\"teaser-content\"><span class=\"teaser-eyelet\"> <\/span><h1 class=\"teaser-title\"><a href=\"https:\/\/www.chiesadimilano.it\/fondofamiglialavoro\/files\/2018\/09\/distretti-24_09_18.pdf\" title=\"Scarica l&#039;elenco dei distretti &gt;&gt;\">Scarica l&#039;elenco dei distretti &gt;&gt;<\/a><\/h1>\n    <p class=\"teaser-summary\"> <\/p>\n    <\/div><\/article><\/div><\/div><div class=\"grid site-section \" ><div class=\"grid-col-12 Area-flex Area-flex-5\" >\n<article class=\"teaser\" role=\"article\" data-hint=\"teaserlink\">\n    <a class=\"teaser-image\" href=\"https:\/\/www.chiesadimilano.it\/?p=248969\" title=\"Il Fondo Famiglia Lavoro affidato alla Caritas Ambrosiana\">\n       <span class=\"teaser-eyelet overimage-teaser-eyelet\" style=\"display:none;position:absolute;bottom:0;left:0;\">Lettera<\/span>\n        <!-- span class=\"occhiello has-image\" style=\"display:none;position:absolute;bottom:0;left:0;\">Lettera<\/span -->\n      <img src=\"https:\/\/www.chiesadimilano.it\/wp-content\/uploads\/2017\/02\/1.53889.jpg\"   \/>\n    <\/a><div class=\"teaser-content\"   has_image \">\n    \t<span class=\"teaser-eyelet\">Lettera<\/span>\n        <h1 class=\"teaser-title\"><a href=\"https:\/\/www.chiesadimilano.it\/?p=248969\" title=\"Il Fondo Famiglia Lavoro affidato alla Caritas Ambrosiana\">Il Fondo Famiglia Lavoro affidato alla Caritas Ambrosiana<\/a><\/h1>\n        <p class=\"teaser-summary\">A dieci anni esatti dal varo del progetto, l\u2019Arcivescovo ne ripercorre l\u2019evoluzione, ne sottolinea i frutti (\u00abtracce di amore e di solidariet\u00e0\u00bb) e ne annuncia la trasformazione in \u00abstrumento o...<\/p>\n        <\/div>\n    <\/article>\n    \n<article class=\"teaser\" role=\"article\" data-hint=\"teaserlink\">\n    <a class=\"teaser-image\" href=\"http:\/\/www.chiesadimilano.it\/chiesa-diocesi\/diamo-lavoro-ecco-i-frutti-dei-tirocini-228576.html\" title=\"\u00abDiamo lavoro\u00bb, ecco i frutti dei tirocini\">\n       <span class=\"teaser-eyelet overimage-teaser-eyelet\" style=\"display:none;position:absolute;bottom:0;left:0;\">Bilancio<\/span>\n        <!-- span class=\"occhiello has-image\" style=\"display:none;position:absolute;bottom:0;left:0;\">Bilancio<\/span -->\n      <img src=\"https:\/\/www.chiesadimilano.it\/wp-content\/uploads\/2018\/07\/Lavoro-Praticantato-Tirocinio-Imc-Cropped.jpg\"   \/>\n    <\/a><div class=\"teaser-content\"   has_image \">\n    \t<span class=\"teaser-eyelet\">Bilancio<\/span>\n        <h1 class=\"teaser-title\"><a href=\"http:\/\/www.chiesadimilano.it\/chiesa-diocesi\/diamo-lavoro-ecco-i-frutti-dei-tirocini-228576.html\" title=\"\u00abDiamo lavoro\u00bb, ecco i frutti dei tirocini\">\u00abDiamo lavoro\u00bb, ecco i frutti dei tirocini<\/a><\/h1>\n        <p class=\"teaser-summary\">Primi risultati della terza fase del Fondo diocesano, concentrata sulla riqualificazione professionale dei disoccupati: sui 23 periodi di prova retribuiti attivati e conclusi, 14 si sono trasformati in contratti di impiego vero e proprio<\/p>\n        <\/div>\n    <\/article>\n    \n<article class=\"teaser\" role=\"article\" data-hint=\"teaserlink\">\n    <a class=\"teaser-image\" href=\"http:\/\/www.chiesadimilano.it\/fondazione-ente-dello-spettacolo\/diamo-lavoro-anche-ai-giovani-neet-197117.html\" title=\"\u00abDiamo Lavoro\u00bb anche ai giovani \u201cNeet\u201d\">\n       <span class=\"teaser-eyelet overimage-teaser-eyelet\" style=\"display:none;position:absolute;bottom:0;left:0;\">Il Fondo<\/span>\n        <!-- span class=\"occhiello has-image\" style=\"display:none;position:absolute;bottom:0;left:0;\">Il Fondo<\/span -->\n      <img src=\"https:\/\/www.chiesadimilano.it\/wp-content\/uploads\/2017\/12\/Giovani-Neet.jpg\"   \/>\n    <\/a><div class=\"teaser-content\"   has_image \">\n    \t<span class=\"teaser-eyelet\">Il Fondo<\/span>\n        <h1 class=\"teaser-title\"><a href=\"http:\/\/www.chiesadimilano.it\/fondazione-ente-dello-spettacolo\/diamo-lavoro-anche-ai-giovani-neet-197117.html\" title=\"\u00abDiamo Lavoro\u00bb anche ai giovani \u201cNeet\u201d\">\u00abDiamo Lavoro\u00bb anche ai giovani \u201cNeet\u201d<\/a><\/h1>\n        <p class=\"teaser-summary\">Presentati nuovi criteri per accedere agli aiuti. Spot per il progetto diocesano scelti dai frequentanti del corso \u201cI mestieri segreti del cinema\u201d<\/p>\n        <\/div>\n    <\/article>\n    \n<article class=\"teaser\" role=\"article\" data-hint=\"teaserlink\">\n    <a class=\"teaser-image\" href=\"http:\/\/www.chiesadimilano.it\/fondo-diamo-lavoro\/samantha-era-fuori-mercato-oggi-illustra-i-gioielli-del-lario-197121.html\" title=\"Samantha era fuori mercato, oggi \u201cillustra\u201d i gioielli del Lario\">\n       <span class=\"teaser-eyelet overimage-teaser-eyelet\" style=\"display:none;position:absolute;bottom:0;left:0;\">La storia<\/span>\n        <!-- span class=\"occhiello has-image\" style=\"display:none;position:absolute;bottom:0;left:0;\">La storia<\/span -->\n      <img src=\"https:\/\/www.chiesadimilano.it\/wp-content\/uploads\/2017\/12\/disegnatrice.jpg\"   \/>\n    <\/a><div class=\"teaser-content\"   has_image \">\n    \t<span class=\"teaser-eyelet\">La storia<\/span>\n        <h1 class=\"teaser-title\"><a href=\"http:\/\/www.chiesadimilano.it\/fondo-diamo-lavoro\/samantha-era-fuori-mercato-oggi-illustra-i-gioielli-del-lario-197121.html\" title=\"Samantha era fuori mercato, oggi \u201cillustra\u201d i gioielli del Lario\">Samantha era fuori mercato, oggi \u201cillustra\u201d i gioielli del Lario<\/a><\/h1>\n        <p class=\"teaser-summary\">Illustratrice libera professionista, in crisi dopo la morte del marito, grazie a \u00abDiamo Lavoro\u00bb oggi \u00e8 tirocinante per un\u2019agenzia immobiliare che vende le ville sul Lago di Como<\/p>\n        <\/div>\n    <\/article>\n    \n<article class=\"teaser\" role=\"article\" data-hint=\"teaserlink\">\n    <a class=\"teaser-image\" href=\"https:\/\/www.chiesadimilano.it\/?p=192995\" title=\"Da \u00abDiamo Lavoro\u00bb una svolta alla vita di Francesca\">\n       <span class=\"teaser-eyelet overimage-teaser-eyelet\" style=\"display:none;position:absolute;bottom:0;left:0;\">La storia<\/span>\n        <!-- span class=\"occhiello has-image\" style=\"display:none;position:absolute;bottom:0;left:0;\">La storia<\/span -->\n      <img src=\"https:\/\/www.chiesadimilano.it\/wp-content\/uploads\/2017\/11\/lavoro-3-2.jpg\"   \/>\n    <\/a><div class=\"teaser-content\"   has_image \">\n    \t<span class=\"teaser-eyelet\">La storia<\/span>\n        <h1 class=\"teaser-title\"><a href=\"https:\/\/www.chiesadimilano.it\/?p=192995\" title=\"Da \u00abDiamo Lavoro\u00bb una svolta alla vita di Francesca\">Da \u00abDiamo Lavoro\u00bb una svolta alla vita di Francesca<\/a><\/h1>\n        <p class=\"teaser-summary\">Una 22enne milanese \u00e8 tra i 18 beneficiari a cui il tirocinio previsto nell\u2019ambito della terza fase del Fondo diocesano ha offerto una possibilit\u00e0 di reinserimento lavorativo<\/p>\n        <\/div>\n    <\/article>\n    <\/div><\/div><div class=\"grid site-section \" ><div class=\"grid-col-12 Area-flex Area-flex-4\" >\n<article class=\"teaser\" role=\"article\" data-hint=\"teaserlink\">\n    <a class=\"teaser-image\" href=\"http:\/\/www.chiesadimilano.it\/le-storie-oltre-la-crisi\/diamo-lavoro-riparte-dai-giovani-e-dalle-periferie-184977.html\" title=\"\u00abDiamo lavoro\u00bb riparte dai giovani e dalle periferie\">\n       <span class=\"teaser-eyelet overimage-teaser-eyelet\" style=\"display:none;position:absolute;bottom:0;left:0;\">Progetto<\/span>\n        <!-- span class=\"occhiello has-image\" style=\"display:none;position:absolute;bottom:0;left:0;\">Progetto<\/span -->\n      <img src=\"https:\/\/www.chiesadimilano.it\/wp-content\/uploads\/2017\/10\/filmmaker_2.jpg\"   \/>\n    <\/a><div class=\"teaser-content\"   has_image \">\n    \t<span class=\"teaser-eyelet\">Progetto<\/span>\n        <h1 class=\"teaser-title\"><a href=\"http:\/\/www.chiesadimilano.it\/le-storie-oltre-la-crisi\/diamo-lavoro-riparte-dai-giovani-e-dalle-periferie-184977.html\" title=\"\u00abDiamo lavoro\u00bb riparte dai giovani e dalle periferie\">\u00abDiamo lavoro\u00bb riparte dai giovani e dalle periferie<\/a><\/h1>\n        <p class=\"teaser-summary\">Caritas Ambrosiana e Fondazione Ente dello Spettacolo cercano 100 under 35 da indirizzare alle professioni del cinema. Al via il contest in rete per selezionare i video a favore delle donazioni<\/p>\n        <\/div>\n    <\/article>\n    <article class=\"widget-teaser teaser with-eyelet\" role=\"article\" data-hint=\"teaser\"><a class=\"teaser-image\" href=\"http:\/\/www.chiesadimilano.it\/news\/chiesa-diocesi\/diamo-lavoro-partiti-i-primi-tirocini-178002.html\" title=\"\u00abDiamo lavoro\u00bb, partiti i primi tirocini\"><span class=\"occhiello has-image\" style=\"display:none;position:absolute;bottom:0;left:0;\">FONDO<\/span> <img data-formato=\"\" alt=\"business-man-2452805_960_72\" src=\"https:\/\/www.chiesadimilano.it\/fondofamiglialavoro\/files\/2017\/04\/business-man-2452805_960_72.jpg\"  width=\"800\" height=\"600\"  \/><\/a><div class=\"teaser-content\"><span class=\"teaser-eyelet\">FONDO<\/span><h1 class=\"teaser-title\"><a href=\"http:\/\/www.chiesadimilano.it\/news\/chiesa-diocesi\/diamo-lavoro-partiti-i-primi-tirocini-178002.html\" title=\"\u00abDiamo lavoro\u00bb, partiti i primi tirocini\">\u00abDiamo lavoro\u00bb, partiti i primi tirocini<\/a><\/h1>\n    <p class=\"teaser-summary\">Il cardinale Scola ha chiesto ai fedeli ambrosiani di sostenere l\u2019iniziativa come regalo di commiato dalla Diocesi<\/p>\n    <\/div><\/article>\n<article class=\"teaser\" role=\"article\" data-hint=\"teaserlink\">\n    <a class=\"teaser-image\" href=\"http:\/\/www.chiesadimilano.it\/senza-categoria\/diamo-lavoro-ecco-il-fondo-famiglia-lavoro-3-0-89249.html\/\" title=\"\u201cDiamo lavoro\u201d, ecco il Fondo Famiglia Lavoro 3.0\">\n       <span class=\"teaser-eyelet overimage-teaser-eyelet\" style=\"display:none;position:absolute;bottom:0;left:0;\">Terza fase<\/span>\n        <!-- span class=\"occhiello has-image\" style=\"display:none;position:absolute;bottom:0;left:0;\">Terza fase<\/span -->\n      <img src=\"https:\/\/www.chiesadimilano.it\/wp-content\/uploads\/2017\/01\/offerte-lavoro.jpg\"   \/>\n    <\/a><div class=\"teaser-content\"   has_image \">\n    \t<span class=\"teaser-eyelet\">Terza fase<\/span>\n        <h1 class=\"teaser-title\"><a href=\"http:\/\/www.chiesadimilano.it\/senza-categoria\/diamo-lavoro-ecco-il-fondo-famiglia-lavoro-3-0-89249.html\/\" title=\"\u201cDiamo lavoro\u201d, ecco il Fondo Famiglia Lavoro 3.0\">\u201cDiamo lavoro\u201d, ecco il Fondo Famiglia Lavoro 3.0<\/a><\/h1>\n        <p class=\"teaser-summary\">Alla fine dell\u2019Anno della Misericordia il progetto riparte profondamente rinnovato. Nel nuovo statuto tirocini e patto con le imprese per i reinserimenti lavorativi<\/p>\n        <\/div>\n    <\/article>\n    \n        <article class=\"teaser\" role=\"article\">\n            <a class=\"teaser-image\" href=\"https:\/\/www.chiesadimilano.it\/fondofamiglialavoro\/senza-categoria\/il-posto-giusto-dove-fare-domanda-148.html\" title=\"Il posto giusto dove fare domanda\">\n              <img alt=\"Home\" src=\"https:\/\/www.chiesadimilano.it\/fondofamiglialavoro\/files\/2017\/06\/Diamo-lavoro.jpg\"  width=\"604\" height=\"846\"  \/>\n            <\/a><div class=\"teaser-content\">\n        \t<span class=\"teaser-eyelet\">I Distretti del Fondo<\/span>\n            <h1 class=\"teaser-title\"><a href=\"https:\/\/www.chiesadimilano.it\/fondofamiglialavoro\/senza-categoria\/il-posto-giusto-dove-fare-domanda-148.html\" title=\"Il posto giusto dove fare domanda\">Il posto giusto dove fare domanda<\/a><\/h1>\n            <p class=\"teaser-summary\">Pubblichiamo l\u2019elenco dei Distretti del Fondo dove prendere un appuntamento negli orari che sono indicati<\/p>\n            <\/div>\n        <\/article>\n            <\/div><\/div><div class=\"grid site-section \" ><div class=\"grid-col-12 Area-flex Area-flex-3\" >\n<article class=\"teaser\" role=\"article\" data-hint=\"teaserlink\">\n    <a class=\"teaser-image\" href=\"http:\/\/www.chiesadimilano.it\/chiesa-diocesi\/dalle-offerte-alle-borse-lavoro-per-opportunita-lavorative-89253.html\" title=\"Dalle offerte alle borse lavoro per opportunit\u00e0 lavorative\">\n       <span class=\"teaser-eyelet overimage-teaser-eyelet\" style=\"display:none;position:absolute;bottom:0;left:0;\">Diventa donatore<\/span>\n        <!-- span class=\"occhiello has-image\" style=\"display:none;position:absolute;bottom:0;left:0;\">Diventa donatore<\/span -->\n      <img src=\"https:\/\/www.chiesadimilano.it\/wp-content\/uploads\/2017\/02\/1.140178.jpg\"   \/>\n    <\/a><div class=\"teaser-content\"   has_image \">\n    \t<span class=\"teaser-eyelet\">Diventa donatore<\/span>\n        <h1 class=\"teaser-title\"><a href=\"http:\/\/www.chiesadimilano.it\/chiesa-diocesi\/dalle-offerte-alle-borse-lavoro-per-opportunita-lavorative-89253.html\" title=\"Dalle offerte alle borse lavoro per opportunit\u00e0 lavorative\">Dalle offerte alle borse lavoro per opportunit\u00e0 lavorative<\/a><\/h1>\n        <p class=\"teaser-summary\">Dipende anche da te: anche grazie al tuo contributo, una persona disoccupata inizier\u00e0 un tirocinio in azienda. Ecco come la donazione si trasformer\u00e0 in una borsa lavoro<\/p>\n        <\/div>\n    <\/article>\n    \n<article class=\"teaser\" role=\"article\" data-hint=\"teaserlink\">\n    <a class=\"teaser-image\" href=\"http:\/\/www.chiesadimilano.it\/chiesa-diocesi\/un-patto-con-le-imprese-le-modalita-di-partecipazione-89255.html\" title=\"Un patto con le imprese, le modalit\u00e0 di partecipazione\">\n       <span class=\"teaser-eyelet overimage-teaser-eyelet\" style=\"display:none;position:absolute;bottom:0;left:0;\">Diventa \u201cpartner\u201d<\/span>\n        <!-- span class=\"occhiello has-image\" style=\"display:none;position:absolute;bottom:0;left:0;\">Diventa \u201cpartner\u201d<\/span -->\n      <img src=\"https:\/\/www.chiesadimilano.it\/wp-content\/uploads\/2017\/02\/1.55627.jpg\"   \/>\n    <\/a><div class=\"teaser-content\"   has_image \">\n    \t<span class=\"teaser-eyelet\">Diventa \u201cpartner\u201d<\/span>\n        <h1 class=\"teaser-title\"><a href=\"http:\/\/www.chiesadimilano.it\/chiesa-diocesi\/un-patto-con-le-imprese-le-modalita-di-partecipazione-89255.html\" title=\"Un patto con le imprese, le modalit\u00e0 di partecipazione\">Un patto con le imprese, le modalit\u00e0 di partecipazione<\/a><\/h1>\n        <p class=\"teaser-summary\">Tra le novit\u00e0 sostanziali del Fondo Diamo Lavoro, l\u2019invito esplicito al mondo delle imprese a \u201cscendere in campo\u201d. Ecco cosa pu\u00f2 fare il titolare di un\u2019impresa per partecipare<\/p>\n        <\/div>\n    <\/article>\n    \n<article class=\"teaser\" role=\"article\" data-hint=\"teaserlink\">\n    <a class=\"teaser-image\" href=\"http:\/\/www.chiesadimilano.it\/senza-categoria\/i-materiali-per-la-comunicazione-89256.html\/\" title=\"I materiali per la comunicazione\">\n       <span class=\"teaser-eyelet overimage-teaser-eyelet\" style=\"display:none;position:absolute;bottom:0;left:0;\">Diventa \u201cpromotore\u201d<\/span>\n        <!-- span class=\"occhiello has-image\" style=\"display:none;position:absolute;bottom:0;left:0;\">Diventa \u201cpromotore\u201d<\/span -->\n      <img src=\"https:\/\/www.chiesadimilano.it\/wp-content\/uploads\/2017\/02\/1.140182.jpg\"   \/>\n    <\/a><div class=\"teaser-content\"   has_image \">\n    \t<span class=\"teaser-eyelet\">Diventa \u201cpromotore\u201d<\/span>\n        <h1 class=\"teaser-title\"><a href=\"http:\/\/www.chiesadimilano.it\/senza-categoria\/i-materiali-per-la-comunicazione-89256.html\/\" title=\"I materiali per la comunicazione\">I materiali per la comunicazione<\/a><\/h1>\n        <p class=\"teaser-summary\">Si pu\u00f2 sostenere il Fondo Diamo Lavoro anche contribuendo a farlo conoscere, diffondendo il materiale rivolto ai cittadini e alle imprese. Vai a questa sezione per scaricarlo<\/p>\n        <\/div>\n    <\/article>\n    <\/div><\/div><div class=\"grid site-section \" ><div class=\"grid-col-6 teaser-special Evidenza-1\" ><article class=\"widget-teaser teaser with-eyelet\" role=\"article\" data-hint=\"teaser\"><a class=\"teaser-image\" href=\"https:\/\/youtu.be\/ey4eEpYe9G8\" title=\"Scola: \u00abUn segno di speranza per chi \u00e8 in difficolt\u00e0 e un paradigma offerto alla societ\u00e0\u00bb\"><span class=\"occhiello has-image\" style=\"display:none;position:absolute;bottom:0;left:0;\">Videointervista<\/span> <img data-formato=\"large\" alt=\"scola\" src=\"https:\/\/www.chiesadimilano.it\/fondofamiglialavoro\/files\/2017\/04\/scola.jpg\"  width=\"450\" height=\"478\"  \/><\/a><div class=\"teaser-content\"><span class=\"teaser-eyelet\">Videointervista<\/span><h1 class=\"teaser-title\"><a href=\"https:\/\/youtu.be\/ey4eEpYe9G8\" title=\"Scola: \u00abUn segno di speranza per chi \u00e8 in difficolt\u00e0 e un paradigma offerto alla societ\u00e0\u00bb\">Scola: \u00abUn segno di speranza per chi \u00e8 in difficolt\u00e0 e un paradigma offerto alla societ\u00e0\u00bb<\/a><\/h1>\n    <p class=\"teaser-summary\">L\u2019Arcivescovo: \u00abUn aiuto concreto all\u2019inserimento all\u2019impiego con il coinvolgimento diretto delle realt\u00e0 che danno occupazione\u00bb<\/p>\n    <\/div><\/article><\/div><div class=\"grid-col-6  Orizzontale-2\" ><article class=\"widget-teaser teaser with-eyelet\" role=\"article\" data-hint=\"teaser\"><a class=\"teaser-image\" href=\"https:\/\/youtu.be\/gEgqLj75tHk\" title=\"Bobba: \u00abIntegrati la protezione sociale e il sostegno formativo\u00bb\"><span class=\"occhiello has-image\" style=\"display:none;position:absolute;bottom:0;left:0;\">Videointervista<\/span> <img data-formato=\"large\" alt=\"bobba\" src=\"https:\/\/www.chiesadimilano.it\/fondofamiglialavoro\/files\/2017\/04\/bobba-800x551.jpg\"  width=\"800\" height=\"551\"  \/><\/a><div class=\"teaser-content\"><span class=\"teaser-eyelet\">Videointervista<\/span><h1 class=\"teaser-title\"><a href=\"https:\/\/youtu.be\/gEgqLj75tHk\" title=\"Bobba: \u00abIntegrati la protezione sociale e il sostegno formativo\u00bb\">Bobba: \u00abIntegrati la protezione sociale e il sostegno formativo\u00bb<\/a><\/h1>\n    <p class=\"teaser-summary\"><p>Il sottosegretario al Lavoro: \u00abQuesta terza fase ha la stessa filosofia operativa dei provvedimenti attuati dal Governo\u00bb<\/p><\/p>\n    <\/div><\/article><article class=\"widget-teaser teaser with-eyelet\" role=\"article\" data-hint=\"teaser\"><a class=\"teaser-image\" href=\"https:\/\/youtu.be\/2IZS7v3NsgQ\" title=\"Calugi: \u00abSpiegheremo ai giovani come fare impresa\u00bb\"><span class=\"occhiello has-image\" style=\"display:none;position:absolute;bottom:0;left:0;\">Videointervista<\/span> <img data-formato=\"large\" alt=\"calugi\" src=\"https:\/\/www.chiesadimilano.it\/fondofamiglialavoro\/files\/2017\/04\/calugi-800x551.jpg\"  width=\"800\" height=\"551\"  \/><\/a><div class=\"teaser-content\"><span class=\"teaser-eyelet\">Videointervista<\/span><h1 class=\"teaser-title\"><a href=\"https:\/\/youtu.be\/2IZS7v3NsgQ\" title=\"Calugi: \u00abSpiegheremo ai giovani come fare impresa\u00bb\">Calugi: \u00abSpiegheremo ai giovani come fare impresa\u00bb<\/a><\/h1>\n    <p class=\"teaser-summary\">Il delegato della Camera di Commercio di Milano: \u00abLa nostra \u00e8 una realt\u00e0 dinamica e contiamo sulle nuove classi generazionali\u00bb<\/p>\n    <\/div><\/article><article class=\"widget-teaser teaser with-eyelet\" role=\"article\" data-hint=\"teaser\"><a class=\"teaser-image\" href=\"https:\/\/youtu.be\/PWAck_OuQbw\" title=\"Gualzetti: \u00abUn patto a 360 gradi con chi d\u00e0 lavoro sul territorio\u00bb\"><span class=\"occhiello has-image\" style=\"display:none;position:absolute;bottom:0;left:0;\">Videointervista<\/span> <img data-formato=\"large\" alt=\"gualzetti\" src=\"https:\/\/www.chiesadimilano.it\/fondofamiglialavoro\/files\/2017\/04\/gualzetti-800x551.jpg\"  width=\"800\" height=\"551\"  \/><\/a><div class=\"teaser-content\"><span class=\"teaser-eyelet\">Videointervista<\/span><h1 class=\"teaser-title\"><a href=\"https:\/\/youtu.be\/PWAck_OuQbw\" title=\"Gualzetti: \u00abUn patto a 360 gradi con chi d\u00e0 lavoro sul territorio\u00bb\">Gualzetti: \u00abUn patto a 360 gradi con chi d\u00e0 lavoro sul territorio\u00bb<\/a><\/h1>\n    <p class=\"teaser-summary\">Il direttore di Caritas Ambrosiana: \u00abPer vincere questa sfida \u00e8 necessario dialogare e collaborare con tutti\u00bb<\/p>\n    <\/div><\/article><article class=\"widget-teaser teaser with-eyelet\" role=\"article\" data-hint=\"teaser\"><a class=\"teaser-image\" href=\"https:\/\/youtu.be\/WdcfoSGMUCs\" title=\"Petracca: \u00abUna battaglia per la dignit\u00e0 delle persone\u00bb\"><span class=\"occhiello has-image\" style=\"display:none;position:absolute;bottom:0;left:0;\">Videointervista<\/span> <img data-formato=\"large\" alt=\"petracca\" src=\"https:\/\/www.chiesadimilano.it\/fondofamiglialavoro\/files\/2017\/04\/petracca-800x551.jpg\"  width=\"800\" height=\"551\"  \/><\/a><div class=\"teaser-content\"><span class=\"teaser-eyelet\">Videointervista<\/span><h1 class=\"teaser-title\"><a href=\"https:\/\/youtu.be\/WdcfoSGMUCs\" title=\"Petracca: \u00abUna battaglia per la dignit\u00e0 delle persone\u00bb\">Petracca: \u00abUna battaglia per la dignit\u00e0 delle persone\u00bb<\/a><\/h1>\n    <p class=\"teaser-summary\">Il presidente delle Acli Milanesi: \u00abParliamo sempre di una goccia nel mare, ma \u00e8 comunque un\u2019opportunit\u00e0 per riattivare le persone\u00bb<\/p>\n    <\/div><\/article><\/div><\/div><\/div>","protected":false},"excerpt":{"rendered":"\u00abDiamo Lavoro\u00bb","protected":false},"author":0,"featured_media":0,"parent":0,"menu_order":0,"comment_status":"closed","ping_status":"closed","template":"","meta":{"ip_address":"","user_agent":"","level":"","revision":"","cookie_id":"","page_referer":"","html_form":""},"acf":[],"_links":{"self":[{"href":"https:\/\/www.chiesadimilano.it\/fondofamiglialavoro\/wp-json\/wp\/v2\/pages\/11"}],"collection":[{"href":"https:\/\/www.chiesadimilano.it\/fondofamiglialavoro\/wp-json\/wp\/v2\/pages"}],"about":[{"href":"https:\/\/www.chiesadimilano.it\/fondofamiglialavoro\/wp-json\/wp\/v2\/types\/page"}],"author":[{"embeddable":true,"href":"https:\/\/www.chiesadimilano.it\/fondofamiglialavoro\/wp-json\/wp\/v2\/users\/1"}],"replies":[{"embeddable":true,"href":"https:\/\/www.chiesadimilano.it\/fondofamiglialavoro\/wp-json\/wp\/v2\/comments?post=11"}],"version-history":[{"count":29,"href":"https:\/\/www.chiesadimilano.it\/fondofamiglialavoro\/wp-json\/wp\/v2\/pages\/11\/revisions"}],"predecessor-version":[{"id":310,"href":"https:\/\/www.chiesadimilano.it\/fondofamiglialavoro\/wp-json\/wp\/v2\/pages\/11\/revisions\/310"}],"wp:attachment":[{"href":"https:\/\/www.chiesadimilano.it\/fondofamiglialavoro\/wp-json\/wp\/v2\/media?parent=11"}],"curies":[{"name":"wp","href":"https:\/\/api.w.org\/{rel}","templated":true}]}}