{"id":2,"date":"2025-11-21T13:22:59","date_gmt":"2025-11-21T12:22:59","guid":{"rendered":"https:\/\/www2.chiesadimilano.it\/equipesinodale\/?page_id=2"},"modified":"2026-02-25T09:06:45","modified_gmt":"2026-02-25T08:06:45","slug":"pagina-di-esempio","status":"publish","type":"page","link":"https:\/\/www.chiesadimilano.it\/equipesinodale\/","title":{"rendered":"Home"},"content":{"rendered":"<div id=\"pl-2\"  class=\"panel-layout\" ><div id=\"pg-2-0\"  class=\"panel-grid panel-no-style\" ><div id=\"pgc-2-0-0\"  class=\"panel-grid-cell\" ><div id=\"panel-2-0-0-0\" class=\"so-panel widget widget_teaser panel-first-child panel-last-child\" data-index=\"0\" ><div\n\t\t\t\n\t\t\tclass=\"so-widget-teaser so-widget-teaser-base\"\n\t\t\t\n\t\t><div class='primo-piano'><article class=\"widget-teaser teaser with-eyelet\" role=\"article\" data-hint=\"teaser\"><a class=\"teaser-image\" href=\"https:\/\/www.chiesadimilano.it\/equipesinodale\/2026\/02\/17\/lequipe-sinodale-accompagnamento-discernimento-e-formazione\/\" title=\"L\u2019\u00c9quipe sinodale: accompagnamento, discernimento e formazione\"><span class=\"occhiello has-image\" style=\"display:none;position:absolute;bottom:0;left:0;\">ORGANISMI<\/span> <img data-formato=\"\" alt=\"perdono-strada riconciliazione\" src=\"https:\/\/www.chiesadimilano.it\/equipesinodale\/wp-content\/uploads\/sites\/87\/2026\/02\/perdono-strada-riconciliazione-768x511.jpg\"  width=\"768\" height=\"511\"  \/><\/a><div class=\"teaser-content   with-eyelet-infoey\"><span class=\"teaser-eyelet\">ORGANISMI<\/span><h2 class=\"teaser-title\"><a href=\"https:\/\/www.chiesadimilano.it\/equipesinodale\/2026\/02\/17\/lequipe-sinodale-accompagnamento-discernimento-e-formazione\/\" title=\"L\u2019\u00c9quipe sinodale: accompagnamento, discernimento e formazione\">L\u2019\u00c9quipe sinodale: accompagnamento, discernimento e formazione<\/a><\/h2>\n                    <p class=\"teaser-summary\">\u00c8 stata costituita l'\u00c9quipe sinodale per la Chiesa dalle genti, incaricata di guidare la fase attuativa del Sinodo 2025-2028. L\u2019organismo coordiner\u00e0 formazione, discernimento pastorale e accompagnamento delle realt\u00e0 territoriali, in collaborazione con gli altri organismi diocesani<\/p><\/div><\/article><\/div><\/div><\/div><\/div><\/div><div id=\"pg-2-1\"  class=\"panel-grid panel-no-style\" ><div id=\"pgc-2-1-0\"  class=\"panel-grid-cell\" ><div id=\"panel-2-1-0-0\" class=\"so-panel widget widget_teaser panel-first-child panel-last-child\" data-index=\"1\" ><div\n\t\t\t\n\t\t\tclass=\"so-widget-teaser so-widget-teaser-base\"\n\t\t\t\n\t\t><article class=\"widget-teaser teaser with-eyelet\" role=\"article\" data-hint=\"teaser\"><a class=\"teaser-image\" href=\"https:\/\/www.chiesadimilano.it\/equipesinodale\/2026\/02\/24\/portare-il-sinodo-in-casa-la-sessione-unitaria-dei-consigli-diocesani-in-programma-il-28-febbraio\/\" title=\"\u201cPortare il Sinodo in casa\u201d: la Sessione Unitaria dei Consigli diocesani in programma il 28 febbraio\"><span class=\"occhiello has-image\" style=\"display:none;position:absolute;bottom:0;left:0;\">Rho<\/span> <img data-formato=\"\" alt=\"Seveso_Artigiani Chiesa sinodale_17gen\" src=\"https:\/\/www.chiesadimilano.it\/equipesinodale\/wp-content\/uploads\/sites\/87\/2026\/02\/Seveso_Artigiani-Chiesa-sinodale_17gen-768x577.jpeg\"  width=\"768\" height=\"577\"  \/><\/a><div class=\"teaser-content   with-eyelet-infoey\"><span class=\"teaser-eyelet\">Rho<\/span><h2 class=\"teaser-title\"><a href=\"https:\/\/www.chiesadimilano.it\/equipesinodale\/2026\/02\/24\/portare-il-sinodo-in-casa-la-sessione-unitaria-dei-consigli-diocesani-in-programma-il-28-febbraio\/\" title=\"\u201cPortare il Sinodo in casa\u201d: la Sessione Unitaria dei Consigli diocesani in programma il 28 febbraio\">\u201cPortare il Sinodo in casa\u201d: la Sessione Unitaria dei Consigli diocesani in programma il 28 febbraio<\/a><\/h2>\n                    <p class=\"teaser-summary\">Consiglio pastorale, Consiglio presbiterale, Assemblea decani ed Equipe per la Chiesa dalle genti si riuniscono a Rho per avviare e sostanziare la ricezione del Sinodo. Una giornata di meditazioni, interventi e tavoli di lavoro su sinodalit\u00e0 e co...<\/p><\/div><\/article><\/div><\/div><\/div><div id=\"pgc-2-1-1\"  class=\"panel-grid-cell\" ><div id=\"panel-2-1-1-0\" class=\"so-panel widget widget_teaser panel-first-child panel-last-child\" data-index=\"2\" ><div\n\t\t\t\n\t\t\tclass=\"so-widget-teaser so-widget-teaser-base\"\n\t\t\t\n\t\t><article class=\"widget-teaser teaser with-eyelet\" role=\"article\" data-hint=\"teaser\"><a class=\"teaser-image\" href=\"https:\/\/www.chiesadimilano.it\/news\/chiesa-diocesi\/delpini-quella-profezia-di-una-comunita-che-sa-tirare-fuori-il-bene-2851239.html\" title=\"Delpini: \u00abQuella profezia di una comunit\u00e0 che sa tirare fuori il bene\u00bb\"><span class=\"occhiello has-image\" style=\"display:none;position:absolute;bottom:0;left:0;\">Milano<\/span> <img data-formato=\"\" alt=\"DPF03372-980x551\" src=\"https:\/\/www.chiesadimilano.it\/equipesinodale\/wp-content\/uploads\/sites\/87\/2026\/02\/DPF03372-980x551-1.jpg\"  width=\"980\" height=\"551\"  \/><\/a><div class=\"teaser-content   with-eyelet-infoey\"><span class=\"teaser-eyelet\">Milano<\/span><h2 class=\"teaser-title\"><a href=\"https:\/\/www.chiesadimilano.it\/news\/chiesa-diocesi\/delpini-quella-profezia-di-una-comunita-che-sa-tirare-fuori-il-bene-2851239.html\" title=\"Delpini: \u00abQuella profezia di una comunit\u00e0 che sa tirare fuori il bene\u00bb\">Delpini: \u00abQuella profezia di una comunit\u00e0 che sa tirare fuori il bene\u00bb<\/a><\/h2>\n                    <p class=\"teaser-summary\"><p>In Duomo l'Arcivescovo ha presieduto il Pontificale della Dedicazione: in un \u00abtempo di declino\u00bb c'\u00e8 una parola capace di prefigurare una Citt\u00e0 e una Chiesa in cui \u00abciascuno \u00e8 chiamato a vivere la sua vocazione\u00bb e dove \u00abi rapporti sono costruiti sulla giustizia e sulla solid...<\/p><\/div><\/article><\/div><\/div><\/div><\/div><div id=\"pg-2-2\"  class=\"panel-grid panel-no-style\" ><div id=\"pgc-2-2-0\"  class=\"panel-grid-cell\" ><div id=\"panel-2-2-0-0\" class=\"so-panel widget widget_teaser panel-first-child panel-last-child\" data-index=\"3\" ><div\n\t\t\t\n\t\t\tclass=\"so-widget-teaser so-widget-teaser-base\"\n\t\t\t\n\t\t><div class='orizzontale'><article class=\"widget-teaser teaser with-eyelet\" role=\"article\" data-hint=\"teaser\"><a class=\"teaser-image\" href=\"https:\/\/www.chiesadimilano.it\/news\/chiesa-diocesi\/cammino-sinodale-il-documento-finale-rispecchia-il-percorso-compiuto-2852406.html\" title=\"\u00abCammino sinodale, il Documento finale rispecchia il percorso compiuto\u00bb\"><span class=\"occhiello has-image\" style=\"display:none;position:absolute;bottom:0;left:0;\">Intervista<\/span> <img data-formato=\"\" alt=\"IMG-20251024-WA0015-980x551\" src=\"https:\/\/www.chiesadimilano.it\/equipesinodale\/wp-content\/uploads\/sites\/87\/2026\/02\/IMG-20251024-WA0015-980x551-1.jpg\"  width=\"980\" height=\"551\"  \/><\/a><div class=\"teaser-content   with-eyelet-infoey\"><span class=\"teaser-eyelet\">Intervista<\/span><h2 class=\"teaser-title\"><a href=\"https:\/\/www.chiesadimilano.it\/news\/chiesa-diocesi\/cammino-sinodale-il-documento-finale-rispecchia-il-percorso-compiuto-2852406.html\" title=\"\u00abCammino sinodale, il Documento finale rispecchia il percorso compiuto\u00bb\">\u00abCammino sinodale, il Documento finale rispecchia il percorso compiuto\u00bb<\/a><\/h2>\n                    <p class=\"teaser-summary\"><p>\u00abA Roma abbiamo vissuto un\u2019esperienza di Chiesa guidata dallo Spirito\u00bb: Simona Beretta, componente della delegazione ambrosiana all\u2019Assemblea che ha approvato il testo di sintesi, testimonia il clima di \u00abentusiasmo\u00bb respirat...<\/p><\/div><\/article><\/div><\/div><\/div><\/div><\/div><div id=\"pg-2-3\"  class=\"panel-grid panel-no-style\" ><div id=\"pgc-2-3-0\"  class=\"panel-grid-cell\" ><div id=\"panel-2-3-0-0\" class=\"so-panel widget widget_banner panel-first-child panel-last-child\" data-index=\"4\" ><div\n\t\t\t\n\t\t\tclass=\"so-widget-banner so-widget-banner-base\"\n\t\t\t\n\t\t><h3 class=\"widget-title\">\n<article class=\"teaser   \" role=\"article\">\n    <a class=\"teaser-image\" href=\"https:\/\/www.chiesadimilano.it\/percorsiecclesiali\/assemblee-sinodali-decanali\" title=\"ASSEMBLEE SINODALI DECANALI\">\n      <img src=\"https:\/\/www.chiesadimilano.it\/equipesinodale\/wp-content\/uploads\/sites\/87\/2026\/02\/SINODALITa-1-980x551-1.jpg\"    \/>\n    <\/a><div class=\"teaser-content\">\n    <h3 class=\"banner-title\"><a href=\"https:\/\/www.chiesadimilano.it\/percorsiecclesiali\/assemblee-sinodali-decanali\" title=\"ASSEMBLEE SINODALI DECANALI\">ASSEMBLEE SINODALI DECANALI<\/a><\/h3>\n    <div class=\"banner-summary\"><\/div><\/div>\n<\/article><\/h3><\/div><\/div><\/div><div id=\"pgc-2-3-1\"  class=\"panel-grid-cell\" ><div id=\"panel-2-3-1-0\" class=\"so-panel widget widget_banner panel-first-child panel-last-child\" data-index=\"5\" ><div\n\t\t\t\n\t\t\tclass=\"so-widget-banner so-widget-banner-base\"\n\t\t\t\n\t\t><h3 class=\"widget-title\">\n<article class=\"teaser   \" role=\"article\">\n    <a class=\"teaser-image\" href=\"https:\/\/www.chiesadimilano.it\/percorsiecclesiali\/il-rinnovo-dei-consigli-parrocchiali\" title=\"CONSIGLI PASTORALI \">\n      <img src=\"https:\/\/www.chiesadimilano.it\/equipesinodale\/wp-content\/uploads\/sites\/87\/2026\/02\/Color.jpg\"    \/>\n    <\/a><div class=\"teaser-content\">\n    <h3 class=\"banner-title\"><a href=\"https:\/\/www.chiesadimilano.it\/percorsiecclesiali\/il-rinnovo-dei-consigli-parrocchiali\" title=\"CONSIGLI PASTORALI \">CONSIGLI PASTORALI <\/a><\/h3>\n    <div class=\"banner-summary\"><\/div><\/div>\n<\/article><\/h3><\/div><\/div><\/div><\/div><div id=\"pg-2-4\"  class=\"panel-grid panel-no-style\" ><div id=\"pgc-2-4-0\"  class=\"panel-grid-cell\" ><div id=\"panel-2-4-0-0\" class=\"so-panel widget widget_banner panel-first-child panel-last-child\" data-index=\"6\" ><div\n\t\t\t\n\t\t\tclass=\"so-widget-banner so-widget-banner-base\"\n\t\t\t\n\t\t><h3 class=\"widget-title\">\n<article class=\"teaser teaser-shoulder teaser-list   \" role=\"article\"><div class=\"teaser-content\">\n    <h3 class=\"banner-title\"><a href=\"\" title=\" \"> <\/a><\/h3>\n    <div class=\"banner-summary\"><\/div><\/div>\n<\/article><\/h3><\/div><\/div><\/div><\/div><\/div>","protected":false},"excerpt":{"rendered":"ORGANISMI ORGANISMIL\u2019\u00c9quipe sinodale: accompagnamento, discernimento e formazione \u00c8 stata costituita l&#8217;\u00c9quipe sinodale per la Chiesa dalle genti, incaricata di guidare la fase attuativa del Sinodo 2025-2028. L\u2019organismo coordiner\u00e0 formazione, discernimento pastorale e accompagnamento delle realt\u00e0 territoriali, in collaborazione con gli altri organismi diocesaniRho Rho\u201cPortare il Sinodo in casa\u201d: la Sessione Unitaria dei Consigli diocesani in [&hellip;]","protected":false},"author":0,"featured_media":0,"parent":0,"menu_order":0,"comment_status":"closed","ping_status":"open","template":"","meta":{"ip_address":"","user_agent":"","level":"","revision":"","cookie_id":"","page_referer":"","html_form":""},"acf":[],"_links":{"self":[{"href":"https:\/\/www.chiesadimilano.it\/equipesinodale\/wp-json\/wp\/v2\/pages\/2"}],"collection":[{"href":"https:\/\/www.chiesadimilano.it\/equipesinodale\/wp-json\/wp\/v2\/pages"}],"about":[{"href":"https:\/\/www.chiesadimilano.it\/equipesinodale\/wp-json\/wp\/v2\/types\/page"}],"author":[{"embeddable":true,"href":"https:\/\/www.chiesadimilano.it\/equipesinodale\/wp-json\/wp\/v2\/users\/60"}],"replies":[{"embeddable":true,"href":"https:\/\/www.chiesadimilano.it\/equipesinodale\/wp-json\/wp\/v2\/comments?post=2"}],"version-history":[{"count":16,"href":"https:\/\/www.chiesadimilano.it\/equipesinodale\/wp-json\/wp\/v2\/pages\/2\/revisions"}],"predecessor-version":[{"id":71,"href":"https:\/\/www.chiesadimilano.it\/equipesinodale\/wp-json\/wp\/v2\/pages\/2\/revisions\/71"}],"wp:attachment":[{"href":"https:\/\/www.chiesadimilano.it\/equipesinodale\/wp-json\/wp\/v2\/media?parent=2"}],"curies":[{"name":"wp","href":"https:\/\/api.w.org\/{rel}","templated":true}]}}