{"id":150,"date":"2017-02-27T17:16:39","date_gmt":"2017-02-27T16:16:39","guid":{"rendered":"http:\/\/production-cdm.glauco.it\/coordinamentodiocesanoassociazionimovimentigruppi\/?page_id=150"},"modified":"2024-07-11T15:59:51","modified_gmt":"2024-07-11T13:59:51","slug":"150-2","status":"publish","type":"page","link":"https:\/\/www.chiesadimilano.it\/coordinamentodiocesanoassociazionimovimentigruppi\/","title":{"rendered":"Homepage"},"content":{"rendered":"<div id=\"pl-150\"  class=\"panel-layout\" ><div id=\"pg-150-0\"  class=\"panel-grid panel-no-style\" ><div id=\"pgc-150-0-0\"  class=\"panel-grid-cell\" ><div id=\"panel-150-0-0-0\" class=\"so-panel widget widget_teaser panel-first-child panel-last-child\" data-index=\"0\" ><div\n\t\t\t\n\t\t\tclass=\"so-widget-teaser so-widget-teaser-base\"\n\t\t\t\n\t\t><div class=' primo-piano'><article class=\"widget-teaser teaser with-eyelet\" role=\"article\" data-hint=\"teaser\"><a class=\"teaser-image\" href=\"https:\/\/www.chiesadimilano.it\/coordinamentodiocesanoassociazionimovimentigruppi\/news\/le-attivita-svolte-287.html\" title=\"Le attivit\u00e0 svolte\"><span class=\"occhiello has-image\" style=\"display:none;position:absolute;bottom:0;left:0;\">Cultura, Carit\u00e0, Missione e Azione sociale<\/span> <img data-formato=\"\" alt=\"IMG_5917\" src=\"https:\/\/www.chiesadimilano.it\/coordinamentodiocesanoassociazionimovimentigruppi\/wp-content\/blogs.dir\/54\/files\/sites\/54\/2003\/03\/IMG_5917-e1492783548588.jpg\"  width=\"799\" height=\"599\"  \/><\/a><div class=\"teaser-content   with-eyelet-infoey\"><span class=\"teaser-eyelet\">Cultura, Carit\u00e0, Missione e Azione sociale<\/span><h2 class=\"teaser-title\"><a href=\"https:\/\/www.chiesadimilano.it\/coordinamentodiocesanoassociazionimovimentigruppi\/news\/le-attivita-svolte-287.html\" title=\"Le attivit\u00e0 svolte\">Le attivit\u00e0 svolte<\/a><\/h2>\n                    <p class=\"teaser-summary\"><\/p><\/div><\/article><\/div><\/div><\/div><\/div><\/div><\/div>","protected":false},"excerpt":{"rendered":"Cultura, Carit\u00e0, Missione e Azione sociale Cultura, Carit\u00e0, Missione e Azione socialeLe attivit\u00e0 svolte","protected":false},"author":0,"featured_media":0,"parent":0,"menu_order":0,"comment_status":"closed","ping_status":"closed","template":"","meta":{"ip_address":"","user_agent":"","level":"","revision":"","cookie_id":"","page_referer":"","html_form":""},"acf":[],"_links":{"self":[{"href":"https:\/\/www.chiesadimilano.it\/coordinamentodiocesanoassociazionimovimentigruppi\/wp-json\/wp\/v2\/pages\/150"}],"collection":[{"href":"https:\/\/www.chiesadimilano.it\/coordinamentodiocesanoassociazionimovimentigruppi\/wp-json\/wp\/v2\/pages"}],"about":[{"href":"https:\/\/www.chiesadimilano.it\/coordinamentodiocesanoassociazionimovimentigruppi\/wp-json\/wp\/v2\/types\/page"}],"author":[{"embeddable":true,"href":"https:\/\/www.chiesadimilano.it\/coordinamentodiocesanoassociazionimovimentigruppi\/wp-json\/wp\/v2\/users\/1"}],"replies":[{"embeddable":true,"href":"https:\/\/www.chiesadimilano.it\/coordinamentodiocesanoassociazionimovimentigruppi\/wp-json\/wp\/v2\/comments?post=150"}],"version-history":[{"count":26,"href":"https:\/\/www.chiesadimilano.it\/coordinamentodiocesanoassociazionimovimentigruppi\/wp-json\/wp\/v2\/pages\/150\/revisions"}],"predecessor-version":[{"id":43119,"href":"https:\/\/www.chiesadimilano.it\/coordinamentodiocesanoassociazionimovimentigruppi\/wp-json\/wp\/v2\/pages\/150\/revisions\/43119"}],"wp:attachment":[{"href":"https:\/\/www.chiesadimilano.it\/coordinamentodiocesanoassociazionimovimentigruppi\/wp-json\/wp\/v2\/media?parent=150"}],"curies":[{"name":"wp","href":"https:\/\/api.w.org\/{rel}","templated":true}]}}