{"id":150,"date":"2017-02-27T17:16:39","date_gmt":"2017-02-27T16:16:39","guid":{"rendered":"http:\/\/production-cdm.glauco.it\/consigliopresbiteralediocesano\/?page_id=150"},"modified":"2025-11-13T16:27:29","modified_gmt":"2025-11-13T15:27:29","slug":"150-2","status":"publish","type":"page","link":"https:\/\/www.chiesadimilano.it\/consigliopresbiteralediocesano\/","title":{"rendered":"Homepage"},"content":{"rendered":"<div id=\"pl-150\"  class=\"panel-layout\" ><div id=\"pg-150-0\"  class=\"panel-grid panel-no-style\" ><div id=\"pgc-150-0-0\"  class=\"panel-grid-cell\" ><div id=\"panel-150-0-0-0\" class=\"so-panel widget widget_teaser panel-first-child panel-last-child\" data-index=\"0\" ><div\n\t\t\t\n\t\t\tclass=\"so-widget-teaser so-widget-teaser-base\"\n\t\t\t\n\t\t><div class='primo-piano '><article class=\"widget-teaser teaser with-eyelet\" role=\"article\" data-hint=\"teaser\"><a class=\"teaser-image\" href=\"https:\/\/www.chiesadimilano.it\/consigliopresbiteralediocesano\/news\/consiglio-presbiterale-diocesano-291.html\" title=\"Consiglio Presbiterale Diocesano\"><span class=\"occhiello has-image\" style=\"display:none;position:absolute;bottom:0;left:0;\">Presentazione<\/span> <img data-formato=\"\" alt=\"consiglio-presbiterale\" src=\"https:\/\/www.chiesadimilano.it\/consigliopresbiteralediocesano\/wp-content\/uploads\/sites\/63\/2017\/06\/consiglio-presbiterale.jpg\"  width=\"636\" height=\"382\"  \/><\/a><div class=\"teaser-content   with-eyelet-infoey\"><span class=\"teaser-eyelet\">Presentazione<\/span><h2 class=\"teaser-title\"><a href=\"https:\/\/www.chiesadimilano.it\/consigliopresbiteralediocesano\/news\/consiglio-presbiterale-diocesano-291.html\" title=\"Consiglio Presbiterale Diocesano\">Consiglio Presbiterale Diocesano<\/a><\/h2>\n                    <p class=\"teaser-summary\"><\/p><\/div><\/article><\/div><\/div><\/div><\/div><\/div><div id=\"pg-150-1\"  class=\"panel-grid panel-no-style\" ><div id=\"pgc-150-1-0\"  class=\"panel-grid-cell\" ><div id=\"panel-150-1-0-0\" class=\"so-panel widget widget_teaser panel-first-child panel-last-child\" data-index=\"1\" ><div\n\t\t\t\n\t\t\tclass=\"so-widget-teaser so-widget-teaser-base\"\n\t\t\t\n\t\t><article class=\"widget-teaser teaser with-eyelet\" role=\"article\" data-hint=\"teaser\"><a class=\"teaser-image\" href=\"https:\/\/www.chiesadimilano.it\/news\/chiesa-diocesi\/i-preti-e-la-penitenza-discussione-al-consiglio-presbiterale-2837633.html\" title=\"I preti e la penitenza, discussione al Consiglio presbiterale\"><span class=\"occhiello has-image\" style=\"display:none;position:absolute;bottom:0;left:0;\">Seveso<\/span> <img data-formato=\"\" alt=\"confessione\" src=\"https:\/\/www.chiesadimilano.it\/consigliopresbiteralediocesano\/wp-content\/uploads\/sites\/63\/2025\/11\/confessione.jpg\"  width=\"780\" height=\"520\"  \/><\/a><div class=\"teaser-content   with-eyelet-infoey\"><span class=\"teaser-eyelet\">Seveso<\/span><h2 class=\"teaser-title\"><a href=\"https:\/\/www.chiesadimilano.it\/news\/chiesa-diocesi\/i-preti-e-la-penitenza-discussione-al-consiglio-presbiterale-2837633.html\" title=\"I preti e la penitenza, discussione al Consiglio presbiterale\">I preti e la penitenza, discussione al Consiglio presbiterale<\/a><\/h2>\n                    <p class=\"teaser-summary\"><p>Sar\u00e0 il tema al centro dell'ordine del giorno della XII sessione convocata al Centro pastorale ambrosiano luned\u00ec 19 e marted\u00ec 20 maggio<\/p>\n<\/p><\/div><\/article><\/div><\/div><\/div><div id=\"pgc-150-1-1\"  class=\"panel-grid-cell\" ><div id=\"panel-150-1-1-0\" class=\"so-panel widget widget_teaser panel-first-child panel-last-child\" data-index=\"2\" ><div\n\t\t\t\n\t\t\tclass=\"so-widget-teaser so-widget-teaser-base\"\n\t\t\t\n\t\t><article class=\"widget-teaser teaser with-eyelet\" role=\"article\" data-hint=\"teaser\"><a class=\"teaser-image\" href=\"https:\/\/www.chiesadimilano.it\/news\/chiesa-diocesi\/consiglio-presbiterale-un-lavoro-sinodale-per-una-chiesa-profetica-2830418.html\" title=\"Consiglio presbiterale, un lavoro \u201csinodale\u201d per una Chiesa profetica\"><span class=\"occhiello has-image\" style=\"display:none;position:absolute;bottom:0;left:0;\">Seveso<\/span> <img data-formato=\"\" alt=\"090108-084-scaled-1-980x551\" src=\"https:\/\/www.chiesadimilano.it\/consigliopresbiteralediocesano\/wp-content\/uploads\/sites\/63\/2025\/11\/090108-084-scaled-1-980x551-1.jpg\"  width=\"980\" height=\"551\"  \/><\/a><div class=\"teaser-content   with-eyelet-infoey\"><span class=\"teaser-eyelet\">Seveso<\/span><h2 class=\"teaser-title\"><a href=\"https:\/\/www.chiesadimilano.it\/news\/chiesa-diocesi\/consiglio-presbiterale-un-lavoro-sinodale-per-una-chiesa-profetica-2830418.html\" title=\"Consiglio presbiterale, un lavoro \u201csinodale\u201d per una Chiesa profetica\">Consiglio presbiterale, un lavoro \u201csinodale\u201d per una Chiesa profetica<\/a><\/h2>\n                    <p class=\"teaser-summary\"><p>Passione e maturit\u00e0 hanno caratterizzato l\u2019XI sessione dell\u2019organismo, chiamato a fornire un contributo al Cammino in corso in Italia<\/p>\n<\/p><\/div><\/article><\/div><\/div><\/div><\/div><div id=\"pg-150-2\"  class=\"panel-grid panel-no-style\" ><div id=\"pgc-150-2-0\"  class=\"panel-grid-cell\" ><div id=\"panel-150-2-0-0\" class=\"so-panel widget widget_teaser panel-first-child panel-last-child\" data-index=\"3\" ><div\n\t\t\t\n\t\t\tclass=\"so-widget-teaser so-widget-teaser-base\"\n\t\t\t\n\t\t><article class=\"widget-teaser teaser with-eyelet\" role=\"article\" data-hint=\"teaser\"><a class=\"teaser-image\" href=\"https:\/\/www.chiesadimilano.it\/news\/chiesa-diocesi\/consiglio-presbiterale-sinodo-2829615.html\" title=\"Il contributo del Consiglio presbiterale al Cammino sinodale\"><span class=\"occhiello has-image\" style=\"display:none;position:absolute;bottom:0;left:0;\">Seveso<\/span> <img data-formato=\"\" alt=\"CEI_LOGO_SINODO_POS_ORIZZ-1024x551-1\" src=\"https:\/\/www.chiesadimilano.it\/consigliopresbiteralediocesano\/wp-content\/uploads\/sites\/63\/2025\/11\/CEI_LOGO_SINODO_POS_ORIZZ-1024x551-1.jpg\"  width=\"427\" height=\"551\"  \/><\/a><div class=\"teaser-content   with-eyelet-infoey\"><span class=\"teaser-eyelet\">Seveso<\/span><h2 class=\"teaser-title\"><a href=\"https:\/\/www.chiesadimilano.it\/news\/chiesa-diocesi\/consiglio-presbiterale-sinodo-2829615.html\" title=\"Il contributo del Consiglio presbiterale al Cammino sinodale\">Il contributo del Consiglio presbiterale al Cammino sinodale<\/a><\/h2>\n                    <p class=\"teaser-summary\"><p>Se ne discuter\u00e0 nella XI sessione convocata al Centro pastorale ambrosiano luned\u00ec 3 e marted\u00ec 4 marzo. Al termine stesura di un testo da sottoporre al Consiglio episcopale<\/p>\n<\/p><\/div><\/article><\/div><\/div><\/div><div id=\"pgc-150-2-1\"  class=\"panel-grid-cell\" ><div id=\"panel-150-2-1-0\" class=\"so-panel widget widget_teaser panel-first-child panel-last-child\" data-index=\"4\" ><div\n\t\t\t\n\t\t\tclass=\"so-widget-teaser so-widget-teaser-base\"\n\t\t\t\n\t\t><article class=\"widget-teaser teaser with-eyelet\" role=\"article\" data-hint=\"teaser\"><a class=\"teaser-image\" href=\"https:\/\/www.chiesadimilano.it\/consigliopresbiteralediocesano\/x-mandato-news\/migliorare-la-qualita-delle-messe-ci-vogliono-consapevolezza-nei-fedeli-e-credibilita-in-chi-presiede-965.html\" title=\"Migliorare la qualit\u00e0 delle Messe? Ci vogliono consapevolezza nei fedeli e credibilit\u00e0 in chi presiede\"><span class=\"occhiello has-image\" style=\"display:none;position:absolute;bottom:0;left:0;\">Clero<\/span> <img data-formato=\"\" alt=\"Foto iStock\" src=\"https:\/\/www.chiesadimilano.it\/consigliopresbiteralediocesano\/wp-content\/uploads\/sites\/63\/2024\/12\/istockphoto-1073936892-612x612-1.jpg\"  width=\"612\" height=\"408\"  \/><\/a><div class=\"teaser-content   with-eyelet-infoey\"><span class=\"teaser-eyelet\">Clero<\/span><h2 class=\"teaser-title\"><a href=\"https:\/\/www.chiesadimilano.it\/consigliopresbiteralediocesano\/x-mandato-news\/migliorare-la-qualita-delle-messe-ci-vogliono-consapevolezza-nei-fedeli-e-credibilita-in-chi-presiede-965.html\" title=\"Migliorare la qualit\u00e0 delle Messe? Ci vogliono consapevolezza nei fedeli e credibilit\u00e0 in chi presiede\">Migliorare la qualit\u00e0 delle Messe? Ci vogliono consapevolezza nei fedeli e credibilit\u00e0 in chi presiede<\/a><\/h2>\n                    <p class=\"teaser-summary\">L\u2019ultima sessione del Consiglio presbiterale diocesano \u00e8 stata dedicata al rapporto tra le celebrazioni e la trasmissione della fede. Sottolineata l\u2019importanza della formazione del \u201cpopolo di Dio\u201d...<\/p><\/div><\/article><\/div><\/div><\/div><\/div><div id=\"pg-150-3\"  class=\"panel-grid panel-no-style\" ><div id=\"pgc-150-3-0\"  class=\"panel-grid-cell\" ><div id=\"panel-150-3-0-0\" class=\"so-panel widget widget_teaser panel-first-child panel-last-child\" data-index=\"5\" ><div\n\t\t\t\n\t\t\tclass=\"so-widget-teaser so-widget-teaser-base\"\n\t\t\t\n\t\t><article class=\"widget-teaser teaser with-eyelet\" role=\"article\" data-hint=\"teaser\"><a class=\"teaser-image\" href=\"https:\/\/www.chiesadimilano.it\/news\/chiesa-diocesi\/consiglio-presbiterale-la-trasmissione-della-fede-nelle-celebrazioni-2821482.html\" title=\"Consiglio presbiterale: la trasmissione della fede nelle celebrazioni liturgiche\"><span class=\"occhiello has-image\" style=\"display:none;position:absolute;bottom:0;left:0;\">Seveso<\/span> <img data-formato=\"\" alt=\"Homepage\" src=\"https:\/\/www.chiesadimilano.it\/consigliopresbiteralediocesano\/wp-content\/uploads\/sites\/63\/2024\/12\/STE_8529.JPG-768x512-1.jpg\"  width=\"768\" height=\"512\"  \/><\/a><div class=\"teaser-content   with-eyelet-infoey\"><span class=\"teaser-eyelet\">Seveso<\/span><h2 class=\"teaser-title\"><a href=\"https:\/\/www.chiesadimilano.it\/news\/chiesa-diocesi\/consiglio-presbiterale-la-trasmissione-della-fede-nelle-celebrazioni-2821482.html\" title=\"Consiglio presbiterale: la trasmissione della fede nelle celebrazioni liturgiche\">Consiglio presbiterale: la trasmissione della fede nelle celebrazioni liturgiche<\/a><\/h2>\n                    <p class=\"teaser-summary\"><p>Se ne discuter\u00e0 nella X sessione convocata al Centro pastorale ambrosiano luned\u00ec 2 e marted\u00ec 3 dicembre<\/p>\n<\/p><\/div><\/article><\/div><\/div><\/div><div id=\"pgc-150-3-1\"  class=\"panel-grid-cell\" ><div id=\"panel-150-3-1-0\" class=\"so-panel widget widget_teaser panel-first-child panel-last-child\" data-index=\"6\" ><div\n\t\t\t\n\t\t\tclass=\"so-widget-teaser so-widget-teaser-base\"\n\t\t\t\n\t\t><article class=\"widget-teaser teaser with-eyelet\" role=\"article\" data-hint=\"teaser\"><a class=\"teaser-image\" href=\"\/news\/chiesa-diocesi\/consiglio-presbiterale-iniziazione-cristiana-2-2803021.html\" title=\"Iniziazione cristiana: passi compiuti e da realizzare nella docilit\u00e0 allo Spirito\"><span class=\"occhiello has-image\" style=\"display:none;position:absolute;bottom:0;left:0;\">Clero<\/span> <img data-formato=\"\" alt=\"famiglia\" src=\"https:\/\/www.chiesadimilano.it\/consigliopresbiteralediocesano\/wp-content\/uploads\/sites\/63\/2024\/05\/famiglia.jpg\"  width=\"768\" height=\"576\"  \/><\/a><div class=\"teaser-content   with-eyelet-infoey\"><span class=\"teaser-eyelet\">Clero<\/span><h2 class=\"teaser-title\"><a href=\"\/news\/chiesa-diocesi\/consiglio-presbiterale-iniziazione-cristiana-2-2803021.html\" title=\"Iniziazione cristiana: passi compiuti e da realizzare nella docilit\u00e0 allo Spirito\">Iniziazione cristiana: passi compiuti e da realizzare nella docilit\u00e0 allo Spirito<\/a><\/h2>\n                    <p class=\"teaser-summary\"><div class=\"riassunto\">\n<p>Se ne \u00e8 occupato il Consiglio presbiterale nel corso della IX sessione. Dal confronto sfociato in alcune mozioni \u00e8 emersa l\u2019attenzione al singolo che sempre deve caratterizzare l\u2019introduzione...<\/p><\/div><\/article><\/div><\/div><\/div><\/div><div id=\"pg-150-4\"  class=\"panel-grid panel-no-style\" ><div id=\"pgc-150-4-0\"  class=\"panel-grid-cell\" ><div id=\"panel-150-4-0-0\" class=\"so-panel widget widget_teaser panel-first-child panel-last-child\" data-index=\"7\" ><div\n\t\t\t\n\t\t\tclass=\"so-widget-teaser so-widget-teaser-base\"\n\t\t\t\n\t\t><article class=\"widget-teaser teaser with-eyelet\" role=\"article\" data-hint=\"teaser\"><a class=\"teaser-image\" href=\"https:\/\/www.chiesadimilano.it\/news\/chiesa-diocesi\/ministeri-laicali-la-chiesa-ne-ha-bisogno-1199781.html\" title=\"Ministeri laicali, la Chiesa ne ha bisogno\"><span class=\"occhiello has-image\" style=\"display:none;position:absolute;bottom:0;left:0;\">Seveso<\/span> <img data-formato=\"\" alt=\"lettori\" src=\"https:\/\/www.chiesadimilano.it\/consigliopresbiteralediocesano\/wp-content\/uploads\/sites\/63\/2024\/04\/lettori.jpg\"  width=\"600\" height=\"400\"  \/><\/a><div class=\"teaser-content   with-eyelet-infoey\"><span class=\"teaser-eyelet\">Seveso<\/span><h2 class=\"teaser-title\"><a href=\"https:\/\/www.chiesadimilano.it\/news\/chiesa-diocesi\/ministeri-laicali-la-chiesa-ne-ha-bisogno-1199781.html\" title=\"Ministeri laicali, la Chiesa ne ha bisogno\">Ministeri laicali, la Chiesa ne ha bisogno<\/a><\/h2>\n                    <p class=\"teaser-summary\"><p>Nella IX sessione convocata al Centro pastorale ambrosiano luned\u00ec 22 e marted\u00ec 23 aprile si discuter\u00e0 dei passi compiuti e di come proseguire il cammino<\/p>\n<\/p><\/div><\/article><\/div><\/div><\/div><div id=\"pgc-150-4-1\"  class=\"panel-grid-cell\" ><div id=\"panel-150-4-1-0\" class=\"so-panel widget widget_teaser panel-first-child panel-last-child\" data-index=\"8\" ><div\n\t\t\t\n\t\t\tclass=\"so-widget-teaser so-widget-teaser-base\"\n\t\t\t\n\t\t><article class=\"widget-teaser teaser with-eyelet\" role=\"article\" data-hint=\"teaser\"><a class=\"teaser-image\" href=\"https:\/\/www.chiesadimilano.it\/news\/chiesa-diocesi\/consiglio-presbiterale-pastorale-universitaria-2793774.html\" title=\"Il Consiglio presbiterale al lavoro sulla Pastorale universitaria\"><span class=\"occhiello has-image\" style=\"display:none;position:absolute;bottom:0;left:0;\">Seveso<\/span> <img data-formato=\"\" alt=\"Universitari\" src=\"https:\/\/www.chiesadimilano.it\/consigliopresbiteralediocesano\/wp-content\/uploads\/sites\/63\/2024\/02\/Universitari.jpg\"  width=\"668\" height=\"501\"  \/><\/a><div class=\"teaser-content   with-eyelet-infoey\"><span class=\"teaser-eyelet\">Seveso<\/span><h2 class=\"teaser-title\"><a href=\"https:\/\/www.chiesadimilano.it\/news\/chiesa-diocesi\/consiglio-presbiterale-pastorale-universitaria-2793774.html\" title=\"Il Consiglio presbiterale al lavoro sulla Pastorale universitaria\">Il Consiglio presbiterale al lavoro sulla Pastorale universitaria<\/a><\/h2>\n                    <p class=\"teaser-summary\"><p>Nella VIII sessione convocata al Centro pastorale ambrosiano luned\u00ec 12 e marted\u00ec 13 febbraio si discuter\u00e0 dell\u2019accompagnamento vocazionale degli studenti<\/p>\n<\/p><\/div><\/article><\/div><\/div><\/div><\/div><div id=\"pg-150-5\"  class=\"panel-grid panel-no-style\" ><div id=\"pgc-150-5-0\"  class=\"panel-grid-cell panel-grid-cell-empty\" ><\/div><div id=\"pgc-150-5-1\"  class=\"panel-grid-cell panel-grid-cell-empty panel-grid-cell-mobile-last\" ><\/div><div id=\"pgc-150-5-2\"  class=\"panel-grid-cell panel-grid-cell-empty\" ><\/div><\/div><div id=\"pg-150-6\"  class=\"panel-grid panel-no-style\" ><div id=\"pgc-150-6-0\"  class=\"panel-grid-cell\" ><div id=\"panel-150-6-0-0\" class=\"so-panel widget widget_teaser panel-first-child panel-last-child\" data-index=\"9\" ><div\n\t\t\t\n\t\t\tclass=\"so-widget-teaser so-widget-teaser-base\"\n\t\t\t\n\t\t><article class=\"widget-teaser teaser with-eyelet\" role=\"article\" data-hint=\"teaser\"><a class=\"teaser-image\" href=\"https:\/\/www.chiesadimilano.it\/consigliopresbiteralediocesano\/xii-mandato\/ottava-sessione-del-consiglio-presbiterale-868.html\" title=\"Ottava sessione del Consiglio presbiterale\"><span class=\"occhiello has-image\" style=\"display:none;position:absolute;bottom:0;left:0;\">12-13 febbraio<\/span> <img data-formato=\"\" alt=\"studenti\" src=\"https:\/\/www.chiesadimilano.it\/consigliopresbiteralediocesano\/wp-content\/uploads\/sites\/63\/2024\/02\/studenti-768x576.jpg\"  width=\"768\" height=\"576\"  \/><\/a><div class=\"teaser-content   with-eyelet-infoey\"><span class=\"teaser-eyelet\">12-13 febbraio<\/span><h2 class=\"teaser-title\"><a href=\"https:\/\/www.chiesadimilano.it\/consigliopresbiteralediocesano\/xii-mandato\/ottava-sessione-del-consiglio-presbiterale-868.html\" title=\"Ottava sessione del Consiglio presbiterale\">Ottava sessione del Consiglio presbiterale<\/a><\/h2>\n                    <p class=\"teaser-summary\"><p>Al centro dei lavori \u201cL\u2019accompagnamento vocazionale dei giovani universitari\u201d<\/p>\n<\/p><\/div><\/article><\/div><\/div><\/div><div id=\"pgc-150-6-1\"  class=\"panel-grid-cell\" ><div id=\"panel-150-6-1-0\" class=\"so-panel widget widget_teaser panel-first-child panel-last-child\" data-index=\"10\" ><div\n\t\t\t\n\t\t\tclass=\"so-widget-teaser so-widget-teaser-base\"\n\t\t\t\n\t\t><article class=\"widget-teaser teaser with-eyelet\" role=\"article\" data-hint=\"teaser\"><a class=\"teaser-image\" href=\"https:\/\/www.chiesadimilano.it\/news\/chiesa-diocesi\/un-presbiterio-chiamato-ad-annunciare-il-vangelo-della-vocazione-1783548.html\" title=\"Un presbiterio chiamato ad annunciare \u00abil Vangelo della vocazione\u00bb\"><span class=\"occhiello has-image\" style=\"display:none;position:absolute;bottom:0;left:0;\">Seveso<\/span> <img data-formato=\"\" alt=\"sacerdote\" src=\"https:\/\/www.chiesadimilano.it\/consigliopresbiteralediocesano\/wp-content\/uploads\/sites\/63\/2023\/11\/sacerdote.jpg\"  width=\"800\" height=\"600\"  \/><\/a><div class=\"teaser-content   with-eyelet-infoey\"><span class=\"teaser-eyelet\">Seveso<\/span><h2 class=\"teaser-title\"><a href=\"https:\/\/www.chiesadimilano.it\/news\/chiesa-diocesi\/un-presbiterio-chiamato-ad-annunciare-il-vangelo-della-vocazione-1783548.html\" title=\"Un presbiterio chiamato ad annunciare \u00abil Vangelo della vocazione\u00bb\">Un presbiterio chiamato ad annunciare \u00abil Vangelo della vocazione\u00bb<\/a><\/h2>\n                    <p class=\"teaser-summary\"><p>Al centro del Consiglio presbiterale del 29 e 30 maggio 2023 la riflessione sulla crisi vocazionale e il contributo specifico dei sacerdoti per favorire una ripresa<\/p>\n<\/p><\/div><\/article><\/div><\/div><\/div><\/div><div id=\"pg-150-7\"  class=\"panel-grid panel-no-style\" ><div id=\"pgc-150-7-0\"  class=\"panel-grid-cell panel-grid-cell-empty\" ><\/div><\/div><\/div>","protected":false},"excerpt":{"rendered":"Presentazione PresentazioneConsiglio Presbiterale Diocesano Seveso SevesoI preti e la penitenza, discussione al Consiglio presbiterale Sar\u00e0 il tema al centro dell&#8217;ordine del giorno della XII sessione convocata al Centro pastorale ambrosiano luned\u00ec 19 e marted\u00ec 20 maggio Seveso SevesoConsiglio presbiterale, un lavoro \u201csinodale\u201d per una Chiesa profetica Passione e maturit\u00e0 hanno caratterizzato l\u2019XI sessione dell\u2019organismo, chiamato [&hellip;]","protected":false},"author":0,"featured_media":0,"parent":0,"menu_order":0,"comment_status":"closed","ping_status":"closed","template":"","meta":{"ip_address":"","user_agent":"","level":"","revision":"","cookie_id":"","page_referer":"","html_form":""},"acf":[],"_links":{"self":[{"href":"https:\/\/www.chiesadimilano.it\/consigliopresbiteralediocesano\/wp-json\/wp\/v2\/pages\/150"}],"collection":[{"href":"https:\/\/www.chiesadimilano.it\/consigliopresbiteralediocesano\/wp-json\/wp\/v2\/pages"}],"about":[{"href":"https:\/\/www.chiesadimilano.it\/consigliopresbiteralediocesano\/wp-json\/wp\/v2\/types\/page"}],"author":[{"embeddable":true,"href":"https:\/\/www.chiesadimilano.it\/consigliopresbiteralediocesano\/wp-json\/wp\/v2\/users\/1"}],"replies":[{"embeddable":true,"href":"https:\/\/www.chiesadimilano.it\/consigliopresbiteralediocesano\/wp-json\/wp\/v2\/comments?post=150"}],"version-history":[{"count":30,"href":"https:\/\/www.chiesadimilano.it\/consigliopresbiteralediocesano\/wp-json\/wp\/v2\/pages\/150\/revisions"}],"predecessor-version":[{"id":788,"href":"https:\/\/www.chiesadimilano.it\/consigliopresbiteralediocesano\/wp-json\/wp\/v2\/pages\/150\/revisions\/788"}],"wp:attachment":[{"href":"https:\/\/www.chiesadimilano.it\/consigliopresbiteralediocesano\/wp-json\/wp\/v2\/media?parent=150"}],"curies":[{"name":"wp","href":"https:\/\/api.w.org\/{rel}","templated":true}]}}