{"id":3312,"date":"2023-09-06T10:12:09","date_gmt":"2023-09-06T08:12:09","guid":{"rendered":"https:\/\/www.chiesadimilano.it\/apostolatobiblico\/?page_id=3312"},"modified":"2024-07-25T09:57:48","modified_gmt":"2024-07-25T07:57:48","slug":"attivita-precedenti","status":"publish","type":"page","link":"https:\/\/www.chiesadimilano.it\/apostolatobiblico\/attivita-precedenti","title":{"rendered":"Attivit\u00e0 precedenti"},"content":{"rendered":"<div id=\"pl-3312\"  class=\"panel-layout\" ><div id=\"pg-3312-0\"  class=\"panel-grid panel-no-style\" ><div id=\"pgc-3312-0-0\"  class=\"panel-grid-cell\" ><div id=\"panel-3312-0-0-0\" class=\"so-panel widget widget_siteorigin-panels-post-content panel-first-child panel-last-child\" data-index=\"0\" ><h1 class=\"entry-title\">Attivit\u00e0 precedenti<\/h1><\/div><\/div><\/div><div id=\"pg-3312-1\"  class=\"panel-grid panel-has-style\" ><div class=\"orizzontale panel-row-style panel-row-style-for-3312-1\" ><div id=\"pgc-3312-1-0\"  class=\"panel-grid-cell\" ><div id=\"panel-3312-1-0-0\" class=\"so-panel widget widget_simpleteaser panel-first-child\" data-index=\"1\" ><div\n\t\t\t\n\t\t\tclass=\"so-widget-simpleteaser so-widget-simpleteaser-base\"\n\t\t\t\n\t\t>\n        <article class=\"teaser simpletsr\" role=\"article\" data-hint=\"simpleteaser\">\n            <a class=\"teaser-image\" href=\"https:\/\/www.chiesadimilano.it\/apostolatobiblico\/news-per-home\/la-parola-di-dio-attraverso-larte-2561.html\" title=\"La Parola di Dio attraverso l\u2019arte\">\n                <span class=\"teaser-eyelet overimage-teaser-eyelet\" style=\"display:none;position:absolute;bottom:0;left:0;\">2-4 giugno 2023<\/span>\n                <img alt=\"mare\" src=\"https:\/\/www.chiesadimilano.it\/apostolatobiblico\/wp-content\/uploads\/sites\/69\/2023\/02\/mare.jpg\"  width=\"800\" height=\"600\"  \/>\n            <\/a><div class=\"teaser-content\"   has_image \"><span class=\"teaser-eyelet eyelet-title\">2-4 giugno 2023<\/span><h2 class=\"teaser-title new-theme\"><a href=\"https:\/\/www.chiesadimilano.it\/apostolatobiblico\/news-per-home\/la-parola-di-dio-attraverso-larte-2561.html\" title=\"La Parola di Dio attraverso l\u2019arte\">La Parola di Dio attraverso l\u2019arte<\/a><\/h2>\n            <p class=\"teaser-summary\">Tre giorni di spiritualit\u00e0 biblica a Vence e Nizza<\/p>\n            <\/div><\/article><\/div><\/div><div id=\"panel-3312-1-0-1\" class=\"so-panel widget widget_simpleteaser\" data-index=\"2\" ><div\n\t\t\t\n\t\t\tclass=\"so-widget-simpleteaser so-widget-simpleteaser-base\"\n\t\t\t\n\t\t>\n        <article class=\"teaser simpletsr\" role=\"article\" data-hint=\"simpleteaser\">\n            <a class=\"teaser-image\" href=\"https:\/\/www.chiesadimilano.it\/apostolatobiblico\/news\/giornata-di-spiritualita-2090.html\" title=\"Giornata di spiritualit\u00e0\">\n                <span class=\"teaser-eyelet overimage-teaser-eyelet\" style=\"display:none;position:absolute;bottom:0;left:0;\">17 ottobre 2021<\/span>\n                <img alt=\"pregare\" src=\"https:\/\/www.chiesadimilano.it\/apostolatobiblico\/wp-content\/uploads\/sites\/69\/2021\/09\/pregare.jpg\"  width=\"800\" height=\"600\"  \/>\n            <\/a><div class=\"teaser-content\"   has_image \"><span class=\"teaser-eyelet eyelet-title\">17 ottobre 2021<\/span><h2 class=\"teaser-title new-theme\"><a href=\"https:\/\/www.chiesadimilano.it\/apostolatobiblico\/news\/giornata-di-spiritualita-2090.html\" title=\"Giornata di spiritualit\u00e0\">Giornata di spiritualit\u00e0<\/a><\/h2>\n            <p class=\"teaser-summary\">Lettura continuata presso il monastero san Benedetto a Milano<\/p>\n            <\/div><\/article><\/div><\/div><div id=\"panel-3312-1-0-2\" class=\"so-panel widget widget_simpleteaser\" data-index=\"3\" ><div\n\t\t\t\n\t\t\tclass=\"so-widget-simpleteaser so-widget-simpleteaser-base\"\n\t\t\t\n\t\t>\n        <article class=\"teaser simpletsr\" role=\"article\" data-hint=\"simpleteaser\">\n            <a class=\"teaser-image\" href=\"https:\/\/www.chiesadimilano.it\/apostolatobiblico\/news-per-home\/la-bibbia-nella-selva-2068.html\" title=\"La Bibbia nella selva\">\n                <span class=\"teaser-eyelet overimage-teaser-eyelet\" style=\"display:none;position:absolute;bottom:0;left:0;\">MARTED\u00cc 26 OTTOBRE 2021 <\/span>\n                <img alt=\"bibbia\" src=\"https:\/\/www.chiesadimilano.it\/apostolatobiblico\/wp-content\/uploads\/sites\/69\/2021\/09\/bibbia.jpg\"  width=\"400\" height=\"217\"  \/>\n            <\/a><div class=\"teaser-content\"   has_image \"><span class=\"teaser-eyelet eyelet-title\">MARTED\u00cc 26 OTTOBRE 2021 <\/span><h2 class=\"teaser-title new-theme\"><a href=\"https:\/\/www.chiesadimilano.it\/apostolatobiblico\/news-per-home\/la-bibbia-nella-selva-2068.html\" title=\"La Bibbia nella selva\">La Bibbia nella selva<\/a><\/h2>\n            <p class=\"teaser-summary\">Iniziativa promossa dall\u2019Apostolato biblico, rivolta alle scuole di secondo grado e a tutti gli interessati: quattro incontri online dal Centro Asteria, con dialoghi tra dantisti ed esperti delle Sc...<\/p>\n            <\/div><\/article><\/div><\/div><div id=\"panel-3312-1-0-3\" class=\"so-panel widget widget_teaser\" data-index=\"4\" ><div\n\t\t\t\n\t\t\tclass=\"so-widget-teaser so-widget-teaser-base\"\n\t\t\t\n\t\t><article class=\"widget-teaser teaser with-eyelet\" role=\"article\" data-hint=\"teaser\"><a class=\"teaser-image\" href=\"https:\/\/www.chiesadimilano.it\/news\/arte-cultura\/bibbia-e-cinema-al-via-la-seconda-edizione-1022641.html\" title=\"Bibbia e cinema, al via la seconda edizione\"><span class=\"occhiello has-image\" style=\"display:none;position:absolute;bottom:0;left:0;\">Corso<\/span> <img data-formato=\"\" alt=\"Bibbia-e-cinema-1080x10804-1-768x578\" src=\"https:\/\/www.chiesadimilano.it\/apostolatobiblico\/wp-content\/uploads\/sites\/69\/2023\/09\/Bibbia-e-cinema-1080x10804-1-768x578-1.jpg\"  width=\"768\" height=\"578\"  \/><\/a><div class=\"teaser-content   with-eyelet-infoey\"><span class=\"teaser-eyelet\">Corso<\/span><h2 class=\"teaser-title\"><a href=\"https:\/\/www.chiesadimilano.it\/news\/arte-cultura\/bibbia-e-cinema-al-via-la-seconda-edizione-1022641.html\" title=\"Bibbia e cinema, al via la seconda edizione\">Bibbia e cinema, al via la seconda edizione<\/a><\/h2>\n                    <p class=\"teaser-summary\"><p>Il 14 ottobre 2022 riparte il percorso sapienziale \u00abLa Parola in immagine\u00bb: quattro incontri al venerd\u00ec al Centro Asteria<\/p><\/p><\/div><\/article><\/div><\/div><div id=\"panel-3312-1-0-4\" class=\"so-panel widget widget_simpleteaser panel-last-child\" data-index=\"5\" ><div\n\t\t\t\n\t\t\tclass=\"so-widget-simpleteaser so-widget-simpleteaser-base\"\n\t\t\t\n\t\t>\n        <article class=\"teaser simpletsr\" role=\"article\" data-hint=\"simpleteaser\">\n            <a class=\"teaser-image\" href=\"https:\/\/www.chiesadimilano.it\/apostolatobiblico\/news-per-home\/proposte-per-bambini-e-ragazzi-giovani-e-adulti-1808.html\" title=\"Proposte per bambini e ragazzi, giovani e adulti\">\n                <span class=\"teaser-eyelet overimage-teaser-eyelet\" style=\"display:none;position:absolute;bottom:0;left:0;\">Proposte<\/span>\n                <img alt=\"famiglia\" src=\"https:\/\/www.chiesadimilano.it\/apostolatobiblico\/wp-content\/uploads\/sites\/69\/2020\/10\/famiglia.jpg\"  width=\"300\" height=\"400\"  \/>\n            <\/a><div class=\"teaser-content\"   has_image \"><span class=\"teaser-eyelet eyelet-title\">Proposte<\/span><h2 class=\"teaser-title new-theme\"><a href=\"https:\/\/www.chiesadimilano.it\/apostolatobiblico\/news-per-home\/proposte-per-bambini-e-ragazzi-giovani-e-adulti-1808.html\" title=\"Proposte per bambini e ragazzi, giovani e adulti\">Proposte per bambini e ragazzi, giovani e adulti<\/a><\/h2>\n            <p class=\"teaser-summary\">Differenziate per gruppi di et\u00e0<\/p>\n            <\/div><\/article><\/div><\/div><\/div><\/div><\/div><\/div>","protected":false},"excerpt":{"rendered":"Attivit\u00e0 precedenti 2-4 giugno 2023 17 ottobre 2021Giornata di spiritualit\u00e0 Lettura continuata presso il monastero san Benedetto a Milano MARTED\u00cc 26 OTTOBRE 2021 ProposteProposte per bambini e ragazzi, giovani e adulti Differenziate per gruppi di et\u00e0","protected":false},"author":0,"featured_media":0,"parent":0,"menu_order":0,"comment_status":"closed","ping_status":"closed","template":"","meta":{"ip_address":"","user_agent":"","level":"","revision":"","cookie_id":"","page_referer":"","html_form":""},"acf":[],"_links":{"self":[{"href":"https:\/\/www.chiesadimilano.it\/apostolatobiblico\/wp-json\/wp\/v2\/pages\/3312"}],"collection":[{"href":"https:\/\/www.chiesadimilano.it\/apostolatobiblico\/wp-json\/wp\/v2\/pages"}],"about":[{"href":"https:\/\/www.chiesadimilano.it\/apostolatobiblico\/wp-json\/wp\/v2\/types\/page"}],"author":[{"embeddable":true,"href":"https:\/\/www.chiesadimilano.it\/apostolatobiblico\/wp-json\/wp\/v2\/users\/17"}],"replies":[{"embeddable":true,"href":"https:\/\/www.chiesadimilano.it\/apostolatobiblico\/wp-json\/wp\/v2\/comments?post=3312"}],"version-history":[{"count":9,"href":"https:\/\/www.chiesadimilano.it\/apostolatobiblico\/wp-json\/wp\/v2\/pages\/3312\/revisions"}],"predecessor-version":[{"id":8312,"href":"https:\/\/www.chiesadimilano.it\/apostolatobiblico\/wp-json\/wp\/v2\/pages\/3312\/revisions\/8312"}],"wp:attachment":[{"href":"https:\/\/www.chiesadimilano.it\/apostolatobiblico\/wp-json\/wp\/v2\/media?parent=3312"}],"curies":[{"name":"wp","href":"https:\/\/api.w.org\/{rel}","templated":true}]}}